{"id":9821,"date":"2019-11-27T17:34:08","date_gmt":"2019-11-27T17:34:08","guid":{"rendered":"http:\/\/nextgensd.com\/?page_id=9184"},"modified":"2019-11-27T17:40:00","modified_gmt":"2019-11-27T17:40:00","slug":"les-damos-la-bienvenida-al-nuevo-sitio-de-n-gen","status":"publish","type":"page","link":"https:\/\/nextgensd.com\/es\/les-damos-la-bienvenida-al-nuevo-sitio-de-n-gen\/","title":{"rendered":"\u00a1Les damos la bienvenida al nuevo sitio de N-Gen!"},"content":{"rendered":"<p>[vc_row][vc_column][vc_single_image image=\u00bb9751&#8243; img_size=\u00bblarge\u00bb alignment=\u00bbcenter\u00bb][vc_column_text]<\/p>\n<p class=\"western\" lang=\"en-US\">Les damos la bienvenida al nuevo sitio web de N-Gen. En el 2012, N-Gen comenz\u00f3 con 90 miembros, y se conceptualiz\u00f3 como una reuni\u00f3n \u00fanica de tres d\u00edas. Nuestro sitio web anterior fue creado en funci\u00f3n de esas necesidades. Ahora, tenemos cientos de miembros y una gran diversidad de proyectos y productos. Nuestra comunidad ten\u00eda la necesidad de un nuevo sitio web que fuera un espacio cada vez m\u00e1s \u00fatil para aprender acerca de nuestros colegas y colaboraciones.<\/p>\n<p>Este nuevo sitio web, totalmente biling\u00fce, tiene como objetivo ayudarle a conectarse mejor y aprender acerca de qui\u00e9n est\u00e1 haciendo qu\u00e9, y en d\u00f3nde, en toda la regi\u00f3n. Ahora, cada perfil es personalizable y se ubica dentro de una base de datos de b\u00fasqueda. Por ejemplo, si quiere ver qui\u00e9n trabaja con pesquer\u00edas, puede escribir \u201cpesquer\u00edas\u201d en la barra de b\u00fasqueda y ver cada perfil que contenga ese t\u00e9rmino. Asimismo, todav\u00eda se pueden filtrar a todos los miembros por disciplina y regi\u00f3n. Las docenas de proyectos de N-Gen (expediciones de biodiversidad, colaboraci\u00f3n de arte y ciencia 6 &amp; 6, BioBlitz de la Frontera), los informes y los recursos tambi\u00e9n se reorganizaron para facilitar su uso. Adem\u00e1s, encontrar\u00e1 muchos materiales \u00fatiles de proyectos y cumbres pasadas en el micro-sitio de \u201carchivo\u201d. Esperamos que la nueva plataforma nextgensd.com le permita conectarse mejor con sus colegas investigadores y aumentar y facilitar las colaboraciones en nuestra comunidad.[\/vc_column_text][\/vc_column][\/vc_row]<\/p>\n","protected":false},"excerpt":{"rendered":"<p>[vc_row][vc_column][vc_single_image image=\u00bb9751&#8243; img_size=\u00bblarge\u00bb alignment=\u00bbcenter\u00bb][vc_column_text] Les damos la bienvenida al nuevo sitio web de N-Gen. En el 2012, N-Gen comenz\u00f3 con 90 miembros, y se conceptualiz\u00f3 como una reuni\u00f3n \u00fanica de tres d\u00edas. Nuestro sitio web anterior fue creado en funci\u00f3n de esas necesidades. Ahora, tenemos cientos de miembros y una gran diversidad de proyectos y [&hellip;]<\/p>\n","protected":false},"author":11,"featured_media":9751,"parent":0,"menu_order":0,"comment_status":"closed","ping_status":"closed","template":"","meta":{"footnotes":""},"acf":[],"_links":{"self":[{"href":"https:\/\/nextgensd.com\/es\/wp-json\/wp\/v2\/pages\/9821"}],"collection":[{"href":"https:\/\/nextgensd.com\/es\/wp-json\/wp\/v2\/pages"}],"about":[{"href":"https:\/\/nextgensd.com\/es\/wp-json\/wp\/v2\/types\/page"}],"author":[{"embeddable":true,"href":"https:\/\/nextgensd.com\/es\/wp-json\/wp\/v2\/users\/11"}],"replies":[{"embeddable":true,"href":"https:\/\/nextgensd.com\/es\/wp-json\/wp\/v2\/comments?post=9821"}],"version-history":[{"count":2,"href":"https:\/\/nextgensd.com\/es\/wp-json\/wp\/v2\/pages\/9821\/revisions"}],"predecessor-version":[{"id":9864,"href":"https:\/\/nextgensd.com\/es\/wp-json\/wp\/v2\/pages\/9821\/revisions\/9864"}],"wp:featuredmedia":[{"embeddable":true,"href":"https:\/\/nextgensd.com\/es\/wp-json\/wp\/v2\/media\/9751"}],"wp:attachment":[{"href":"https:\/\/nextgensd.com\/es\/wp-json\/wp\/v2\/media?parent=9821"}],"curies":[{"name":"wp","href":"https:\/\/api.w.org\/{rel}","templated":true}]}}