{"id":9282,"date":"2019-10-17T17:13:26","date_gmt":"2019-10-17T17:13:26","guid":{"rendered":"http:\/\/gator4107.temp.domains\/~nextgensd\/?page_id=9282"},"modified":"2022-09-13T18:45:53","modified_gmt":"2022-09-13T18:45:53","slug":"inicio","status":"publish","type":"page","link":"https:\/\/nextgensd.com\/es\/inicio\/","title":{"rendered":"Inicio"},"content":{"rendered":"<p>[vc_row full_height=\u00bbyes\u00bb parallax=\u00bbenable_parallax\u00bb enable_loading_bg=\u00bbyes\u00bb enable_overlay=\u00bbyes\u00bb css=\u00bb.vc_custom_1576187502590{background-image: url(https:\/\/nextgensd.com\/wp-content\/uploads\/2019\/11\/Alan-Harper_Tiburo\u0301n_28Oct2012.jpg?id=9759) !important;background-position: center;background-repeat: no-repeat !important;background-size: cover !important;}\u00bb overlay_bg=\u00bbrgba(0, 0, 0, 0.3)\u00bb][vc_column width=\u00bb1\/2&#8243; offset=\u00bbvc_col-md-6&#8243; css=\u00bb.vc_custom_1565235861731{padding-top: 75px !important;padding-right: 6% !important;}\u00bb][ld_fancy_heading tag=\u00bbh2&#8243; ca_init_scale_x=\u00bb1&#8243; ca_init_scale_y=\u00bb1&#8243; ca_init_scale_z=\u00bb1&#8243; ca_init_opacity=\u00bb1&#8243; ca_an_scale_x=\u00bb1&#8243; ca_an_scale_y=\u00bb1&#8243; ca_an_scale_z=\u00bb1&#8243; ca_an_opacity=\u00bb1&#8243; use_custom_fonts_title=\u00bbtrue\u00bb enable_fit=\u00bbtrue\u00bb enable_split=\u00bbtrue\u00bb use_mask=\u00bbtrue\u00bb color=\u00bbrgb(255, 255, 255)\u00bb compressor=\u00bb0.5&#8243; minfontsize=\u00bb36&#8243; fs=\u00bb55px\u00bb duration=\u00bb1200&#8243; delay=\u00bb150&#8243; ca_init_translate_y=\u00bb91&#8243; lh=\u00bb1.11em\u00bb fw=\u00bb700&#8243;]La Nueva Generaci\u00f3n de Investigadores del Desierto Sonorense[\/ld_fancy_heading][vc_row_inner][vc_column_inner enable_content_animation=\u00bbyes\u00bb ca_init_scale_x=\u00bb1&#8243; ca_init_scale_y=\u00bb1&#8243; ca_init_scale_z=\u00bb1&#8243; ca_init_opacity=\u00bb0&#8243; ca_an_scale_x=\u00bb1&#8243; ca_an_scale_y=\u00bb1&#8243; ca_an_scale_z=\u00bb1&#8243; ca_an_opacity=\u00bb1&#8243; ca_duration=\u00bb1200&#8243; ca_init_translate_y=\u00bb38&#8243; ca_start_delay=\u00bb400&#8243;][ld_fancy_heading tag=\u00bbp\u00bb use_custom_fonts_title=\u00bbtrue\u00bb fs=\u00bb18px\u00bb lh=\u00bb2em\u00bb color=\u00bbrgb(255, 255, 255)\u00bb fw=\u00bb500&#8243;]Juntos podemos promover una \u00e9tica de conservaci\u00f3n digna de la grandeza del desierto sonorense.[\/ld_fancy_heading][ld_header_button ib_style=\u00bbbtn-solid\u00bb ib_title=\u00bbInt\u00e9grate\u00bb ib_transformation=\u00bbtext-uppercase\u00bb ib_shape=\u00bbsemi-round\u00bb ib_i_type=\u00bbfontawesome\u00bb ib_i_add_icon=\u00bbtrue\u00bb ib_i_icon_fontawesome=\u00bbfa fa-angle-right\u00bb ib_color=\u00bbrgb(254, 187, 29)\u00bb ib_hover_color=\u00bbrgb(255, 255, 255)\u00bb ib_htext_color=\u00bbrgb(83, 114, 28)\u00bb ib_fs=\u00bb15px\u00bb ib_css=\u00bb.vc_custom_1576187617365{padding-right: 0.25em !important;padding-left: 0.25em !important;}\u00bb ib_lh=\u00bb1.5em\u00bb ib_link=\u00bburl:%2Fes%2Funirse%2F|title:Unirse||\u00bb ib_fw=\u00bb500&#8243; ib_text_color=\u00bbrgb(0, 0, 0)\u00bb][\/vc_column_inner][\/vc_row_inner][\/vc_column][vc_column width=\u00bb1\/2&#8243;][ld_blog style=\u00bbcarousel-filterable\u00bb meta_type=\u00bbcats\u00bb one_category=\u00bbno\u00bb post_type=\u00bbpost\u00bb posts_per_page=\u00bb4&#8243; ib_style=\u00bb\u00bb ib_border=\u00bb\u00bb filter_id=\u00bb1530095568627-bb1a044d-e0e0&#8243; unique_id=\u00bb1530095568628-602bb647-e8ed\u00bb post_excerpt_length=\u00bb7&#8243; taxonomies=\u00bb19&#8243; el_id=\u00bbcarousel-cover\u00bb][vc_column_text el_class=\u00bbtext-right photo-credit\u00bb css=\u00bb.vc_custom_1573862962606{margin-top: 15px !important;}\u00bb]Photo credit:<br \/>\nAlan Harper[\/vc_column_text][\/vc_column][\/vc_row][vc_row bg_position=\u00bbcenter center\u00bb enable_overlay=\u00bbyes\u00bb css=\u00bb.vc_custom_1576187536794{margin-bottom: 60px !important;padding-top: 140px !important;padding-bottom: 150px !important;background-image: url(https:\/\/nextgensd.com\/wp-content\/uploads\/2019\/11\/researchers-bg.jpg?id=9767) !important;background-position: 0 0 !important;background-repeat: repeat !important;}\u00bb overlay_bg=\u00bbrgba(239, 239, 239, 0.88)\u00bb][vc_column offset=\u00bbvc_col-md-4&#8243; el_class=\u00bbsticker-home\u00bb][vc_row_inner el_class=\u00bbsticker-home-inner\u00bb][vc_column_inner][vc_column_text el_class=\u00bbtitle\u00bb]<a href=\"\/researchers\/?ul_filter_last_name=Abella%20Guti%C3%A9rrez||Abrell||Aburto-Oropeza||Aceves%20Cuevas||Acosta%20Encinas||Acu%C3%B1a%20Acosta||Adams||Aguilera%20Miller||Ahumada%20Mex%C3%ADa||Aispuro||Alatorre-Gutierrez||Alcal%C3%A1%20Galv%C3%A1n||Alcal%C3%A1%20Santoyo||Alcaraz%20Flores||Alonso%20Lozano||Alvarez%20Durand||Alvarez%20Villegas||Alvarez-Yepiz||Amandolare||Amao%20Esquivel||Anand||Anderson||Andrade%20Tafoya||Andreu%20Soler||Anduaga%20Coello||Angel-Moreno%20Briones||Angulo%20Corral||Angulo%20Cota||Ann%20Epperson||Arcos%20Aguilar||Arguelles%20Corrado||Armenta||Armenta%20Cisneros||Arnett||Arriaga%20Jim%C3%A9nez||Arriaga%20Ochoa||Arroyo%20Aguilera||Arroyo%20S%C3%A1nchez||Arvizu%20Ruiz||Aslan||Avila-Villegas||Ayala||Ayala%20Galaz||Ayres\">917<\/a>[\/vc_column_text][vc_column_text el_class=\u00bbsubtitle\u00bb]<a href=\"\/researchers\/?ul_filter_last_name=Abella%20Guti%C3%A9rrez||Abrell||Aburto-Oropeza||Aceves%20Cuevas||Acosta%20Encinas||Acu%C3%B1a%20Acosta||Adams||Aguilera%20Miller||Ahumada%20Mex%C3%ADa||Aispuro||Alatorre-Gutierrez||Alcal%C3%A1%20Galv%C3%A1n||Alcal%C3%A1%20Santoyo||Alcaraz%20Flores||Alonso%20Lozano||Alvarez%20Durand||Alvarez%20Villegas||Alvarez-Yepiz||Amandolare||Amao%20Esquivel||Anand||Anderson||Andrade%20Tafoya||Andreu%20Soler||Anduaga%20Coello||Angel-Moreno%20Briones||Angulo%20Corral||Angulo%20Cota||Ann%20Epperson||Arcos%20Aguilar||Arguelles%20Corrado||Armenta||Armenta%20Cisneros||Arnett||Arriaga%20Jim%C3%A9nez||Arriaga%20Ochoa||Arroyo%20Aguilera||Arroyo%20S%C3%A1nchez||Arvizu%20Ruiz||Aslan||Avila-Villegas||Ayala||Ayala%20Galaz||Ayres\">Investigadores<\/a>[\/vc_column_text][\/vc_column_inner][\/vc_row_inner][\/vc_column][vc_column offset=\u00bbvc_col-md-4&#8243; el_class=\u00bbsticker-home\u00bb][vc_row_inner el_class=\u00bbsticker-home-inner\u00bb][vc_column_inner][vc_column_text el_class=\u00bbtitle\u00bb]<a href=\"\/researchers\/?ul_filter_last_name=Abella%20Guti%C3%A9rrez||Abrell||Aburto-Oropeza||Aceves%20Cuevas||Acosta%20Encinas||Acu%C3%B1a%20Acosta||Adams||Aguilera%20Miller||Ahumada%20Mex%C3%ADa||Aispuro||Alatorre-Gutierrez||Alcal%C3%A1%20Galv%C3%A1n||Alcal%C3%A1%20Santoyo||Alcaraz%20Flores||Alonso%20Lozano||Alvarez%20Durand||Alvarez%20Villegas||Alvarez-Yepiz||Amandolare||Amao%20Esquivel||Anand||Anderson||Andrade%20Tafoya||Andreu%20Soler||Anduaga%20Coello||Angel-Moreno%20Briones||Angulo%20Corral||Angulo%20Cota||Ann%20Epperson||Arcos%20Aguilar||Arguelles%20Corrado||Armenta||Armenta%20Cisneros||Arnett||Arriaga%20Jim%C3%A9nez||Arriaga%20Ochoa||Arroyo%20Aguilera||Arroyo%20S%C3%A1nchez||Arvizu%20Ruiz||Aslan||Avila-Villegas||Ayala||Ayala%20Galaz||Ayres\">21<\/a>[\/vc_column_text][vc_column_text el_class=\u00bbsubtitle\u00bb]<a href=\"\/researchers\/?ul_filter_last_name=Abella%20Guti%C3%A9rrez||Abrell||Aburto-Oropeza||Aceves%20Cuevas||Acosta%20Encinas||Acu%C3%B1a%20Acosta||Adams||Aguilera%20Miller||Ahumada%20Mex%C3%ADa||Aispuro||Alatorre-Gutierrez||Alcal%C3%A1%20Galv%C3%A1n||Alcal%C3%A1%20Santoyo||Alcaraz%20Flores||Alonso%20Lozano||Alvarez%20Durand||Alvarez%20Villegas||Alvarez-Yepiz||Amandolare||Amao%20Esquivel||Anand||Anderson||Andrade%20Tafoya||Andreu%20Soler||Anduaga%20Coello||Angel-Moreno%20Briones||Angulo%20Corral||Angulo%20Cota||Ann%20Epperson||Arcos%20Aguilar||Arguelles%20Corrado||Armenta||Armenta%20Cisneros||Arnett||Arriaga%20Jim%C3%A9nez||Arriaga%20Ochoa||Arroyo%20Aguilera||Arroyo%20S%C3%A1nchez||Arvizu%20Ruiz||Aslan||Avila-Villegas||Ayala||Ayala%20Galaz||Ayres\">Regiones<\/a>[\/vc_column_text][\/vc_column_inner][\/vc_row_inner][\/vc_column][vc_column offset=\u00bbvc_col-md-4&#8243; el_class=\u00bb.sticker-home\u00bb][vc_row_inner el_class=\u00bbsticker-home-inner\u00bb][vc_column_inner][vc_column_text el_class=\u00bbtitle\u00bb]<a href=\"https:\/\/nextgensd.com\/es\/investigadores\/\">41<\/a>[\/vc_column_text][vc_column_text el_class=\u00bbsubtitle\u00bb]<a href=\"\/researchers\/?ul_filter_last_name=Abella%20Guti%C3%A9rrez||Abrell||Aburto-Oropeza||Aceves%20Cuevas||Acosta%20Encinas||Acu%C3%B1a%20Acosta||Adams||Aguilera%20Miller||Ahumada%20Mex%C3%ADa||Aispuro||Alatorre-Gutierrez||Alcal%C3%A1%20Galv%C3%A1n||Alcal%C3%A1%20Santoyo||Alcaraz%20Flores||Alonso%20Lozano||Alvarez%20Durand||Alvarez%20Villegas||Alvarez-Yepiz||Amandolare||Amao%20Esquivel||Anand||Anderson||Andrade%20Tafoya||Andreu%20Soler||Anduaga%20Coello||Angel-Moreno%20Briones||Angulo%20Corral||Angulo%20Cota||Ann%20Epperson||Arcos%20Aguilar||Arguelles%20Corrado||Armenta||Armenta%20Cisneros||Arnett||Arriaga%20Jim%C3%A9nez||Arriaga%20Ochoa||Arroyo%20Aguilera||Arroyo%20S%C3%A1nchez||Arvizu%20Ruiz||Aslan||Avila-Villegas||Ayala||Ayala%20Galaz||Ayres\">Disciplinas<\/a>[\/vc_column_text][\/vc_column_inner][\/vc_row_inner][\/vc_column][vc_column width=\u00bb1\/2&#8243; el_class=\u00bbsticker-home\u00bb offset=\u00bbvc_col-lg-offset-3 vc_col-md-offset-3 vc_col-sm-offset-3&#8243;][vc_row_inner el_class=\u00bbsticker-home-inner\u00bb][vc_column_inner][vc_column_text el_class=\u00bbtitle\u00bb]Con\u00e9ctate con tu comunidad[\/vc_column_text][vc_column_text el_class=\u00bbparagraph\u00bb]Una red de individuos comprometidos con el vasto paisaje ecol\u00f3gico y social que se expande a trav\u00e9s del desierto sonorense[\/vc_column_text][\/vc_column_inner][\/vc_row_inner][vc_row_inner css=\u00bb.vc_custom_1563990378694{margin-right: 0px !important;margin-left: 0px !important;}\u00bb responsive_css=\u00bbmargin_right_large:45px|margin_left_large:45px\u00bb][vc_column_inner width=\u00bb1\/2&#8243; align=\u00bbtext-center\u00bb css=\u00bb.vc_custom_1563995084486{margin-bottom: 15px !important;}\u00bb][ld_header_button ib_style=\u00bbbtn-solid\u00bb ib_title=\u00bbUnirse\u00bb ib_transformation=\u00bbtext-uppercase\u00bb ib_shape=\u00bbsemi-round\u00bb ib_color=\u00bbrgb(83, 114, 28)\u00bb ib_hover_color=\u00bbrgb(255, 255, 255)\u00bb ib_htext_color=\u00bbrgb(83, 114, 28)\u00bb ib_fs=\u00bb15px\u00bb ib_css=\u00bb.vc_custom_1576187637946{padding-right: 0.25em !important;padding-left: 0.25em !important;}\u00bb ib_lh=\u00bb1.5em\u00bb ib_link=\u00bburl:%2Fes%2Funirse%2F|title:Unirse||\u00bb ib_fw=\u00bb500&#8243; ib_text_color=\u00bbrgb(255, 255, 255)\u00bb][\/vc_column_inner][vc_column_inner width=\u00bb1\/2&#8243; align=\u00bbtext-center\u00bb][ld_header_button ib_style=\u00bbbtn-solid\u00bb ib_title=\u00bbExplorar\u00bb ib_transformation=\u00bbtext-uppercase\u00bb ib_shape=\u00bbsemi-round\u00bb ib_color=\u00bbrgb(254, 187, 29)\u00bb ib_hover_color=\u00bbrgb(255, 255, 255)\u00bb ib_htext_color=\u00bbrgb(83, 114, 28)\u00bb ib_fs=\u00bb15px\u00bb ib_css=\u00bb.vc_custom_1576187663818{padding-right: 0.25em !important;padding-left: 0.25em !important;}\u00bb ib_lh=\u00bb1.5em\u00bb ib_link=\u00bburl:%2Fes%2Finvestigadores%2F|title:Investigadores||\u00bb ib_fw=\u00bb500&#8243; ib_text_color=\u00bbrgb(0, 0, 0)\u00bb][\/vc_column_inner][\/vc_row_inner][\/vc_column][vc_column width=\u00bb1\/4&#8243; offset=\u00bbvc_col-sm-offset-0 vc_hidden-sm vc_hidden-xs\u00bb][\/vc_column][\/vc_row][vc_row parallax=\u00bbenable_parallax\u00bb enable_overlay=\u00bbyes\u00bb css=\u00bb.vc_custom_1576187581212{margin-top: 30px !important;margin-bottom: 50px !important;padding-top: 110px !important;padding-bottom: 110px !important;background-image: url(https:\/\/nextgensd.com\/wp-content\/uploads\/2019\/07\/join-me-02-bg.jpg?id=9407) !important;background-position: center;background-repeat: no-repeat !important;background-size: cover !important;}\u00bb overlay_bg=\u00bbrgba(81, 81, 81, 0.4)\u00bb][vc_column align=\u00bbtext-center\u00bb responsive_css=\u00bbpadding_right_large:30px|padding_left_large:30px\u00bb][ld_fancy_heading tag=\u00bbh2&#8243; color=\u00bbrgb(255, 255, 255)\u00bb]Nuestra visi\u00f3n[\/ld_fancy_heading][ld_fancy_heading tag=\u00bbp\u00bb use_custom_fonts_title=\u00bbtrue\u00bb fs=\u00bb18px\u00bb lh=\u00bb1.611em\u00bb color=\u00bbrgb(255, 255, 255)\u00bb fw=\u00bb500&#8243;]La Nueva Generaci\u00f3n de Investigadores del Desierto Sonorense es una red de trabajo conformada por individuos comprometidos con el rico paisaje social y ecol\u00f3gico que abarca el \u00e1rea principal del desierto sonorense, la pen\u00ednsula de Baja California, el Golfo de California y la zona fronteriza de M\u00e9xico y Estados Unidos. Esta red de trabajo interdisciplinaria har\u00e1 frente a los desaf\u00edos de investigaci\u00f3n y conservaci\u00f3n de nuestro tiempo dentro de esta regi\u00f3n multinacional. Profundamente comprometidos con el esp\u00edritu del desierto sonorense, la N-Gen (1) catalizar\u00e1 investigaci\u00f3n y colaboraci\u00f3n biocultural, (2) desarrollar\u00e1 capacidad para acci\u00f3n innovadora y transdisciplinaria y (3) influir\u00e1 en quienes toman decisiones en ambos pa\u00edses con el fin de promover una \u00e9tica de conservaci\u00f3n que est\u00e9 a la altura del esplendor de esta regi\u00f3n.[\/ld_fancy_heading][ld_header_button ib_style=\u00bbbtn-solid\u00bb ib_title=\u00bbDonar\u00bb ib_transformation=\u00bbtext-uppercase\u00bb ib_shape=\u00bbsemi-round\u00bb ib_color=\u00bbrgb(254, 187, 29)\u00bb ib_hover_color=\u00bbrgb(255, 255, 255)\u00bb ib_htext_color=\u00bbrgb(83, 114, 28)\u00bb ib_fs=\u00bb15px\u00bb ib_css=\u00bb.vc_custom_1576299253223{margin-top: 30px !important;margin-bottom: 15px !important;padding-right: 0.25em !important;padding-left: 0.25em !important;}\u00bb ib_lh=\u00bb1.5em\u00bb ib_link=\u00bburl:%23FUNYBROBYLF|title:Donar||\u00bb ib_fw=\u00bb500&#8243; ib_text_color=\u00bbrgb(0, 0, 0)\u00bb][\/vc_column][\/vc_row][vc_row][vc_column][ld_blog style=\u00bbcarousel\u00bb one_category=\u00bbno\u00bb post_type=\u00bbpost\u00bb posts_per_page=\u00bb-1&#8243; ib_style=\u00bb\u00bb ib_border=\u00bb\u00bb filter_id=\u00bb1563995380968-fd426a25-c796&#8243; unique_id=\u00bb1563995380968-906e3403-c2d1&#8243; carousel_heading=\u00bbDestacado\u00bb taxonomies=\u00bb20&#8243; title_size=\u00bb24px\u00bb][\/vc_column][\/vc_row]<\/p>\n","protected":false},"excerpt":{"rendered":"<p>[vc_row full_height=\u00bbyes\u00bb parallax=\u00bbenable_parallax\u00bb enable_loading_bg=\u00bbyes\u00bb enable_overlay=\u00bbyes\u00bb css=\u00bb.vc_custom_1576187502590{background-image: url(https:\/\/nextgensd.com\/wp-content\/uploads\/2019\/11\/Alan-Harper_Tiburo\u0301n_28Oct2012.jpg?id=9759) !important;background-position: center;background-repeat: no-repeat !important;background-size: cover !important;}\u00bb overlay_bg=\u00bbrgba(0, 0, 0, 0.3)\u00bb][vc_column width=\u00bb1\/2&#8243; offset=\u00bbvc_col-md-6&#8243; css=\u00bb.vc_custom_1565235861731{padding-top: 75px !important;padding-right: 6% !important;}\u00bb][ld_fancy_heading tag=\u00bbh2&#8243; ca_init_scale_x=\u00bb1&#8243; ca_init_scale_y=\u00bb1&#8243; ca_init_scale_z=\u00bb1&#8243; ca_init_opacity=\u00bb1&#8243; ca_an_scale_x=\u00bb1&#8243; ca_an_scale_y=\u00bb1&#8243; ca_an_scale_z=\u00bb1&#8243; ca_an_opacity=\u00bb1&#8243; use_custom_fonts_title=\u00bbtrue\u00bb enable_fit=\u00bbtrue\u00bb enable_split=\u00bbtrue\u00bb use_mask=\u00bbtrue\u00bb color=\u00bbrgb(255, 255, 255)\u00bb compressor=\u00bb0.5&#8243; minfontsize=\u00bb36&#8243; fs=\u00bb55px\u00bb duration=\u00bb1200&#8243; delay=\u00bb150&#8243; ca_init_translate_y=\u00bb91&#8243; lh=\u00bb1.11em\u00bb fw=\u00bb700&#8243;]La Nueva Generaci\u00f3n de Investigadores del Desierto Sonorense[\/ld_fancy_heading][vc_row_inner][vc_column_inner [&hellip;]<\/p>\n","protected":false},"author":1,"featured_media":0,"parent":0,"menu_order":0,"comment_status":"closed","ping_status":"closed","template":"","meta":{"footnotes":""},"acf":[],"_links":{"self":[{"href":"https:\/\/nextgensd.com\/es\/wp-json\/wp\/v2\/pages\/9282"}],"collection":[{"href":"https:\/\/nextgensd.com\/es\/wp-json\/wp\/v2\/pages"}],"about":[{"href":"https:\/\/nextgensd.com\/es\/wp-json\/wp\/v2\/types\/page"}],"author":[{"embeddable":true,"href":"https:\/\/nextgensd.com\/es\/wp-json\/wp\/v2\/users\/1"}],"replies":[{"embeddable":true,"href":"https:\/\/nextgensd.com\/es\/wp-json\/wp\/v2\/comments?post=9282"}],"version-history":[{"count":28,"href":"https:\/\/nextgensd.com\/es\/wp-json\/wp\/v2\/pages\/9282\/revisions"}],"predecessor-version":[{"id":17633,"href":"https:\/\/nextgensd.com\/es\/wp-json\/wp\/v2\/pages\/9282\/revisions\/17633"}],"wp:attachment":[{"href":"https:\/\/nextgensd.com\/es\/wp-json\/wp\/v2\/media?parent=9282"}],"curies":[{"name":"wp","href":"https:\/\/api.w.org\/{rel}","templated":true}]}}