{"id":8825,"date":"2019-04-18T11:41:20","date_gmt":"2019-04-18T17:41:20","guid":{"rendered":"http:\/\/nextgensd.com\/?page_id=8825"},"modified":"2023-08-19T02:16:09","modified_gmt":"2023-08-19T02:16:09","slug":"encuesta-de-la-frontera-de-n-gen","status":"publish","type":"page","link":"https:\/\/nextgensd.com\/es\/encuesta-de-la-frontera-de-n-gen\/","title":{"rendered":"Encuesta de la frontera de N-Gen"},"content":{"rendered":"\t\t<div data-elementor-type=\"wp-page\" data-elementor-id=\"8825\" class=\"elementor elementor-8825 elementor-8820\" data-elementor-post-type=\"page\">\n\t\t\t\t\t\t<section class=\"elementor-section elementor-top-section elementor-element elementor-element-10c6e606 elementor-section-boxed elementor-section-height-default elementor-section-height-default\" data-id=\"10c6e606\" data-element_type=\"section\">\n\t\t\t\t\t\t<div class=\"elementor-container elementor-column-gap-default\">\n\t\t\t\t\t<div class=\"elementor-column elementor-col-100 elementor-top-column elementor-element elementor-element-137d81bf\" data-id=\"137d81bf\" data-element_type=\"column\">\n\t\t\t<div class=\"elementor-widget-wrap elementor-element-populated\">\n\t\t\t\t\t\t<div class=\"elementor-element elementor-element-fac38a8 elementor-widget elementor-widget-image\" data-id=\"fac38a8\" data-element_type=\"widget\" data-widget_type=\"image.default\">\n\t\t\t\t<div class=\"elementor-widget-container\">\n\t\t\t<style>\/*! elementor - v3.23.0 - 05-08-2024 *\/\n.elementor-widget-image{text-align:center}.elementor-widget-image a{display:inline-block}.elementor-widget-image a img[src$=\".svg\"]{width:48px}.elementor-widget-image img{vertical-align:middle;display:inline-block}<\/style>\t\t\t\t\t\t\t<figure class=\"wp-caption\">\n\t\t\t\t\t\t\t\t\t\t<img fetchpriority=\"high\" decoding=\"async\" width=\"800\" height=\"489\" src=\"https:\/\/nextgensd.com\/wp-content\/uploads\/2023\/08\/Hatcher18-1024x626.jpg\" class=\"attachment-large size-large wp-image-27440\" alt=\"\" srcset=\"https:\/\/nextgensd.com\/wp-content\/uploads\/2023\/08\/Hatcher18-1024x626.jpg 1024w, https:\/\/nextgensd.com\/wp-content\/uploads\/2023\/08\/Hatcher18-300x184.jpg 300w, https:\/\/nextgensd.com\/wp-content\/uploads\/2023\/08\/Hatcher18-768x470.jpg 768w, https:\/\/nextgensd.com\/wp-content\/uploads\/2023\/08\/Hatcher18-1536x940.jpg 1536w, https:\/\/nextgensd.com\/wp-content\/uploads\/2023\/08\/Hatcher18.jpg 1700w\" sizes=\"(max-width: 800px) 100vw, 800px\" \/>\t\t\t\t\t\t\t\t\t\t\t<figcaption class=\"widget-image-caption wp-caption-text\"><\/figcaption>\n\t\t\t\t\t\t\t\t\t\t<\/figure>\n\t\t\t\t\t\t\t<\/div>\n\t\t\t\t<\/div>\n\t\t\t\t<div class=\"elementor-element elementor-element-1f463ce9 elementor-widget elementor-widget-text-editor\" data-id=\"1f463ce9\" data-element_type=\"widget\" data-widget_type=\"text-editor.default\">\n\t\t\t\t<div class=\"elementor-widget-container\">\n\t\t\t<style>\/*! elementor - v3.23.0 - 05-08-2024 *\/\n.elementor-widget-text-editor.elementor-drop-cap-view-stacked .elementor-drop-cap{background-color:#69727d;color:#fff}.elementor-widget-text-editor.elementor-drop-cap-view-framed .elementor-drop-cap{color:#69727d;border:3px solid;background-color:transparent}.elementor-widget-text-editor:not(.elementor-drop-cap-view-default) .elementor-drop-cap{margin-top:8px}.elementor-widget-text-editor:not(.elementor-drop-cap-view-default) .elementor-drop-cap-letter{width:1em;height:1em}.elementor-widget-text-editor .elementor-drop-cap{float:left;text-align:center;line-height:1;font-size:50px}.elementor-widget-text-editor .elementor-drop-cap-letter{display:inline-block}<\/style>\t\t\t\t<p>En 2019, la mesa directiva de la Nueva Generaci\u00f3n de Investigadores del Desierto Sonorense realiz\u00f3 una encuesta para comprender mejor c\u00f3mo las pol\u00edticas fronterizas afectan a las y los investigadores\/as, incluyendo estudiantes universitarios, profesionales acad\u00e9micos, empleados de organizaciones sin fines de lucro y agencias de gobierno federales y estatales que trabajan en la regi\u00f3n fronteriza de M\u00e9xico \/ Estados Unidos.<\/p><p>El prop\u00f3sito de este estudio fue documentar las interacciones que tienen las y los investigadores\/as que trabajan en la regi\u00f3n fronteriza con las autoridades y las personas que cruzan la frontera de los Estados Unidos, entre otras. Las preguntas de la encuesta se utilizaron para cuantificar y para evaluar los cambios recientes en dichas interacciones.<\/p><p><span class=\"tlid-translation translation\" lang=\"es\">Un breve art\u00edculo que sintetiza esta investigaci\u00f3n est\u00e1 disponible como preimpresi\u00f3n en <a class=\"\" href=\"https:\/\/osf.io\/preprints\/socarxiv\/t95jm\/\" target=\"_blank\" rel=\"noopener noreferrer\">SocArXiv<\/a> (en ingl\u00e9s). Por favor tome en cuenta que este trabajo <strong>no ha sido revisado por pares<\/strong>.<\/span><\/p><p>Los datos y los materiales de reclutamiento para esta encuesta est\u00e1n disponibles p\u00fablicamente bajo una licencia CCBY-4.0 en el repositorio de datos de investigaci\u00f3n de la Universidad de Arizona.<\/p><p><em>Una Junta de Revisi\u00f3n Institucional responsable de la investigaci\u00f3n con seres humanos en la Universidad de Arizona examin\u00f3 este proyecto de investigaci\u00f3n y encontr\u00f3 que era aceptable, de acuerdo con las disposiciones estatales y federales, as\u00ed como las pol\u00edticas universitarias destinadas a proteger los derechos y el bienestar de los participantes en la investigaci\u00f3n.<\/em><\/p>\t\t\t\t\t\t<\/div>\n\t\t\t\t<\/div>\n\t\t\t\t\t<\/div>\n\t\t<\/div>\n\t\t\t\t\t<\/div>\n\t\t<\/section>\n\t\t\t\t<section class=\"elementor-section elementor-top-section elementor-element elementor-element-9aaae00 elementor-section-boxed elementor-section-height-default elementor-section-height-default\" data-id=\"9aaae00\" data-element_type=\"section\">\n\t\t\t\t\t\t<div class=\"elementor-container elementor-column-gap-default\">\n\t\t\t\t\t<div class=\"elementor-column elementor-col-100 elementor-top-column elementor-element elementor-element-37d97d77\" data-id=\"37d97d77\" data-element_type=\"column\">\n\t\t\t<div class=\"elementor-widget-wrap elementor-element-populated\">\n\t\t\t\t\t\t<div class=\"elementor-element elementor-element-5a50c347 elementor-widget elementor-widget-image\" data-id=\"5a50c347\" data-element_type=\"widget\" data-widget_type=\"image.default\">\n\t\t\t\t<div class=\"elementor-widget-container\">\n\t\t\t\t\t\t\t\t\t\t\t\t\t\t<a href=\"\/wp-content\/uploads\/2023\/08\/EdwardsEtAl_BorderSurveyArticle_PrePrint.pdf\">\n\t\t\t\t\t\t\t<img decoding=\"async\" width=\"797\" height=\"820\" src=\"https:\/\/nextgensd.com\/wp-content\/uploads\/2023\/08\/caught-in-the-middle-screenshot-1.jpg\" class=\"attachment-large size-large wp-image-27449\" alt=\"\" srcset=\"https:\/\/nextgensd.com\/wp-content\/uploads\/2023\/08\/caught-in-the-middle-screenshot-1.jpg 797w, https:\/\/nextgensd.com\/wp-content\/uploads\/2023\/08\/caught-in-the-middle-screenshot-1-292x300.jpg 292w, https:\/\/nextgensd.com\/wp-content\/uploads\/2023\/08\/caught-in-the-middle-screenshot-1-768x790.jpg 768w\" sizes=\"(max-width: 797px) 100vw, 797px\" \/>\t\t\t\t\t\t\t\t<\/a>\n\t\t\t\t\t\t\t\t\t\t\t\t\t<\/div>\n\t\t\t\t<\/div>\n\t\t\t\t\t<\/div>\n\t\t<\/div>\n\t\t\t\t\t<\/div>\n\t\t<\/section>\n\t\t\t\t<\/div>\n\t\t","protected":false},"excerpt":{"rendered":"<p>En 2019, la mesa directiva de la Nueva Generaci\u00f3n de Investigadores del Desierto Sonorense realiz\u00f3 una encuesta para comprender mejor c\u00f3mo las pol\u00edticas fronterizas afectan a las y los investigadores\/as.<\/p>\n","protected":false},"author":9,"featured_media":27440,"parent":0,"menu_order":0,"comment_status":"closed","ping_status":"closed","template":"","meta":{"footnotes":""},"acf":[],"_links":{"self":[{"href":"https:\/\/nextgensd.com\/es\/wp-json\/wp\/v2\/pages\/8825"}],"collection":[{"href":"https:\/\/nextgensd.com\/es\/wp-json\/wp\/v2\/pages"}],"about":[{"href":"https:\/\/nextgensd.com\/es\/wp-json\/wp\/v2\/types\/page"}],"author":[{"embeddable":true,"href":"https:\/\/nextgensd.com\/es\/wp-json\/wp\/v2\/users\/9"}],"replies":[{"embeddable":true,"href":"https:\/\/nextgensd.com\/es\/wp-json\/wp\/v2\/comments?post=8825"}],"version-history":[{"count":19,"href":"https:\/\/nextgensd.com\/es\/wp-json\/wp\/v2\/pages\/8825\/revisions"}],"predecessor-version":[{"id":27825,"href":"https:\/\/nextgensd.com\/es\/wp-json\/wp\/v2\/pages\/8825\/revisions\/27825"}],"wp:featuredmedia":[{"embeddable":true,"href":"https:\/\/nextgensd.com\/es\/wp-json\/wp\/v2\/media\/27440"}],"wp:attachment":[{"href":"https:\/\/nextgensd.com\/es\/wp-json\/wp\/v2\/media?parent=8825"}],"curies":[{"name":"wp","href":"https:\/\/api.w.org\/{rel}","templated":true}]}}