{"id":7077,"date":"2018-01-24T17:57:31","date_gmt":"2018-01-25T00:57:31","guid":{"rendered":"http:\/\/nextgensd.com\/?page_id=7077"},"modified":"2026-01-24T04:13:55","modified_gmt":"2026-01-24T04:13:55","slug":"bioblitz-de-la-frontera","status":"publish","type":"page","link":"https:\/\/nextgensd.com\/es\/bioblitz-de-la-frontera\/","title":{"rendered":"BioBlitz de la Frontera 2018"},"content":{"rendered":"\t\t<div data-elementor-type=\"wp-page\" data-elementor-id=\"7077\" class=\"elementor elementor-7077 elementor-8976\" data-elementor-post-type=\"page\">\n\t\t\t\t\t\t<section class=\"elementor-section elementor-top-section elementor-element elementor-element-b2f1bbb elementor-section-boxed elementor-section-height-default elementor-section-height-default\" data-id=\"b2f1bbb\" data-element_type=\"section\">\n\t\t\t\t\t\t<div class=\"elementor-container elementor-column-gap-default\">\n\t\t\t\t\t<div class=\"elementor-column elementor-col-100 elementor-top-column elementor-element elementor-element-c4a02cf\" data-id=\"c4a02cf\" data-element_type=\"column\">\n\t\t\t<div class=\"elementor-widget-wrap elementor-element-populated\">\n\t\t\t\t\t\t<div class=\"elementor-element elementor-element-2f7618b elementor-widget elementor-widget-heading\" data-id=\"2f7618b\" data-element_type=\"widget\" data-widget_type=\"heading.default\">\n\t\t\t\t<div class=\"elementor-widget-container\">\n\t\t\t<style>\/*! elementor - v3.23.0 - 05-08-2024 *\/\n.elementor-heading-title{padding:0;margin:0;line-height:1}.elementor-widget-heading .elementor-heading-title[class*=elementor-size-]>a{color:inherit;font-size:inherit;line-height:inherit}.elementor-widget-heading .elementor-heading-title.elementor-size-small{font-size:15px}.elementor-widget-heading .elementor-heading-title.elementor-size-medium{font-size:19px}.elementor-widget-heading .elementor-heading-title.elementor-size-large{font-size:29px}.elementor-widget-heading .elementor-heading-title.elementor-size-xl{font-size:39px}.elementor-widget-heading .elementor-heading-title.elementor-size-xxl{font-size:59px}<\/style><h1 class=\"elementor-heading-title elementor-size-default\">2018 N-Gen<\/h1>\t\t<\/div>\n\t\t\t\t<\/div>\n\t\t\t\t<div class=\"elementor-element elementor-element-69c17d0 elementor-widget elementor-widget-heading\" data-id=\"69c17d0\" data-element_type=\"widget\" data-widget_type=\"heading.default\">\n\t\t\t\t<div class=\"elementor-widget-container\">\n\t\t\t<h1 class=\"elementor-heading-title elementor-size-default\">BioBlitz de la Frontera<\/h1>\t\t<\/div>\n\t\t\t\t<\/div>\n\t\t\t\t<div class=\"elementor-element elementor-element-3ff9dcf elementor-widget elementor-widget-text-editor\" data-id=\"3ff9dcf\" data-element_type=\"widget\" data-widget_type=\"text-editor.default\">\n\t\t\t\t<div class=\"elementor-widget-container\">\n\t\t\t<style>\/*! elementor - v3.23.0 - 05-08-2024 *\/\n.elementor-widget-text-editor.elementor-drop-cap-view-stacked .elementor-drop-cap{background-color:#69727d;color:#fff}.elementor-widget-text-editor.elementor-drop-cap-view-framed .elementor-drop-cap{color:#69727d;border:3px solid;background-color:transparent}.elementor-widget-text-editor:not(.elementor-drop-cap-view-default) .elementor-drop-cap{margin-top:8px}.elementor-widget-text-editor:not(.elementor-drop-cap-view-default) .elementor-drop-cap-letter{width:1em;height:1em}.elementor-widget-text-editor .elementor-drop-cap{float:left;text-align:center;line-height:1;font-size:50px}.elementor-widget-text-editor .elementor-drop-cap-letter{display:inline-block}<\/style>\t\t\t\tEl BioBlitz de la frontera es un esfuerzo de ciencia ciudadana, de\nun d\u00eda de duraci\u00f3n, que tiene como finalidad registrar el mayor\nn\u00famero posible de especies en la frontera M\u00e9xico-E.U.\t\t\t\t\t\t<\/div>\n\t\t\t\t<\/div>\n\t\t\t\t<div class=\"elementor-element elementor-element-18cc2e9 elementor-widget elementor-widget-image\" data-id=\"18cc2e9\" data-element_type=\"widget\" data-widget_type=\"image.default\">\n\t\t\t\t<div class=\"elementor-widget-container\">\n\t\t\t<style>\/*! elementor - v3.23.0 - 05-08-2024 *\/\n.elementor-widget-image{text-align:center}.elementor-widget-image a{display:inline-block}.elementor-widget-image a img[src$=\".svg\"]{width:48px}.elementor-widget-image img{vertical-align:middle;display:inline-block}<\/style>\t\t\t\t\t\t\t\t\t\t<img fetchpriority=\"high\" decoding=\"async\" width=\"800\" height=\"377\" src=\"https:\/\/nextgensd.com\/wp-content\/uploads\/2023\/08\/bioblitz-2018-e-1024x482.jpg\" class=\"attachment-large size-large wp-image-27829\" alt=\"\" srcset=\"https:\/\/nextgensd.com\/wp-content\/uploads\/2023\/08\/bioblitz-2018-e-1024x482.jpg 1024w, https:\/\/nextgensd.com\/wp-content\/uploads\/2023\/08\/bioblitz-2018-e-300x141.jpg 300w, https:\/\/nextgensd.com\/wp-content\/uploads\/2023\/08\/bioblitz-2018-e-768x362.jpg 768w, https:\/\/nextgensd.com\/wp-content\/uploads\/2023\/08\/bioblitz-2018-e-1536x723.jpg 1536w, https:\/\/nextgensd.com\/wp-content\/uploads\/2023\/08\/bioblitz-2018-e.jpg 1920w\" sizes=\"(max-width: 800px) 100vw, 800px\" \/>\t\t\t\t\t\t\t\t\t\t\t\t\t<\/div>\n\t\t\t\t<\/div>\n\t\t\t\t<div class=\"elementor-element elementor-element-7f2666b elementor-align-center elementor-widget elementor-widget-button\" data-id=\"7f2666b\" data-element_type=\"widget\" data-widget_type=\"button.default\">\n\t\t\t\t<div class=\"elementor-widget-container\">\n\t\t\t\t\t<div class=\"elementor-button-wrapper\">\n\t\t\t<a class=\"elementor-button elementor-button-link elementor-size-xl\" href=\"\/wp-content\/uploads\/2021\/02\/BioBlitz-Report.pdf\">\n\t\t\t\t\t\t<span class=\"elementor-button-content-wrapper\">\n\t\t\t\t\t\t\t\t\t<span class=\"elementor-button-text\">2018 Border Bioblitz Report<\/span>\n\t\t\t\t\t<\/span>\n\t\t\t\t\t<\/a>\n\t\t<\/div>\n\t\t\t\t<\/div>\n\t\t\t\t<\/div>\n\t\t\t\t<div class=\"elementor-element elementor-element-958a65e elementor-widget elementor-widget-text-editor\" data-id=\"958a65e\" data-element_type=\"widget\" data-widget_type=\"text-editor.default\">\n\t\t\t\t<div class=\"elementor-widget-container\">\n\t\t\t\t\t\t\t<p>La Nueva Generaci\u00f3n de Investigadores del Desierto Sonorense (N-Gen), en colaboraci\u00f3n con organizaciones participantes, invitan a equipos investigadores y miembros de la comunidad en general, organizados independientemente, a documentar la extraordinaria biodiversidad de la regi\u00f3n fronteriza.<\/p><p>Cada equipo se organizar\u00e1 por su cuenta para muestrear en varios puntos a lo largo de la frontera desde Tijuana hasta Nuevo M\u00e9xico, abarcando tramos de 1 kil\u00f3metro de cada lado de la l\u00ednea fronteriza. Para unirte a este proyecto de descubrimiento solo necesitas un smartphone con la aplicaci\u00f3n Naturalista (disponible gratis para Android e iOS). <a href=\"https:\/\/www.inaturalist.org\/projects\/border-bioblitz\">p\u00e1gina iNaturalist<\/a>.<\/p>\t\t\t\t\t\t<\/div>\n\t\t\t\t<\/div>\n\t\t\t\t\t<\/div>\n\t\t<\/div>\n\t\t\t\t\t<\/div>\n\t\t<\/section>\n\t\t\t\t<\/div>\n\t\t","protected":false},"excerpt":{"rendered":"<p>2018 N-Gen BioBlitz de la Frontera El BioBlitz de la frontera es un esfuerzo de ciencia ciudadana, de un d\u00eda de duraci\u00f3n, que tiene como finalidad registrar el mayor n\u00famero posible de especies en la frontera M\u00e9xico-E.U. 2018 Border Bioblitz Report La Nueva Generaci\u00f3n de Investigadores del Desierto Sonorense (N-Gen), en colaboraci\u00f3n con organizaciones participantes, [&hellip;]<\/p>\n","protected":false},"author":11,"featured_media":9455,"parent":0,"menu_order":0,"comment_status":"closed","ping_status":"closed","template":"elementor_header_footer","meta":{"footnotes":""},"acf":[],"_links":{"self":[{"href":"https:\/\/nextgensd.com\/es\/wp-json\/wp\/v2\/pages\/7077"}],"collection":[{"href":"https:\/\/nextgensd.com\/es\/wp-json\/wp\/v2\/pages"}],"about":[{"href":"https:\/\/nextgensd.com\/es\/wp-json\/wp\/v2\/types\/page"}],"author":[{"embeddable":true,"href":"https:\/\/nextgensd.com\/es\/wp-json\/wp\/v2\/users\/11"}],"replies":[{"embeddable":true,"href":"https:\/\/nextgensd.com\/es\/wp-json\/wp\/v2\/comments?post=7077"}],"version-history":[{"count":12,"href":"https:\/\/nextgensd.com\/es\/wp-json\/wp\/v2\/pages\/7077\/revisions"}],"predecessor-version":[{"id":36702,"href":"https:\/\/nextgensd.com\/es\/wp-json\/wp\/v2\/pages\/7077\/revisions\/36702"}],"wp:featuredmedia":[{"embeddable":true,"href":"https:\/\/nextgensd.com\/es\/wp-json\/wp\/v2\/media\/9455"}],"wp:attachment":[{"href":"https:\/\/nextgensd.com\/es\/wp-json\/wp\/v2\/media?parent=7077"}],"curies":[{"name":"wp","href":"https:\/\/api.w.org\/{rel}","templated":true}]}}