{"id":7066,"date":"2016-06-05T22:13:52","date_gmt":"2016-06-06T04:13:52","guid":{"rendered":"http:\/\/nextgensd.com\/?page_id=4459"},"modified":"2023-09-05T07:57:05","modified_gmt":"2023-09-05T07:57:05","slug":"declaracion-ante-nuestra-postura","status":"publish","type":"page","link":"https:\/\/nextgensd.com\/es\/declaracion-ante-nuestra-postura\/","title":{"rendered":"Acerca de declaraciones de postura"},"content":{"rendered":"\t\t<div data-elementor-type=\"wp-page\" data-elementor-id=\"7066\" class=\"elementor elementor-7066 elementor-7058\" data-elementor-post-type=\"page\">\n\t\t\t\t\t\t<section class=\"elementor-section elementor-top-section elementor-element elementor-element-45a352a1 elementor-section-boxed elementor-section-height-default elementor-section-height-default\" data-id=\"45a352a1\" data-element_type=\"section\">\n\t\t\t\t\t\t<div class=\"elementor-container elementor-column-gap-default\">\n\t\t\t\t\t<div class=\"elementor-column elementor-col-100 elementor-top-column elementor-element elementor-element-19b7b9a\" data-id=\"19b7b9a\" data-element_type=\"column\">\n\t\t\t<div class=\"elementor-widget-wrap elementor-element-populated\">\n\t\t\t\t\t\t<div class=\"elementor-element elementor-element-0848c1c elementor-widget elementor-widget-text-editor\" data-id=\"0848c1c\" data-element_type=\"widget\" data-widget_type=\"text-editor.default\">\n\t\t\t\t<div class=\"elementor-widget-container\">\n\t\t\t<style>\/*! elementor - v3.23.0 - 05-08-2024 *\/\n.elementor-widget-text-editor.elementor-drop-cap-view-stacked .elementor-drop-cap{background-color:#69727d;color:#fff}.elementor-widget-text-editor.elementor-drop-cap-view-framed .elementor-drop-cap{color:#69727d;border:3px solid;background-color:transparent}.elementor-widget-text-editor:not(.elementor-drop-cap-view-default) .elementor-drop-cap{margin-top:8px}.elementor-widget-text-editor:not(.elementor-drop-cap-view-default) .elementor-drop-cap-letter{width:1em;height:1em}.elementor-widget-text-editor .elementor-drop-cap{float:left;text-align:center;line-height:1;font-size:50px}.elementor-widget-text-editor .elementor-drop-cap-letter{display:inline-block}<\/style>\t\t\t\t<p>Cuando se carece de una voz clara para abordar asuntos de suma importancia en el desierto sonorense y el Golfo de California, N-Gen tiene una capacidad \u00fanica de aportar al di\u00e1logo. El paisaje multinacional de mar y desierto de nuestra regi\u00f3n se encuentra, frecuentemente, al centro de debates nacionales e internacionales. En tales momentos, es indispensable que la esencia de la regi\u00f3n no se represente inadecuadamente, se tergiverse o se ignore. En tales momentos, esta comunidad tiene tanto la responsabilidad como la oportunidad de brindar el esfuerzo objetivo y honesto de la comunidad cient\u00edfica de la regi\u00f3n. Cuando no tenemos el podio, el estatus o la libertad de hablar como individuos, N-Gen ofrece la oportunidad para hablar como una frente unido.<\/p><p>Los asuntos a tratar se deciden entre los miembros de la Mesa Directiva de N-Gen (ver <span style=\"color: #0000ff;\"><a style=\"color: #0000ff;\" href=\"\/es\/acerca-de-nosotros\/estructura-del-n-gen\/\">nuestra estructura<\/a><\/span>). Las declaraciones tienen la autor\u00eda de un grupo nuclear, presentado en la p\u00e1gina web, y luego respaldado por otros miembros de N-Gen, otros cient\u00edficos y miembros del p\u00fablico en general. Posteriormente, estas declaraciones de postura pueden ser utilizadas por medios interesados como puntos de referencia.<\/p><p>Declaraciones de postura:<\/p><ul><li><span style=\"color: #0000ff;\"><a style=\"color: #0000ff;\" href=\"\/es\/acerca-de-nosotros\/estructura-del-n-gen\/\">Desarrollo a Ultranza: Una falsa premisa<\/a><\/span><\/li><li><a href=\"\/es\/el-manifiesto-de-ensenada\/\"><span style=\"color: #0000ff;\">El Manifiesto de Ensenada<\/span><\/a><\/li><\/ul>\t\t\t\t\t\t<\/div>\n\t\t\t\t<\/div>\n\t\t\t\t\t<\/div>\n\t\t<\/div>\n\t\t\t\t\t<\/div>\n\t\t<\/section>\n\t\t\t\t<\/div>\n\t\t","protected":false},"excerpt":{"rendered":"<p>Cuando se carece de una voz clara para abordar asuntos de suma importancia en el desierto sonorense y el Golfo de California, N-Gen tiene una capacidad \u00fanica de aportar al di\u00e1logo. El paisaje multinacional de mar y desierto de nuestra regi\u00f3n se encuentra, frecuentemente, al centro de debates nacionales e internacionales. En tales momentos, es [&hellip;]<\/p>\n","protected":false},"author":8,"featured_media":0,"parent":0,"menu_order":0,"comment_status":"closed","ping_status":"closed","template":"","meta":{"footnotes":""},"acf":[],"_links":{"self":[{"href":"https:\/\/nextgensd.com\/es\/wp-json\/wp\/v2\/pages\/7066"}],"collection":[{"href":"https:\/\/nextgensd.com\/es\/wp-json\/wp\/v2\/pages"}],"about":[{"href":"https:\/\/nextgensd.com\/es\/wp-json\/wp\/v2\/types\/page"}],"author":[{"embeddable":true,"href":"https:\/\/nextgensd.com\/es\/wp-json\/wp\/v2\/users\/8"}],"replies":[{"embeddable":true,"href":"https:\/\/nextgensd.com\/es\/wp-json\/wp\/v2\/comments?post=7066"}],"version-history":[{"count":19,"href":"https:\/\/nextgensd.com\/es\/wp-json\/wp\/v2\/pages\/7066\/revisions"}],"predecessor-version":[{"id":28327,"href":"https:\/\/nextgensd.com\/es\/wp-json\/wp\/v2\/pages\/7066\/revisions\/28327"}],"wp:attachment":[{"href":"https:\/\/nextgensd.com\/es\/wp-json\/wp\/v2\/media?parent=7066"}],"curies":[{"name":"wp","href":"https:\/\/api.w.org\/{rel}","templated":true}]}}