{"id":7050,"date":"2015-10-23T13:06:28","date_gmt":"2015-10-23T19:06:28","guid":{"rendered":"http:\/\/nextgensd.com\/recursos\/the-journal-of-the-southwest-special-issue\/"},"modified":"2019-10-25T02:10:33","modified_gmt":"2019-10-25T02:10:33","slug":"the-journal-of-the-southwest-special-issue","status":"publish","type":"page","link":"https:\/\/nextgensd.com\/es\/the-journal-of-the-southwest-special-issue\/","title":{"rendered":"N\u00famero especial del Journal of the Southwest"},"content":{"rendered":"<h2 style=\"text-align: center;\"><a href=\"https:\/\/muse.jhu.edu\/journals\/journal_of_the_southwest\/toc\/jsw.57.2-3.html\">Seeds in the Sand: Emerging Approaches to Understanding<br \/>\nthe Sonoran Desert and Gulf of California<\/a><\/h2>\n<p style=\"text-align: center;\"><a href=\"http:\/\/nextgensd.com\/wp-content\/uploads\/2015\/10\/Portada.png\"><img fetchpriority=\"high\" decoding=\"async\" class=\"alignnone size-medium wp-image-3813\" src=\"http:\/\/nextgensd.com\/wp-content\/uploads\/2015\/10\/Portada-223x300.png\" alt=\"Portada\" width=\"223\" height=\"300\"><\/a><\/p>\n<p style=\"text-align: center;\">Guest Editors: Carolyn O\u2019Meara and Benjamin T. Wilder<\/p>\n<p><strong>The Continuum of Desert Research<\/strong><br \/>\nBenjamin T. Wilder and Carolyn O\u2019Meara<br \/>\n<a href=\"https:\/\/muse.jhu.edu\/journals\/journal_of_the_southwest\/v057\/57.2-3.wilder.pdf\">PDF<\/a> <a href=\"https:\/\/muse.jhu.edu\/journals\/journal_of_the_southwest\/v057\/57.2-3.wilder.html\">HTML<\/a> (via Muse)<\/p>\n<p><strong>Human Dimensions of Research in the Sonoran Desert: Next Generation Sonoran Desert Researchers<\/strong><br \/>\nJennifer N. Duberstein and Andr\u00e9s Lira-Noriega<br \/>\n<a href=\"https:\/\/muse.jhu.edu\/journals\/journal_of_the_southwest\/v057\/57.2-3.duberstein.pdf\">PDF<\/a> <a href=\"https:\/\/muse.jhu.edu\/journals\/journal_of_the_southwest\/v057\/57.2-3.duberstein.html\">HTML<\/a> (via Muse)<\/p>\n<p><strong>The Trooqui Treen: A Seri Truck<\/strong><br \/>\nCathy Moser Marlett<br \/>\n<a href=\"https:\/\/muse.jhu.edu\/journals\/journal_of_the_southwest\/v057\/57.2-3.marlett.pdf\">PDF<\/a> <a href=\"https:\/\/muse.jhu.edu\/journals\/journal_of_the_southwest\/v057\/57.2-3.marlett.html\">HTML<\/a> (via Muse)<\/p>\n<p><strong>The La Playa Archaeological Project: Binational Interdisciplinary Research on Long-Term Human Adaptation in the Sonoran Desert<\/strong><br \/>\nJohn Carpenter, Guadalupe S\u00e1nchez, James Watson, and Elisa Villalpando<br \/>\n<a href=\"https:\/\/muse.jhu.edu\/journals\/journal_of_the_southwest\/v057\/57.2-3.carpenter.pdf\">PDF<\/a> <a href=\"https:\/\/muse.jhu.edu\/journals\/journal_of_the_southwest\/v057\/57.2-3.carpenter.html\">HTML<\/a> (via Muse)<br \/>\n<a href=\"http:\/\/nextgensd.com\/wp-content\/uploads\/2015\/10\/Carpenter_SuppAppendix.pdf\">Supplemental Appendix<\/a><\/p>\n<p><strong>The Tumamoc Hill Arts Initiative: A Portfolio of Site-Based Art and Writing Inspired by a History of Sonoran Desert Science<\/strong><br \/>\nPaul Mirocha, Eric Magrane, Barbara Terkanian, Meredith Milstead, Kathleen Koopman, D. L. Coleman, and Monique Soria<br \/>\n<a href=\"https:\/\/muse.jhu.edu\/journals\/journal_of_the_southwest\/v057\/57.2-3.mirocha.pdf\">PDF<\/a> <a href=\"https:\/\/muse.jhu.edu\/journals\/journal_of_the_southwest\/v057\/57.2-3.mirocha.html\">HTML<\/a> (via Muse)<\/p>\n<p><strong>Social Constructs, Identity, and the Ecological Consequences of Carne Asada<\/strong><br \/>\nNemer E. Narchi, Alberto B\u00farquez, Sarah Trainer, and Rodrigo F. Renter\u00eda-Valencia<br \/>\n<a href=\"https:\/\/muse.jhu.edu\/journals\/journal_of_the_southwest\/v057\/57.2-3.narchi.pdf\">PDF<\/a> <a href=\"https:\/\/muse.jhu.edu\/journals\/journal_of_the_southwest\/v057\/57.2-3.narchi.html\">HTML<\/a> (via Muse)<\/p>\n<p><strong>PANGAS: An Interdisciplinary Ecosystem-Based Research Framework for Small-Scale Fisheries in the Northern Gulf of California<\/strong><br \/>\nAdrian Mungu\u00eda-Vega, Jorge Torre, Peggy Turk-Boyer, Silvio Guido Marinone, Miguel Fernando Lav\u00edn, Tad Pfister, William Shaw, Gustavo Danemann, Peter Raimondi, Alejandro Castillo-L\u00f3pez, Ana Cinti, Jennifer N. Duberstein, Marcia Moreno-B\u00e1ez, Mario Rojo, Gaspar Soria, Laura S\u00e1nchez-Velasco, Hem Nalini Morzaria-Luna, Luis Bourill\u00f3n, Kirsten Rowell, and Richard Cudney-Bueno<br \/>\n<a href=\"https:\/\/muse.jhu.edu\/journals\/journal_of_the_southwest\/v057\/57.2-3.munguia-vega.pdf\">PDF<\/a> <a href=\"https:\/\/muse.jhu.edu\/journals\/journal_of_the_southwest\/v057\/57.2-3.munguia-vega.html\">HTML<\/a> (via Muse)<\/p>\n<p><strong>Assessing the Geological and Climatic Forcing of Biodiversity and Evolution Surrounding the Gulf of California<\/strong><br \/>\nGreer A. Dolby, Scott E. K. Bennett, Andr\u00e9s Lira-Noriega, Benjamin T. Wilder, and Adrian Mungu\u00eda-Vega<br \/>\n<a href=\"https:\/\/muse.jhu.edu\/journals\/journal_of_the_southwest\/v057\/57.2-3.dolby.pdf\">PDF<\/a> <a href=\"https:\/\/muse.jhu.edu\/journals\/journal_of_the_southwest\/v057\/57.2-3.dolby.html\">HTML<\/a> (via Muse)<br \/>\n<a href=\"http:\/\/nextgensd.com\/wp-content\/uploads\/2015\/10\/JoSW-Supplemental.pdf\">Supplemental Figures and Tables<\/a><br \/>\n<a href=\"http:\/\/nextgensd.com\/wp-content\/uploads\/2015\/10\/Dolby_SuppBibliography.pdf\">Supplemental Bibliography<\/a><\/p>\n<p><strong>Plant Biotic Interactions in the Sonoran Desert: Conservation Challenges and Future<\/strong><br \/>\n<strong> Directions<\/strong><br \/>\nBrigitte Marazzi, Judith L. Bronstein, Pacifica N. Sommers, Blanca R. Lopez, Enriquena Bustamante Ortega, Alberto B\u00farquez, Rodrigo A. Medell\u00edn, Clare Aslan, and Kim Franklin<br \/>\n<a href=\"https:\/\/muse.jhu.edu\/journals\/journal_of_the_southwest\/v057\/57.2-3.marazzi.pdf\">PDF<\/a> <a href=\"https:\/\/muse.jhu.edu\/journals\/journal_of_the_southwest\/v057\/57.2-3.marazzi.html\">HTML<\/a> (via Muse)<br \/>\n<a href=\"http:\/\/nextgensd.com\/wp-content\/uploads\/2015\/10\/MarazziEtAl_MissingBibliography.pdf\">Missing Bibliography<\/a> (errata)<br \/>\n<a href=\"http:\/\/nextgensd.com\/wp-content\/uploads\/2015\/10\/MarazziEtAl_Appendix11.pdf\">Appendix 1 \u00abBibliographic List of Plant Species Interactions in the Sonoran Desert\u00bb<\/a><br \/>\n<a href=\"http:\/\/nextgensd.com\/wp-content\/uploads\/2015\/10\/MarazziEtAl_Appendix2.pdf\">Appendix 2 \u00abQuestions for Future Research\u00bb<\/a><\/p>\n<p><strong>After the Crossing: Afterlives of Found Objects in the Sonoran Desert Borderlands<\/strong><br \/>\nScott Warren, Kevin E. McHugh, and Jason Roehner<br \/>\n<a href=\"https:\/\/muse.jhu.edu\/journals\/journal_of_the_southwest\/v057\/57.2-3.warren.pdf\">PDF<\/a> <a href=\"https:\/\/muse.jhu.edu\/journals\/journal_of_the_southwest\/v057\/57.2-3.warren.html\">HTML<\/a> (via Muse)<\/p>\n<p><strong>Author profiles<\/strong><br \/>\n<a href=\"https:\/\/muse.jhu.edu\/journals\/journal_of_the_southwest\/v057\/57.2-3.article.pdf\">PDF<\/a> <a href=\"https:\/\/muse.jhu.edu\/journals\/journal_of_the_southwest\/v057\/57.2-3.article.html\">HTML<\/a> (via Muse)<\/p>\n","protected":false},"excerpt":{"rendered":"<p>Seeds in the Sand: Emerging Approaches to Understanding the Sonoran Desert and Gulf of California Guest Editors: Carolyn O\u2019Meara and Benjamin T. Wilder The Continuum of Desert Research Benjamin T. Wilder and Carolyn O\u2019Meara PDF HTML (via Muse) Human Dimensions of Research in the Sonoran Desert: Next Generation Sonoran Desert Researchers Jennifer N. Duberstein and [&hellip;]<\/p>\n","protected":false},"author":8,"featured_media":0,"parent":0,"menu_order":0,"comment_status":"closed","ping_status":"closed","template":"","meta":{"footnotes":""},"acf":[],"_links":{"self":[{"href":"https:\/\/nextgensd.com\/es\/wp-json\/wp\/v2\/pages\/7050"}],"collection":[{"href":"https:\/\/nextgensd.com\/es\/wp-json\/wp\/v2\/pages"}],"about":[{"href":"https:\/\/nextgensd.com\/es\/wp-json\/wp\/v2\/types\/page"}],"author":[{"embeddable":true,"href":"https:\/\/nextgensd.com\/es\/wp-json\/wp\/v2\/users\/8"}],"replies":[{"embeddable":true,"href":"https:\/\/nextgensd.com\/es\/wp-json\/wp\/v2\/comments?post=7050"}],"version-history":[{"count":1,"href":"https:\/\/nextgensd.com\/es\/wp-json\/wp\/v2\/pages\/7050\/revisions"}],"predecessor-version":[{"id":9606,"href":"https:\/\/nextgensd.com\/es\/wp-json\/wp\/v2\/pages\/7050\/revisions\/9606"}],"wp:attachment":[{"href":"https:\/\/nextgensd.com\/es\/wp-json\/wp\/v2\/media?parent=7050"}],"curies":[{"name":"wp","href":"https:\/\/api.w.org\/{rel}","templated":true}]}}