{"id":6720,"date":"2018-01-02T10:12:55","date_gmt":"2018-01-02T17:12:55","guid":{"rendered":"http:\/\/nextgensd.com\/?page_id=6720"},"modified":"2019-10-25T02:28:31","modified_gmt":"2019-10-25T02:28:31","slug":"becas-colaborativas","status":"publish","type":"page","link":"https:\/\/nextgensd.com\/es\/n-gen-becas-de-investigacion\/becas-colaborativas\/","title":{"rendered":"Becas Colaborativas"},"content":{"rendered":"<h2>Para la inauguraci\u00f3n de las\u00a0Becas de Investigaci\u00f3n de N-Gen (2017-2018) financiamos los siguientes cuatro proyectos\u00a0colaborativos:<\/h2>\n<h3><span style=\"color: #0000ff;\"><a style=\"color: #0000ff;\" href=\"http:\/\/nextgensd.com\/es\/becas-colaborativas\/plan-de-erradicacion-de-la-rana-toro-americana-fase-uno-mapeo-de-su-distribucion-en-la-region-mediterranea-de-baja-california\/\">Plan de Erradicaci\u00f3n de la Rana Toro Americana. Fase uno: mapeo de su distribuci\u00f3n en la regi\u00f3n mediterr\u00e1nea de Baja California<\/a><\/span><\/h3>\n<h3><span style=\"color: #0000ff;\"><a style=\"color: #0000ff;\" href=\"http:\/\/nextgensd.com\/es\/becas-colaborativas\/una-colaboracion-binacional-y-multidisciplinaria-proyecto-de-arqueologia-y-paleoambiente-de-puerto-penasco-pappp\/\">Una Colaboraci\u00f3n Binacional y Multidisciplinaria: proyecto de arqueolog\u00eda y paleoambiente de Puerto Pe\u00f1asco (PAPPP)<\/a><\/span><\/h3>\n<h3><span style=\"color: #0000ff;\"><a style=\"color: #0000ff;\" href=\"http:\/\/nextgensd.com\/es\/becas-colaborativas\/impactos-socio-ecologicos-de-la-mineria-en-la-region-transfronteriza-del-desierto-de-sonora-desde-un-enfoque-de-genero\/\">Impactos Socio-Ecol\u00f3gicos de la Miner\u00eda en la Regi\u00f3n Transfronteriza del Desierto de Sonora Desde un Enfoque de G\u00e9nero<\/a><\/span><\/h3>\n<h3><span style=\"color: #0000ff;\"><a style=\"color: #0000ff;\" href=\"http:\/\/nextgensd.com\/es\/becas-colaborativas\/efectos-del-desarrollo-costero-sobre-los-pastos-marinos-a-lo-largo-de-la-costa-del-pacifico-norte-de-baja-california-mexico\/\">Efectos del Desarrollo Costero Sobre los Pastos Marinos a lo Largo de la Costa del Pac\u00edfico Norte de Baja California, M\u00e9xico<\/a><\/span><\/h3>\n<p>&nbsp;<\/p>\n<h2>Para el segundo a\u00f1o de las\u00a0Becas de Investigaci\u00f3n de N-Gen (2018-2019) financiamos los siguientes cinco\u00a0proyectos\u00a0colaborativos:<\/h2>\n<h3><span style=\"color: #0000ff;\"><a style=\"color: #0000ff;\" title=\"Efecto de la Acidificaci\u00f3n del Oc\u00e9ano en la Vegetaci\u00f3n Marina Usando las Surgencias de Baja California como Laboratorios Naturales\" href=\"http:\/\/nextgensd.com\/es\/efecto-de-la-acidificacion-del-oceano-en-la-vegetacion-marina-usando-las-surgencias-de-baja-california-como-laboratorios-naturales\/\">Efecto de la Acidificaci\u00f3n del Oc\u00e9ano en la Vegetaci\u00f3n Marina Usando las Surgencias de Baja California como Laboratorios Naturales<\/a><\/span><\/h3>\n<h3><span style=\"color: #0000ff;\"><a style=\"color: #0000ff;\" title=\"Monitoreo y Conservaci\u00f3n de Poblaciones de Palo Fierro, Mezquite y Manglar en Territorio Comcaac\" href=\"http:\/\/nextgensd.com\/es\/monitoreo-y-conservacion-de-poblaciones-de-palo-fierro-mezquite-y-manglar-en-territorio-comcaac\/\">Monitoreo y Conservaci\u00f3n de Poblaciones de Palo Fierro, Mezquite y Manglar en Territorio Comcaac<\/a><\/span><\/h3>\n<h3><span style=\"color: #0000ff;\"><a style=\"color: #0000ff;\" title=\"Estado del H\u00e1bitat y Anidaci\u00f3n de la Golondrina Marina Menor en Cinco Colonias Hist\u00f3ricas de Baja California\" href=\"http:\/\/nextgensd.com\/es\/estado-del-habitat-y-anidacion-de-la-golondrina-marina-menor-en-cinco-colonias-historicas-de-baja-california\/\">Estado del H\u00e1bitat y Anidaci\u00f3n de la Golondrina Marina Menor en Cinco Colonias Hist\u00f3ricas de Baja California<\/a><\/span><\/h3>\n<h3><span style=\"color: #0000ff;\"><a style=\"color: #0000ff;\" title=\"Mujeres Pescadoras de Altata. Retos y Oportunidades para Alcanzar una Verdadera Equidad de G\u00e9nero en el Sector Pesquero de Sinaloa\" href=\"http:\/\/nextgensd.com\/es\/mujeres-pescadoras-de-altata-retos-y-oportunidades-para-alcanzar-una-verdadera-equidad-de-genero-en-el-sector-pesquero-de-sinaloa\/\">Mujeres Pescadoras de Altata. Retos y Oportunidades para Alcanzar una Verdadera Equidad de G\u00e9nero en el Sector Pesquero de Sinaloa<\/a><\/span><\/h3>\n<h3><span style=\"color: #0000ff;\"><a style=\"color: #0000ff;\" title=\"Bacterias Pat\u00f3genas y la Diversidad Gen\u00e9tica del Sistema Inmune de la Gaviota Ploma en el Golfo de California\" href=\"http:\/\/nextgensd.com\/es\/bacterias-patogenas-y-la-diversidad-genetica-del-sistema-inmune-de-la-gaviota-ploma-en-el-golfo-de-california\/\">Bacterias Pat\u00f3genas y la Diversidad Gen\u00e9tica del Sistema Inmune de la Gaviota Ploma en el Golfo de California<\/a><\/span><\/h3>\n","protected":false},"excerpt":{"rendered":"<p>Para la inauguraci\u00f3n de las\u00a0Becas de Investigaci\u00f3n de N-Gen (2017-2018) financiamos los siguientes cuatro proyectos\u00a0colaborativos: Plan de Erradicaci\u00f3n de la Rana Toro Americana. Fase uno: mapeo de su distribuci\u00f3n en la regi\u00f3n mediterr\u00e1nea de Baja California Una Colaboraci\u00f3n Binacional y Multidisciplinaria: proyecto de arqueolog\u00eda y paleoambiente de Puerto Pe\u00f1asco (PAPPP) Impactos Socio-Ecol\u00f3gicos de la Miner\u00eda [&hellip;]<\/p>\n","protected":false},"author":12,"featured_media":0,"parent":5535,"menu_order":0,"comment_status":"closed","ping_status":"closed","template":"","meta":{"footnotes":""},"acf":[],"_links":{"self":[{"href":"https:\/\/nextgensd.com\/es\/wp-json\/wp\/v2\/pages\/6720"}],"collection":[{"href":"https:\/\/nextgensd.com\/es\/wp-json\/wp\/v2\/pages"}],"about":[{"href":"https:\/\/nextgensd.com\/es\/wp-json\/wp\/v2\/types\/page"}],"author":[{"embeddable":true,"href":"https:\/\/nextgensd.com\/es\/wp-json\/wp\/v2\/users\/12"}],"replies":[{"embeddable":true,"href":"https:\/\/nextgensd.com\/es\/wp-json\/wp\/v2\/comments?post=6720"}],"version-history":[{"count":1,"href":"https:\/\/nextgensd.com\/es\/wp-json\/wp\/v2\/pages\/6720\/revisions"}],"predecessor-version":[{"id":9611,"href":"https:\/\/nextgensd.com\/es\/wp-json\/wp\/v2\/pages\/6720\/revisions\/9611"}],"up":[{"embeddable":true,"href":"https:\/\/nextgensd.com\/es\/wp-json\/wp\/v2\/pages\/5535"}],"wp:attachment":[{"href":"https:\/\/nextgensd.com\/es\/wp-json\/wp\/v2\/media?parent=6720"}],"curies":[{"name":"wp","href":"https:\/\/api.w.org\/{rel}","templated":true}]}}