{"id":5739,"date":"2017-06-17T14:01:44","date_gmt":"2017-06-17T20:01:44","guid":{"rendered":"http:\/\/nextgensd.com\/?page_id=5739"},"modified":"2023-08-19T03:03:04","modified_gmt":"2023-08-19T03:03:04","slug":"islas-del-pacifico-de-baja-california-3","status":"publish","type":"page","link":"https:\/\/nextgensd.com\/es\/islas-del-pacifico-de-baja-california-3\/","title":{"rendered":"Islas del Pac\u00edfico de Baja California"},"content":{"rendered":"<h3>Expedici\u00f3n a las Islas del Pac\u00edfico de Baja California (2015)<\/h3>\n<h3>Expedici\u00f3n<\/h3>\n<p>En la primavera de 2015, un grupo de bot\u00e1nicos, herpet\u00f3logos, antrop\u00f3logos, y naturalistas, liderados por la Dra. Sula Vanderplank, sali\u00f3 de San Diego en una expedici\u00f3n a las islas de la costa del Pac\u00edfico de Baja California, M\u00e9xico. Entre el 28 de marzo y el 5 de abril, la embarcaci\u00f3n Shogun y su tripulaci\u00f3n llevaron el equipo de investigadores a 7 islas y grupos de islotes \u00fanicos, muchas muy pocos frequentadas por cient\u00edficos. Aparte de gozar la belleza extraordinaria de estos lugares, el equipo actualiz\u00f3 listados de especies, colect\u00f3 espec\u00edmenes de plantas, y tom\u00f3 abundantes fotos. Resultados incluyen el descubrimiento de poblaci\u00f3nes de plantas y animales perdidos, as\u00ed como la confirmaci\u00f3n de ausencias de especies probablemente extinctas. Adem\u00e1s, documentaron especies reci\u00e9n llegadas, destacando la fragilidad y el car\u00e1cter din\u00e1mico de estas islas. La publicaci\u00f3n, <em>Plantas y Animales \u00danicos de las Islas del Pac\u00edfico de Baja California<\/em>, aqu\u00ed disponible gratis es el producto de este expedici\u00f3n.<\/p>\n<h2>Resumen del libro<\/h2>\n<p>Esta obra trata sobre los tesoros de las islas del Pac\u00edfico de Baja California, sus plantas y animales end\u00e9micos, aquellos que no se encuentran en ninguna otra parte del mundo. Los autores del libro han identificado un total de 69 especies o subespecies end\u00e9micas de las islas que salpican la costa de Baja California: Islas Coronado, Todos Santos, San Mart\u00edn, San Jer\u00f3nimo, San Benito, Cedros, y Natividad. La biota end\u00e9mica incluye 35 especies o subespecies de plantas, 15 reptiles, 8 aves, y 11 mam\u00edferos, un n\u00famero sorprendentemente alto para un grupo de islas tan cercanas a la costa y que subraya la singular naturaleza oce\u00e1nica de estos ecosistemas insulares. La gu\u00eda est\u00e1 escrita en lenguaje sencillo, y cada especie est\u00e1 documentada con fotos claras a todo color. Ser\u00e1 una herramienta fundamental para cualquier investigador, naturalista, o conservacionista interesado en esta singular regi\u00f3n de M\u00e9xico.<\/p>\n<p><span style=\"color: #0000ff;\"><a style=\"color: #0000ff;\" href=\"http:\/\/nextgensd.com\/wp-content\/uploads\/2017\/06\/Baja-Pacific-Islands_Field-Guide.pdf\">Vanderplank, S., A. Peralta-Garc\u00eda, J.H. Valdez-Villavicencio, and C. De la Rosa. 2017. Plantas y animales \u00fanicos de las islas del Pac\u00edfico de Baja California\/Unique Plants and Animals of the Baja California Pacific Islands. Sida, Bot. Misc. 46. Botanical Research Institute of Texas, Fort Worth, Texas, USA. 134 p.<\/a><\/span><\/p>\n<p style=\"text-align: center;\"><a href=\"http:\/\/nextgensd.com\/wp-content\/uploads\/2017\/06\/Baja-Pacific-Islands_Field-Guide.pdf\"><img fetchpriority=\"high\" decoding=\"async\" class=\"alignnone  wp-image-5733\" src=\"http:\/\/nextgensd.com\/wp-content\/uploads\/2017\/06\/Pacific-Islands-Book-Cover.png\" alt=\"Pacific Islands Book Cover\" width=\"551\" height=\"769\"><\/a><\/p>\n<p>Para comprar una versi\u00f3n impresa del libro, por favor visite este sitio: <a href=\"https:\/\/shop.brit.org\/products\/baja-california-pacific-islands&nbsp;\" target=\"_blank\" rel=\"noopener noreferrer\"><span style=\"color: #0000ff;\">https:\/\/shop.brit.org\/products\/baja-california-pacific-islands&nbsp;<\/span><\/a><\/p>\n","protected":false},"excerpt":{"rendered":"<p>Expedici\u00f3n a las Islas del Pac\u00edfico de Baja California (2015) Expedici\u00f3n En la primavera de 2015, un grupo de bot\u00e1nicos, herpet\u00f3logos, antrop\u00f3logos, y naturalistas, liderados por la Dra. Sula Vanderplank, sali\u00f3 de San Diego en una expedici\u00f3n a las islas de la costa del Pac\u00edfico de Baja California, M\u00e9xico. Entre el 28 de marzo y [&hellip;]<\/p>\n","protected":false},"author":9,"featured_media":5738,"parent":0,"menu_order":0,"comment_status":"closed","ping_status":"closed","template":"","meta":{"footnotes":""},"acf":[],"_links":{"self":[{"href":"https:\/\/nextgensd.com\/es\/wp-json\/wp\/v2\/pages\/5739"}],"collection":[{"href":"https:\/\/nextgensd.com\/es\/wp-json\/wp\/v2\/pages"}],"about":[{"href":"https:\/\/nextgensd.com\/es\/wp-json\/wp\/v2\/types\/page"}],"author":[{"embeddable":true,"href":"https:\/\/nextgensd.com\/es\/wp-json\/wp\/v2\/users\/9"}],"replies":[{"embeddable":true,"href":"https:\/\/nextgensd.com\/es\/wp-json\/wp\/v2\/comments?post=5739"}],"version-history":[{"count":2,"href":"https:\/\/nextgensd.com\/es\/wp-json\/wp\/v2\/pages\/5739\/revisions"}],"predecessor-version":[{"id":27852,"href":"https:\/\/nextgensd.com\/es\/wp-json\/wp\/v2\/pages\/5739\/revisions\/27852"}],"wp:featuredmedia":[{"embeddable":true,"href":"https:\/\/nextgensd.com\/es\/wp-json\/"}],"wp:attachment":[{"href":"https:\/\/nextgensd.com\/es\/wp-json\/wp\/v2\/media?parent=5739"}],"curies":[{"name":"wp","href":"https:\/\/api.w.org\/{rel}","templated":true}]}}