{"id":5535,"date":"2017-05-14T12:35:13","date_gmt":"2017-05-14T18:35:13","guid":{"rendered":"http:\/\/nextgensd.com\/?page_id=5535"},"modified":"2019-12-12T22:53:52","modified_gmt":"2019-12-12T22:53:52","slug":"n-gen-becas-de-investigacion","status":"publish","type":"page","link":"https:\/\/nextgensd.com\/es\/n-gen-becas-de-investigacion\/","title":{"rendered":"Becas de Investigaci\u00f3n N-Gen"},"content":{"rendered":"<h1 style=\"text-align: center;\"><strong>Nueva Generaci\u00f3n de Investigadores del Desierto Sonorense<\/strong><\/h1>\n<h1 style=\"text-align: center;\"><strong>\u2013\u2013\u2013 Becas de Investigaci\u00f3n \u2013\u2013\u2013<\/strong><\/h1>\n<h2 style=\"text-align: center;\"><strong>Convocatoria para Pre-propuestas<\/strong><\/h2>\n<h2 style=\"text-align: center;\"><strong>Fecha l\u00edmite <span style=\"color: #ff0000;\">1 de junio de 2018<\/span><\/strong><\/h2>\n<p>Las becas de investigaci\u00f3n N-Gen est\u00e1n dise\u00f1adas par brindar apoyo econ\u00f3mico a miembros de la comunidad N-Gen que realizan investigaciones en el desierto sonorense. N-Gen convoca a propuestas de investigaciones originales, tanto &nbsp;colaborativas como estudiantiles, brindando siempre la preferencia a propuestas que tomen una aproximaci\u00f3n sint\u00e9tica y transdisciplinaria (incorporando perspectivas que busquen trascender los l\u00edmites de disciplinas individuales) hacia diversos temas en la regi\u00f3n amplia del desierto sonorense y las zonas costeras y marinas asociadas.<\/p>\n<p>Estamos aceptando pre-propuestas para dos tipos de apoyos independientes. La duraci\u00f3n de los proyectos deber\u00e1 ser de un a\u00f1o y no hay ninguna restricci\u00f3n a la afiliaci\u00f3n de los postulantes, con excepci\u00f3n de que el o los solicitantes sea(n) miembros de N-Gen:<\/p>\n<p>(A) Becas de investigaci\u00f3n estudiantiles y de trayectoria inicial (hasta $1,500 d\u00f3lares estadounidenses por propuesta)<\/p>\n<p>(B) Becas de investigaci\u00f3n colaborativa (hasta $5,000 d\u00f3lares estadounidenses por propuesta)<\/p>\n<p>Por favor consulta la convocatoria completa aqu\u00ed:&nbsp;<a href=\"http:\/\/nextgensd.com\/wp-content\/uploads\/2017\/05\/N-Gen_RFP_2018_Esp_V1.pdf\" target=\"_blank\" rel=\"noopener noreferrer\"><span style=\"color: #0000ff;\">N-Gen_RFP_2018_Esp_V1<\/span><\/a><\/p>\n<p><a href=\"http:\/\/nextgensd.com\/wp-content\/uploads\/2017\/05\/N-Gen_RFP_2018_Esp_V1.pdf\" target=\"_blank\" rel=\"noopener noreferrer\"><img fetchpriority=\"high\" decoding=\"async\" class=\"  wp-image-7510 alignleft\" src=\"http:\/\/nextgensd.com\/wp-content\/uploads\/2017\/05\/Screen-Shot-2018-04-09-at-1.28.38-PM.png\" alt=\"Screen Shot 2018-04-09 at 1.28.38 PM\" width=\"528\" height=\"688\"><\/a><\/p>\n<p><strong>Modelo de Pre-propuesta para becas de investigaci\u00f3n N-Gen<\/strong><\/p>\n<p>(para ser utilizada para becas estudiantiles y de trayectoria inicial y becas colaborativas)<\/p>\n<ul>\n<li>T\u00edtulo del proyecto:<\/li>\n<li>Investigador(a) responsable o Investigador(a) Principal (nombre, afiliaci\u00f3n, e-mail):<\/li>\n<li>Co-Investigadores responsables (no requerido para becas estudiantiles y de trayectoria inicial):<\/li>\n<li>Tipo de beca (estudiantiles y de trayectoria inicial):<\/li>\n<li>Disciplina(s): (refi\u00e9rase a las disciplinas enlistadas aqu\u00ed: <span style=\"color: #0000ff;\"><a style=\"color: #0000ff;\" href=\"http:\/\/nextgensd.com\/es\/acerca-de-nosotros\/unirse-a-la-red\/\">http:\/\/nextgensd.com\/es\/acerca-de-nosotros\/unirse-a-la-red\/<\/a><\/span><\/li>\n<\/ul>\n<p><span style=\"text-decoration: underline;\">Gu\u00eda para estudiantes e investigadores de trayectoria inicial<\/span>: describa brevemente su investigaci\u00f3n propuesta, relacionada con el desierto sonorense y\/o las \u00e1reas marinas y costeras asociadas, y explique c\u00f3mo el financiamiento le ayudar\u00eda a mejorar o completar el proyecto de investigaci\u00f3n.<\/p>\n<p><span style=\"text-decoration: underline;\">Gu\u00eda para becas colaborativas<\/span>: describa brevemente su investigaci\u00f3n propuesta, relacionada con el desierto sonorense y\/o las \u00e1reas marinas y costeras asociadas, y explique espec\u00edficamente c\u00f3mo su proyecto transdisciplinario aborda la <strong>interfaz tierra:oc\u00e9ano<\/strong>.<\/p>\n<p>Para todas las pre-propuestas, describa brevemente para qu\u00e9 se utilizar\u00e1 el financiamiento de N-Gen (por ejemplo, viajes de campo, equipamiento, etc.). En esta etapa no se requieren cifras espec\u00edficas, pero s\u00ed se solicitar\u00e1n en la versi\u00f3n extensa de la propuesta.<\/p>\n<p>&nbsp;<\/p>\n<p><strong>Participaci\u00f3n de miembros de la mesa directiva en proyectos de becas N-Gen<\/strong><\/p>\n<p><strong>&nbsp;<\/strong>N-Gen es una comunidad de investigadores altamente conectada. Con tal de permitir que todos los miembros de la red participen en proyectos de becas N-Gen \u2014a la vez evitando conflictos de intereses\u2014 la Mesa Directiva de N-Gen ha establecido los siguientes lineamientos:<\/p>\n<ul>\n<li>Los miembros de la Mesa Directiva N-Gen \u00fanicamente podr\u00e1n participar como colaboradores en proyectos de becas colaborativas. No podr\u00e1n participar como investigadores principales ni postular para becas estudiantiles y de trayectoria inicial.<\/li>\n<li>Los miembros de la Mesa Directiva N-Gen que postulen a financiamientos no podr\u00e1n formar parte del Comit\u00e9 de Becas ni ejercer ning\u00fan papel dentro del mismo.<\/li>\n<li>Un miembro individual de la Mesa Directiva N-Gen podr\u00e1 participar en un m\u00e1ximo de dos propuestas por ciclo de becas.<\/li>\n<li>Los miembros de la Mesa Directiva de N-Gen deber\u00e1n deslindarse del uso directo de los fondos monetarios brindados por las becas N-Gen mediante un acuerdo firmado.<\/li>\n<\/ul>\n<p>&nbsp;<\/p>\n<p><strong>Lineamientos de conflictos de intereses para revisores<\/strong><\/p>\n<p>Los miembros de la Mesa Directiva N-Gen que no postulen a las becas N-Gen podr\u00e1n formar parte del comit\u00e9 de revisi\u00f3n. Sin embargo, los revisores <strong>no<\/strong> podr\u00e1n participar en la revisi\u00f3n de una propuesta si:<\/p>\n<ul>\n<li>Durante el \u00faltimo a\u00f1o han colaborado, publicado como co-autor y\/o formado o servido como mentor de un individuo nombrado en la propuesta.<\/li>\n<li>Han escrito una carta de referencia, carta de apoyo general o entusiasmo para un postulante o proyectos anexo a la propuesta en cuesti\u00f3n.<\/li>\n<li>Es familiar (c\u00f3nyuge o pareja, padre, hijo, hermano o hermana) de un individuo nombrado en la propuesta.<\/li>\n<li>Tiene un puesto profesional primario en el mismo departamento o laboratorio de una instituci\u00f3n acad\u00e9mica o centro de investigaci\u00f3n que un individuo nombrado en la propuesta.<\/li>\n<li>Considera que existe alg\u00fan conflicto de inter\u00e9s que le impida una opini\u00f3n imparcial.<\/li>\n<\/ul>\n<p><span style=\"color: #0000ff;\"><strong style=\"color: #0000ff;\"><a style=\"color: #0000ff;\" href=\"http:\/\/nextgensd.com\/es\/n-gen-becas-de-investigacion\/preguntas-frecuentes\/\">Preguntas Frecuentes<\/a>&nbsp;<\/strong><\/span><\/p>\n<p><span style=\"color: #000000;\">Co<\/span>mun\u00edquese con N-Gen ante cualquier duda en&nbsp;<a href=\"nextgensd2012@gmail.com\"><span style=\"color: #0000ff;\">nextgensd2012@gmail.com<\/span><\/a><\/p>\n<p>&nbsp;<\/p>\n","protected":false},"excerpt":{"rendered":"<p>Nueva Generaci\u00f3n de Investigadores del Desierto Sonorense \u2013\u2013\u2013 Becas de Investigaci\u00f3n \u2013\u2013\u2013 Convocatoria para Pre-propuestas Fecha l\u00edmite 1 de junio de 2018 Las becas de investigaci\u00f3n N-Gen est\u00e1n dise\u00f1adas par brindar apoyo econ\u00f3mico a miembros de la comunidad N-Gen que realizan investigaciones en el desierto sonorense. N-Gen convoca a propuestas de investigaciones originales, tanto &nbsp;colaborativas [&hellip;]<\/p>\n","protected":false},"author":9,"featured_media":7498,"parent":0,"menu_order":0,"comment_status":"closed","ping_status":"closed","template":"","meta":{"footnotes":""},"acf":[],"_links":{"self":[{"href":"https:\/\/nextgensd.com\/es\/wp-json\/wp\/v2\/pages\/5535"}],"collection":[{"href":"https:\/\/nextgensd.com\/es\/wp-json\/wp\/v2\/pages"}],"about":[{"href":"https:\/\/nextgensd.com\/es\/wp-json\/wp\/v2\/types\/page"}],"author":[{"embeddable":true,"href":"https:\/\/nextgensd.com\/es\/wp-json\/wp\/v2\/users\/9"}],"replies":[{"embeddable":true,"href":"https:\/\/nextgensd.com\/es\/wp-json\/wp\/v2\/comments?post=5535"}],"version-history":[{"count":1,"href":"https:\/\/nextgensd.com\/es\/wp-json\/wp\/v2\/pages\/5535\/revisions"}],"predecessor-version":[{"id":9732,"href":"https:\/\/nextgensd.com\/es\/wp-json\/wp\/v2\/pages\/5535\/revisions\/9732"}],"wp:featuredmedia":[{"embeddable":true,"href":"https:\/\/nextgensd.com\/es\/wp-json\/"}],"wp:attachment":[{"href":"https:\/\/nextgensd.com\/es\/wp-json\/wp\/v2\/media?parent=5535"}],"curies":[{"name":"wp","href":"https:\/\/api.w.org\/{rel}","templated":true}]}}