{"id":4754,"date":"2016-10-10T13:13:13","date_gmt":"2016-10-10T19:13:13","guid":{"rendered":"http:\/\/nextgensd.com\/?page_id=4754"},"modified":"2023-08-19T04:24:30","modified_gmt":"2023-08-19T04:24:30","slug":"comunicacion-de-la-ciencia-en-el-golfo-de-california","status":"publish","type":"page","link":"https:\/\/nextgensd.com\/es\/proyectos\/comunicacion-de-la-ciencia-en-el-golfo-de-california\/","title":{"rendered":"Comunicaci\u00f3n de la Ciencia en el Golfo de  California"},"content":{"rendered":"\t\t<div data-elementor-type=\"wp-page\" data-elementor-id=\"4754\" class=\"elementor elementor-4754 elementor-4748\" data-elementor-post-type=\"page\">\n\t\t\t\t\t\t<section class=\"elementor-section elementor-top-section elementor-element elementor-element-ad9c2c0 elementor-section-boxed elementor-section-height-default elementor-section-height-default\" data-id=\"ad9c2c0\" data-element_type=\"section\">\n\t\t\t\t\t\t<div class=\"elementor-container elementor-column-gap-default\">\n\t\t\t\t\t<div class=\"elementor-column elementor-col-100 elementor-top-column elementor-element elementor-element-d136653\" data-id=\"d136653\" data-element_type=\"column\">\n\t\t\t<div class=\"elementor-widget-wrap elementor-element-populated\">\n\t\t\t\t\t\t<div class=\"elementor-element elementor-element-5266565 elementor-widget elementor-widget-video\" data-id=\"5266565\" data-element_type=\"widget\" data-settings=\"{&quot;youtube_url&quot;:&quot;https:\\\/\\\/youtu.be\\\/mleVMg1STf8&quot;,&quot;video_type&quot;:&quot;youtube&quot;,&quot;controls&quot;:&quot;yes&quot;}\" data-widget_type=\"video.default\">\n\t\t\t\t<div class=\"elementor-widget-container\">\n\t\t\t<style>\/*! elementor - v3.23.0 - 05-08-2024 *\/\n.elementor-widget-video .elementor-widget-container{overflow:hidden;transform:translateZ(0)}.elementor-widget-video .elementor-wrapper{aspect-ratio:var(--video-aspect-ratio)}.elementor-widget-video .elementor-wrapper iframe,.elementor-widget-video .elementor-wrapper video{height:100%;width:100%;display:flex;border:none;background-color:#000}@supports not (aspect-ratio:1\/1){.elementor-widget-video .elementor-wrapper{position:relative;overflow:hidden;height:0;padding-bottom:calc(100% \/ var(--video-aspect-ratio))}.elementor-widget-video .elementor-wrapper iframe,.elementor-widget-video .elementor-wrapper video{position:absolute;top:0;right:0;bottom:0;left:0}}.elementor-widget-video .elementor-open-inline .elementor-custom-embed-image-overlay{position:absolute;top:0;right:0;bottom:0;left:0;background-size:cover;background-position:50%}.elementor-widget-video .elementor-custom-embed-image-overlay{cursor:pointer;text-align:center}.elementor-widget-video .elementor-custom-embed-image-overlay:hover .elementor-custom-embed-play i{opacity:1}.elementor-widget-video .elementor-custom-embed-image-overlay img{display:block;width:100%;aspect-ratio:var(--video-aspect-ratio);-o-object-fit:cover;object-fit:cover;-o-object-position:center center;object-position:center center}@supports not (aspect-ratio:1\/1){.elementor-widget-video .elementor-custom-embed-image-overlay{position:relative;overflow:hidden;height:0;padding-bottom:calc(100% \/ var(--video-aspect-ratio))}.elementor-widget-video .elementor-custom-embed-image-overlay img{position:absolute;top:0;right:0;bottom:0;left:0}}.elementor-widget-video .e-hosted-video .elementor-video{-o-object-fit:cover;object-fit:cover}.e-con-inner>.elementor-widget-video,.e-con>.elementor-widget-video{width:var(--container-widget-width);--flex-grow:var(--container-widget-flex-grow)}<\/style>\t\t<div class=\"elementor-wrapper elementor-open-inline\">\n\t\t\t<div class=\"elementor-video\"><\/div>\t\t<\/div>\n\t\t\t\t<\/div>\n\t\t\t\t<\/div>\n\t\t\t\t\t<\/div>\n\t\t<\/div>\n\t\t\t\t\t<\/div>\n\t\t<\/section>\n\t\t\t\t<section class=\"elementor-section elementor-top-section elementor-element elementor-element-aeefc73 elementor-section-boxed elementor-section-height-default elementor-section-height-default\" data-id=\"aeefc73\" data-element_type=\"section\">\n\t\t\t\t\t\t<div class=\"elementor-container elementor-column-gap-default\">\n\t\t\t\t\t<div class=\"elementor-column elementor-col-100 elementor-top-column elementor-element elementor-element-53b3853\" data-id=\"53b3853\" data-element_type=\"column\">\n\t\t\t<div class=\"elementor-widget-wrap elementor-element-populated\">\n\t\t\t\t\t\t<div class=\"elementor-element elementor-element-52410f5 elementor-widget elementor-widget-text-editor\" data-id=\"52410f5\" data-element_type=\"widget\" data-widget_type=\"text-editor.default\">\n\t\t\t\t<div class=\"elementor-widget-container\">\n\t\t\t<style>\/*! elementor - v3.23.0 - 05-08-2024 *\/\n.elementor-widget-text-editor.elementor-drop-cap-view-stacked .elementor-drop-cap{background-color:#69727d;color:#fff}.elementor-widget-text-editor.elementor-drop-cap-view-framed .elementor-drop-cap{color:#69727d;border:3px solid;background-color:transparent}.elementor-widget-text-editor:not(.elementor-drop-cap-view-default) .elementor-drop-cap{margin-top:8px}.elementor-widget-text-editor:not(.elementor-drop-cap-view-default) .elementor-drop-cap-letter{width:1em;height:1em}.elementor-widget-text-editor .elementor-drop-cap{float:left;text-align:center;line-height:1;font-size:50px}.elementor-widget-text-editor .elementor-drop-cap-letter{display:inline-block}<\/style>\t\t\t\t<p><\/p><p>N-Gen convoc\u00f3 a un taller de comunicaci\u00f3n de la ciencia en la ciudad de Ensenada, Baja California, del 7 al 9 de diciembre de 2016. En el taller participaron investigadores de ciencias naturales y sociales as\u00ed como divulgadores de la ciencia en discusiones interdisciplinarias para fortalecer las capacidades de comunicaci\u00f3n de los investigadores del Desierto Sonorense y el Golfo de California. Los participantes crearon un manifiesto acerca del papel actual de los cient\u00edficos y desarrollaron una serie de puntos clave para fortalecer el di\u00e1logo y la conectividad entre ciencia y sociedad.<br \/>El nuevo perfil de los investigadores modernos debe incluir la divulgaci\u00f3n de nuestro trabajo, tomando en cuenta lo siguiente:<\/p><ul><li>Los retos sin\u00e9rgicos del cambio social y ambiental requieren aproximaciones nuevas, y, por consiguiente, se requiere un nuevo papel para nosotros los cient\u00edficos en la sociedad. Los cient\u00edficos necesitamos salir de nuestra zona de confort y conectar activamente los procesos y los resultados de nuestras investigaciones con el resto de la sociedad.<\/li><li>Los cient\u00edficos no estamos solos en implementar la comunicaci\u00f3n de nuestro trabajo. El proceso cient\u00edfico debe incluir trabajar en equipos para colaborar con expertos en la divulgaci\u00f3n de la ciencia.<\/li><li>La divulgaci\u00f3n es la traducci\u00f3n de la ciencia a diferentes audiencias con narrativas y mensajes claves que encuentran un equilibrio entre rigor cient\u00edfico y captar el inter\u00e9s de un p\u00fablico amplio.<\/li><li>Al comunicar la ciencia, compartimos nuestra pasi\u00f3n.<\/li><li>El \u00e9xito colectivo al comunicar la ciencia requiere el acceso abierto y compartido a recursos (fotos, videos, infograf\u00edas, bases de datos, etc.).<\/li><li>Este trabajo no es gratuito, e implica inversiones monetarias y de capital humano.<\/li><li>La creatividad y la \u00e9tica son esenciales.<\/li><li>La divulgaci\u00f3n de la ciencia implica la inclusi\u00f3n de una perspectiva inter\/trans-disciplinaria, reconociendo los l\u00edmites de la evidencia cient\u00edfica y la especulaci\u00f3n.<\/li><\/ul><p>Escrito por los\u00a0<a href=\"https:\/\/nextgensd.com\/es\/projects\/comunicacion-de-la-ciencia-en-el-golfo-de-california\/comunicacion-de-la-ciencia-en-el-golfo-de-california-participantes\/\" target=\"_blank\" rel=\"noopener noreferrer\">participantes del Taller de N-Gen 2016<\/a>\u00a0\u201cComunicaci\u00f3n de la Ciencia en el Golfo de California\u201d<\/p><p class=\"p1\"><span class=\"s1\">Si apoyas los puntos de vista acerca de la comunicaci\u00f3n de la ciencia expresados en el Manifiesto de Ensenada,\u00a0<strong><a href=\"https:\/\/docs.google.com\/forms\/d\/e\/1FAIpQLSeYZqDiMKFmcPoaanD353lIHsSonbv9NfbekAi2GTA27kjLSw\/viewform?c=0&amp;w=1\" target=\"_blank\" rel=\"noopener noreferrer\">firma aqu\u00ed para aparecer<\/a><\/strong>\u00a0en la lista de apoyo a este nuevo perfil de investigador. Si quieres participar activamente en la transformaci\u00f3n de la manera en que los cient\u00edficos de la regi\u00f3n del desierto sonorense comunican sus resultados, por favor agrega tambi\u00e9n tu correo electr\u00f3nico y una breve descripci\u00f3n de tus intereses. Estaremos en contacto con mayor informaci\u00f3n acerca de las pr\u00f3ximas actividades, talleres,\u00a0entrenamientos, desarrollo curricular, etc. relacionadas con la Comunicaci\u00f3n de la Ciencia en la regi\u00f3n.<\/span><\/p><h3>Personas que respaldan este\u00a0art\u00edculo de opini\u00f3n:<\/h3><p>Ben Wilder, University of Arizona<br \/>Taylor Edwards, University of Arizona<br \/>Enriquena Bustamante<br \/>Ana Luisa Figueroa<br \/>Michelle Mar\u00eda Early Capistr\u00e1n, Universidad Nacional Aut\u00f3noma de M\u00e9xico<br \/>Isai Dom\u00ednguez Guerrero,\u00a0KualiComunicaci\u00f3n<br \/>Xchel Aurora P. Palafox,\u00a0CICIMAR \u2013 IPN<br \/>Ileana Espejel,\u00a0Universidad Aut\u00f3noma de Baja California<br \/>Ana Claudia Nepote,\u00a0ENES Unidad Morelia, UNAM<br \/>Jose L. Abella Guti\u00e9rrez,\u00a0Comunidad y Biodiversidad A.C.<br \/>Oscar V\u00e9lez Ruiz Gait\u00e1n<br \/>Pablo Hern\u00e1ndez Morales,\u00a0Universidad Aut\u00f3noma de Baja California Sur<br \/>Martha Patricia Alcaraz Flores,\u00a0Universidad Aut\u00f3noma de Baja Californiaa<br \/>A\u00edda Ot\u00e1lora-Ardila<br \/>Charlie de la Rosa,\u00a0University of California Los Angeles<br \/>Sula Vanderplank<br \/>Scott Bennett,\u00a0U.S. Geological Survey<br \/>Kate Boersma,\u00a0University of San Diego<br \/><span data-sheets-value=\"{&quot;1&quot;:2,&quot;2&quot;:&quot;Juan Manuel P\\u00e9rez  Guzm\\u00e1n &quot;}\" data-sheets-userformat=\"{&quot;2&quot;:513,&quot;3&quot;:{&quot;1&quot;:0},&quot;12&quot;:0}\">Juan Manuel P\u00e9rez Guzm\u00e1n<\/span><br \/><span data-sheets-value=\"{&quot;1&quot;:2,&quot;2&quot;:&quot;Aurora Palafox Leon&quot;}\" data-sheets-userformat=\"{&quot;2&quot;:513,&quot;3&quot;:{&quot;1&quot;:0},&quot;12&quot;:0}\">Aurora Palafox Leon, UJAT<\/span><br \/><span data-sheets-value=\"{&quot;1&quot;:2,&quot;2&quot;:&quot;Jes\\u00fas Israel Baxin Mart\\u00ednez&quot;}\" data-sheets-userformat=\"{&quot;2&quot;:513,&quot;3&quot;:{&quot;1&quot;:0},&quot;12&quot;:0}\">Jes\u00fas Israel Baxin Mart\u00ednez,\u00a0Universidad Nacional Aut\u00f3noma de M\u00e9xico<\/span><br \/><span data-sheets-value=\"{&quot;1&quot;:2,&quot;2&quot;:&quot;Arnulfo Moreno&quot;}\" data-sheets-userformat=\"{&quot;2&quot;:513,&quot;3&quot;:{&quot;1&quot;:0},&quot;12&quot;:0}\">Arnulfo Moreno<\/span><br \/><span data-sheets-value=\"{&quot;1&quot;:2,&quot;2&quot;:&quot;Lyn Loveless&quot;}\" data-sheets-userformat=\"{&quot;2&quot;:513,&quot;3&quot;:{&quot;1&quot;:0},&quot;12&quot;:0}\">Lyn Loveless,\u00a0The College of Wooster<\/span><br \/>Christopher Scott, Udall Center for Studies in Public Policy, University of Arizona<br \/>Christopher Cokinos, University of Arizona<br \/>Olivia Miller, University of Arizona Museum of Art<br \/>Shipherd Reed, Flandrau Science Center &amp; Planetarium<br \/>Marco Linn\u00e9 Unzueta Bustamante, Instituto de Acuacultura del Estado de Sonora, OPD<br \/>Sandra Gallo-Corona, EcoSound Education<br \/>Arturo Ram\u00edrez-Valdez, Scripps Institution of Oceanography, UC San Diego<br \/>Adrian Munguia Vega, PANGAS-COBI<br \/>Norma Ang\u00e9lica G\u00f3mez Bravo<br \/>Gladys Coss\u00edo Murillo, Del Mar a las Monta\u00f1as<br \/>Alejandra Platt, Photographer Freelance<br \/>Alison Hawthorne Deming Regents\u2019 Professor, University of Arizona<br \/>Julieta Fierro Instituto de Astronom\u00eda, UNAM<\/p><p><\/p>\t\t\t\t\t\t<\/div>\n\t\t\t\t<\/div>\n\t\t\t\t\t<\/div>\n\t\t<\/div>\n\t\t\t\t\t<\/div>\n\t\t<\/section>\n\t\t\t\t<\/div>\n\t\t","protected":false},"excerpt":{"rendered":"<p>https:\/\/youtu.be\/mleVMg1STf8 N-Gen convoc\u00f3 a un taller de comunicaci\u00f3n de la ciencia en la ciudad de Ensenada, Baja California, del 7 al 9 de diciembre de 2016. En el taller participaron investigadores de ciencias naturales y sociales as\u00ed como divulgadores de la ciencia en discusiones interdisciplinarias para fortalecer las capacidades de comunicaci\u00f3n de los investigadores del [&hellip;]<\/p>\n","protected":false},"author":9,"featured_media":5366,"parent":4440,"menu_order":0,"comment_status":"closed","ping_status":"closed","template":"","meta":{"footnotes":""},"acf":[],"_links":{"self":[{"href":"https:\/\/nextgensd.com\/es\/wp-json\/wp\/v2\/pages\/4754"}],"collection":[{"href":"https:\/\/nextgensd.com\/es\/wp-json\/wp\/v2\/pages"}],"about":[{"href":"https:\/\/nextgensd.com\/es\/wp-json\/wp\/v2\/types\/page"}],"author":[{"embeddable":true,"href":"https:\/\/nextgensd.com\/es\/wp-json\/wp\/v2\/users\/9"}],"replies":[{"embeddable":true,"href":"https:\/\/nextgensd.com\/es\/wp-json\/wp\/v2\/comments?post=4754"}],"version-history":[{"count":4,"href":"https:\/\/nextgensd.com\/es\/wp-json\/wp\/v2\/pages\/4754\/revisions"}],"predecessor-version":[{"id":27913,"href":"https:\/\/nextgensd.com\/es\/wp-json\/wp\/v2\/pages\/4754\/revisions\/27913"}],"up":[{"embeddable":true,"href":"https:\/\/nextgensd.com\/es\/wp-json\/wp\/v2\/pages\/4440"}],"wp:featuredmedia":[{"embeddable":true,"href":"https:\/\/nextgensd.com\/es\/wp-json\/"}],"wp:attachment":[{"href":"https:\/\/nextgensd.com\/es\/wp-json\/wp\/v2\/media?parent=4754"}],"curies":[{"name":"wp","href":"https:\/\/api.w.org\/{rel}","templated":true}]}}