{"id":3911,"date":"2015-11-10T08:32:20","date_gmt":"2015-11-10T15:32:20","guid":{"rendered":"http:\/\/nextgensd.com\/?page_id=3911"},"modified":"2019-12-12T05:40:16","modified_gmt":"2019-12-12T05:40:16","slug":"lista-de-acciones-y-comites-de-n-gen","status":"publish","type":"page","link":"https:\/\/nextgensd.com\/es\/acerca-de-nosotros\/lista-de-acciones-y-comites-de-n-gen\/","title":{"rendered":"Comit\u00e9s de N-Gen"},"content":{"rendered":"<p>[vc_row][vc_column][vc_column_text]Comit\u00e9s de N-Gen<\/p>\n<p>Conformado por los miembros del Comit\u00e9 Ejecutivo y el Consejo Asesor de N-Gen. El papel de los comit\u00e9s es el de formar grupos de trabajo para lograr cumplir las tareas de los proyectos de N-Gen. Cada comit\u00e9 tiene un l\u00edder (nombre en negritas) que coordina el esfuerzo del equipo y est\u00e1 en comunicaci\u00f3n constante con el Comit\u00e9 Ejecutivo.<\/p>\n<p>Actualizado\u00a0marzo\u00a02018<\/p>\n<p>1.\u00a0Estructura de la mesa directiva<\/p>\n<p style=\"padding-left: 30px;\">A. Estructura\u00a0(Comit\u00e9 Ejecutivo: Ben, Adri\u00e1n, Michelle)<\/p>\n<p>2. Comunicaciones<\/p>\n<p style=\"padding-left: 30px;\">A. Sub-comit\u00e9 del sitio web<\/p>\n<p style=\"padding-left: 60px;\">1. General (<strong>Michelle<\/strong>,\u00a0Alvin, Ben)<br \/>\n2. Lista de correos\u00a0(<strong>Alvin<\/strong>,\u00a0Michelle)<br \/>\n3. Actualizaci\u00f3n de perfiles\u00a0(<strong>Alvin<\/strong>, Michelle)<\/p>\n<p style=\"padding-left: 30px;\">B. Sub-comit\u00e9 del bolet\u00edn (<strong>Enriquena<\/strong>, Ana Luisa, Ben, Jennie, Scott B.)<br \/>\nC. Sub-comit\u00e9 de notas desde el campo (<strong>Michelle<\/strong>, Alvin, Charlie, Enriquena, Taylor)<br \/>\nD. Sub-comit\u00e9 de redes sociales (<strong>Adrian<\/strong>, Ben, Jennie, Michael Bogan)<\/p>\n<p>3.\u00a0Frontera<\/p>\n<p style=\"padding-left: 30px;\">A. BioBlitz de la frontera (<strong>Michelle<\/strong>, Ben, Heather, Isa\u00ed, Myles Traphagen, Scott W., Sula, Taylor)<\/p>\n<p>4. Desarrollo curricular y Talleres (<strong>Adri\u00e1n<\/strong>, Am\u00e9rica, Andr\u00e9s, Ben,\u00a0 Jennie, Martha, Michelle, Enriquena, Scott W.)<\/p>\n<p>5. Expediciones<\/p>\n<p style=\"padding-left: 30px;\">A. Investigaci\u00f3n N-Gen en el Golfo de\u00a0California,\u00a0interfaz tierra:oc\u00e9ano (<strong>Sula<\/strong>, Adri\u00e1n, Ben, Isa\u00ed, Scott B., Am\u00e9rica, Michelle)<\/p>\n<p>6. Comit\u00e9 de becas (<strong>Scott<\/strong>\u00a0<strong>B.<\/strong>, Adri\u00e1n, Alvin, Am\u00e9rica, Ben, Heather, Michelle, Sula, Alejandro)<\/p>\n<p>7. Comit\u00e9 de miner\u00eda de datos de los miembros de la red N-Gen\u00a0(<strong>Alvin<\/strong>, Alejandro, Charlie, Jennie, Martha)<\/p>\n<p>8. Proyectos<\/p>\n<p style=\"padding-left: 30px;\">A. Sub-comit\u00e9 de arte y ciencia (<strong>Ben<\/strong>, Heather, Isa\u00ed, Michelle, Scott B., Scott W., Taylor)<\/p>\n<p>9. Recursos para trabajar al otro lado de la frontera\u00a0(Am\u00e9rica, Ana Luisa, Charlie, H\u00e9ctor, Jennie, Martha, Sula)<\/p>\n<p style=\"padding-left: 30px;\">A. Sub-comit\u00e9 de recursos de EE.UU.\u00a0(<strong>Jennie<\/strong>, Ana Luisa)<br \/>\nB. Sub-comit\u00e9 de recursos de\u00a0M\u00e9xico\u00a0(<strong>Sula<\/strong>, Charlie)<\/p>\n<p>10. Comit\u00e9 comunicaci\u00f3n de la ciencia (Adri\u00e1n, Am\u00e9rica, Andr\u00e9s, Ben,\u00a0 \u00a0Jennie, Martha, Michelle, Enriquena, Scott W.)<\/p>\n<p>11. Cumbre\u00a02020 (<strong>Martha<\/strong>, otros -por definirse-)[\/vc_column_text][\/vc_column][\/vc_row]<\/p>\n","protected":false},"excerpt":{"rendered":"<p>[vc_row][vc_column][vc_column_text]Comit\u00e9s de N-Gen Conformado por los miembros del Comit\u00e9 Ejecutivo y el Consejo Asesor de N-Gen. El papel de los comit\u00e9s es el de formar grupos de trabajo para lograr cumplir las tareas de los proyectos de N-Gen. Cada comit\u00e9 tiene un l\u00edder (nombre en negritas) que coordina el esfuerzo del equipo y est\u00e1 en [&hellip;]<\/p>\n","protected":false},"author":8,"featured_media":0,"parent":1606,"menu_order":0,"comment_status":"closed","ping_status":"closed","template":"","meta":{"footnotes":""},"acf":[],"_links":{"self":[{"href":"https:\/\/nextgensd.com\/es\/wp-json\/wp\/v2\/pages\/3911"}],"collection":[{"href":"https:\/\/nextgensd.com\/es\/wp-json\/wp\/v2\/pages"}],"about":[{"href":"https:\/\/nextgensd.com\/es\/wp-json\/wp\/v2\/types\/page"}],"author":[{"embeddable":true,"href":"https:\/\/nextgensd.com\/es\/wp-json\/wp\/v2\/users\/8"}],"replies":[{"embeddable":true,"href":"https:\/\/nextgensd.com\/es\/wp-json\/wp\/v2\/comments?post=3911"}],"version-history":[{"count":2,"href":"https:\/\/nextgensd.com\/es\/wp-json\/wp\/v2\/pages\/3911\/revisions"}],"predecessor-version":[{"id":14057,"href":"https:\/\/nextgensd.com\/es\/wp-json\/wp\/v2\/pages\/3911\/revisions\/14057"}],"up":[{"embeddable":true,"href":"https:\/\/nextgensd.com\/es\/wp-json\/wp\/v2\/pages\/1606"}],"wp:attachment":[{"href":"https:\/\/nextgensd.com\/es\/wp-json\/wp\/v2\/media?parent=3911"}],"curies":[{"name":"wp","href":"https:\/\/api.w.org\/{rel}","templated":true}]}}