{"id":38105,"date":"2026-05-13T16:21:15","date_gmt":"2026-05-13T16:21:15","guid":{"rendered":"https:\/\/nextgensd.com\/?page_id=38105"},"modified":"2026-05-13T16:23:01","modified_gmt":"2026-05-13T16:23:01","slug":"puerto-loreto","status":"publish","type":"page","link":"https:\/\/nextgensd.com\/es\/puerto-loreto\/","title":{"rendered":"Puerto Loreto"},"content":{"rendered":"\t\t<div data-elementor-type=\"wp-page\" data-elementor-id=\"38105\" class=\"elementor elementor-38105 elementor-38091\" data-elementor-post-type=\"page\">\n\t\t\t\t<div class=\"elementor-element elementor-element-264cd1e e-flex e-con-boxed e-con e-parent\" data-id=\"264cd1e\" data-element_type=\"container\" data-e-type=\"container\">\n\t\t\t\t\t<div class=\"e-con-inner\">\n\t\t\t\t<div class=\"elementor-element elementor-element-049cdb5 elementor-widget elementor-widget-image\" data-id=\"049cdb5\" data-element_type=\"widget\" data-e-type=\"widget\" data-widget_type=\"image.default\">\n\t\t\t\t<div class=\"elementor-widget-container\">\n\t\t\t\t\t\t\t\t\t\t\t\t<figure class=\"wp-caption\">\n\t\t\t\t\t\t\t\t\t\t<img fetchpriority=\"high\" decoding=\"async\" width=\"800\" height=\"450\" src=\"https:\/\/nextgensd.com\/wp-content\/uploads\/2026\/05\/1154-ballena-azul-3-2_Fernando-Martin-Velazco-1024x576.jpg\" class=\"attachment-large size-large wp-image-38095\" alt=\"\" srcset=\"https:\/\/nextgensd.com\/wp-content\/uploads\/2026\/05\/1154-ballena-azul-3-2_Fernando-Martin-Velazco-1024x576.jpg 1024w, https:\/\/nextgensd.com\/wp-content\/uploads\/2026\/05\/1154-ballena-azul-3-2_Fernando-Martin-Velazco-300x169.jpg 300w, https:\/\/nextgensd.com\/wp-content\/uploads\/2026\/05\/1154-ballena-azul-3-2_Fernando-Martin-Velazco-768x432.jpg 768w, https:\/\/nextgensd.com\/wp-content\/uploads\/2026\/05\/1154-ballena-azul-3-2_Fernando-Martin-Velazco-1536x864.jpg 1536w, https:\/\/nextgensd.com\/wp-content\/uploads\/2026\/05\/1154-ballena-azul-3-2_Fernando-Martin-Velazco.jpg 1920w\" sizes=\"(max-width: 800px) 100vw, 800px\" \/>\t\t\t\t\t\t\t\t\t\t\t<figcaption class=\"widget-image-caption wp-caption-text\">Fernando Mart\u00edn Velazco<\/figcaption>\n\t\t\t\t\t\t\t\t\t\t<\/figure>\n\t\t\t\t\t\t\t\t\t<\/div>\n\t\t\t\t<\/div>\n\t\t\t\t\t<\/div>\n\t\t\t\t<\/div>\n\t\t<div class=\"elementor-element elementor-element-0ff47ca e-flex e-con-boxed e-con e-parent\" data-id=\"0ff47ca\" data-element_type=\"container\" data-e-type=\"container\">\n\t\t\t\t\t<div class=\"e-con-inner\">\n\t\t\t\t<div class=\"elementor-element elementor-element-566e30d elementor-widget elementor-widget-text-editor\" data-id=\"566e30d\" data-element_type=\"widget\" data-e-type=\"widget\" data-widget_type=\"text-editor.default\">\n\t\t\t\t<div class=\"elementor-widget-container\">\n\t\t\t\t\t\t\t\t\t<p><span style=\"font-weight: 400;\">13 de mayo del 2026<\/span><\/p><p><span style=\"font-weight: 400;\">El Desierto Sonorense<\/span><\/p>\t\t\t\t\t\t\t\t<\/div>\n\t\t\t\t<\/div>\n\t\t\t\t<div class=\"elementor-element elementor-element-eb3284c elementor-widget elementor-widget-text-editor\" data-id=\"eb3284c\" data-element_type=\"widget\" data-e-type=\"widget\" data-widget_type=\"text-editor.default\">\n\t\t\t\t<div class=\"elementor-widget-container\">\n\t\t\t\t\t\t\t\t\t<p><span style=\"font-weight: 400;\">A las autoridades federales, estatales y municipales competentes,<\/span><\/p><p><span style=\"font-weight: 400;\">En las \u00faltimas semanas, hemos sido testigos de una enorme manifestaci\u00f3n de preocupaci\u00f3n y claridad sobre los da\u00f1os que podr\u00eda causar el decreto presidencial que habilita la reclasificaci\u00f3n del Puerto de Loreto como Puerto de Altura y Cabotaje. Diversas comunidades locales de Loreto est\u00e1n alzando la voz de manera unida frente al cambio dr\u00e1stico que esto supondr\u00eda, no solo para Loreto, sino para el Golfo de California en su conjunto.\u00a0<\/span><\/p><p><span style=\"font-weight: 400;\">Loreto ha construido durante tres d\u00e9cadas un modelo de turismo de bajo impacto y alto valor agregado, basado en avistamiento responsable de ballenas, pesca deportiva sustentable, kayak, esn\u00f3rquel y observaci\u00f3n de fauna en las islas del parque nacional.<\/span><\/p><p><span style=\"font-weight: 400;\">Estudios comparativos de destinos mexicanos con tradici\u00f3n crucerista indican que el gasto promedio por pasajero de crucero oscila entre USD 50 y 90 por visita (estancia de 4 a 8 horas, compras mayoritarias dentro del barco), frente a USD 800 a 1,500 por turista que pernocta entre 3 y 7 noches y consume servicios locales.<\/span><\/p><p><span style=\"font-weight: 400;\">La comunidad sostiene que la derrama econ\u00f3mica que el decreto promete no se distribuir\u00e1 equitativamente entre los loretanos, sino que beneficiar\u00e1 principalmente a las grandes navieras internacionales y a operadores tur\u00edsticos de capital concentrado, mientras los costos ambientales y sociales se quedar\u00e1n en el territorio.<\/span><\/p><p><span style=\"font-weight: 400;\">La importancia y el valor biol\u00f3gicos de la zona marina y costera de Loreto han sido reconocidos desde hace tiempo por una s\u00f3lida y extensa bibliograf\u00eda cient\u00edfica, as\u00ed como, en primer lugar, por la designaci\u00f3n que tiene la Bah\u00eda de Loreto como Parque Nacional.\u00a0<\/span><\/p><p><span style=\"font-weight: 400;\">Loreto constituye uno de los ecosistemas marinos m\u00e1s relevantes del Pac\u00edfico oriental tropical. La regi\u00f3n alberga especies emblem\u00e1ticas y altamente vulnerables, incluyendo la ballena azul (<\/span><i><span style=\"font-weight: 400;\">Balaenoptera musculus<\/span><\/i><span style=\"font-weight: 400;\">), la ballena de aleta (<\/span><i><span style=\"font-weight: 400;\">Balaenoptera physalus<\/span><\/i><span style=\"font-weight: 400;\">), tiburones, m\u00f3bulas y tortugas marinas, todas ellas incluidas en la Norma Oficial Mexicana NOM-059-SEMARNAT-2010, relativa a especies nativas de flora y fauna silvestres en categor\u00edas de riesgo.\u00a0<\/span><\/p><p><b>La introducci\u00f3n y el aumento del tr\u00e1fico mar\u00edtimo a gran escala tendr\u00edan repercusiones sociales y biol\u00f3gicas negativas de gran alcance y car\u00e1cter permanente.<\/b><\/p><p><span style=\"font-weight: 400;\">Como representantes de una amplia red que incluye a m\u00e1s de 1,500 investigadores, artistas y l\u00edderes comunitarios comprometidos con la ciencia y la conservaci\u00f3n de la rica diversidad social y biol\u00f3gica del Golfo de California y el Desierto Sonorense, solicitamos a las autoridades locales y federales competentes reconsiderar y revocar este decreto, garantizando la protecci\u00f3n estricta del Parque Nacional Bah\u00eda de Loreto y el cumplimiento de los marcos legales ambientales vigentes.<\/span><\/p><p><span style=\"font-weight: 400;\">Consideramos fundamental que cualquier decisi\u00f3n relacionada con el futuro del puerto de Loreto se sustente en procesos transparentes, participativos, libres e informados, basados en evidencia cient\u00edfica independiente, incorporando plenamente la voz de las comunidades locales, los principios de precauci\u00f3n ambiental y criterios de sustentabilidad de largo plazo.<\/span><\/p><p>\u00a0<\/p><p><span style=\"font-weight: 400;\">ATENTAMENTE,<\/span><\/p><p><b>Mesa Directiva<\/b><\/p><p><b>La Nueva Generaci\u00f3n de Investigadores del Desierto Sonorense (N-Gen)<\/b><\/p><p><span style=\"font-weight: 400;\">www.nextgensd.com\/es<\/span><\/p>\t\t\t\t\t\t\t\t<\/div>\n\t\t\t\t<\/div>\n\t\t\t\t\t<\/div>\n\t\t\t\t<\/div>\n\t\t\t\t<\/div>\n\t\t","protected":false},"excerpt":{"rendered":"<p>Fernando Mart\u00edn Velazco 13 de mayo del 2026 El Desierto Sonorense A las autoridades federales, estatales y municipales competentes, En las \u00faltimas semanas, hemos sido testigos de una enorme manifestaci\u00f3n de preocupaci\u00f3n y claridad sobre los da\u00f1os que podr\u00eda causar el decreto presidencial que habilita la reclasificaci\u00f3n del Puerto de Loreto como Puerto de Altura [&hellip;]<\/p>\n","protected":false},"author":984,"featured_media":0,"parent":0,"menu_order":0,"comment_status":"closed","ping_status":"closed","template":"","meta":{"_acf_changed":false,"footnotes":""},"class_list":["post-38105","page","type-page","status-publish","hentry"],"acf":[],"_links":{"self":[{"href":"https:\/\/nextgensd.com\/es\/wp-json\/wp\/v2\/pages\/38105","targetHints":{"allow":["GET"]}}],"collection":[{"href":"https:\/\/nextgensd.com\/es\/wp-json\/wp\/v2\/pages"}],"about":[{"href":"https:\/\/nextgensd.com\/es\/wp-json\/wp\/v2\/types\/page"}],"author":[{"embeddable":true,"href":"https:\/\/nextgensd.com\/es\/wp-json\/wp\/v2\/users\/984"}],"replies":[{"embeddable":true,"href":"https:\/\/nextgensd.com\/es\/wp-json\/wp\/v2\/comments?post=38105"}],"version-history":[{"count":4,"href":"https:\/\/nextgensd.com\/es\/wp-json\/wp\/v2\/pages\/38105\/revisions"}],"predecessor-version":[{"id":38109,"href":"https:\/\/nextgensd.com\/es\/wp-json\/wp\/v2\/pages\/38105\/revisions\/38109"}],"wp:attachment":[{"href":"https:\/\/nextgensd.com\/es\/wp-json\/wp\/v2\/media?parent=38105"}],"curies":[{"name":"wp","href":"https:\/\/api.w.org\/{rel}","templated":true}]}}