{"id":37752,"date":"2026-03-26T22:54:30","date_gmt":"2026-03-26T22:54:30","guid":{"rendered":"https:\/\/nextgensd.com\/?page_id=37752"},"modified":"2026-03-26T23:04:26","modified_gmt":"2026-03-26T23:04:26","slug":"calendario-colectivo","status":"publish","type":"page","link":"https:\/\/nextgensd.com\/es\/calendario-colectivo\/","title":{"rendered":"Calendario colectivo"},"content":{"rendered":"\t\t<div data-elementor-type=\"wp-page\" data-elementor-id=\"37752\" class=\"elementor elementor-37752 elementor-37710\" data-elementor-post-type=\"page\">\n\t\t\t\t<div class=\"elementor-element elementor-element-fa819b5 e-flex e-con-boxed e-con e-parent\" data-id=\"fa819b5\" data-element_type=\"container\" data-settings=\"{&quot;background_background&quot;:&quot;classic&quot;}\">\n\t\t\t\t\t<div class=\"e-con-inner\">\n\t\t\t\t<div class=\"elementor-element elementor-element-009661c elementor-widget elementor-widget-heading\" data-id=\"009661c\" data-element_type=\"widget\" data-widget_type=\"heading.default\">\n\t\t\t\t<div class=\"elementor-widget-container\">\n\t\t\t<style>\/*! elementor - v3.23.0 - 05-08-2024 *\/\n.elementor-heading-title{padding:0;margin:0;line-height:1}.elementor-widget-heading .elementor-heading-title[class*=elementor-size-]>a{color:inherit;font-size:inherit;line-height:inherit}.elementor-widget-heading .elementor-heading-title.elementor-size-small{font-size:15px}.elementor-widget-heading .elementor-heading-title.elementor-size-medium{font-size:19px}.elementor-widget-heading .elementor-heading-title.elementor-size-large{font-size:29px}.elementor-widget-heading .elementor-heading-title.elementor-size-xl{font-size:39px}.elementor-widget-heading .elementor-heading-title.elementor-size-xxl{font-size:59px}<\/style><h1 class=\"elementor-heading-title elementor-size-default\">Calendario colectivo<\/h1>\t\t<\/div>\n\t\t\t\t<\/div>\n\t\t\t\t\t<\/div>\n\t\t\t\t<\/div>\n\t\t<div class=\"elementor-element elementor-element-cb1bb92 e-flex e-con-boxed e-con e-parent\" data-id=\"cb1bb92\" data-element_type=\"container\">\n\t\t\t\t\t<div class=\"e-con-inner\">\n\t\t<div class=\"elementor-element elementor-element-81c2034 e-con-full e-flex e-con e-child\" data-id=\"81c2034\" data-element_type=\"container\">\n\t\t\t\t<div class=\"elementor-element elementor-element-d088cd5 elementor-widget elementor-widget-text-editor\" data-id=\"d088cd5\" data-element_type=\"widget\" data-widget_type=\"text-editor.default\">\n\t\t\t\t<div class=\"elementor-widget-container\">\n\t\t\t<style>\/*! elementor - v3.23.0 - 05-08-2024 *\/\n.elementor-widget-text-editor.elementor-drop-cap-view-stacked .elementor-drop-cap{background-color:#69727d;color:#fff}.elementor-widget-text-editor.elementor-drop-cap-view-framed .elementor-drop-cap{color:#69727d;border:3px solid;background-color:transparent}.elementor-widget-text-editor:not(.elementor-drop-cap-view-default) .elementor-drop-cap{margin-top:8px}.elementor-widget-text-editor:not(.elementor-drop-cap-view-default) .elementor-drop-cap-letter{width:1em;height:1em}.elementor-widget-text-editor .elementor-drop-cap{float:left;text-align:center;line-height:1;font-size:50px}.elementor-widget-text-editor .elementor-drop-cap-letter{display:inline-block}<\/style>\t\t\t\t<p>La regi\u00f3n del Desierto Sonorense acoge una gran variedad de eventos cient\u00edficos, art\u00edsticos y socioambientales. Sin embargo, \u00a1es dif\u00edcil estar al tanto de todos ellos!<\/p><p>Este calendario compartido est\u00e1 dirigido a todo el mundo y a todo tipo de eventos relacionados con el Desierto Sonorense: es una forma de mantenerse informado sobre lo que ocurre en nuestra regi\u00f3n<\/p>\t\t\t\t\t\t<\/div>\n\t\t\t\t<\/div>\n\t\t\t\t<div class=\"elementor-element elementor-element-4e77c0b elementor-widget elementor-widget-heading\" data-id=\"4e77c0b\" data-element_type=\"widget\" data-widget_type=\"heading.default\">\n\t\t\t\t<div class=\"elementor-widget-container\">\n\t\t\t<h2 class=\"elementor-heading-title elementor-size-default\">\u00bfC\u00f3mo lo puedes importar?<\/h2>\t\t<\/div>\n\t\t\t\t<\/div>\n\t\t\t\t<div class=\"elementor-element elementor-element-cfdf01e elementor-widget elementor-widget-text-editor\" data-id=\"cfdf01e\" data-element_type=\"widget\" data-widget_type=\"text-editor.default\">\n\t\t\t\t<div class=\"elementor-widget-container\">\n\t\t\t\t\t\t\t<p>El calendario colectivo de N-Gen est\u00e1 alojado en Google Calendar, por lo que necesitar\u00e1s una cuenta de Google para importarlo. Solo tienes que hacer clic en el bot\u00f3n \u00abIMPORTAR\u00bb de la derecha para continuar. Una vez que abras el enlace, se te pedir\u00e1 que confirmes si deseas a\u00f1adirlo a tus calendarios de Google. Tras aceptar, el calendario aparecer\u00e1 en la parte izquierda, donde podr\u00e1s activarlo o desactivarlo seg\u00fan prefieras, as\u00ed como personalizar su color.<\/p><p><strong>Nota: si tienes varias cuentas de Gmail, aseg\u00farate de cerrar sesi\u00f3n en aquellas en las que no quieras importar el calendario.<\/strong><\/p>\t\t\t\t\t\t<\/div>\n\t\t\t\t<\/div>\n\t\t\t\t<\/div>\n\t\t<div class=\"elementor-element elementor-element-a9aab95 e-con-full e-flex e-con e-child\" data-id=\"a9aab95\" data-element_type=\"container\">\n\t\t\t\t<div class=\"elementor-element elementor-element-2535f21 elementor-widget elementor-widget-html\" data-id=\"2535f21\" data-element_type=\"widget\" data-widget_type=\"html.default\">\n\t\t\t\t<div class=\"elementor-widget-container\">\n\t\t\t<iframe src=\"https:\/\/calendar.google.com\/calendar\/embed?src=552fa9a1b482c3add7d571bc1187ae8c3b3e3c198b88e2835e7e45d565225d0f%40group.calendar.google.com&ctz=America%2FPhoenix\" style=\"border: 0\" width=\"800\" height=\"600\" frameborder=\"0\" scrolling=\"no\"><\/iframe>\t\t<\/div>\n\t\t\t\t<\/div>\n\t\t<div class=\"elementor-element elementor-element-dce57ea e-con-full e-flex e-con e-child\" data-id=\"dce57ea\" data-element_type=\"container\">\n\t\t\t\t<div class=\"elementor-element elementor-element-3afbb33 elementor-widget elementor-widget-button\" data-id=\"3afbb33\" data-element_type=\"widget\" data-widget_type=\"button.default\">\n\t\t\t\t<div class=\"elementor-widget-container\">\n\t\t\t\t\t<div class=\"elementor-button-wrapper\">\n\t\t\t<a class=\"elementor-button elementor-button-link elementor-size-sm\" href=\"https:\/\/calendar.google.com\/calendar\/u\/2?cid=NTUyZmE5YTFiNDgyYzNhZGQ3ZDU3MWJjMTE4N2FlOGMzYjNlM2MxOThiODhlMjgzNWU3ZTQ1ZDU2NTIyNWQwZkBncm91cC5jYWxlbmRhci5nb29nbGUuY29t\">\n\t\t\t\t\t\t<span class=\"elementor-button-content-wrapper\">\n\t\t\t\t\t\t\t\t\t<span class=\"elementor-button-text\">Import<\/span>\n\t\t\t\t\t<\/span>\n\t\t\t\t\t<\/a>\n\t\t<\/div>\n\t\t\t\t<\/div>\n\t\t\t\t<\/div>\n\t\t\t\t<div class=\"elementor-element elementor-element-07990a5 elementor-widget elementor-widget-button\" data-id=\"07990a5\" data-element_type=\"widget\" data-widget_type=\"button.default\">\n\t\t\t\t<div class=\"elementor-widget-container\">\n\t\t\t\t\t<div class=\"elementor-button-wrapper\">\n\t\t\t<a class=\"elementor-button elementor-button-link elementor-size-sm\" href=\"https:\/\/docs.google.com\/forms\/d\/e\/1FAIpQLSfepwMDfBX8rJhw7bQn4NXduprQgqtR5GTBBd-E5HhQr7VoOA\/viewform?usp=sharing&#038;ouid=111218531747105056809\">\n\t\t\t\t\t\t<span class=\"elementor-button-content-wrapper\">\n\t\t\t\t\t\t\t\t\t<span class=\"elementor-button-text\">Contribute<\/span>\n\t\t\t\t\t<\/span>\n\t\t\t\t\t<\/a>\n\t\t<\/div>\n\t\t\t\t<\/div>\n\t\t\t\t<\/div>\n\t\t\t\t<\/div>\n\t\t\t\t<div class=\"elementor-element elementor-element-58ac438 elementor-widget elementor-widget-heading\" data-id=\"58ac438\" data-element_type=\"widget\" data-widget_type=\"heading.default\">\n\t\t\t\t<div class=\"elementor-widget-container\">\n\t\t\t<h2 class=\"elementor-heading-title elementor-size-default\">\u00bfC\u00f3mo contribuir al calendario?<\/h2>\t\t<\/div>\n\t\t\t\t<\/div>\n\t\t\t\t<div class=\"elementor-element elementor-element-555503d elementor-widget elementor-widget-text-editor\" data-id=\"555503d\" data-element_type=\"widget\" data-widget_type=\"text-editor.default\">\n\t\t\t\t<div class=\"elementor-widget-container\">\n\t\t\t\t\t\t\t<p>\u00bfEst\u00e1s organizando un evento que te gustar\u00eda compartir con la red, o te has encontrado con alguno que crees que deber\u00eda darse a conocer? Puedes colaborar con esta iniciativa colectiva. Haz clic en el bot\u00f3n \u00abCONTRIBUIR\u00bb, llena el formulario, comparte los detalles con nosotros y publicaremos la informaci\u00f3n para que est\u00e9 disponible para la comunidad de N-Gen.<\/p>\t\t\t\t\t\t<\/div>\n\t\t\t\t<\/div>\n\t\t\t\t<\/div>\n\t\t\t\t\t<\/div>\n\t\t\t\t<\/div>\n\t\t\t\t<\/div>\n\t\t","protected":false},"excerpt":{"rendered":"<p>Calendario colectivo La regi\u00f3n del Desierto Sonorense acoge una gran variedad de eventos cient\u00edficos, art\u00edsticos y socioambientales. Sin embargo, \u00a1es dif\u00edcil estar al tanto de todos ellos! Este calendario compartido est\u00e1 dirigido a todo el mundo y a todo tipo de eventos relacionados con el Desierto Sonorense: es una forma de mantenerse informado sobre lo [&hellip;]<\/p>\n","protected":false},"author":1,"featured_media":0,"parent":0,"menu_order":0,"comment_status":"closed","ping_status":"closed","template":"elementor_header_footer","meta":{"footnotes":""},"acf":[],"_links":{"self":[{"href":"https:\/\/nextgensd.com\/es\/wp-json\/wp\/v2\/pages\/37752"}],"collection":[{"href":"https:\/\/nextgensd.com\/es\/wp-json\/wp\/v2\/pages"}],"about":[{"href":"https:\/\/nextgensd.com\/es\/wp-json\/wp\/v2\/types\/page"}],"author":[{"embeddable":true,"href":"https:\/\/nextgensd.com\/es\/wp-json\/wp\/v2\/users\/1"}],"replies":[{"embeddable":true,"href":"https:\/\/nextgensd.com\/es\/wp-json\/wp\/v2\/comments?post=37752"}],"version-history":[{"count":7,"href":"https:\/\/nextgensd.com\/es\/wp-json\/wp\/v2\/pages\/37752\/revisions"}],"predecessor-version":[{"id":37761,"href":"https:\/\/nextgensd.com\/es\/wp-json\/wp\/v2\/pages\/37752\/revisions\/37761"}],"wp:attachment":[{"href":"https:\/\/nextgensd.com\/es\/wp-json\/wp\/v2\/media?parent=37752"}],"curies":[{"name":"wp","href":"https:\/\/api.w.org\/{rel}","templated":true}]}}