{"id":36933,"date":"2026-02-06T22:14:54","date_gmt":"2026-02-06T22:14:54","guid":{"rendered":"https:\/\/nextgensd.com\/?page_id=36933"},"modified":"2026-02-07T07:31:22","modified_gmt":"2026-02-07T07:31:22","slug":"cumbre-2027","status":"publish","type":"page","link":"https:\/\/nextgensd.com\/es\/cumbre-2027\/","title":{"rendered":"Cumbre 2027"},"content":{"rendered":"\t\t<div data-elementor-type=\"wp-page\" data-elementor-id=\"36933\" class=\"elementor elementor-36933\" data-elementor-post-type=\"page\">\n\t\t\t\t<div class=\"elementor-element elementor-element-c960d8a e-flex e-con-boxed e-con e-parent\" data-id=\"c960d8a\" data-element_type=\"container\">\n\t\t\t\t\t<div class=\"e-con-inner\">\n\t\t\t\t<div class=\"elementor-element elementor-element-27fb2be elementor-widget elementor-widget-image\" data-id=\"27fb2be\" data-element_type=\"widget\" data-widget_type=\"image.default\">\n\t\t\t\t<div class=\"elementor-widget-container\">\n\t\t\t<style>\/*! elementor - v3.23.0 - 05-08-2024 *\/\n.elementor-widget-image{text-align:center}.elementor-widget-image a{display:inline-block}.elementor-widget-image a img[src$=\".svg\"]{width:48px}.elementor-widget-image img{vertical-align:middle;display:inline-block}<\/style>\t\t\t\t\t\t\t\t\t\t<img fetchpriority=\"high\" decoding=\"async\" width=\"1897\" height=\"890\" src=\"https:\/\/nextgensd.com\/wp-content\/uploads\/2026\/02\/mares-del-desierto-logo-final-1.png\" class=\"attachment-full size-full wp-image-36922\" alt=\"\" srcset=\"https:\/\/nextgensd.com\/wp-content\/uploads\/2026\/02\/mares-del-desierto-logo-final-1.png 1897w, https:\/\/nextgensd.com\/wp-content\/uploads\/2026\/02\/mares-del-desierto-logo-final-1-300x141.png 300w, https:\/\/nextgensd.com\/wp-content\/uploads\/2026\/02\/mares-del-desierto-logo-final-1-1024x480.png 1024w, https:\/\/nextgensd.com\/wp-content\/uploads\/2026\/02\/mares-del-desierto-logo-final-1-768x360.png 768w, https:\/\/nextgensd.com\/wp-content\/uploads\/2026\/02\/mares-del-desierto-logo-final-1-1536x721.png 1536w\" sizes=\"(max-width: 1897px) 100vw, 1897px\" \/>\t\t\t\t\t\t\t\t\t\t\t\t\t<\/div>\n\t\t\t\t<\/div>\n\t\t\t\t<div class=\"elementor-element elementor-element-171f9f0 elementor-align-center elementor-widget elementor-widget-button\" data-id=\"171f9f0\" data-element_type=\"widget\" data-widget_type=\"button.default\">\n\t\t\t\t<div class=\"elementor-widget-container\">\n\t\t\t\t\t<div class=\"elementor-button-wrapper\">\n\t\t\t<a class=\"elementor-button elementor-button-link elementor-size-sm\" href=\"https:\/\/docs.google.com\/forms\/d\/e\/1FAIpQLSc4Z3cdla7XHQbGXv_fzEtIyON5GqyJKKsE2QZ4Ql_q0Z2yjg\/viewform?usp=header\">\n\t\t\t\t\t\t<span class=\"elementor-button-content-wrapper\">\n\t\t\t\t\t\t\t\t\t<span class=\"elementor-button-text\">Mantente informada(o) y ay\u00fadanos a crear el evento respondiendo a esta encuesta<\/span>\n\t\t\t\t\t<\/span>\n\t\t\t\t\t<\/a>\n\t\t<\/div>\n\t\t\t\t<\/div>\n\t\t\t\t<\/div>\n\t\t\t\t<div class=\"elementor-element elementor-element-e1874cb elementor-widget elementor-widget-text-editor\" data-id=\"e1874cb\" data-element_type=\"widget\" data-widget_type=\"text-editor.default\">\n\t\t\t\t<div class=\"elementor-widget-container\">\n\t\t\t<style>\/*! elementor - v3.23.0 - 05-08-2024 *\/\n.elementor-widget-text-editor.elementor-drop-cap-view-stacked .elementor-drop-cap{background-color:#69727d;color:#fff}.elementor-widget-text-editor.elementor-drop-cap-view-framed .elementor-drop-cap{color:#69727d;border:3px solid;background-color:transparent}.elementor-widget-text-editor:not(.elementor-drop-cap-view-default) .elementor-drop-cap{margin-top:8px}.elementor-widget-text-editor:not(.elementor-drop-cap-view-default) .elementor-drop-cap-letter{width:1em;height:1em}.elementor-widget-text-editor .elementor-drop-cap{float:left;text-align:center;line-height:1;font-size:50px}.elementor-widget-text-editor .elementor-drop-cap-letter{display:inline-block}<\/style>\t\t\t\t<p>El futuro del Golfo de California se est\u00e1 definiendo ahora. En un contexto marcado por una creciente presi\u00f3n sobre los ecosistemas y las comunidades, as\u00ed como por la existencia de m\u00faltiples pero dispersos esfuerzos cient\u00edficos y de conservaci\u00f3n, la necesidad de actuar de manera colectiva nunca ha sido tan urgente.<\/p><p>Enfocado en las interfaces tierra-mar del Golfo de California y de la costa del Pac\u00edfico de Baja California\u2014 la Cumbre Mares del Desierto (Desert Seas Summit) ofrece un espacio para repensar, a trav\u00e9s de disciplinas, fronteras y formas de conocimiento, c\u00f3mo se practican la ciencia y la conservaci\u00f3n desde la tierra hasta el mar.<\/p><p>A m\u00e1s de 20 a\u00f1os del \u00faltimo gran encuentro de la comunidad cient\u00edfica del Golfo de California, esta Cumbre marca un momento hist\u00f3rico. Por primera vez en dos d\u00e9cadas, investigadores, comunidades locales, organizaciones de la sociedad civil, artistas y aliados de toda la regi\u00f3n se reunir\u00e1n para explorar enfoques de abajo hacia arriba, forjar nuevas alianzas e imaginar modelos econ\u00f3micos y de financiamiento innovadores que permitan sostener la conservaci\u00f3n en el largo plazo.<\/p>\t\t\t\t\t\t<\/div>\n\t\t\t\t<\/div>\n\t\t\t\t\t<\/div>\n\t\t\t\t<\/div>\n\t\t<div class=\"elementor-element elementor-element-afff389 e-flex e-con-boxed e-con e-parent\" data-id=\"afff389\" data-element_type=\"container\">\n\t\t\t\t\t<div class=\"e-con-inner\">\n\t\t\t\t<div class=\"elementor-element elementor-element-61aa80c elementor-widget elementor-widget-image\" data-id=\"61aa80c\" data-element_type=\"widget\" data-widget_type=\"image.default\">\n\t\t\t\t<div class=\"elementor-widget-container\">\n\t\t\t\t\t\t\t\t\t\t\t\t\t<img decoding=\"async\" width=\"576\" height=\"1024\" src=\"https:\/\/nextgensd.com\/wp-content\/uploads\/2026\/02\/Save-the-date_6Feb2027-576x1024.jpeg\" class=\"attachment-large size-large wp-image-36928\" alt=\"\" srcset=\"https:\/\/nextgensd.com\/wp-content\/uploads\/2026\/02\/Save-the-date_6Feb2027-576x1024.jpeg 576w, https:\/\/nextgensd.com\/wp-content\/uploads\/2026\/02\/Save-the-date_6Feb2027-169x300.jpeg 169w, https:\/\/nextgensd.com\/wp-content\/uploads\/2026\/02\/Save-the-date_6Feb2027-768x1365.jpeg 768w, https:\/\/nextgensd.com\/wp-content\/uploads\/2026\/02\/Save-the-date_6Feb2027-864x1536.jpeg 864w, https:\/\/nextgensd.com\/wp-content\/uploads\/2026\/02\/Save-the-date_6Feb2027.jpeg 900w\" sizes=\"(max-width: 576px) 100vw, 576px\" \/>\t\t\t\t\t\t\t\t\t\t\t\t\t<\/div>\n\t\t\t\t<\/div>\n\t\t\t\t\t<\/div>\n\t\t\t\t<\/div>\n\t\t\t\t<\/div>\n\t\t","protected":false},"excerpt":{"rendered":"<p>Mantente informada(o) y ay\u00fadanos a crear el evento respondiendo a esta encuesta El futuro del Golfo de California se est\u00e1 definiendo ahora. En un contexto marcado por una creciente presi\u00f3n sobre los ecosistemas y las comunidades, as\u00ed como por la existencia de m\u00faltiples pero dispersos esfuerzos cient\u00edficos y de conservaci\u00f3n, la necesidad de actuar de [&hellip;]<\/p>\n","protected":false},"author":984,"featured_media":0,"parent":0,"menu_order":0,"comment_status":"closed","ping_status":"closed","template":"","meta":{"footnotes":""},"acf":[],"_links":{"self":[{"href":"https:\/\/nextgensd.com\/es\/wp-json\/wp\/v2\/pages\/36933"}],"collection":[{"href":"https:\/\/nextgensd.com\/es\/wp-json\/wp\/v2\/pages"}],"about":[{"href":"https:\/\/nextgensd.com\/es\/wp-json\/wp\/v2\/types\/page"}],"author":[{"embeddable":true,"href":"https:\/\/nextgensd.com\/es\/wp-json\/wp\/v2\/users\/984"}],"replies":[{"embeddable":true,"href":"https:\/\/nextgensd.com\/es\/wp-json\/wp\/v2\/comments?post=36933"}],"version-history":[{"count":14,"href":"https:\/\/nextgensd.com\/es\/wp-json\/wp\/v2\/pages\/36933\/revisions"}],"predecessor-version":[{"id":37076,"href":"https:\/\/nextgensd.com\/es\/wp-json\/wp\/v2\/pages\/36933\/revisions\/37076"}],"wp:attachment":[{"href":"https:\/\/nextgensd.com\/es\/wp-json\/wp\/v2\/media?parent=36933"}],"curies":[{"name":"wp","href":"https:\/\/api.w.org\/{rel}","templated":true}]}}