{"id":36561,"date":"2026-01-17T01:27:42","date_gmt":"2026-01-17T01:27:42","guid":{"rendered":"https:\/\/nextgensd.com\/?page_id=36561"},"modified":"2026-04-03T22:56:47","modified_gmt":"2026-04-03T22:56:47","slug":"bioblitz-de-la-frontera-2026","status":"publish","type":"page","link":"https:\/\/nextgensd.com\/es\/bioblitz-de-la-frontera-2026\/","title":{"rendered":"BioBlitz de la frontera 2026"},"content":{"rendered":"\t\t<div data-elementor-type=\"wp-post\" data-elementor-id=\"36561\" class=\"elementor elementor-36561 elementor-36445\" data-elementor-post-type=\"page\">\n\t\t\t\t\t\t<section class=\"elementor-section elementor-top-section elementor-element elementor-element-a74981e elementor-section-height-min-height elementor-section-items-bottom elementor-section-boxed elementor-section-height-default\" data-id=\"a74981e\" data-element_type=\"section\" data-settings=\"{&quot;background_background&quot;:&quot;classic&quot;}\">\n\t\t\t\t\t\t<div class=\"elementor-container elementor-column-gap-default\">\n\t\t\t\t\t<div class=\"elementor-column elementor-col-100 elementor-top-column elementor-element elementor-element-23480e8\" data-id=\"23480e8\" data-element_type=\"column\">\n\t\t\t<div class=\"elementor-widget-wrap\">\n\t\t\t\t\t\t\t<\/div>\n\t\t<\/div>\n\t\t\t\t\t<\/div>\n\t\t<\/section>\n\t\t\t\t<section class=\"elementor-section elementor-top-section elementor-element elementor-element-0d250c6 elementor-section-boxed elementor-section-height-default elementor-section-height-default\" data-id=\"0d250c6\" data-element_type=\"section\">\n\t\t\t\t\t\t<div class=\"elementor-container elementor-column-gap-default\">\n\t\t\t\t\t<div class=\"elementor-column elementor-col-100 elementor-top-column elementor-element elementor-element-35dae702\" data-id=\"35dae702\" data-element_type=\"column\">\n\t\t\t<div class=\"elementor-widget-wrap elementor-element-populated\">\n\t\t\t\t\t\t<div class=\"elementor-element elementor-element-1584da4 elementor-widget elementor-widget-text-editor\" data-id=\"1584da4\" data-element_type=\"widget\" data-widget_type=\"text-editor.default\">\n\t\t\t\t<div class=\"elementor-widget-container\">\n\t\t\t<style>\/*! elementor - v3.23.0 - 05-08-2024 *\/\n.elementor-widget-text-editor.elementor-drop-cap-view-stacked .elementor-drop-cap{background-color:#69727d;color:#fff}.elementor-widget-text-editor.elementor-drop-cap-view-framed .elementor-drop-cap{color:#69727d;border:3px solid;background-color:transparent}.elementor-widget-text-editor:not(.elementor-drop-cap-view-default) .elementor-drop-cap{margin-top:8px}.elementor-widget-text-editor:not(.elementor-drop-cap-view-default) .elementor-drop-cap-letter{width:1em;height:1em}.elementor-widget-text-editor .elementor-drop-cap{float:left;text-align:center;line-height:1;font-size:50px}.elementor-widget-text-editor .elementor-drop-cap-letter{display:inline-block}<\/style>\t\t\t\t<p><span style=\"letter-spacing: 0px;\">El BioBlitz de la Frontera es un esfuerzo de ciencia ciudadana que busca registrar el mayor n\u00famero de especies posible a lo largo de la frontera entre Estados Unidos y M\u00e9xico.<\/span><\/p>\t\t\t\t\t\t<\/div>\n\t\t\t\t<\/div>\n\t\t\t\t\t<\/div>\n\t\t<\/div>\n\t\t\t\t\t<\/div>\n\t\t<\/section>\n\t\t<div class=\"elementor-element elementor-element-b06bd08 e-flex e-con-boxed e-con e-parent\" data-id=\"b06bd08\" data-element_type=\"container\">\n\t\t\t\t\t<div class=\"e-con-inner\">\n\t\t\t\t<div class=\"elementor-element elementor-element-db67a89 elementor-widget elementor-widget-heading\" data-id=\"db67a89\" data-element_type=\"widget\" data-widget_type=\"heading.default\">\n\t\t\t\t<div class=\"elementor-widget-container\">\n\t\t\t<style>\/*! elementor - v3.23.0 - 05-08-2024 *\/\n.elementor-heading-title{padding:0;margin:0;line-height:1}.elementor-widget-heading .elementor-heading-title[class*=elementor-size-]>a{color:inherit;font-size:inherit;line-height:inherit}.elementor-widget-heading .elementor-heading-title.elementor-size-small{font-size:15px}.elementor-widget-heading .elementor-heading-title.elementor-size-medium{font-size:19px}.elementor-widget-heading .elementor-heading-title.elementor-size-large{font-size:29px}.elementor-widget-heading .elementor-heading-title.elementor-size-xl{font-size:39px}.elementor-widget-heading .elementor-heading-title.elementor-size-xxl{font-size:59px}<\/style><h2 class=\"elementor-heading-title elementor-size-default\">El BioBlitz de la Frontera 2026 se  llevar\u00e1 a cabo durante los meses de abril y mayo 2026.<\/h2>\t\t<\/div>\n\t\t\t\t<\/div>\n\t\t\t\t<div class=\"elementor-element elementor-element-3654e7f elementor-align-center elementor-widget elementor-widget-button\" data-id=\"3654e7f\" data-element_type=\"widget\" data-widget_type=\"button.default\">\n\t\t\t\t<div class=\"elementor-widget-container\">\n\t\t\t\t\t<div class=\"elementor-button-wrapper\">\n\t\t\t<a class=\"elementor-button elementor-button-link elementor-size-sm\" href=\"https:\/\/nextgensd.com\/border-bioblitz-2026\/join-the-discovery\/\">\n\t\t\t\t\t\t<span class=\"elementor-button-content-wrapper\">\n\t\t\t\t\t\t\t\t\t<span class=\"elementor-button-text\">\u00a1\u00danete al descubrimiento!<\/span>\n\t\t\t\t\t<\/span>\n\t\t\t\t\t<\/a>\n\t\t<\/div>\n\t\t\t\t<\/div>\n\t\t\t\t<\/div>\n\t\t\t\t<div class=\"elementor-element elementor-element-f021024 elementor-align-center elementor-widget elementor-widget-button\" data-id=\"f021024\" data-element_type=\"widget\" data-widget_type=\"button.default\">\n\t\t\t\t<div class=\"elementor-widget-container\">\n\t\t\t\t\t<div class=\"elementor-button-wrapper\">\n\t\t\t<a class=\"elementor-button elementor-button-link elementor-size-sm\" href=\"https:\/\/www.inaturalist.org\/projects\/border-bioblitz-2026-bioblitz-de-la-frontera-2026\" target=\"_blank\">\n\t\t\t\t\t\t<span class=\"elementor-button-content-wrapper\">\n\t\t\t\t\t\t\t\t\t<span class=\"elementor-button-text\">Visita el Proyecto en iNaturalist<\/span>\n\t\t\t\t\t<\/span>\n\t\t\t\t\t<\/a>\n\t\t<\/div>\n\t\t\t\t<\/div>\n\t\t\t\t<\/div>\n\t\t\t\t\t<\/div>\n\t\t\t\t<\/div>\n\t\t\t\t<section class=\"elementor-section elementor-top-section elementor-element elementor-element-76192e6 elementor-section-boxed elementor-section-height-default elementor-section-height-default\" data-id=\"76192e6\" data-element_type=\"section\">\n\t\t\t\t\t\t<div class=\"elementor-container elementor-column-gap-default\">\n\t\t\t\t\t<div class=\"elementor-column elementor-col-100 elementor-top-column elementor-element elementor-element-f5bc005\" data-id=\"f5bc005\" data-element_type=\"column\">\n\t\t\t<div class=\"elementor-widget-wrap elementor-element-populated\">\n\t\t\t\t\t\t<div class=\"elementor-element elementor-element-1793fb0 elementor-widget elementor-widget-text-editor\" data-id=\"1793fb0\" data-element_type=\"widget\" data-widget_type=\"text-editor.default\">\n\t\t\t\t<div class=\"elementor-widget-container\">\n\t\t\t\t\t\t\t<p>El BioBlitz de la Frontera es liderado por la Nueva Generaci\u00f3n de Investigadores del Desierto Sonorense (N-Gen), el Museo de Historia Natural de San Diego y Botanical Community Development Initiatives (BCDI), en colaboraci\u00f3n con organizaciones y comunidades a lo largo de la regi\u00f3n fronteriza. Juntos, invitamos a investigadores y a miembros de la comunidad a documentar la impresionante diversidad biol\u00f3gica de la regi\u00f3n.<\/p><p>Para unirte al descubrimiento, todo lo que necesitas es un tel\u00e9fono inteligente con la aplicaci\u00f3n iNaturalist (gratuita para <a href=\"https:\/\/play.google.com\/store\/apps\/details?id=org.inaturalist.android&amp;hl=en\">Android<\/a> y\u00a0<a href=\"https:\/\/apps.apple.com\/us\/app\/inaturalist\/id421397028\">iOS<\/a>) y unirte a nuestro proyecto.<\/p>\t\t\t\t\t\t<\/div>\n\t\t\t\t<\/div>\n\t\t\t\t\t<\/div>\n\t\t<\/div>\n\t\t\t\t\t<\/div>\n\t\t<\/section>\n\t\t\t\t<section class=\"elementor-section elementor-top-section elementor-element elementor-element-4328d4b elementor-section-boxed elementor-section-height-default elementor-section-height-default\" data-id=\"4328d4b\" data-element_type=\"section\">\n\t\t\t\t\t\t<div class=\"elementor-container elementor-column-gap-default\">\n\t\t\t\t\t<div class=\"elementor-column elementor-col-100 elementor-top-column elementor-element elementor-element-5d90000\" data-id=\"5d90000\" data-element_type=\"column\">\n\t\t\t<div class=\"elementor-widget-wrap elementor-element-populated\">\n\t\t\t\t\t\t<div class=\"elementor-element elementor-element-3b8f764b elementor-widget elementor-widget-image\" data-id=\"3b8f764b\" data-element_type=\"widget\" data-widget_type=\"image.default\">\n\t\t\t\t<div class=\"elementor-widget-container\">\n\t\t\t<style>\/*! elementor - v3.23.0 - 05-08-2024 *\/\n.elementor-widget-image{text-align:center}.elementor-widget-image a{display:inline-block}.elementor-widget-image a img[src$=\".svg\"]{width:48px}.elementor-widget-image img{vertical-align:middle;display:inline-block}<\/style>\t\t\t\t\t\t\t\t\t\t<img fetchpriority=\"high\" decoding=\"async\" width=\"800\" height=\"366\" src=\"https:\/\/nextgensd.com\/wp-content\/uploads\/2026\/01\/Home-page-icon_2026_ESP-1024x469.jpg\" class=\"attachment-large size-large wp-image-36487\" alt=\"\" srcset=\"https:\/\/nextgensd.com\/wp-content\/uploads\/2026\/01\/Home-page-icon_2026_ESP-1024x469.jpg 1024w, https:\/\/nextgensd.com\/wp-content\/uploads\/2026\/01\/Home-page-icon_2026_ESP-300x137.jpg 300w, https:\/\/nextgensd.com\/wp-content\/uploads\/2026\/01\/Home-page-icon_2026_ESP-768x352.jpg 768w, https:\/\/nextgensd.com\/wp-content\/uploads\/2026\/01\/Home-page-icon_2026_ESP-1536x704.jpg 1536w, https:\/\/nextgensd.com\/wp-content\/uploads\/2026\/01\/Home-page-icon_2026_ESP.jpg 1637w\" sizes=\"(max-width: 800px) 100vw, 800px\" \/>\t\t\t\t\t\t\t\t\t\t\t\t\t<\/div>\n\t\t\t\t<\/div>\n\t\t\t\t<div class=\"elementor-element elementor-element-01cf7df elementor-widget elementor-widget-heading\" data-id=\"01cf7df\" data-element_type=\"widget\" data-widget_type=\"heading.default\">\n\t\t\t\t<div class=\"elementor-widget-container\">\n\t\t\t<h2 class=\"elementor-heading-title elementor-size-default\">Organizaciones l\u00edderes<\/h2>\t\t<\/div>\n\t\t\t\t<\/div>\n\t\t\t\t<div class=\"elementor-element elementor-element-44dbae3 elementor-widget elementor-widget-image\" data-id=\"44dbae3\" data-element_type=\"widget\" data-widget_type=\"image.default\">\n\t\t\t\t<div class=\"elementor-widget-container\">\n\t\t\t\t\t\t\t\t\t\t\t\t\t<img decoding=\"async\" width=\"768\" height=\"148\" src=\"https:\/\/nextgensd.com\/wp-content\/uploads\/2025\/03\/BBB-2025-logos_leads-768x148.jpg\" class=\"attachment-medium_large size-medium_large wp-image-32908\" alt=\"\" srcset=\"https:\/\/nextgensd.com\/wp-content\/uploads\/2025\/03\/BBB-2025-logos_leads-768x148.jpg 768w, https:\/\/nextgensd.com\/wp-content\/uploads\/2025\/03\/BBB-2025-logos_leads-300x58.jpg 300w, https:\/\/nextgensd.com\/wp-content\/uploads\/2025\/03\/BBB-2025-logos_leads-1024x197.jpg 1024w, https:\/\/nextgensd.com\/wp-content\/uploads\/2025\/03\/BBB-2025-logos_leads-1536x296.jpg 1536w, https:\/\/nextgensd.com\/wp-content\/uploads\/2025\/03\/BBB-2025-logos_leads.jpg 1920w\" sizes=\"(max-width: 768px) 100vw, 768px\" \/>\t\t\t\t\t\t\t\t\t\t\t\t\t<\/div>\n\t\t\t\t<\/div>\n\t\t\t\t\t<\/div>\n\t\t<\/div>\n\t\t\t\t\t<\/div>\n\t\t<\/section>\n\t\t<div class=\"elementor-element elementor-element-f34f4e4 e-flex e-con-boxed e-con e-parent\" data-id=\"f34f4e4\" data-element_type=\"container\">\n\t\t\t\t\t<div class=\"e-con-inner\">\n\t\t\t\t<div class=\"elementor-element elementor-element-9bcd5e8 elementor-widget elementor-widget-heading\" data-id=\"9bcd5e8\" data-element_type=\"widget\" data-widget_type=\"heading.default\">\n\t\t\t\t<div class=\"elementor-widget-container\">\n\t\t\t<h2 class=\"elementor-heading-title elementor-size-default\">Organizaciones asociadas<\/h2>\t\t<\/div>\n\t\t\t\t<\/div>\n\t\t\t\t<div class=\"elementor-element elementor-element-2f25287 elementor-widget elementor-widget-image\" data-id=\"2f25287\" data-element_type=\"widget\" data-widget_type=\"image.default\">\n\t\t\t\t<div class=\"elementor-widget-container\">\n\t\t\t\t\t\t\t\t\t\t\t\t\t<img decoding=\"async\" width=\"800\" height=\"450\" src=\"https:\/\/nextgensd.com\/wp-content\/uploads\/2026\/03\/BBB-2026-logos_Partners_1-1024x576.jpg\" class=\"attachment-large size-large wp-image-37370\" alt=\"\" srcset=\"https:\/\/nextgensd.com\/wp-content\/uploads\/2026\/03\/BBB-2026-logos_Partners_1-1024x576.jpg 1024w, https:\/\/nextgensd.com\/wp-content\/uploads\/2026\/03\/BBB-2026-logos_Partners_1-300x169.jpg 300w, https:\/\/nextgensd.com\/wp-content\/uploads\/2026\/03\/BBB-2026-logos_Partners_1-768x432.jpg 768w, https:\/\/nextgensd.com\/wp-content\/uploads\/2026\/03\/BBB-2026-logos_Partners_1-1536x864.jpg 1536w, https:\/\/nextgensd.com\/wp-content\/uploads\/2026\/03\/BBB-2026-logos_Partners_1.jpg 1920w\" sizes=\"(max-width: 800px) 100vw, 800px\" \/>\t\t\t\t\t\t\t\t\t\t\t\t\t<\/div>\n\t\t\t\t<\/div>\n\t\t\t\t<div class=\"elementor-element elementor-element-8f2bd0e elementor-widget elementor-widget-image\" data-id=\"8f2bd0e\" data-element_type=\"widget\" data-widget_type=\"image.default\">\n\t\t\t\t<div class=\"elementor-widget-container\">\n\t\t\t\t\t\t\t\t\t\t\t\t\t<img loading=\"lazy\" decoding=\"async\" width=\"800\" height=\"450\" src=\"https:\/\/nextgensd.com\/wp-content\/uploads\/2026\/03\/BBB-2026-logos_Partners_2-1-3-1024x576.jpg\" class=\"attachment-large size-large wp-image-37785\" alt=\"\" srcset=\"https:\/\/nextgensd.com\/wp-content\/uploads\/2026\/03\/BBB-2026-logos_Partners_2-1-3-1024x576.jpg 1024w, https:\/\/nextgensd.com\/wp-content\/uploads\/2026\/03\/BBB-2026-logos_Partners_2-1-3-300x169.jpg 300w, https:\/\/nextgensd.com\/wp-content\/uploads\/2026\/03\/BBB-2026-logos_Partners_2-1-3-768x432.jpg 768w, https:\/\/nextgensd.com\/wp-content\/uploads\/2026\/03\/BBB-2026-logos_Partners_2-1-3-1536x864.jpg 1536w, https:\/\/nextgensd.com\/wp-content\/uploads\/2026\/03\/BBB-2026-logos_Partners_2-1-3.jpg 1920w\" sizes=\"(max-width: 800px) 100vw, 800px\" \/>\t\t\t\t\t\t\t\t\t\t\t\t\t<\/div>\n\t\t\t\t<\/div>\n\t\t\t\t<div class=\"elementor-element elementor-element-bd56fee elementor-widget elementor-widget-image\" data-id=\"bd56fee\" data-element_type=\"widget\" data-widget_type=\"image.default\">\n\t\t\t\t<div class=\"elementor-widget-container\">\n\t\t\t\t\t\t\t\t\t\t\t\t\t<img loading=\"lazy\" decoding=\"async\" width=\"800\" height=\"450\" src=\"https:\/\/nextgensd.com\/wp-content\/uploads\/2026\/04\/BBB-2026-logos_Partners_3-1024x576.jpg\" class=\"attachment-large size-large wp-image-37818\" alt=\"\" srcset=\"https:\/\/nextgensd.com\/wp-content\/uploads\/2026\/04\/BBB-2026-logos_Partners_3-1024x576.jpg 1024w, https:\/\/nextgensd.com\/wp-content\/uploads\/2026\/04\/BBB-2026-logos_Partners_3-300x169.jpg 300w, https:\/\/nextgensd.com\/wp-content\/uploads\/2026\/04\/BBB-2026-logos_Partners_3-768x432.jpg 768w, https:\/\/nextgensd.com\/wp-content\/uploads\/2026\/04\/BBB-2026-logos_Partners_3-1536x864.jpg 1536w, https:\/\/nextgensd.com\/wp-content\/uploads\/2026\/04\/BBB-2026-logos_Partners_3.jpg 1920w\" sizes=\"(max-width: 800px) 100vw, 800px\" \/>\t\t\t\t\t\t\t\t\t\t\t\t\t<\/div>\n\t\t\t\t<\/div>\n\t\t\t\t<div class=\"elementor-element elementor-element-39c997d elementor-widget elementor-widget-image\" data-id=\"39c997d\" data-element_type=\"widget\" data-widget_type=\"image.default\">\n\t\t\t\t<div class=\"elementor-widget-container\">\n\t\t\t\t\t\t\t\t\t\t\t\t\t<img loading=\"lazy\" decoding=\"async\" width=\"800\" height=\"117\" src=\"https:\/\/nextgensd.com\/wp-content\/uploads\/2026\/04\/BBB-2026-logos_Partners_4-1024x150.jpg\" class=\"attachment-large size-large wp-image-37820\" alt=\"\" srcset=\"https:\/\/nextgensd.com\/wp-content\/uploads\/2026\/04\/BBB-2026-logos_Partners_4-1024x150.jpg 1024w, https:\/\/nextgensd.com\/wp-content\/uploads\/2026\/04\/BBB-2026-logos_Partners_4-300x44.jpg 300w, https:\/\/nextgensd.com\/wp-content\/uploads\/2026\/04\/BBB-2026-logos_Partners_4-768x112.jpg 768w, https:\/\/nextgensd.com\/wp-content\/uploads\/2026\/04\/BBB-2026-logos_Partners_4-1536x225.jpg 1536w, https:\/\/nextgensd.com\/wp-content\/uploads\/2026\/04\/BBB-2026-logos_Partners_4.jpg 1920w\" sizes=\"(max-width: 800px) 100vw, 800px\" \/>\t\t\t\t\t\t\t\t\t\t\t\t\t<\/div>\n\t\t\t\t<\/div>\n\t\t\t\t\t<\/div>\n\t\t\t\t<\/div>\n\t\t\t\t<section class=\"elementor-section elementor-top-section elementor-element elementor-element-63f94f9 elementor-section-boxed elementor-section-height-default elementor-section-height-default\" data-id=\"63f94f9\" data-element_type=\"section\" data-settings=\"{&quot;background_background&quot;:&quot;classic&quot;}\">\n\t\t\t\t\t\t<div class=\"elementor-container elementor-column-gap-default\">\n\t\t\t\t\t<div class=\"elementor-column elementor-col-50 elementor-top-column elementor-element elementor-element-4a7a813\" data-id=\"4a7a813\" data-element_type=\"column\">\n\t\t\t<div class=\"elementor-widget-wrap elementor-element-populated\">\n\t\t\t\t\t\t<div class=\"elementor-element elementor-element-0a1e612 elementor-widget elementor-widget-heading\" data-id=\"0a1e612\" data-element_type=\"widget\" data-widget_type=\"heading.default\">\n\t\t\t\t<div class=\"elementor-widget-container\">\n\t\t\t<h2 class=\"elementor-heading-title elementor-size-default\">\u00bfD\u00f3nde?<\/h2>\t\t<\/div>\n\t\t\t\t<\/div>\n\t\t\t\t<div class=\"elementor-element elementor-element-cddc708 elementor-widget elementor-widget-text-editor\" data-id=\"cddc708\" data-element_type=\"widget\" data-widget_type=\"text-editor.default\">\n\t\t\t\t<div class=\"elementor-widget-container\">\n\t\t\t\t\t\t\t<h2>\u00c1reas prioritarias dentro de 15 kil\u00f3metros al norte o al sur de la frontera internacional entre Estados Unidos y M\u00e9xico.\u00a0<\/h2>\t\t\t\t\t\t<\/div>\n\t\t\t\t<\/div>\n\t\t\t\t\t<\/div>\n\t\t<\/div>\n\t\t\t\t<div class=\"elementor-column elementor-col-50 elementor-top-column elementor-element elementor-element-8b7f119\" data-id=\"8b7f119\" data-element_type=\"column\">\n\t\t\t<div class=\"elementor-widget-wrap elementor-element-populated\">\n\t\t\t\t\t\t<div class=\"elementor-element elementor-element-7658ae1 elementor-widget elementor-widget-heading\" data-id=\"7658ae1\" data-element_type=\"widget\" data-widget_type=\"heading.default\">\n\t\t\t\t<div class=\"elementor-widget-container\">\n\t\t\t<h2 class=\"elementor-heading-title elementor-size-default\">\u00bfCu\u00e1ndo?<\/h2>\t\t<\/div>\n\t\t\t\t<\/div>\n\t\t\t\t<div class=\"elementor-element elementor-element-8ca91db elementor-widget elementor-widget-text-editor\" data-id=\"8ca91db\" data-element_type=\"widget\" data-widget_type=\"text-editor.default\">\n\t\t\t\t<div class=\"elementor-widget-container\">\n\t\t\t\t\t\t\t<div><h2>Abril y mayo de 2026<\/h2><\/div>\t\t\t\t\t\t<\/div>\n\t\t\t\t<\/div>\n\t\t\t\t\t<\/div>\n\t\t<\/div>\n\t\t\t\t\t<\/div>\n\t\t<\/section>\n\t\t\t\t<section class=\"elementor-section elementor-top-section elementor-element elementor-element-ebf7586 elementor-section-boxed elementor-section-height-default elementor-section-height-default\" data-id=\"ebf7586\" data-element_type=\"section\">\n\t\t\t\t\t\t<div class=\"elementor-container elementor-column-gap-default\">\n\t\t\t\t\t<div class=\"elementor-column elementor-col-50 elementor-top-column elementor-element elementor-element-f17b292\" data-id=\"f17b292\" data-element_type=\"column\">\n\t\t\t<div class=\"elementor-widget-wrap elementor-element-populated\">\n\t\t\t\t\t\t<div class=\"elementor-element elementor-element-b62ae85 elementor-widget elementor-widget-heading\" data-id=\"b62ae85\" data-element_type=\"widget\" data-widget_type=\"heading.default\">\n\t\t\t\t<div class=\"elementor-widget-container\">\n\t\t\t<h3 class=\"elementor-heading-title elementor-size-default\">DISCLAIMER:\n\n<\/h3>\t\t<\/div>\n\t\t\t\t<\/div>\n\t\t\t\t<div class=\"elementor-element elementor-element-e13ba8f elementor-widget elementor-widget-text-editor\" data-id=\"e13ba8f\" data-element_type=\"widget\" data-widget_type=\"text-editor.default\">\n\t\t\t\t<div class=\"elementor-widget-container\">\n\t\t\t\t\t\t\t<ul><li class=\"western\">All teams are independently organized. N-Gen and\/or collaborating organizations are not responsible for organizing teams.<\/li><li>Any\u00a0and all\u00a0views, information, or opinions expressed by teams,\u00a0team organizers, or team members\u00a0are\u00a0their own\u00a0and do not necessarily reflect the views of N-Gen, partner organizations,\u00a0<span lang=\"ES-MX\">other participating individuals<\/span>,\u00a0or any\u00a0other agency.<\/li><li class=\"western\">Each team and\/or participant is responsible for securing licenses and\/or permits and alerting or coordinating with authorities if necessary.<\/li><li class=\"western\">All BioBlitz participants are individuals participating on a voluntary basis, and assume any and all risks involved.<\/li><li class=\"western\">N-Gen and\/or collaborating organizations are not responsible for participants\u2019 actions during the BioBlitz.<\/li><\/ul>\t\t\t\t\t\t<\/div>\n\t\t\t\t<\/div>\n\t\t\t\t\t<\/div>\n\t\t<\/div>\n\t\t\t\t<div class=\"elementor-column elementor-col-50 elementor-top-column elementor-element elementor-element-0be8953\" data-id=\"0be8953\" data-element_type=\"column\">\n\t\t\t<div class=\"elementor-widget-wrap elementor-element-populated\">\n\t\t\t\t\t\t<div class=\"elementor-element elementor-element-8caac92 elementor-widget elementor-widget-heading\" data-id=\"8caac92\" data-element_type=\"widget\" data-widget_type=\"heading.default\">\n\t\t\t\t<div class=\"elementor-widget-container\">\n\t\t\t<h3 class=\"elementor-heading-title elementor-size-default\">DESLINDE DE RESPONSABILIDADES:\n\n<\/h3>\t\t<\/div>\n\t\t\t\t<\/div>\n\t\t\t\t<div class=\"elementor-element elementor-element-35e2bea elementor-widget elementor-widget-text-editor\" data-id=\"35e2bea\" data-element_type=\"widget\" data-widget_type=\"text-editor.default\">\n\t\t\t\t<div class=\"elementor-widget-container\">\n\t\t\t\t\t\t\t<ul><li>Todos los equipos est\u00e1n organizados independientemente. N-Gen y\/o las organizaciones\u00a0asociadas no son responsables de organizar los equipos.<\/li><li>Todas y cada una de las opiniones, informaci\u00f3n o puntos de vista expresadas por los equipos, los organizadores del\/los equipo(s) o los miembros del\/ los equipo(s) son propias y no necesariamente reflejan los puntos de vista de N-Gen, organizaciones participantes, otras personas participantes o cualquier otra agencia u organizaci\u00f3n.<\/li><li>Cada equipo y\/o participante es responsable de obtener las licencias y\/o permisos y de comunicar o coordinar con las autoridades en caso de ser necesario.<\/li><li>Todos los colaboradores\u00a0del BioBlitz de la Frontera participan de manera voluntaria y asumen cualquier\u00a0riesgo\u00a0que esto\u00a0implique.<\/li><li>N-Gen y\/o las organizaciones asociadas no son responsables de los actos y\/o acciones de los participantes durante el BioBlitz.<\/li><\/ul>\t\t\t\t\t\t<\/div>\n\t\t\t\t<\/div>\n\t\t\t\t\t<\/div>\n\t\t<\/div>\n\t\t\t\t\t<\/div>\n\t\t<\/section>\n\t\t\t\t<\/div>\n\t\t","protected":false},"excerpt":{"rendered":"<p>El BioBlitz de la Frontera es un esfuerzo de ciencia ciudadana que busca registrar el mayor n\u00famero de especies posible a lo largo de la frontera entre Estados Unidos y M\u00e9xico.<\/p>\n","protected":false},"author":1,"featured_media":36719,"parent":0,"menu_order":2,"comment_status":"open","ping_status":"open","template":"elementor_header_footer","meta":{"footnotes":""},"acf":[],"_links":{"self":[{"href":"https:\/\/nextgensd.com\/es\/wp-json\/wp\/v2\/pages\/36561"}],"collection":[{"href":"https:\/\/nextgensd.com\/es\/wp-json\/wp\/v2\/pages"}],"about":[{"href":"https:\/\/nextgensd.com\/es\/wp-json\/wp\/v2\/types\/page"}],"author":[{"embeddable":true,"href":"https:\/\/nextgensd.com\/es\/wp-json\/wp\/v2\/users\/1"}],"replies":[{"embeddable":true,"href":"https:\/\/nextgensd.com\/es\/wp-json\/wp\/v2\/comments?post=36561"}],"version-history":[{"count":47,"href":"https:\/\/nextgensd.com\/es\/wp-json\/wp\/v2\/pages\/36561\/revisions"}],"predecessor-version":[{"id":37826,"href":"https:\/\/nextgensd.com\/es\/wp-json\/wp\/v2\/pages\/36561\/revisions\/37826"}],"wp:featuredmedia":[{"embeddable":true,"href":"https:\/\/nextgensd.com\/es\/wp-json\/wp\/v2\/media\/36719"}],"wp:attachment":[{"href":"https:\/\/nextgensd.com\/es\/wp-json\/wp\/v2\/media?parent=36561"}],"curies":[{"name":"wp","href":"https:\/\/api.w.org\/{rel}","templated":true}]}}