{"id":35859,"date":"2025-10-14T03:30:30","date_gmt":"2025-10-14T03:30:30","guid":{"rendered":"https:\/\/nextgensd.com\/?page_id=35859"},"modified":"2025-10-14T03:41:48","modified_gmt":"2025-10-14T03:41:48","slug":"becas-para-investigadores-de-carrera-temprana","status":"publish","type":"page","link":"https:\/\/nextgensd.com\/es\/becas-2025\/becas-para-investigadores-de-carrera-temprana\/","title":{"rendered":"Becas para Investigadores de Carrera Temprana"},"content":{"rendered":"\t\t<div data-elementor-type=\"wp-page\" data-elementor-id=\"35859\" class=\"elementor elementor-35859 elementor-35618\" data-elementor-post-type=\"page\">\n\t\t\t\t<div class=\"elementor-element elementor-element-41a6c1b e-flex e-con-boxed e-con e-parent\" data-id=\"41a6c1b\" data-element_type=\"container\" data-settings=\"{&quot;background_background&quot;:&quot;classic&quot;}\">\n\t\t\t\t\t<div class=\"e-con-inner\">\n\t\t\t\t<div class=\"elementor-element elementor-element-b527a4e elementor-widget elementor-widget-heading\" data-id=\"b527a4e\" data-element_type=\"widget\" data-widget_type=\"heading.default\">\n\t\t\t\t<div class=\"elementor-widget-container\">\n\t\t\t<style>\/*! elementor - v3.23.0 - 05-08-2024 *\/\n.elementor-heading-title{padding:0;margin:0;line-height:1}.elementor-widget-heading .elementor-heading-title[class*=elementor-size-]>a{color:inherit;font-size:inherit;line-height:inherit}.elementor-widget-heading .elementor-heading-title.elementor-size-small{font-size:15px}.elementor-widget-heading .elementor-heading-title.elementor-size-medium{font-size:19px}.elementor-widget-heading .elementor-heading-title.elementor-size-large{font-size:29px}.elementor-widget-heading .elementor-heading-title.elementor-size-xl{font-size:39px}.elementor-widget-heading .elementor-heading-title.elementor-size-xxl{font-size:59px}<\/style><h2 class=\"elementor-heading-title elementor-size-default\">Becas para Investigadores de Carrera Temprana<\/h2>\t\t<\/div>\n\t\t\t\t<\/div>\n\t\t\t\t\t<\/div>\n\t\t\t\t<\/div>\n\t\t<div class=\"elementor-element elementor-element-7480fe7 e-con-full e-flex e-con e-parent\" data-id=\"7480fe7\" data-element_type=\"container\">\n\t\t\t\t<div class=\"elementor-element elementor-element-2ced313 elementor-widget elementor-widget-html\" data-id=\"2ced313\" data-element_type=\"widget\" data-widget_type=\"html.default\">\n\t\t\t\t<div class=\"elementor-widget-container\">\n\t\t\t<style>\n        * {\n            margin: 0;\n            padding: 0;\n            box-sizing: border-box;\n        }\n\n        .projects-container {\n            display: grid;\n            grid-template-columns: repeat(auto-fit, minmax(320px, 1fr));\n            gap: 24px;\n            padding: 20px;\n            max-width: 1500px;\n            margin: 0 auto;\n        }\n\n        .project-card {\n            position: relative;\n            height: 400px;\n            border-radius: 12px;\n            overflow: hidden;\n            cursor: pointer;\n            transition: transform 0.3s ease, box-shadow 0.3s ease;\n            text-decoration: none;\n            display: block;\n        }\n\n        .project-card:hover {\n            transform: translateY(-8px);\n            box-shadow: 0 12px 24px rgba(0, 0, 0, 0.3);\n        }\n\n        .card-background {\n            position: absolute;\n            top: 0;\n            left: 0;\n            width: 100%;\n            height: 100%;\n            background-size: cover;\n            background-position: center;\n            background-repeat: no-repeat;\n        }\n\n        .card-overlay {\n            position: absolute;\n            top: 0;\n            left: 0;\n            width: 100%;\n            height: 100%;\n            background: linear-gradient(0deg, rgba(0, 0, 0, 0.7) 0%, rgba(0, 0, 0, 0.2) 100%);\n            transition: background 0.3s ease;\n        }\n\n        .project-card:hover .card-overlay {\n            background: linear-gradient(0deg, rgba(0, 0, 0, 0.6) 0%, rgba(0, 0, 0, 0.1) 100%);\n        }\n\n        .card-content {\n            position: relative;\n            height: 100%;\n            display: flex;\n            flex-direction: column;\n            justify-content: space-between;\n            padding: 24px;\n            color: white;\n            z-index: 1;\n        }\n\n        .card-icon {\n            width: 120px;\n            height: 120px;\n            object-fit: contain;\n            background: rgba(255, 255, 255, 0.0);\n            padding: 0px;\n            border-radius: 200px !important;\n            box-shadow: 0 4px 12px rgba(0, 0, 0, 0.2);\n        }\n\n        .card-title {\n            font-size: 1.25rem;\n            font-weight: 700;\n            line-height: 1.4;\n            margin: 0;\n            text-shadow: 2px 2px 4px rgba(0, 0, 0, 0.5);\n        }\n\n        @media (max-width: 768px) {\n            .projects-container {\n                grid-template-columns: 1fr;\n                padding: 16px;\n            }\n\n            .project-card {\n                height: 350px;\n            }\n\n            .card-title {\n                font-size: 1.1rem;\n            }\n\n            .card-icon {\n                width: 70px;\n                height: 70px;\n            }\n        }\n    <\/style>\n<div class=\"projects-container\" id=\"projectsContainer\"><\/div>\n\n    <script>\n        const projectsData = {\n    \"earlyCareerGrants\": [\n        {\n                \"id\": 1,\n            \"iconUrl\":\"https:\/\/nextgensd.com\/wp-content\/uploads\/elementor\/thumbs\/comunidad_web-rbwphs4s89l5v2th2fctdz6gjs7fd62gf8i5r85srg.png\",\n            \"title\": \"Percepci\u00f3n de riesgo y barreras para la adaptaci\u00f3n al cambio clim\u00e1tico en comunidades rurales de Sonora: El Caso de El Sabinito Sur\",\n            \"coverImgUrl\": \"https:\/\/nextgensd.com\/wp-content\/uploads\/2025\/09\/IMG_06_25_web-1.jpeg\",\n            \"url\": \"https:\/\/nextgensd.com\/es\/becas-2025\/percepcion-de-riesgo-y-barreras-para-la-adaptacion-al-cambio-climatico-en-comunidades-rurales-de-sonora-el-caso-de-el-sabinito-sur\/\"\n        },\n        {\n            \"id\": 2,\n            \"iconUrl\":\"https:\/\/nextgensd.com\/wp-content\/uploads\/elementor\/thumbs\/rescate-cultural_web-rbwphypnk3u64cjx0077dfiophazv1sks52k45w1jw.png\",\n            \"title\": \"Rescate cultural de las plantas medicinales de la regi\u00f3n del Pitayal, Sonora\",\n            \"coverImgUrl\": \"https:\/\/nextgensd.com\/wp-content\/uploads\/2025\/09\/IMG_6512-rotated.jpeg\",\n            \"url\": \"https:\/\/nextgensd.com\/es\/becas-2025\/rescate-cultural-de-las-plantas-medicinales-de-la-region-del-pitayal-sonora\/\"\n        },\n        {\n            \"id\": 3,\n            \"iconUrl\":\"https:\/\/nextgensd.com\/wp-content\/uploads\/elementor\/thumbs\/tiburon-b_web-rbwpi2h0bfzbesege1tpnekj30sgpu7i4noi19qgv0.png\",\n            \"title\": \"Distribuci\u00f3n espacial y conservaci\u00f3n del tibur\u00f3n ballena en el Golfo de California\",\n            \"coverImgUrl\": \"https:\/\/nextgensd.com\/wp-content\/uploads\/2025\/09\/whale_shark_web.webp\",\n            \"url\": \"https:\/\/nextgensd.com\/es\/becas-2025\/distribucion-espacial-y-conservacion-del-tiburon-ballena-en-el-golfo-de-california\/\"\n        },\n        {\n            \"id\": 4,\n            \"iconUrl\":\"https:\/\/nextgensd.com\/wp-content\/uploads\/elementor\/thumbs\/medida_web-rbwphvw4zlqb5io0ggzbny8axbow7yhdrr43oc082k.png\",\n            \"title\": \"\u00bfC\u00f3mo cambia la composici\u00f3n, estructura y diversidad de la vegetaci\u00f3n le\u00f1osa a lo largo de un gradiente altitudinal en \u00c1lamos, Sonora?\",\n            \"coverImgUrl\": \"https:\/\/nextgensd.com\/wp-content\/uploads\/2025\/09\/Foto-1_web.webp\",\n            \"url\": \"https:\/\/nextgensd.com\/es\/becas-2025\/como-cambia-la-composicion-estructura-y-diversidad-de-la-vegetacion\/\"\n        },\n        {\n            \"id\": 5,\n            \"iconUrl\":\"https:\/\/nextgensd.com\/wp-content\/uploads\/elementor\/thumbs\/sombrero_web-rbwpi1j64ly136ftjjf32wt2hmx3i53rsj10jzrv18.png\",\n            \"title\": \"Voces del Desierto: Comunicaci\u00f3n estrat\u00e9gica para fortalecer la participaci\u00f3n ranchera en alternativas sustentables\",\n            \"coverImgUrl\": \"https:\/\/nextgensd.com\/wp-content\/uploads\/2025\/09\/IMG_0207_web.webp\",\n            \"url\": \"https:\/\/nextgensd.com\/es\/becas-2025\/voces-del-desierto-comunicacion-estrategica-para-fortalecer-la-participacion-ranchera-en-alternativas-sustentables\/\"\n        },\n        {\n            \"id\": 6,\n            \"iconUrl\":\"https:\/\/nextgensd.com\/wp-content\/uploads\/elementor\/thumbs\/rescate-cultural-yoreme_web-rbwphznhqxvgfyijuiltxxa5av6d2qwb49q1lfundo.png\",\n            \"title\": \"Manual de Etnobot\u00e1nica del pueblo Yoreme Mayo\",\n            \"coverImgUrl\": \"https:\/\/nextgensd.com\/wp-content\/uploads\/2025\/09\/WhatsApp-Image-2025-08-11-at-3.55.48-PM_web.webp\",\n            \"url\": \"https:\/\/nextgensd.com\/es\/becas-2025\/manual-de-etnobotanica-del-pueblo-yoreme-mayo\/\"\n        },\n        {\n            \"id\": 7,\n            \"iconUrl\":\"https:\/\/nextgensd.com\/wp-content\/uploads\/elementor\/thumbs\/pitayo_web-rbwphwtz6frlh4mnazdy8fzripk9fnl43vrl5lytwc.png\",\n            \"title\": \"Variaci\u00f3n espacial en la dispersi\u00f3n y reclutamiento de la pitaya dulce Stenocereus thurberi, una cact\u00e1cea columnar del noroeste de M\u00e9xico\",\n            \"coverImgUrl\": \"https:\/\/nextgensd.com\/wp-content\/uploads\/2025\/09\/Organ_pipe_and_bird_web.webp\",\n            \"url\": \"https:\/\/nextgensd.com\/es\/becas-2025\/variacion-espacial-en-la-dispersion-y-reclutamiento-de-la-pitaya-dulce-stenocereus-thurberi-una-cactacea-columnar-del-noroeste-de-mexico\/\"\n        },\n        {\n            \"id\": 8,\n            \"iconUrl\":\"https:\/\/nextgensd.com\/wp-content\/uploads\/elementor\/thumbs\/maripos_web-rbwphuyasrp0twpdlykp3ggubxtj09dnfmgm721m8s.png\",\n            \"title\": \"Mariposas raras y amenazadas de Baja California\",\n            \"coverImgUrl\": \"https:\/\/nextgensd.com\/wp-content\/uploads\/2025\/09\/02_web.webp\",\n            \"url\": \"https:\/\/nextgensd.com\/es\/becas-2025\/mariposas-raras-y-amenazadas-de-baja-california\/\"\n        }\n    ]\n};\n\n\n        const container = document.getElementById('projectsContainer');\n\n        projectsData.earlyCareerGrants.forEach(project => {\n            const card = document.createElement('a');\n            card.className = 'project-card';\n            card.href = project.url;\n            \n            card.innerHTML = `\n                <div class=\"card-background\" style=\"background-image: url('${project.coverImgUrl}');\"><\/div>\n                <div class=\"card-overlay\"><\/div>\n                <div class=\"card-content\">\n                    <img decoding=\"async\" src=\"${project.iconUrl}\" alt=\"${project.title}\" class=\"card-icon\">\n                    <h3 class=\"card-title\">${project.title}<\/h3>\n                <\/div>\n            `;\n            \n            container.appendChild(card);\n        });\n    <\/script>\t\t<\/div>\n\t\t\t\t<\/div>\n\t\t\t\t<\/div>\n\t\t\t\t<\/div>\n\t\t","protected":false},"excerpt":{"rendered":"<p>Becas para Investigadores de Carrera Temprana<\/p>\n","protected":false},"author":1,"featured_media":0,"parent":35848,"menu_order":0,"comment_status":"closed","ping_status":"closed","template":"elementor_header_footer","meta":{"footnotes":""},"acf":[],"_links":{"self":[{"href":"https:\/\/nextgensd.com\/es\/wp-json\/wp\/v2\/pages\/35859"}],"collection":[{"href":"https:\/\/nextgensd.com\/es\/wp-json\/wp\/v2\/pages"}],"about":[{"href":"https:\/\/nextgensd.com\/es\/wp-json\/wp\/v2\/types\/page"}],"author":[{"embeddable":true,"href":"https:\/\/nextgensd.com\/es\/wp-json\/wp\/v2\/users\/1"}],"replies":[{"embeddable":true,"href":"https:\/\/nextgensd.com\/es\/wp-json\/wp\/v2\/comments?post=35859"}],"version-history":[{"count":10,"href":"https:\/\/nextgensd.com\/es\/wp-json\/wp\/v2\/pages\/35859\/revisions"}],"predecessor-version":[{"id":35870,"href":"https:\/\/nextgensd.com\/es\/wp-json\/wp\/v2\/pages\/35859\/revisions\/35870"}],"up":[{"embeddable":true,"href":"https:\/\/nextgensd.com\/es\/wp-json\/wp\/v2\/pages\/35848"}],"wp:attachment":[{"href":"https:\/\/nextgensd.com\/es\/wp-json\/wp\/v2\/media?parent=35859"}],"curies":[{"name":"wp","href":"https:\/\/api.w.org\/{rel}","templated":true}]}}