{"id":35843,"date":"2025-10-14T03:08:08","date_gmt":"2025-10-14T03:08:08","guid":{"rendered":"https:\/\/nextgensd.com\/?page_id=35843"},"modified":"2025-10-14T03:53:24","modified_gmt":"2025-10-14T03:53:24","slug":"acerca","status":"publish","type":"page","link":"https:\/\/nextgensd.com\/es\/becas-2025\/acerca\/","title":{"rendered":"Acerca"},"content":{"rendered":"\t\t<div data-elementor-type=\"wp-page\" data-elementor-id=\"35843\" class=\"elementor elementor-35843 elementor-35600\" data-elementor-post-type=\"page\">\n\t\t\t\t<div class=\"elementor-element elementor-element-41a6c1b e-flex e-con-boxed e-con e-parent\" data-id=\"41a6c1b\" data-element_type=\"container\" data-settings=\"{&quot;background_background&quot;:&quot;classic&quot;}\">\n\t\t\t\t\t<div class=\"e-con-inner\">\n\t\t\t\t<div class=\"elementor-element elementor-element-b527a4e elementor-widget elementor-widget-heading\" data-id=\"b527a4e\" data-element_type=\"widget\" data-widget_type=\"heading.default\">\n\t\t\t\t<div class=\"elementor-widget-container\">\n\t\t\t<style>\/*! elementor - v3.23.0 - 05-08-2024 *\/\n.elementor-heading-title{padding:0;margin:0;line-height:1}.elementor-widget-heading .elementor-heading-title[class*=elementor-size-]>a{color:inherit;font-size:inherit;line-height:inherit}.elementor-widget-heading .elementor-heading-title.elementor-size-small{font-size:15px}.elementor-widget-heading .elementor-heading-title.elementor-size-medium{font-size:19px}.elementor-widget-heading .elementor-heading-title.elementor-size-large{font-size:29px}.elementor-widget-heading .elementor-heading-title.elementor-size-xl{font-size:39px}.elementor-widget-heading .elementor-heading-title.elementor-size-xxl{font-size:59px}<\/style><h2 class=\"elementor-heading-title elementor-size-default\">Acerca<\/h2>\t\t<\/div>\n\t\t\t\t<\/div>\n\t\t\t\t\t<\/div>\n\t\t\t\t<\/div>\n\t\t<div class=\"elementor-element elementor-element-b1b52dc e-flex e-con-boxed e-con e-parent\" data-id=\"b1b52dc\" data-element_type=\"container\">\n\t\t\t\t\t<div class=\"e-con-inner\">\n\t\t\t\t<div class=\"elementor-element elementor-element-6eedd6a elementor-widget elementor-widget-text-editor\" data-id=\"6eedd6a\" data-element_type=\"widget\" data-widget_type=\"text-editor.default\">\n\t\t\t\t<div class=\"elementor-widget-container\">\n\t\t\t<style>\/*! elementor - v3.23.0 - 05-08-2024 *\/\n.elementor-widget-text-editor.elementor-drop-cap-view-stacked .elementor-drop-cap{background-color:#69727d;color:#fff}.elementor-widget-text-editor.elementor-drop-cap-view-framed .elementor-drop-cap{color:#69727d;border:3px solid;background-color:transparent}.elementor-widget-text-editor:not(.elementor-drop-cap-view-default) .elementor-drop-cap{margin-top:8px}.elementor-widget-text-editor:not(.elementor-drop-cap-view-default) .elementor-drop-cap-letter{width:1em;height:1em}.elementor-widget-text-editor .elementor-drop-cap{float:left;text-align:center;line-height:1;font-size:50px}.elementor-widget-text-editor .elementor-drop-cap-letter{display:inline-block}<\/style>\t\t\t\t<p>Cr\u00e9dito de la foto: Alan Harper<\/p>\t\t\t\t\t\t<\/div>\n\t\t\t\t<\/div>\n\t\t\t\t\t<\/div>\n\t\t\t\t<\/div>\n\t\t<div class=\"elementor-element elementor-element-c1e5233 e-flex e-con-boxed e-con e-parent\" data-id=\"c1e5233\" data-element_type=\"container\">\n\t\t\t\t\t<div class=\"e-con-inner\">\n\t\t\t\t<div class=\"elementor-element elementor-element-2bd6aed elementor-widget elementor-widget-text-editor\" data-id=\"2bd6aed\" data-element_type=\"widget\" data-widget_type=\"text-editor.default\">\n\t\t\t\t<div class=\"elementor-widget-container\">\n\t\t\t\t\t\t\t<p>El Programa de Becas de Investigaci\u00f3n de Campo de N-Gen ofrece apoyo financiero a estudiantes, pueblos originarios y profesionales en etapa temprana de carrera, y proyectos de investigaci\u00f3n colaborativos en el Desierto Sonorense, vinculando el conocimiento cient\u00edfico con la acci\u00f3n local a trav\u00e9s de la colaboraci\u00f3n con la <a href=\"https:\/\/unec.org.mx\/\">Uni\u00f3n de Estaciones de Campo del Noroeste de M\u00e9xico (UNEC)<\/a>.<\/p><p>La UNEC es una red colaborativa de organizaciones que gestionan estaciones de campo con una misi\u00f3n com\u00fan: promover la conservaci\u00f3n de los ecosistemas y la biodiversidad a trav\u00e9s de la investigaci\u00f3n cient\u00edfica, la participaci\u00f3n de la comunidad y el desarrollo de redes de investigaci\u00f3n transdisciplinarias.<\/p>\t\t\t\t\t\t<\/div>\n\t\t\t\t<\/div>\n\t\t\t\t\t<\/div>\n\t\t\t\t<\/div>\n\t\t<div class=\"elementor-element elementor-element-197db90 e-flex e-con-boxed e-con e-parent\" data-id=\"197db90\" data-element_type=\"container\">\n\t\t\t\t\t<div class=\"e-con-inner\">\n\t\t\t\t<div class=\"elementor-element elementor-element-84bae36 elementor-widget elementor-widget-html\" data-id=\"84bae36\" data-element_type=\"widget\" data-widget_type=\"html.default\">\n\t\t\t\t<div class=\"elementor-widget-container\">\n\t\t\t<iframe src=\"https:\/\/www.google.com\/maps\/d\/u\/1\/embed?mid=1Ozt10QzGJDgLZUcSj0OpH7eEr-gqjo8&ehbc=2E312F\" width=\"640\" height=\"480\"><\/iframe>\t\t<\/div>\n\t\t\t\t<\/div>\n\t\t\t\t\t<\/div>\n\t\t\t\t<\/div>\n\t\t<div class=\"elementor-element elementor-element-57143c9 e-flex e-con-boxed e-con e-parent\" data-id=\"57143c9\" data-element_type=\"container\">\n\t\t\t\t\t<div class=\"e-con-inner\">\n\t\t\t\t<div class=\"elementor-element elementor-element-5f353c6 elementor-widget elementor-widget-text-editor\" data-id=\"5f353c6\" data-element_type=\"widget\" data-widget_type=\"text-editor.default\">\n\t\t\t\t<div class=\"elementor-widget-container\">\n\t\t\t\t\t\t\t<p><span style=\"font-weight: 400;\">En la primavera de 2025 lanzamos el Programa de Becas de Investigaci\u00f3n de Campo de N-Gen en colaboraci\u00f3n con la UNEC.<\/span><\/p><p><span style=\"font-weight: 400;\">Anteriormente, entre 2017 y 2019, N-Gen apoy\u00f3 9 becas colaborativas y 14 becas para investigadores de carrera temprana. <\/span><a href=\"https:\/\/nextgensd.com\/grants\/\"><span style=\"font-weight: 400;\">Consulta aqu\u00ed la descripci\u00f3n general de estos proyectos.<\/span><\/a><span style=\"font-weight: 400;\">\u00a0<\/span><\/p><p><span style=\"font-weight: 400;\">Las becas fueron de 5000 d\u00f3lares estadounidenses para los proyectos Colaborativos y de 1500 d\u00f3lares estadounidenses para investigadores de Carrera Temprana.<\/span><\/p><p><span style=\"font-weight: 400;\">Para la convocatoria de 2025, los proyectos deb\u00edan ajustarse al siguiente perfil:<\/span><\/p><ul><li style=\"font-weight: 400;\" aria-level=\"1\"><span style=\"font-weight: 400;\">Todos los proyectos deb\u00edan llevarse a cabo en, o en colaboraci\u00f3n con, al menos una estaci\u00f3n de campo de la UNEC (consulta el mapa con las Estaciones de Campo de la UNEC).<\/span><\/li><li style=\"font-weight: 400;\" aria-level=\"1\"><span style=\"font-weight: 400;\">Se solicit\u00f3 una carta de apoyo de las estaciones de campo colaboradoras como parte de la solicitud previa a la propuesta.<\/span><\/li><li style=\"font-weight: 400;\" aria-level=\"1\"><span style=\"font-weight: 400;\">Todas las personas solicitantes deb\u00edan ser miembros de N-Gen.<\/span><\/li><li style=\"font-weight: 400;\" aria-level=\"1\"><span style=\"font-weight: 400;\">Los proyectos deb\u00edan estar dise\u00f1ados para un periodo de un a\u00f1o, con fecha de inicio el 1 de septiembre de 2025 y de finalizaci\u00f3n el 31 de agosto de 2026.<\/span><\/li><li style=\"font-weight: 400;\" aria-level=\"1\"><span style=\"font-weight: 400;\">No hubo restricciones en cuanto a la afiliaci\u00f3n de las personas solicitantes.\u00a0<\/span><\/li><li style=\"font-weight: 400;\" aria-level=\"1\"><span style=\"font-weight: 400;\">No hubo \u00e1reas tem\u00e1ticas ni geogr\u00e1ficas predefinidas, siempre y cuando la propuesta estuviera vinculada a una Estaci\u00f3n de Campo de la UNEC.<\/span><\/li><li style=\"font-weight: 400;\" aria-level=\"1\"><span style=\"font-weight: 400;\">Hubo una fase de pre-propuestas, tras la cual se invit\u00f3 a algunas personas a presentar una propuesta completa.<\/span><\/li><li style=\"font-weight: 400;\" aria-level=\"1\"><span style=\"font-weight: 400;\">Las propuestas completas contienen un plan de trabajo m\u00e1s detallado en colaboraci\u00f3n con la estaci\u00f3n o estaciones de campo. Tambi\u00e9n se pidi\u00f3 a los solicitantes responder a las preguntas de los revisores y proporcionar informaci\u00f3n adicional sobre el proyecto y el presupuesto.<\/span><\/li><li style=\"font-weight: 400;\" aria-level=\"1\"><span style=\"font-weight: 400;\">Una persona pod\u00eda solicitar una Beca de Investigaci\u00f3n de Campo para Estudiantes, Pueblos Originarios y Profesionales en Etapa Temprana de Carrera a t\u00edtulo individual o una Beca de Investigaci\u00f3n Colaborativa como parte de un equipo. Sin embargo, cada individuo solo pod\u00eda presentar una solicitud.<\/span><\/li><li style=\"font-weight: 400;\" aria-level=\"1\"><span style=\"font-weight: 400;\">Las propuestas fueron evaluadas por el Comit\u00e9 Directivo de N-Gen. Las decisiones finales fueron comunicadas en agosto de 2025.<\/span><\/li><\/ul><p><span style=\"font-weight: 400;\">\u00a1<a href=\"\/es\/unirse\/\">\u00danete a nuestra red<\/a> y no te pierdas la pr\u00f3xima convocatoria de propuestas!<\/span><\/p>\t\t\t\t\t\t<\/div>\n\t\t\t\t<\/div>\n\t\t\t\t\t<\/div>\n\t\t\t\t<\/div>\n\t\t\t\t<\/div>\n\t\t","protected":false},"excerpt":{"rendered":"<p>Acerca Cr\u00e9dito de la foto: Alan Harper El Programa de Becas de Investigaci\u00f3n de Campo de N-Gen ofrece apoyo financiero a estudiantes, pueblos originarios y profesionales en etapa temprana de carrera, y proyectos de investigaci\u00f3n colaborativos en el Desierto Sonorense, vinculando el conocimiento cient\u00edfico con la acci\u00f3n local a trav\u00e9s de la colaboraci\u00f3n con la [&hellip;]<\/p>\n","protected":false},"author":1,"featured_media":0,"parent":35848,"menu_order":0,"comment_status":"closed","ping_status":"closed","template":"elementor_header_footer","meta":{"footnotes":""},"acf":[],"_links":{"self":[{"href":"https:\/\/nextgensd.com\/es\/wp-json\/wp\/v2\/pages\/35843"}],"collection":[{"href":"https:\/\/nextgensd.com\/es\/wp-json\/wp\/v2\/pages"}],"about":[{"href":"https:\/\/nextgensd.com\/es\/wp-json\/wp\/v2\/types\/page"}],"author":[{"embeddable":true,"href":"https:\/\/nextgensd.com\/es\/wp-json\/wp\/v2\/users\/1"}],"replies":[{"embeddable":true,"href":"https:\/\/nextgensd.com\/es\/wp-json\/wp\/v2\/comments?post=35843"}],"version-history":[{"count":7,"href":"https:\/\/nextgensd.com\/es\/wp-json\/wp\/v2\/pages\/35843\/revisions"}],"predecessor-version":[{"id":35884,"href":"https:\/\/nextgensd.com\/es\/wp-json\/wp\/v2\/pages\/35843\/revisions\/35884"}],"up":[{"embeddable":true,"href":"https:\/\/nextgensd.com\/es\/wp-json\/wp\/v2\/pages\/35848"}],"wp:attachment":[{"href":"https:\/\/nextgensd.com\/es\/wp-json\/wp\/v2\/media?parent=35843"}],"curies":[{"name":"wp","href":"https:\/\/api.w.org\/{rel}","templated":true}]}}