{"id":35484,"date":"2025-09-18T00:57:54","date_gmt":"2025-09-18T00:57:54","guid":{"rendered":"https:\/\/nextgensd.com\/?page_id=35484"},"modified":"2025-10-11T21:32:51","modified_gmt":"2025-10-11T21:32:51","slug":"mariposas-raras-y-amenazadas-de-baja-california","status":"publish","type":"page","link":"https:\/\/nextgensd.com\/es\/becas-2025\/mariposas-raras-y-amenazadas-de-baja-california\/","title":{"rendered":"Mariposas raras y amenazadas de Baja California"},"content":{"rendered":"\t\t<div data-elementor-type=\"wp-page\" data-elementor-id=\"35484\" class=\"elementor elementor-35484 elementor-35282\" data-elementor-post-type=\"page\">\n\t\t\t\t<div class=\"elementor-element elementor-element-51733f4 e-flex e-con-boxed e-con e-parent\" data-id=\"51733f4\" data-element_type=\"container\">\n\t\t\t\t\t<div class=\"e-con-inner\">\n\t\t\t\t<div class=\"elementor-element elementor-element-4ea1700 elementor-widget elementor-widget-image\" data-id=\"4ea1700\" data-element_type=\"widget\" data-widget_type=\"image.default\">\n\t\t\t\t<div class=\"elementor-widget-container\">\n\t\t\t<style>\/*! elementor - v3.23.0 - 05-08-2024 *\/\n.elementor-widget-image{text-align:center}.elementor-widget-image a{display:inline-block}.elementor-widget-image a img[src$=\".svg\"]{width:48px}.elementor-widget-image img{vertical-align:middle;display:inline-block}<\/style>\t\t\t\t\t\t\t\t\t\t<img decoding=\"async\" src=\"https:\/\/nextgensd.com\/wp-content\/uploads\/elementor\/thumbs\/maripos_web-rbwphuyasrp0twpdlykp3ggubxtj09dnfmgm721m8s.png\" title=\"maripos_web\" alt=\"maripos_web\" loading=\"lazy\" \/>\t\t\t\t\t\t\t\t\t\t\t\t\t<\/div>\n\t\t\t\t<\/div>\n\t\t\t\t<div class=\"elementor-element elementor-element-58c5757 elementor-widget__width-initial elementor-widget elementor-widget-heading\" data-id=\"58c5757\" data-element_type=\"widget\" data-widget_type=\"heading.default\">\n\t\t\t\t<div class=\"elementor-widget-container\">\n\t\t\t<style>\/*! elementor - v3.23.0 - 05-08-2024 *\/\n.elementor-heading-title{padding:0;margin:0;line-height:1}.elementor-widget-heading .elementor-heading-title[class*=elementor-size-]>a{color:inherit;font-size:inherit;line-height:inherit}.elementor-widget-heading .elementor-heading-title.elementor-size-small{font-size:15px}.elementor-widget-heading .elementor-heading-title.elementor-size-medium{font-size:19px}.elementor-widget-heading .elementor-heading-title.elementor-size-large{font-size:29px}.elementor-widget-heading .elementor-heading-title.elementor-size-xl{font-size:39px}.elementor-widget-heading .elementor-heading-title.elementor-size-xxl{font-size:59px}<\/style><h1 class=\"elementor-heading-title elementor-size-default\">Mariposas raras y amenazadas de Baja California<\/h1>\t\t<\/div>\n\t\t\t\t<\/div>\n\t\t\t\t\t<\/div>\n\t\t\t\t<\/div>\n\t\t<div class=\"elementor-element elementor-element-ac949b4 e-flex e-con-boxed e-con e-parent\" data-id=\"ac949b4\" data-element_type=\"container\">\n\t\t\t\t\t<div class=\"e-con-inner\">\n\t\t\t\t<div class=\"elementor-element elementor-element-cc6dfa8 elementor-widget elementor-widget-text-editor\" data-id=\"cc6dfa8\" data-element_type=\"widget\" data-widget_type=\"text-editor.default\">\n\t\t\t\t<div class=\"elementor-widget-container\">\n\t\t\t<style>\/*! elementor - v3.23.0 - 05-08-2024 *\/\n.elementor-widget-text-editor.elementor-drop-cap-view-stacked .elementor-drop-cap{background-color:#69727d;color:#fff}.elementor-widget-text-editor.elementor-drop-cap-view-framed .elementor-drop-cap{color:#69727d;border:3px solid;background-color:transparent}.elementor-widget-text-editor:not(.elementor-drop-cap-view-default) .elementor-drop-cap{margin-top:8px}.elementor-widget-text-editor:not(.elementor-drop-cap-view-default) .elementor-drop-cap-letter{width:1em;height:1em}.elementor-widget-text-editor .elementor-drop-cap{float:left;text-align:center;line-height:1;font-size:50px}.elementor-widget-text-editor .elementor-drop-cap-letter{display:inline-block}<\/style>\t\t\t\t<p>\ud83d\udccdSan Quint\u00edn, Baja California<br \/>Punta Colonet, Baja California<\/p><p>\ud83c\udfe2 Siempre Viva<\/p>\t\t\t\t\t\t<\/div>\n\t\t\t\t<\/div>\n\t\t\t\t\t<\/div>\n\t\t\t\t<\/div>\n\t\t<div class=\"elementor-element elementor-element-e71806a e-flex e-con-boxed e-con e-parent\" data-id=\"e71806a\" data-element_type=\"container\">\n\t\t\t\t\t<div class=\"e-con-inner\">\n\t\t\t\t<div class=\"elementor-element elementor-element-e7d6f82 elementor-widget elementor-widget-heading\" data-id=\"e7d6f82\" data-element_type=\"widget\" data-widget_type=\"heading.default\">\n\t\t\t\t<div class=\"elementor-widget-container\">\n\t\t\t<h2 class=\"elementor-heading-title elementor-size-default\">Responsable<\/h2>\t\t<\/div>\n\t\t\t\t<\/div>\n\t\t\t\t<div class=\"elementor-element elementor-element-c622185 elementor-widget elementor-widget-button\" data-id=\"c622185\" data-element_type=\"widget\" data-widget_type=\"button.default\">\n\t\t\t\t<div class=\"elementor-widget-container\">\n\t\t\t\t\t<div class=\"elementor-button-wrapper\">\n\t\t\t<a class=\"elementor-button elementor-button-link elementor-size-sm\" href=\"https:\/\/nextgensd.com\/researchers\/researcher\/cgv-rama\/\">\n\t\t\t\t\t\t<span class=\"elementor-button-content-wrapper\">\n\t\t\t\t\t\t\t\t\t<span class=\"elementor-button-text\">C\u00e9sar Garc\u00eda Valderrama<\/span>\n\t\t\t\t\t<\/span>\n\t\t\t\t\t<\/a>\n\t\t<\/div>\n\t\t\t\t<\/div>\n\t\t\t\t<\/div>\n\t\t\t\t\t<\/div>\n\t\t\t\t<\/div>\n\t\t<div class=\"elementor-element elementor-element-4e7a4fc e-con-full e-flex e-con e-parent\" data-id=\"4e7a4fc\" data-element_type=\"container\">\n\t\t\t\t<div class=\"elementor-element elementor-element-7608f4e pp-image-slider-carousel pp-ins-normal pp-ins-hover-normal pp-swiper-slider-pagination-outside elementor-widget elementor-widget-pp-image-slider\" data-id=\"7608f4e\" data-element_type=\"widget\" data-settings=\"{&quot;skin&quot;:&quot;carousel&quot;,&quot;pause_on_hover&quot;:&quot;yes&quot;,&quot;infinite_loop&quot;:&quot;yes&quot;}\" data-widget_type=\"pp-image-slider.default\">\n\t\t\t\t<div class=\"elementor-widget-container\">\n\t\t\t\t\t\t\t<div class=\"pp-image-slider-container pp-thumbs-equal-height\">\n\t\t\t<div class=\"pp-image-slider-wrap swiper-container-wrap\">\n\t\t\t\t<div class=\"pp-image-slider-box\">\n\t\t\t\t\t<div class=\"pp-image-slider pp-swiper-slider swiper\" id=\"pp-image-slider-7608f4e\" data-slider-settings=\"{&quot;direction&quot;:&quot;horizontal&quot;,&quot;speed&quot;:600,&quot;effect&quot;:&quot;slide&quot;,&quot;slidesPerView&quot;:3,&quot;slidesPerGroup&quot;:1,&quot;spaceBetween&quot;:10,&quot;autoHeight&quot;:true,&quot;loop&quot;:true,&quot;autoplay&quot;:{&quot;delay&quot;:3000},&quot;pagination&quot;:{&quot;el&quot;:&quot;.swiper-pagination-7608f4e&quot;,&quot;type&quot;:&quot;bullets&quot;,&quot;clickable&quot;:true},&quot;breakpoints&quot;:{&quot;1025&quot;:{&quot;slidesPerView&quot;:3,&quot;slidesPerGroup&quot;:1,&quot;spaceBetween&quot;:10},&quot;768&quot;:{&quot;slidesPerView&quot;:2,&quot;slidesPerGroup&quot;:1,&quot;spaceBetween&quot;:10},&quot;320&quot;:{&quot;slidesPerView&quot;:1,&quot;slidesPerGroup&quot;:1,&quot;spaceBetween&quot;:10}}}\">\n\t\t\t\t\t\t<div class=\"swiper-wrapper\">\n\t\t\t\t\t\t\t\t\t\t<div class=\"pp-image-slider-thumb-item-wrap pp-swiper-slide swiper-slide\">\n\t\t\t\t<div class=\"pp-image-slider-thumb-item pp-ins-filter-hover\"><div class=\"pp-image-slider-thumb-image pp-ins-filter-target\" style=\"background-image:url(https:\/\/nextgensd.com\/wp-content\/uploads\/2025\/09\/01_web.webp)\"><\/div><div class=\"pp-image-slider-thumb-overlay pp-media-overlay\"><\/div><\/div>\t\t\t<\/div>\n\t\t\t\t\t\t<div class=\"pp-image-slider-thumb-item-wrap pp-swiper-slide swiper-slide\">\n\t\t\t\t<div class=\"pp-image-slider-thumb-item pp-ins-filter-hover\"><div class=\"pp-image-slider-thumb-image pp-ins-filter-target\" style=\"background-image:url(https:\/\/nextgensd.com\/wp-content\/uploads\/2025\/09\/02_web.webp)\"><\/div><div class=\"pp-image-slider-thumb-overlay pp-media-overlay\"><\/div><\/div>\t\t\t<\/div>\n\t\t\t\t\t\t<div class=\"pp-image-slider-thumb-item-wrap pp-swiper-slide swiper-slide\">\n\t\t\t\t<div class=\"pp-image-slider-thumb-item pp-ins-filter-hover\"><div class=\"pp-image-slider-thumb-image pp-ins-filter-target\" style=\"background-image:url(https:\/\/nextgensd.com\/wp-content\/uploads\/2025\/09\/03_web.webp)\"><\/div><div class=\"pp-image-slider-thumb-overlay pp-media-overlay\"><\/div><\/div>\t\t\t<\/div>\n\t\t\t\t\t\t<div class=\"pp-image-slider-thumb-item-wrap pp-swiper-slide swiper-slide\">\n\t\t\t\t<div class=\"pp-image-slider-thumb-item pp-ins-filter-hover\"><div class=\"pp-image-slider-thumb-image pp-ins-filter-target\" style=\"background-image:url(https:\/\/nextgensd.com\/wp-content\/uploads\/2025\/09\/04_web.webp)\"><\/div><div class=\"pp-image-slider-thumb-overlay pp-media-overlay\"><\/div><\/div>\t\t\t<\/div>\n\t\t\t\t\t\t<div class=\"pp-image-slider-thumb-item-wrap pp-swiper-slide swiper-slide\">\n\t\t\t\t<div class=\"pp-image-slider-thumb-item pp-ins-filter-hover\"><div class=\"pp-image-slider-thumb-image pp-ins-filter-target\" style=\"background-image:url(https:\/\/nextgensd.com\/wp-content\/uploads\/2025\/09\/05_web.webp)\"><\/div><div class=\"pp-image-slider-thumb-overlay pp-media-overlay\"><\/div><\/div>\t\t\t<\/div>\n\t\t\t\t\t\t\t\t\t<\/div>\n\t\t\t\t\t<\/div>\n\t\t\t\t\t\t\t\t<!-- Add Pagination -->\n\t\t\t<div class=\"swiper-pagination swiper-pagination-7608f4e\"><\/div>\n\t\t\t\t\t\t\t<\/div>\n\t\t\t<\/div>\n\t\t\t\t\t<\/div>\n\t\t\t\t\t<\/div>\n\t\t\t\t<\/div>\n\t\t\t\t<\/div>\n\t\t<div class=\"elementor-element elementor-element-7cb201b e-flex e-con-boxed e-con e-parent\" data-id=\"7cb201b\" data-element_type=\"container\">\n\t\t\t\t\t<div class=\"e-con-inner\">\n\t\t\t\t<div class=\"elementor-element elementor-element-7998829 elementor-widget elementor-widget-heading\" data-id=\"7998829\" data-element_type=\"widget\" data-widget_type=\"heading.default\">\n\t\t\t\t<div class=\"elementor-widget-container\">\n\t\t\t<h2 class=\"elementor-heading-title elementor-size-default\">Resumen<\/h2>\t\t<\/div>\n\t\t\t\t<\/div>\n\t\t\t\t<div class=\"elementor-element elementor-element-306b045 elementor-widget elementor-widget-text-editor\" data-id=\"306b045\" data-element_type=\"widget\" data-widget_type=\"text-editor.default\">\n\t\t\t\t<div class=\"elementor-widget-container\">\n\t\t\t\t\t\t\t<p>Este proyecto se enfocar\u00e1 en buscar la presencia de cuatro especies de mariposas raras y amenazadas en la regi\u00f3n de San Quint\u00edn\u2013Colonet: Quino Checkerspot (Euphydryas editha quino), Hermes Copper (Lycaena hermes), Thorne\u2019s Hairstreak (Callophrys gryneus) y Sonoran Blue (Philotes sonorensis). Adem\u00e1s, se evaluar\u00e1 la calidad de las plantas hospederas identificadas para estas especies en dicha zona.<\/p><p>Desde 2023, se han realizado estudios sobre la presencia de algunas de estas mariposas en \u00e1reas de Tijuana, Tecate y Ensenada, con algunos hallazgos importantes. Este proyecto busca determinar si estas especies tambi\u00e9n habitan m\u00e1s al sur, y comparar sus poblaciones con las del norte del estado, observando posibles diferencias en distribuci\u00f3n y ecolog\u00eda.<\/p><p>Tambi\u00e9n ser\u00e1 fundamental observar las interacciones entre las mariposas y sus plantas hospederas, ya que las relaciones simbi\u00f3ticas, as\u00ed como los factores fenol\u00f3gicos y ed\u00e1ficos, a\u00fan no est\u00e1n completamente claros.<\/p><p>Considerando que se prev\u00e9 un ciclo de lluvias ENSO neutro y condiciones moderadamente secas, el estudio permitir\u00e1 conocer si estas poblaciones logran persistir en contextos \u00e1ridos, lo cual resulta crucial para su conservaci\u00f3n a largo plazo.<\/p>\t\t\t\t\t\t<\/div>\n\t\t\t\t<\/div>\n\t\t\t\t\t<\/div>\n\t\t\t\t<\/div>\n\t\t\t\t<\/div>\n\t\t","protected":false},"excerpt":{"rendered":"<p>Mariposas raras y amenazadas de Baja California \ud83d\udccdSan Quint\u00edn, Baja CaliforniaPunta Colonet, Baja California \ud83c\udfe2 Siempre Viva Responsable C\u00e9sar Garc\u00eda Valderrama Resumen Este proyecto se enfocar\u00e1 en buscar la presencia de cuatro especies de mariposas raras y amenazadas en la regi\u00f3n de San Quint\u00edn\u2013Colonet: Quino Checkerspot (Euphydryas editha quino), Hermes Copper (Lycaena hermes), Thorne\u2019s Hairstreak [&hellip;]<\/p>\n","protected":false},"author":1,"featured_media":0,"parent":35848,"menu_order":0,"comment_status":"closed","ping_status":"closed","template":"elementor_header_footer","meta":{"footnotes":""},"acf":[],"_links":{"self":[{"href":"https:\/\/nextgensd.com\/es\/wp-json\/wp\/v2\/pages\/35484"}],"collection":[{"href":"https:\/\/nextgensd.com\/es\/wp-json\/wp\/v2\/pages"}],"about":[{"href":"https:\/\/nextgensd.com\/es\/wp-json\/wp\/v2\/types\/page"}],"author":[{"embeddable":true,"href":"https:\/\/nextgensd.com\/es\/wp-json\/wp\/v2\/users\/1"}],"replies":[{"embeddable":true,"href":"https:\/\/nextgensd.com\/es\/wp-json\/wp\/v2\/comments?post=35484"}],"version-history":[{"count":7,"href":"https:\/\/nextgensd.com\/es\/wp-json\/wp\/v2\/pages\/35484\/revisions"}],"predecessor-version":[{"id":35762,"href":"https:\/\/nextgensd.com\/es\/wp-json\/wp\/v2\/pages\/35484\/revisions\/35762"}],"up":[{"embeddable":true,"href":"https:\/\/nextgensd.com\/es\/wp-json\/wp\/v2\/pages\/35848"}],"wp:attachment":[{"href":"https:\/\/nextgensd.com\/es\/wp-json\/wp\/v2\/media?parent=35484"}],"curies":[{"name":"wp","href":"https:\/\/api.w.org\/{rel}","templated":true}]}}