{"id":35454,"date":"2025-09-18T00:44:48","date_gmt":"2025-09-18T00:44:48","guid":{"rendered":"https:\/\/nextgensd.com\/?page_id=35454"},"modified":"2025-10-11T20:32:29","modified_gmt":"2025-10-11T20:32:29","slug":"rescate-cultural-de-las-plantas-medicinales-de-la-region-del-pitayal-sonora","status":"publish","type":"page","link":"https:\/\/nextgensd.com\/es\/becas-2025\/rescate-cultural-de-las-plantas-medicinales-de-la-region-del-pitayal-sonora\/","title":{"rendered":"Rescate cultural de las plantas medicinales de la regi\u00f3n del Pitayal, Sonora"},"content":{"rendered":"\t\t<div data-elementor-type=\"wp-page\" data-elementor-id=\"35454\" class=\"elementor elementor-35454 elementor-35251\" data-elementor-post-type=\"page\">\n\t\t\t\t<div class=\"elementor-element elementor-element-51733f4 e-flex e-con-boxed e-con e-parent\" data-id=\"51733f4\" data-element_type=\"container\">\n\t\t\t\t\t<div class=\"e-con-inner\">\n\t\t\t\t<div class=\"elementor-element elementor-element-4ea1700 elementor-widget elementor-widget-image\" data-id=\"4ea1700\" data-element_type=\"widget\" data-widget_type=\"image.default\">\n\t\t\t\t<div class=\"elementor-widget-container\">\n\t\t\t<style>\/*! elementor - v3.23.0 - 05-08-2024 *\/\n.elementor-widget-image{text-align:center}.elementor-widget-image a{display:inline-block}.elementor-widget-image a img[src$=\".svg\"]{width:48px}.elementor-widget-image img{vertical-align:middle;display:inline-block}<\/style>\t\t\t\t\t\t\t\t\t\t<img decoding=\"async\" src=\"https:\/\/nextgensd.com\/wp-content\/uploads\/elementor\/thumbs\/rescate-cultural_web-rbwphypo618dxcms7gmsfgxv85et6xefq1d56v4nkg.png\" title=\"rescate-cultural_web\" alt=\"rescate-cultural_web\" loading=\"lazy\" \/>\t\t\t\t\t\t\t\t\t\t\t\t\t<\/div>\n\t\t\t\t<\/div>\n\t\t\t\t<div class=\"elementor-element elementor-element-58c5757 elementor-widget__width-initial elementor-widget elementor-widget-heading\" data-id=\"58c5757\" data-element_type=\"widget\" data-widget_type=\"heading.default\">\n\t\t\t\t<div class=\"elementor-widget-container\">\n\t\t\t<style>\/*! elementor - v3.23.0 - 05-08-2024 *\/\n.elementor-heading-title{padding:0;margin:0;line-height:1}.elementor-widget-heading .elementor-heading-title[class*=elementor-size-]>a{color:inherit;font-size:inherit;line-height:inherit}.elementor-widget-heading .elementor-heading-title.elementor-size-small{font-size:15px}.elementor-widget-heading .elementor-heading-title.elementor-size-medium{font-size:19px}.elementor-widget-heading .elementor-heading-title.elementor-size-large{font-size:29px}.elementor-widget-heading .elementor-heading-title.elementor-size-xl{font-size:39px}.elementor-widget-heading .elementor-heading-title.elementor-size-xxl{font-size:59px}<\/style><h1 class=\"elementor-heading-title elementor-size-default\">Rescate cultural de las plantas medicinales de la regi\u00f3n del Pitayal, Sonora<\/h1>\t\t<\/div>\n\t\t\t\t<\/div>\n\t\t\t\t\t<\/div>\n\t\t\t\t<\/div>\n\t\t<div class=\"elementor-element elementor-element-ac949b4 e-flex e-con-boxed e-con e-parent\" data-id=\"ac949b4\" data-element_type=\"container\">\n\t\t\t\t\t<div class=\"e-con-inner\">\n\t\t\t\t<div class=\"elementor-element elementor-element-cc6dfa8 elementor-widget elementor-widget-text-editor\" data-id=\"cc6dfa8\" data-element_type=\"widget\" data-widget_type=\"text-editor.default\">\n\t\t\t\t<div class=\"elementor-widget-container\">\n\t\t\t<style>\/*! elementor - v3.23.0 - 05-08-2024 *\/\n.elementor-widget-text-editor.elementor-drop-cap-view-stacked .elementor-drop-cap{background-color:#69727d;color:#fff}.elementor-widget-text-editor.elementor-drop-cap-view-framed .elementor-drop-cap{color:#69727d;border:3px solid;background-color:transparent}.elementor-widget-text-editor:not(.elementor-drop-cap-view-default) .elementor-drop-cap{margin-top:8px}.elementor-widget-text-editor:not(.elementor-drop-cap-view-default) .elementor-drop-cap-letter{width:1em;height:1em}.elementor-widget-text-editor .elementor-drop-cap{float:left;text-align:center;line-height:1;font-size:50px}.elementor-widget-text-editor .elementor-drop-cap-letter{display:inline-block}<\/style>\t\t\t\t<p>\ud83d\udccd<span style=\"font-weight: 400;\">Huatabampo, Navojoa, Sonora<\/span><\/p><p>\ud83c\udfe2 Naturaleza y Cultura Sierra Madre<\/p>\t\t\t\t\t\t<\/div>\n\t\t\t\t<\/div>\n\t\t\t\t\t<\/div>\n\t\t\t\t<\/div>\n\t\t<div class=\"elementor-element elementor-element-8706cb5 e-flex e-con-boxed e-con e-parent\" data-id=\"8706cb5\" data-element_type=\"container\">\n\t\t\t\t\t<div class=\"e-con-inner\">\n\t\t\t\t<div class=\"elementor-element elementor-element-e7d6f82 elementor-widget elementor-widget-heading\" data-id=\"e7d6f82\" data-element_type=\"widget\" data-widget_type=\"heading.default\">\n\t\t\t\t<div class=\"elementor-widget-container\">\n\t\t\t<h2 class=\"elementor-heading-title elementor-size-default\">Responsable<\/h2>\t\t<\/div>\n\t\t\t\t<\/div>\n\t\t\t\t<div class=\"elementor-element elementor-element-c622185 elementor-align-center elementor-widget elementor-widget-button\" data-id=\"c622185\" data-element_type=\"widget\" data-widget_type=\"button.default\">\n\t\t\t\t<div class=\"elementor-widget-container\">\n\t\t\t\t\t<div class=\"elementor-button-wrapper\">\n\t\t\t<a class=\"elementor-button elementor-button-link elementor-size-sm\" href=\"https:\/\/nextgensd.com\/researchers\/researcher\/josepilar_13\/\">\n\t\t\t\t\t\t<span class=\"elementor-button-content-wrapper\">\n\t\t\t\t\t\t\t\t\t<span class=\"elementor-button-text\">Jos\u00e9 Pilar Pi\u00f1a Sesma<\/span>\n\t\t\t\t\t<\/span>\n\t\t\t\t\t<\/a>\n\t\t<\/div>\n\t\t\t\t<\/div>\n\t\t\t\t<\/div>\n\t\t\t\t\t<\/div>\n\t\t\t\t<\/div>\n\t\t<div class=\"elementor-element elementor-element-4e7a4fc e-con-full e-flex e-con e-parent\" data-id=\"4e7a4fc\" data-element_type=\"container\">\n\t\t\t\t<div class=\"elementor-element elementor-element-7608f4e pp-image-slider-carousel pp-ins-normal pp-ins-hover-normal pp-swiper-slider-pagination-outside elementor-widget elementor-widget-pp-image-slider\" data-id=\"7608f4e\" data-element_type=\"widget\" data-settings=\"{&quot;skin&quot;:&quot;carousel&quot;,&quot;pause_on_hover&quot;:&quot;yes&quot;,&quot;infinite_loop&quot;:&quot;yes&quot;}\" data-widget_type=\"pp-image-slider.default\">\n\t\t\t\t<div class=\"elementor-widget-container\">\n\t\t\t\t\t\t\t<div class=\"pp-image-slider-container pp-thumbs-equal-height\">\n\t\t\t<div class=\"pp-image-slider-wrap swiper-container-wrap\">\n\t\t\t\t<div class=\"pp-image-slider-box\">\n\t\t\t\t\t<div class=\"pp-image-slider pp-swiper-slider swiper\" id=\"pp-image-slider-7608f4e\" data-slider-settings=\"{&quot;direction&quot;:&quot;horizontal&quot;,&quot;speed&quot;:600,&quot;effect&quot;:&quot;slide&quot;,&quot;slidesPerView&quot;:3,&quot;slidesPerGroup&quot;:1,&quot;spaceBetween&quot;:10,&quot;autoHeight&quot;:true,&quot;loop&quot;:true,&quot;autoplay&quot;:{&quot;delay&quot;:3000},&quot;pagination&quot;:{&quot;el&quot;:&quot;.swiper-pagination-7608f4e&quot;,&quot;type&quot;:&quot;bullets&quot;,&quot;clickable&quot;:true},&quot;breakpoints&quot;:{&quot;1025&quot;:{&quot;slidesPerView&quot;:3,&quot;slidesPerGroup&quot;:1,&quot;spaceBetween&quot;:10},&quot;768&quot;:{&quot;slidesPerView&quot;:2,&quot;slidesPerGroup&quot;:1,&quot;spaceBetween&quot;:10},&quot;320&quot;:{&quot;slidesPerView&quot;:1,&quot;slidesPerGroup&quot;:1,&quot;spaceBetween&quot;:10}}}\">\n\t\t\t\t\t\t<div class=\"swiper-wrapper\">\n\t\t\t\t\t\t\t\t\t\t<div class=\"pp-image-slider-thumb-item-wrap pp-swiper-slide swiper-slide\">\n\t\t\t\t<div class=\"pp-image-slider-thumb-item pp-ins-filter-hover\"><div class=\"pp-image-slider-thumb-image pp-ins-filter-target\" style=\"background-image:url(https:\/\/nextgensd.com\/wp-content\/uploads\/2025\/09\/IMG_4249-rotated.jpeg)\"><\/div><div class=\"pp-image-slider-thumb-overlay pp-media-overlay\"><\/div><\/div>\t\t\t<\/div>\n\t\t\t\t\t\t<div class=\"pp-image-slider-thumb-item-wrap pp-swiper-slide swiper-slide\">\n\t\t\t\t<div class=\"pp-image-slider-thumb-item pp-ins-filter-hover\"><div class=\"pp-image-slider-thumb-image pp-ins-filter-target\" style=\"background-image:url(https:\/\/nextgensd.com\/wp-content\/uploads\/2025\/09\/IMG_6512-rotated.jpeg)\"><\/div><div class=\"pp-image-slider-thumb-overlay pp-media-overlay\"><\/div><\/div>\t\t\t<\/div>\n\t\t\t\t\t\t<div class=\"pp-image-slider-thumb-item-wrap pp-swiper-slide swiper-slide\">\n\t\t\t\t<div class=\"pp-image-slider-thumb-item pp-ins-filter-hover\"><div class=\"pp-image-slider-thumb-image pp-ins-filter-target\" style=\"background-image:url(https:\/\/nextgensd.com\/wp-content\/uploads\/2025\/09\/IMG_4164-rotated.jpeg)\"><\/div><div class=\"pp-image-slider-thumb-overlay pp-media-overlay\"><\/div><\/div>\t\t\t<\/div>\n\t\t\t\t\t\t<div class=\"pp-image-slider-thumb-item-wrap pp-swiper-slide swiper-slide\">\n\t\t\t\t<div class=\"pp-image-slider-thumb-item pp-ins-filter-hover\"><div class=\"pp-image-slider-thumb-image pp-ins-filter-target\" style=\"background-image:url(https:\/\/nextgensd.com\/wp-content\/uploads\/2025\/09\/IMG_4228-rotated.jpeg)\"><\/div><div class=\"pp-image-slider-thumb-overlay pp-media-overlay\"><\/div><\/div>\t\t\t<\/div>\n\t\t\t\t\t\t\t\t\t<\/div>\n\t\t\t\t\t<\/div>\n\t\t\t\t\t\t\t\t<!-- Add Pagination -->\n\t\t\t<div class=\"swiper-pagination swiper-pagination-7608f4e\"><\/div>\n\t\t\t\t\t\t\t<\/div>\n\t\t\t<\/div>\n\t\t\t\t\t<\/div>\n\t\t\t\t\t<\/div>\n\t\t\t\t<\/div>\n\t\t\t\t<\/div>\n\t\t<div class=\"elementor-element elementor-element-7cb201b e-flex e-con-boxed e-con e-parent\" data-id=\"7cb201b\" data-element_type=\"container\">\n\t\t\t\t\t<div class=\"e-con-inner\">\n\t\t\t\t<div class=\"elementor-element elementor-element-7998829 elementor-widget elementor-widget-heading\" data-id=\"7998829\" data-element_type=\"widget\" data-widget_type=\"heading.default\">\n\t\t\t\t<div class=\"elementor-widget-container\">\n\t\t\t<h2 class=\"elementor-heading-title elementor-size-default\">Resumen<\/h2>\t\t<\/div>\n\t\t\t\t<\/div>\n\t\t\t\t<div class=\"elementor-element elementor-element-306b045 elementor-widget elementor-widget-text-editor\" data-id=\"306b045\" data-element_type=\"widget\" data-widget_type=\"text-editor.default\">\n\t\t\t\t<div class=\"elementor-widget-container\">\n\t\t\t\t\t\t\t<p>Este proyecto tiene como objetivo principal rescatar y recopilar el conocimiento ancestral del pueblo Mayo (Yoreme) sobre las plantas medicinales presentes en su territorio, en la regi\u00f3n conocida como \u201cEl Pitayal\u201d, en el sur de Sonora.<\/p><p>A trav\u00e9s de una revisi\u00f3n bibliogr\u00e1fica y entrevistas con personas mayores portadoras del conocimiento tradicional, se elaborar\u00e1 una gu\u00eda en formato libro, disponible tanto en espa\u00f1ol como en lengua Mayo, para preservar y difundir estos saberes.<\/p><p>El documento incluir\u00e1 informaci\u00f3n bot\u00e1nica sobre las especies medicinales locales: nombre cient\u00edfico y com\u00fan, descripci\u00f3n, propiedades curativas y formas de uso tradicional por parte de la comunidad ind\u00edgena. Este conocimiento, transmitido de manera oral por generaciones, se encuentra actualmente en riesgo de desaparecer debido a factores como la modernizaci\u00f3n, la p\u00e9rdida de inter\u00e9s en las pr\u00e1cticas tradicionales y el desplazamiento cultural.<\/p><p>La gu\u00eda no solo tendr\u00e1 un valor cient\u00edfico y educativo, sino tambi\u00e9n un profundo significado cultural y social. Su elaboraci\u00f3n contribuir\u00e1 al fortalecimiento de la identidad y el patrimonio biocultural de la comunidad, y se espera que sirva como un referente que inspire a otras comunidades a valorar sus conocimientos tradicionales y sus plantas medicinales. Adem\u00e1s, busca impulsar pol\u00edticas p\u00fablicas que reconozcan y protejan la medicina tradicional como parte del patrimonio cultural de la regi\u00f3n.<\/p>\t\t\t\t\t\t<\/div>\n\t\t\t\t<\/div>\n\t\t\t\t\t<\/div>\n\t\t\t\t<\/div>\n\t\t\t\t<\/div>\n\t\t","protected":false},"excerpt":{"rendered":"<p>Rescate cultural de las plantas medicinales de la regi\u00f3n del Pitayal, Sonora \ud83d\udccdHuatabampo, Navojoa, Sonora \ud83c\udfe2 Naturaleza y Cultura Sierra Madre Responsable Jos\u00e9 Pilar Pi\u00f1a Sesma Resumen Este proyecto tiene como objetivo principal rescatar y recopilar el conocimiento ancestral del pueblo Mayo (Yoreme) sobre las plantas medicinales presentes en su territorio, en la regi\u00f3n conocida [&hellip;]<\/p>\n","protected":false},"author":1,"featured_media":0,"parent":35848,"menu_order":0,"comment_status":"closed","ping_status":"closed","template":"elementor_header_footer","meta":{"footnotes":""},"acf":[],"_links":{"self":[{"href":"https:\/\/nextgensd.com\/es\/wp-json\/wp\/v2\/pages\/35454"}],"collection":[{"href":"https:\/\/nextgensd.com\/es\/wp-json\/wp\/v2\/pages"}],"about":[{"href":"https:\/\/nextgensd.com\/es\/wp-json\/wp\/v2\/types\/page"}],"author":[{"embeddable":true,"href":"https:\/\/nextgensd.com\/es\/wp-json\/wp\/v2\/users\/1"}],"replies":[{"embeddable":true,"href":"https:\/\/nextgensd.com\/es\/wp-json\/wp\/v2\/comments?post=35454"}],"version-history":[{"count":10,"href":"https:\/\/nextgensd.com\/es\/wp-json\/wp\/v2\/pages\/35454\/revisions"}],"predecessor-version":[{"id":35714,"href":"https:\/\/nextgensd.com\/es\/wp-json\/wp\/v2\/pages\/35454\/revisions\/35714"}],"up":[{"embeddable":true,"href":"https:\/\/nextgensd.com\/es\/wp-json\/wp\/v2\/pages\/35848"}],"wp:attachment":[{"href":"https:\/\/nextgensd.com\/es\/wp-json\/wp\/v2\/media?parent=35454"}],"curies":[{"name":"wp","href":"https:\/\/api.w.org\/{rel}","templated":true}]}}