{"id":35449,"date":"2025-09-18T00:42:15","date_gmt":"2025-09-18T00:42:15","guid":{"rendered":"https:\/\/nextgensd.com\/?page_id=35449"},"modified":"2025-10-11T20:26:35","modified_gmt":"2025-10-11T20:26:35","slug":"percepcion-de-riesgo-y-barreras-para-la-adaptacion-al-cambio-climatico-en-comunidades-rurales-de-sonora-el-caso-de-el-sabinito-sur","status":"publish","type":"page","link":"https:\/\/nextgensd.com\/es\/becas-2025\/percepcion-de-riesgo-y-barreras-para-la-adaptacion-al-cambio-climatico-en-comunidades-rurales-de-sonora-el-caso-de-el-sabinito-sur\/","title":{"rendered":"Percepci\u00f3n de riesgo y barreras para la adaptaci\u00f3n al cambio clim\u00e1tico en comunidades rurales de Sonora: El Caso de El Sabinito Sur"},"content":{"rendered":"\t\t<div data-elementor-type=\"wp-page\" data-elementor-id=\"35449\" class=\"elementor elementor-35449 elementor-35245\" data-elementor-post-type=\"page\">\n\t\t\t\t<div class=\"elementor-element elementor-element-51733f4 e-flex e-con-boxed e-con e-parent\" data-id=\"51733f4\" data-element_type=\"container\">\n\t\t\t\t\t<div class=\"e-con-inner\">\n\t\t\t\t<div class=\"elementor-element elementor-element-4ea1700 elementor-widget elementor-widget-image\" data-id=\"4ea1700\" data-element_type=\"widget\" data-widget_type=\"image.default\">\n\t\t\t\t<div class=\"elementor-widget-container\">\n\t\t\t<style>\/*! elementor - v3.23.0 - 05-08-2024 *\/\n.elementor-widget-image{text-align:center}.elementor-widget-image a{display:inline-block}.elementor-widget-image a img[src$=\".svg\"]{width:48px}.elementor-widget-image img{vertical-align:middle;display:inline-block}<\/style>\t\t\t\t\t\t\t\t\t\t<img decoding=\"async\" src=\"https:\/\/nextgensd.com\/wp-content\/uploads\/elementor\/thumbs\/comunidad_web-rbwphs4su6zdo2wc9vseg0ln2gb8p1obd4sqtxees0.png\" title=\"comunidad_web\" alt=\"comunidad_web\" loading=\"lazy\" \/>\t\t\t\t\t\t\t\t\t\t\t\t\t<\/div>\n\t\t\t\t<\/div>\n\t\t\t\t<div class=\"elementor-element elementor-element-58c5757 elementor-widget__width-initial elementor-widget elementor-widget-heading\" data-id=\"58c5757\" data-element_type=\"widget\" data-widget_type=\"heading.default\">\n\t\t\t\t<div class=\"elementor-widget-container\">\n\t\t\t<style>\/*! elementor - v3.23.0 - 05-08-2024 *\/\n.elementor-heading-title{padding:0;margin:0;line-height:1}.elementor-widget-heading .elementor-heading-title[class*=elementor-size-]>a{color:inherit;font-size:inherit;line-height:inherit}.elementor-widget-heading .elementor-heading-title.elementor-size-small{font-size:15px}.elementor-widget-heading .elementor-heading-title.elementor-size-medium{font-size:19px}.elementor-widget-heading .elementor-heading-title.elementor-size-large{font-size:29px}.elementor-widget-heading .elementor-heading-title.elementor-size-xl{font-size:39px}.elementor-widget-heading .elementor-heading-title.elementor-size-xxl{font-size:59px}<\/style><h1 class=\"elementor-heading-title elementor-size-default\">Percepci\u00f3n de riesgo y barreras para la adaptaci\u00f3n al cambio clim\u00e1tico en comunidades rurales de Sonora: El Caso de El Sabinito Sur<\/h1>\t\t<\/div>\n\t\t\t\t<\/div>\n\t\t\t\t\t<\/div>\n\t\t\t\t<\/div>\n\t\t<div class=\"elementor-element elementor-element-ac949b4 e-flex e-con-boxed e-con e-parent\" data-id=\"ac949b4\" data-element_type=\"container\">\n\t\t\t\t\t<div class=\"e-con-inner\">\n\t\t\t\t<div class=\"elementor-element elementor-element-cc6dfa8 elementor-widget elementor-widget-text-editor\" data-id=\"cc6dfa8\" data-element_type=\"widget\" data-widget_type=\"text-editor.default\">\n\t\t\t\t<div class=\"elementor-widget-container\">\n\t\t\t<style>\/*! elementor - v3.23.0 - 05-08-2024 *\/\n.elementor-widget-text-editor.elementor-drop-cap-view-stacked .elementor-drop-cap{background-color:#69727d;color:#fff}.elementor-widget-text-editor.elementor-drop-cap-view-framed .elementor-drop-cap{color:#69727d;border:3px solid;background-color:transparent}.elementor-widget-text-editor:not(.elementor-drop-cap-view-default) .elementor-drop-cap{margin-top:8px}.elementor-widget-text-editor:not(.elementor-drop-cap-view-default) .elementor-drop-cap-letter{width:1em;height:1em}.elementor-widget-text-editor .elementor-drop-cap{float:left;text-align:center;line-height:1;font-size:50px}.elementor-widget-text-editor .elementor-drop-cap-letter{display:inline-block}<\/style>\t\t\t\t<p>\ud83d\udccdEl Sabinito Sur, \u00c1lamos, Sonora<\/p><p>\ud83c\udfe2 Naturaleza y Cultura Sierra Madre<\/p>\t\t\t\t\t\t<\/div>\n\t\t\t\t<\/div>\n\t\t\t\t\t<\/div>\n\t\t\t\t<\/div>\n\t\t<div class=\"elementor-element elementor-element-ace05ec e-flex e-con-boxed e-con e-parent\" data-id=\"ace05ec\" data-element_type=\"container\">\n\t\t\t\t\t<div class=\"e-con-inner\">\n\t\t\t\t<div class=\"elementor-element elementor-element-e7d6f82 elementor-widget elementor-widget-heading\" data-id=\"e7d6f82\" data-element_type=\"widget\" data-widget_type=\"heading.default\">\n\t\t\t\t<div class=\"elementor-widget-container\">\n\t\t\t<h2 class=\"elementor-heading-title elementor-size-default\">Responsable<\/h2>\t\t<\/div>\n\t\t\t\t<\/div>\n\t\t\t\t<div class=\"elementor-element elementor-element-c622185 elementor-align-center elementor-widget elementor-widget-button\" data-id=\"c622185\" data-element_type=\"widget\" data-widget_type=\"button.default\">\n\t\t\t\t<div class=\"elementor-widget-container\">\n\t\t\t\t\t<div class=\"elementor-button-wrapper\">\n\t\t\t<a class=\"elementor-button elementor-button-link elementor-size-sm\" href=\"https:\/\/nextgensd.com\/researchers\/researcher\/fryda_lujan\/\">\n\t\t\t\t\t\t<span class=\"elementor-button-content-wrapper\">\n\t\t\t\t\t\t\t\t\t<span class=\"elementor-button-text\">Fryda Ahidaly Luj\u00e1n M\u00e9ndez<\/span>\n\t\t\t\t\t<\/span>\n\t\t\t\t\t<\/a>\n\t\t<\/div>\n\t\t\t\t<\/div>\n\t\t\t\t<\/div>\n\t\t\t\t\t<\/div>\n\t\t\t\t<\/div>\n\t\t<div class=\"elementor-element elementor-element-4e7a4fc e-con-full e-flex e-con e-parent\" data-id=\"4e7a4fc\" data-element_type=\"container\">\n\t\t\t\t<div class=\"elementor-element elementor-element-7608f4e pp-image-slider-carousel pp-ins-normal pp-ins-hover-normal pp-swiper-slider-pagination-outside elementor-widget elementor-widget-pp-image-slider\" data-id=\"7608f4e\" data-element_type=\"widget\" data-settings=\"{&quot;skin&quot;:&quot;carousel&quot;,&quot;pause_on_hover&quot;:&quot;yes&quot;,&quot;infinite_loop&quot;:&quot;yes&quot;}\" data-widget_type=\"pp-image-slider.default\">\n\t\t\t\t<div class=\"elementor-widget-container\">\n\t\t\t\t\t\t\t<div class=\"pp-image-slider-container pp-thumbs-equal-height\">\n\t\t\t<div class=\"pp-image-slider-wrap swiper-container-wrap\">\n\t\t\t\t<div class=\"pp-image-slider-box\">\n\t\t\t\t\t<div class=\"pp-image-slider pp-swiper-slider swiper\" id=\"pp-image-slider-7608f4e\" data-slider-settings=\"{&quot;direction&quot;:&quot;horizontal&quot;,&quot;speed&quot;:600,&quot;effect&quot;:&quot;slide&quot;,&quot;slidesPerView&quot;:3,&quot;slidesPerGroup&quot;:1,&quot;spaceBetween&quot;:10,&quot;autoHeight&quot;:true,&quot;loop&quot;:true,&quot;autoplay&quot;:{&quot;delay&quot;:3000},&quot;pagination&quot;:{&quot;el&quot;:&quot;.swiper-pagination-7608f4e&quot;,&quot;type&quot;:&quot;bullets&quot;,&quot;clickable&quot;:true},&quot;navigation&quot;:{&quot;nextEl&quot;:&quot;.swiper-button-next-7608f4e&quot;,&quot;prevEl&quot;:&quot;.swiper-button-prev-7608f4e&quot;},&quot;breakpoints&quot;:{&quot;1025&quot;:{&quot;slidesPerView&quot;:3,&quot;slidesPerGroup&quot;:1,&quot;spaceBetween&quot;:10},&quot;768&quot;:{&quot;slidesPerView&quot;:2,&quot;slidesPerGroup&quot;:1,&quot;spaceBetween&quot;:10},&quot;320&quot;:{&quot;slidesPerView&quot;:1,&quot;slidesPerGroup&quot;:1,&quot;spaceBetween&quot;:10}}}\">\n\t\t\t\t\t\t<div class=\"swiper-wrapper\">\n\t\t\t\t\t\t\t\t\t\t<div class=\"pp-image-slider-thumb-item-wrap pp-swiper-slide swiper-slide\">\n\t\t\t\t<div class=\"pp-image-slider-thumb-item pp-ins-filter-hover\"><div class=\"pp-image-slider-thumb-image pp-ins-filter-target\" style=\"background-image:url(https:\/\/nextgensd.com\/wp-content\/uploads\/2025\/09\/IMG_06_25_web-1.jpeg)\"><\/div><div class=\"pp-image-slider-thumb-overlay pp-media-overlay\"><\/div><\/div>\t\t\t<\/div>\n\t\t\t\t\t\t<div class=\"pp-image-slider-thumb-item-wrap pp-swiper-slide swiper-slide\">\n\t\t\t\t<div class=\"pp-image-slider-thumb-item pp-ins-filter-hover\"><div class=\"pp-image-slider-thumb-image pp-ins-filter-target\" style=\"background-image:url(https:\/\/nextgensd.com\/wp-content\/uploads\/2025\/09\/IMG_1519_web.webp)\"><\/div><div class=\"pp-image-slider-thumb-overlay pp-media-overlay\"><\/div><\/div>\t\t\t<\/div>\n\t\t\t\t\t\t<div class=\"pp-image-slider-thumb-item-wrap pp-swiper-slide swiper-slide\">\n\t\t\t\t<div class=\"pp-image-slider-thumb-item pp-ins-filter-hover\"><div class=\"pp-image-slider-thumb-image pp-ins-filter-target\" style=\"background-image:url(https:\/\/nextgensd.com\/wp-content\/uploads\/2025\/09\/20250502_110631_web.webp)\"><\/div><div class=\"pp-image-slider-thumb-overlay pp-media-overlay\"><\/div><\/div>\t\t\t<\/div>\n\t\t\t\t\t\t<div class=\"pp-image-slider-thumb-item-wrap pp-swiper-slide swiper-slide\">\n\t\t\t\t<div class=\"pp-image-slider-thumb-item pp-ins-filter-hover\"><div class=\"pp-image-slider-thumb-image pp-ins-filter-target\" style=\"background-image:url(https:\/\/nextgensd.com\/wp-content\/uploads\/2025\/09\/DSCN0219_web.webp)\"><\/div><div class=\"pp-image-slider-thumb-overlay pp-media-overlay\"><\/div><\/div>\t\t\t<\/div>\n\t\t\t\t\t\t\t\t\t<\/div>\n\t\t\t\t\t<\/div>\n\t\t\t\t\t\t\t\t<!-- Add Pagination -->\n\t\t\t<div class=\"swiper-pagination swiper-pagination-7608f4e\"><\/div>\n\t\t\t\t\t\t\t<div class=\"pp-slider-arrow elementor-swiper-button-prev swiper-button-prev-7608f4e\" role=\"button\" tabindex=\"0\">\n\t\t\t\t\t<i aria-hidden=\"true\" class=\"fas fa-angle-left\"><\/i>\t\t\t\t<\/div>\n\t\t\t\t<div class=\"pp-slider-arrow elementor-swiper-button-next swiper-button-next-7608f4e\" role=\"button\" tabindex=\"0\">\n\t\t\t\t\t<i aria-hidden=\"true\" class=\"fas fa-angle-right\"><\/i>\t\t\t\t<\/div>\n\t\t\t\t\t\t\t<\/div>\n\t\t\t<\/div>\n\t\t\t\t\t<\/div>\n\t\t\t\t\t<\/div>\n\t\t\t\t<\/div>\n\t\t\t\t<\/div>\n\t\t<div class=\"elementor-element elementor-element-7cb201b e-flex e-con-boxed e-con e-parent\" data-id=\"7cb201b\" data-element_type=\"container\">\n\t\t\t\t\t<div class=\"e-con-inner\">\n\t\t\t\t<div class=\"elementor-element elementor-element-7998829 elementor-widget elementor-widget-heading\" data-id=\"7998829\" data-element_type=\"widget\" data-widget_type=\"heading.default\">\n\t\t\t\t<div class=\"elementor-widget-container\">\n\t\t\t<h2 class=\"elementor-heading-title elementor-size-default\">Resumen<\/h2>\t\t<\/div>\n\t\t\t\t<\/div>\n\t\t\t\t<div class=\"elementor-element elementor-element-306b045 elementor-widget elementor-widget-text-editor\" data-id=\"306b045\" data-element_type=\"widget\" data-widget_type=\"text-editor.default\">\n\t\t\t\t<div class=\"elementor-widget-container\">\n\t\t\t\t\t\t\t<p>Este proyecto busca comprender c\u00f3mo las comunidades rurales del sur de Sonora \u2014en particular El Sabinito Sur, ubicada dentro de la Reserva Ecol\u00f3gica Sierra de \u00c1lamos\u2013R\u00edo Cuchujaqui\u2014 perciben los riesgos clim\u00e1ticos y enfrentan barreras para adaptarse al cambio clim\u00e1tico.<\/p><p>Esta regi\u00f3n es altamente vulnerable a eventos extremos como sequ\u00edas prolongadas e inundaciones repentinas, fen\u00f3menos que se han intensificado en frecuencia y severidad en los \u00faltimos a\u00f1os. Mediante un enfoque cualitativo, cuantitativo y participativo, la investigaci\u00f3n analizar\u00e1 tanto los riesgos percibidos (como sequ\u00edas, lluvias, heladas inusuales o cambios en las estaciones) como los factores que limitan la capacidad de respuesta local.<\/p><p>Dado que la comunidad depende de medios de vida tradicionales \u2014como la ganader\u00eda, la agricultura de temporal, la recolecci\u00f3n y las artesan\u00edas\u2014 y enfrenta un alto grado de marginaci\u00f3n, es urgente visibilizar sus experiencias, conocimientos y estrategias frente a un clima cambiante.<\/p><p>Este trabajo busca generar conocimiento contextualizado que permita comprender de manera m\u00e1s profunda las din\u00e1micas de percepci\u00f3n de riesgo y adaptaci\u00f3n clim\u00e1tica, contribuyendo as\u00ed al dise\u00f1o de estrategias m\u00e1s pertinentes para contextos rurales y semi\u00e1ridos del sur de Sonora. Se espera que los hallazgos aporten a la construcci\u00f3n de pol\u00edticas de adaptaci\u00f3n m\u00e1s inclusivas y efectivas, con beneficios tanto para las comunidades como para los tomadores de decisiones.<\/p>\t\t\t\t\t\t<\/div>\n\t\t\t\t<\/div>\n\t\t\t\t\t<\/div>\n\t\t\t\t<\/div>\n\t\t\t\t<\/div>\n\t\t","protected":false},"excerpt":{"rendered":"<p>Percepci\u00f3n de riesgo y barreras para la adaptaci\u00f3n al cambio clim\u00e1tico en comunidades rurales de Sonora: El Caso de El Sabinito Sur \ud83d\udccdEl Sabinito Sur, \u00c1lamos, Sonora \ud83c\udfe2 Naturaleza y Cultura Sierra Madre Responsable Fryda Ahidaly Luj\u00e1n M\u00e9ndez Resumen Este proyecto busca comprender c\u00f3mo las comunidades rurales del sur de Sonora \u2014en particular El Sabinito [&hellip;]<\/p>\n","protected":false},"author":1,"featured_media":0,"parent":35848,"menu_order":0,"comment_status":"closed","ping_status":"closed","template":"elementor_header_footer","meta":{"footnotes":""},"acf":[],"_links":{"self":[{"href":"https:\/\/nextgensd.com\/es\/wp-json\/wp\/v2\/pages\/35449"}],"collection":[{"href":"https:\/\/nextgensd.com\/es\/wp-json\/wp\/v2\/pages"}],"about":[{"href":"https:\/\/nextgensd.com\/es\/wp-json\/wp\/v2\/types\/page"}],"author":[{"embeddable":true,"href":"https:\/\/nextgensd.com\/es\/wp-json\/wp\/v2\/users\/1"}],"replies":[{"embeddable":true,"href":"https:\/\/nextgensd.com\/es\/wp-json\/wp\/v2\/comments?post=35449"}],"version-history":[{"count":10,"href":"https:\/\/nextgensd.com\/es\/wp-json\/wp\/v2\/pages\/35449\/revisions"}],"predecessor-version":[{"id":35705,"href":"https:\/\/nextgensd.com\/es\/wp-json\/wp\/v2\/pages\/35449\/revisions\/35705"}],"up":[{"embeddable":true,"href":"https:\/\/nextgensd.com\/es\/wp-json\/wp\/v2\/pages\/35848"}],"wp:attachment":[{"href":"https:\/\/nextgensd.com\/es\/wp-json\/wp\/v2\/media?parent=35449"}],"curies":[{"name":"wp","href":"https:\/\/api.w.org\/{rel}","templated":true}]}}