{"id":35438,"date":"2025-09-18T00:22:57","date_gmt":"2025-09-18T00:22:57","guid":{"rendered":"https:\/\/nextgensd.com\/?page_id=35438"},"modified":"2025-10-11T22:09:02","modified_gmt":"2025-10-11T22:09:02","slug":"diversidad-de-abejas-en-el-noroeste-mexicano-patrones-espaciales-distribucion-y-conservacion-desde-sonora-hasta-baja-california-sur","status":"publish","type":"page","link":"https:\/\/nextgensd.com\/es\/becas-2025\/diversidad-de-abejas-en-el-noroeste-mexicano-patrones-espaciales-distribucion-y-conservacion-desde-sonora-hasta-baja-california-sur\/","title":{"rendered":"Diversidad de abejas en el noroeste mexicano: patrones espaciales, distribuci\u00f3n y conservaci\u00f3n desde Sonora hasta Baja California Sur"},"content":{"rendered":"\t\t<div data-elementor-type=\"wp-page\" data-elementor-id=\"35438\" class=\"elementor elementor-35438 elementor-35223\" data-elementor-post-type=\"page\">\n\t\t\t\t<div class=\"elementor-element elementor-element-51733f4 e-flex e-con-boxed e-con e-parent\" data-id=\"51733f4\" data-element_type=\"container\">\n\t\t\t\t\t<div class=\"e-con-inner\">\n\t\t\t\t<div class=\"elementor-element elementor-element-4ea1700 elementor-widget elementor-widget-image\" data-id=\"4ea1700\" data-element_type=\"widget\" data-widget_type=\"image.default\">\n\t\t\t\t<div class=\"elementor-widget-container\">\n\t\t\t<style>\/*! elementor - v3.23.0 - 05-08-2024 *\/\n.elementor-widget-image{text-align:center}.elementor-widget-image a{display:inline-block}.elementor-widget-image a img[src$=\".svg\"]{width:48px}.elementor-widget-image img{vertical-align:middle;display:inline-block}<\/style>\t\t\t\t\t\t\t\t\t\t<img decoding=\"async\" src=\"https:\/\/nextgensd.com\/wp-content\/uploads\/elementor\/thumbs\/abeja_web-rbwkeyiuybbfpgdmmef3f40x3tbc8i9xackbfr8ezg.png\" title=\"abeja_web\" alt=\"abeja_web\" loading=\"lazy\" \/>\t\t\t\t\t\t\t\t\t\t\t\t\t<\/div>\n\t\t\t\t<\/div>\n\t\t\t\t<div class=\"elementor-element elementor-element-58c5757 elementor-widget__width-initial elementor-widget elementor-widget-heading\" data-id=\"58c5757\" data-element_type=\"widget\" data-widget_type=\"heading.default\">\n\t\t\t\t<div class=\"elementor-widget-container\">\n\t\t\t<style>\/*! elementor - v3.23.0 - 05-08-2024 *\/\n.elementor-heading-title{padding:0;margin:0;line-height:1}.elementor-widget-heading .elementor-heading-title[class*=elementor-size-]>a{color:inherit;font-size:inherit;line-height:inherit}.elementor-widget-heading .elementor-heading-title.elementor-size-small{font-size:15px}.elementor-widget-heading .elementor-heading-title.elementor-size-medium{font-size:19px}.elementor-widget-heading .elementor-heading-title.elementor-size-large{font-size:29px}.elementor-widget-heading .elementor-heading-title.elementor-size-xl{font-size:39px}.elementor-widget-heading .elementor-heading-title.elementor-size-xxl{font-size:59px}<\/style><h1 class=\"elementor-heading-title elementor-size-default\">Diversidad de abejas en el noroeste mexicano: patrones espaciales, distribuci\u00f3n y conservaci\u00f3n desde Sonora hasta Baja California Sur\n<\/h1>\t\t<\/div>\n\t\t\t\t<\/div>\n\t\t\t\t\t<\/div>\n\t\t\t\t<\/div>\n\t\t<div class=\"elementor-element elementor-element-ac949b4 e-flex e-con-boxed e-con e-parent\" data-id=\"ac949b4\" data-element_type=\"container\">\n\t\t\t\t\t<div class=\"e-con-inner\">\n\t\t\t\t<div class=\"elementor-element elementor-element-cc6dfa8 elementor-widget elementor-widget-text-editor\" data-id=\"cc6dfa8\" data-element_type=\"widget\" data-widget_type=\"text-editor.default\">\n\t\t\t\t<div class=\"elementor-widget-container\">\n\t\t\t<style>\/*! elementor - v3.23.0 - 05-08-2024 *\/\n.elementor-widget-text-editor.elementor-drop-cap-view-stacked .elementor-drop-cap{background-color:#69727d;color:#fff}.elementor-widget-text-editor.elementor-drop-cap-view-framed .elementor-drop-cap{color:#69727d;border:3px solid;background-color:transparent}.elementor-widget-text-editor:not(.elementor-drop-cap-view-default) .elementor-drop-cap{margin-top:8px}.elementor-widget-text-editor:not(.elementor-drop-cap-view-default) .elementor-drop-cap-letter{width:1em;height:1em}.elementor-widget-text-editor .elementor-drop-cap{float:left;text-align:center;line-height:1;font-size:50px}.elementor-widget-text-editor .elementor-drop-cap-letter{display:inline-block}<\/style>\t\t\t\t<p>\ud83d\udccd<span style=\"font-weight: 400;\">Puerto Pe\u00f1asco, Sonora<\/span><\/p><p><span style=\"font-weight: 400;\">El Guayabo, \u00c1lamos, Sonora<\/span><\/p><p><span style=\"font-weight: 400;\">Bah\u00eda de los \u00c1ngeles, Baja California<\/span><\/p><p><span style=\"font-weight: 400;\">San Quint\u00edn, Baja California<\/span><\/p><p><span style=\"font-weight: 400;\">Loreto, Baja California Sur<\/span><\/p><p><span style=\"font-weight: 400;\">La Paz, Baja California Sur<\/span><\/p><p><span style=\"font-weight: 400;\">Todos Santos, Baja California Sur<\/span><\/p><p>\ud83c\udfe2 <span style=\"font-weight: 400;\">Centro Intercultural de Estudios de Desiertos y Oc\u00e9anos (CEDO)<\/span><\/p><p><span style=\"font-weight: 400;\">Naturaleza y Cultura Sierra Madre<\/span><\/p><p><span style=\"font-weight: 400;\">Vermilion Sea Institute<\/span><\/p><p><span style=\"font-weight: 400;\">Siempre Viva<\/span><\/p><p><span style=\"font-weight: 400;\">Eco Alianza<\/span><\/p><p><span style=\"font-weight: 400;\">Rancho Cacachilas<\/span><\/p><p><span style=\"font-weight: 400;\">Colorado State University (CSU)<\/span><\/p>\t\t\t\t\t\t<\/div>\n\t\t\t\t<\/div>\n\t\t\t\t\t<\/div>\n\t\t\t\t<\/div>\n\t\t<div class=\"elementor-element elementor-element-a0376f6 e-flex e-con-boxed e-con e-parent\" data-id=\"a0376f6\" data-element_type=\"container\">\n\t\t\t\t\t<div class=\"e-con-inner\">\n\t\t<div class=\"elementor-element elementor-element-d0e30d8 e-con-full e-flex e-con e-child\" data-id=\"d0e30d8\" data-element_type=\"container\">\n\t\t\t\t<div class=\"elementor-element elementor-element-7a2c281 elementor-widget elementor-widget-heading\" data-id=\"7a2c281\" data-element_type=\"widget\" data-widget_type=\"heading.default\">\n\t\t\t\t<div class=\"elementor-widget-container\">\n\t\t\t<h2 class=\"elementor-heading-title elementor-size-default\">Responsable<\/h2>\t\t<\/div>\n\t\t\t\t<\/div>\n\t\t\t\t<div class=\"elementor-element elementor-element-c622185 elementor-widget elementor-widget-button\" data-id=\"c622185\" data-element_type=\"widget\" data-widget_type=\"button.default\">\n\t\t\t\t<div class=\"elementor-widget-container\">\n\t\t\t\t\t<div class=\"elementor-button-wrapper\">\n\t\t\t<a class=\"elementor-button elementor-button-link elementor-size-sm\" href=\"https:\/\/nextgensd.com\/researchers\/researcher\/diegodepedro\/abejasdebaja\/\">\n\t\t\t\t\t\t<span class=\"elementor-button-content-wrapper\">\n\t\t\t\t\t\t\t\t\t<span class=\"elementor-button-text\">Diego de Pedro <\/span>\n\t\t\t\t\t<\/span>\n\t\t\t\t\t<\/a>\n\t\t<\/div>\n\t\t\t\t<\/div>\n\t\t\t\t<\/div>\n\t\t\t\t<\/div>\n\t\t<div class=\"elementor-element elementor-element-b227861 e-con-full e-flex e-con e-child\" data-id=\"b227861\" data-element_type=\"container\">\n\t\t\t\t<div class=\"elementor-element elementor-element-ee84873 elementor-widget elementor-widget-heading\" data-id=\"ee84873\" data-element_type=\"widget\" data-widget_type=\"heading.default\">\n\t\t\t\t<div class=\"elementor-widget-container\">\n\t\t\t<h2 class=\"elementor-heading-title elementor-size-default\">Colaborador(es)<\/h2>\t\t<\/div>\n\t\t\t\t<\/div>\n\t\t<div class=\"elementor-element elementor-element-7940a44 e-con-full e-flex e-con e-child\" data-id=\"7940a44\" data-element_type=\"container\">\n\t\t\t\t<div class=\"elementor-element elementor-element-595b543 elementor-widget elementor-widget-button\" data-id=\"595b543\" data-element_type=\"widget\" data-widget_type=\"button.default\">\n\t\t\t\t<div class=\"elementor-widget-container\">\n\t\t\t\t\t<div class=\"elementor-button-wrapper\">\n\t\t\t<a class=\"elementor-button elementor-button-link elementor-size-sm\" href=\"https:\/\/nextgensd.com\/researchers\/researcher\/sula-vanderplank\/\">\n\t\t\t\t\t\t<span class=\"elementor-button-content-wrapper\">\n\t\t\t\t\t\t\t\t\t<span class=\"elementor-button-text\">Sula Vanderplank<\/span>\n\t\t\t\t\t<\/span>\n\t\t\t\t\t<\/a>\n\t\t<\/div>\n\t\t\t\t<\/div>\n\t\t\t\t<\/div>\n\t\t\t\t<div class=\"elementor-element elementor-element-6a8ed2a elementor-widget elementor-widget-button\" data-id=\"6a8ed2a\" data-element_type=\"widget\" data-widget_type=\"button.default\">\n\t\t\t\t<div class=\"elementor-widget-container\">\n\t\t\t\t\t<div class=\"elementor-button-wrapper\">\n\t\t\t<a class=\"elementor-button elementor-button-link elementor-size-sm\" href=\"https:\/\/nextgensd.com\/researchers\/researcher\/scaptomex\/\">\n\t\t\t\t\t\t<span class=\"elementor-button-content-wrapper\">\n\t\t\t\t\t\t\t\t\t<span class=\"elementor-button-text\">R\u00e9my V\u00e1ndame<\/span>\n\t\t\t\t\t<\/span>\n\t\t\t\t\t<\/a>\n\t\t<\/div>\n\t\t\t\t<\/div>\n\t\t\t\t<\/div>\n\t\t\t\t<div class=\"elementor-element elementor-element-73884e9 elementor-widget elementor-widget-button\" data-id=\"73884e9\" data-element_type=\"widget\" data-widget_type=\"button.default\">\n\t\t\t\t<div class=\"elementor-widget-container\">\n\t\t\t\t\t<div class=\"elementor-button-wrapper\">\n\t\t\t<a class=\"elementor-button elementor-button-link elementor-size-sm\" href=\"https:\/\/nextgensd.com\/researchers\/researcher\/diana\/\">\n\t\t\t\t\t\t<span class=\"elementor-button-content-wrapper\">\n\t\t\t\t\t\t\t\t\t<span class=\"elementor-button-text\">Diana Caballero Alvarado <\/span>\n\t\t\t\t\t<\/span>\n\t\t\t\t\t<\/a>\n\t\t<\/div>\n\t\t\t\t<\/div>\n\t\t\t\t<\/div>\n\t\t\t\t<div class=\"elementor-element elementor-element-dc9789a elementor-widget elementor-widget-button\" data-id=\"dc9789a\" data-element_type=\"widget\" data-widget_type=\"button.default\">\n\t\t\t\t<div class=\"elementor-widget-container\">\n\t\t\t\t\t<div class=\"elementor-button-wrapper\">\n\t\t\t<a class=\"elementor-button elementor-button-link elementor-size-sm\" href=\"https:\/\/nextgensd.com\/researchers\/researcher\/andres-lira-noriega\/\">\n\t\t\t\t\t\t<span class=\"elementor-button-content-wrapper\">\n\t\t\t\t\t\t\t\t\t<span class=\"elementor-button-text\">Andr\u00e9s Lira Noriega <\/span>\n\t\t\t\t\t<\/span>\n\t\t\t\t\t<\/a>\n\t\t<\/div>\n\t\t\t\t<\/div>\n\t\t\t\t<\/div>\n\t\t\t\t<div class=\"elementor-element elementor-element-ccb2c81 elementor-widget elementor-widget-button\" data-id=\"ccb2c81\" data-element_type=\"widget\" data-widget_type=\"button.default\">\n\t\t\t\t<div class=\"elementor-widget-container\">\n\t\t\t\t\t<div class=\"elementor-button-wrapper\">\n\t\t\t<a class=\"elementor-button elementor-button-link elementor-size-sm\" href=\"https:\/\/nextgensd.com\/researchers\/researcher\/anava\/\">\n\t\t\t\t\t\t<span class=\"elementor-button-content-wrapper\">\n\t\t\t\t\t\t\t\t\t<span class=\"elementor-button-text\">\u00c1ngela Nava Bola\u00f1os <\/span>\n\t\t\t\t\t<\/span>\n\t\t\t\t\t<\/a>\n\t\t<\/div>\n\t\t\t\t<\/div>\n\t\t\t\t<\/div>\n\t\t\t\t<div class=\"elementor-element elementor-element-7e16a09 elementor-widget elementor-widget-button\" data-id=\"7e16a09\" data-element_type=\"widget\" data-widget_type=\"button.default\">\n\t\t\t\t<div class=\"elementor-widget-container\">\n\t\t\t\t\t<div class=\"elementor-button-wrapper\">\n\t\t\t<a class=\"elementor-button elementor-button-link elementor-size-sm\" href=\"https:\/\/nextgensd.com\/researchers\/researcher\/jmullins\/\">\n\t\t\t\t\t\t<span class=\"elementor-button-content-wrapper\">\n\t\t\t\t\t\t\t\t\t<span class=\"elementor-button-text\">Jessica Mullins<\/span>\n\t\t\t\t\t<\/span>\n\t\t\t\t\t<\/a>\n\t\t<\/div>\n\t\t\t\t<\/div>\n\t\t\t\t<\/div>\n\t\t\t\t<\/div>\n\t\t\t\t<\/div>\n\t\t\t\t\t<\/div>\n\t\t\t\t<\/div>\n\t\t<div class=\"elementor-element elementor-element-4e7a4fc e-con-full e-flex e-con e-parent\" data-id=\"4e7a4fc\" data-element_type=\"container\">\n\t\t\t\t<div class=\"elementor-element elementor-element-7608f4e pp-image-slider-carousel pp-ins-normal pp-ins-hover-normal pp-swiper-slider-pagination-outside elementor-widget elementor-widget-pp-image-slider\" data-id=\"7608f4e\" data-element_type=\"widget\" data-settings=\"{&quot;skin&quot;:&quot;carousel&quot;,&quot;pause_on_hover&quot;:&quot;yes&quot;,&quot;infinite_loop&quot;:&quot;yes&quot;}\" data-widget_type=\"pp-image-slider.default\">\n\t\t\t\t<div class=\"elementor-widget-container\">\n\t\t\t\t\t\t\t<div class=\"pp-image-slider-container pp-thumbs-equal-height\">\n\t\t\t<div class=\"pp-image-slider-wrap swiper-container-wrap\">\n\t\t\t\t<div class=\"pp-image-slider-box\">\n\t\t\t\t\t<div class=\"pp-image-slider pp-swiper-slider swiper\" id=\"pp-image-slider-7608f4e\" data-slider-settings=\"{&quot;direction&quot;:&quot;horizontal&quot;,&quot;speed&quot;:600,&quot;effect&quot;:&quot;slide&quot;,&quot;slidesPerView&quot;:3,&quot;slidesPerGroup&quot;:1,&quot;spaceBetween&quot;:10,&quot;autoHeight&quot;:true,&quot;loop&quot;:true,&quot;autoplay&quot;:{&quot;delay&quot;:3000},&quot;pagination&quot;:{&quot;el&quot;:&quot;.swiper-pagination-7608f4e&quot;,&quot;type&quot;:&quot;bullets&quot;,&quot;clickable&quot;:true},&quot;breakpoints&quot;:{&quot;1025&quot;:{&quot;slidesPerView&quot;:3,&quot;slidesPerGroup&quot;:1,&quot;spaceBetween&quot;:10},&quot;768&quot;:{&quot;slidesPerView&quot;:2,&quot;slidesPerGroup&quot;:1,&quot;spaceBetween&quot;:10},&quot;320&quot;:{&quot;slidesPerView&quot;:1,&quot;slidesPerGroup&quot;:1,&quot;spaceBetween&quot;:10}}}\">\n\t\t\t\t\t\t<div class=\"swiper-wrapper\">\n\t\t\t\t\t\t\t\t\t\t<div class=\"pp-image-slider-thumb-item-wrap pp-swiper-slide swiper-slide\">\n\t\t\t\t<div class=\"pp-image-slider-thumb-item pp-ins-filter-hover\"><div class=\"pp-image-slider-thumb-image pp-ins-filter-target\" style=\"background-image:url(https:\/\/nextgensd.com\/wp-content\/uploads\/2025\/09\/IMG_3030-2_web.webp)\"><\/div><div class=\"pp-image-slider-thumb-overlay pp-media-overlay\"><\/div><\/div>\t\t\t<\/div>\n\t\t\t\t\t\t<div class=\"pp-image-slider-thumb-item-wrap pp-swiper-slide swiper-slide\">\n\t\t\t\t<div class=\"pp-image-slider-thumb-item pp-ins-filter-hover\"><div class=\"pp-image-slider-thumb-image pp-ins-filter-target\" style=\"background-image:url(https:\/\/nextgensd.com\/wp-content\/uploads\/2025\/09\/5949-2_web.webp)\"><\/div><div class=\"pp-image-slider-thumb-overlay pp-media-overlay\"><\/div><\/div>\t\t\t<\/div>\n\t\t\t\t\t\t<div class=\"pp-image-slider-thumb-item-wrap pp-swiper-slide swiper-slide\">\n\t\t\t\t<div class=\"pp-image-slider-thumb-item pp-ins-filter-hover\"><div class=\"pp-image-slider-thumb-image pp-ins-filter-target\" style=\"background-image:url(https:\/\/nextgensd.com\/wp-content\/uploads\/2025\/09\/2360-1_web.webp)\"><\/div><div class=\"pp-image-slider-thumb-overlay pp-media-overlay\"><\/div><\/div>\t\t\t<\/div>\n\t\t\t\t\t\t\t\t\t<\/div>\n\t\t\t\t\t<\/div>\n\t\t\t\t\t\t\t\t<!-- Add Pagination -->\n\t\t\t<div class=\"swiper-pagination swiper-pagination-7608f4e\"><\/div>\n\t\t\t\t\t\t\t<\/div>\n\t\t\t<\/div>\n\t\t\t\t\t<\/div>\n\t\t\t\t\t<\/div>\n\t\t\t\t<\/div>\n\t\t\t\t<\/div>\n\t\t<div class=\"elementor-element elementor-element-7cb201b e-flex e-con-boxed e-con e-parent\" data-id=\"7cb201b\" data-element_type=\"container\">\n\t\t\t\t\t<div class=\"e-con-inner\">\n\t\t\t\t<div class=\"elementor-element elementor-element-7998829 elementor-widget elementor-widget-heading\" data-id=\"7998829\" data-element_type=\"widget\" data-widget_type=\"heading.default\">\n\t\t\t\t<div class=\"elementor-widget-container\">\n\t\t\t<h2 class=\"elementor-heading-title elementor-size-default\">Resumen<\/h2>\t\t<\/div>\n\t\t\t\t<\/div>\n\t\t\t\t<div class=\"elementor-element elementor-element-306b045 elementor-widget elementor-widget-text-editor\" data-id=\"306b045\" data-element_type=\"widget\" data-widget_type=\"text-editor.default\">\n\t\t\t\t<div class=\"elementor-widget-container\">\n\t\t\t\t\t\t\t<p>Las abejas son el grupo de polinizadores m\u00e1s relevante desde el punto de vista ecol\u00f3gico y agr\u00edcola en la mayor\u00eda de los ecosistemas terrestres, alcanzando sus mayores picos de diversidad en los desiertos de Norteam\u00e9rica. Sin embargo, en los desiertos del noroeste de M\u00e9xico, su diversidad sigue siendo poco conocida y escasamente documentada.<\/p><p>Este proyecto propone estudiar la diversidad de abejas nativas en esta regi\u00f3n mediante un enfoque participativo y transdisciplinario, combinando investigaci\u00f3n cient\u00edfica, divulgaci\u00f3n, educaci\u00f3n y ciencia comunitaria en localidades clave de la pen\u00ednsula de Baja California y Sonora.<\/p><p>Trabajaremos en estrecha colaboraci\u00f3n con las estaciones de campo UNEC y actores locales, implementando actividades como charlas, talleres comunitarios y talleres de fotograf\u00eda cient\u00edfica. Estas acciones buscan fomentar la observaci\u00f3n, el monitoreo y el conocimiento sobre las abejas nativas por parte de miembros de las comunidades, incluyendo juventudes, tomadores de decisiones y promotores ambientales, con el fin de contribuir a la conservaci\u00f3n de los polinizadores.<\/p><p>Como productos educativos, se desarrollar\u00e1 una gu\u00eda ilustrada para la identificaci\u00f3n de abejas en campo y una p\u00e1gina web con contenidos visuales e interactivos. Este trabajo se suma a un esfuerzo mayor por documentar la diversidad de abejas en el Desierto Sonorense y busca fomentar la autonom\u00eda de las comunidades para continuar con el monitoreo de estos insectos clave en sus territorios.<\/p>\t\t\t\t\t\t<\/div>\n\t\t\t\t<\/div>\n\t\t\t\t\t<\/div>\n\t\t\t\t<\/div>\n\t\t\t\t<\/div>\n\t\t","protected":false},"excerpt":{"rendered":"<p>Diversidad de abejas en el noroeste mexicano: patrones espaciales, distribuci\u00f3n y conservaci\u00f3n desde Sonora hasta Baja California Sur \ud83d\udccdPuerto Pe\u00f1asco, Sonora El Guayabo, \u00c1lamos, Sonora Bah\u00eda de los \u00c1ngeles, Baja California San Quint\u00edn, Baja California Loreto, Baja California Sur La Paz, Baja California Sur Todos Santos, Baja California Sur \ud83c\udfe2 Centro Intercultural de Estudios de [&hellip;]<\/p>\n","protected":false},"author":1,"featured_media":0,"parent":35848,"menu_order":0,"comment_status":"closed","ping_status":"closed","template":"elementor_header_footer","meta":{"footnotes":""},"acf":[],"_links":{"self":[{"href":"https:\/\/nextgensd.com\/es\/wp-json\/wp\/v2\/pages\/35438"}],"collection":[{"href":"https:\/\/nextgensd.com\/es\/wp-json\/wp\/v2\/pages"}],"about":[{"href":"https:\/\/nextgensd.com\/es\/wp-json\/wp\/v2\/types\/page"}],"author":[{"embeddable":true,"href":"https:\/\/nextgensd.com\/es\/wp-json\/wp\/v2\/users\/1"}],"replies":[{"embeddable":true,"href":"https:\/\/nextgensd.com\/es\/wp-json\/wp\/v2\/comments?post=35438"}],"version-history":[{"count":10,"href":"https:\/\/nextgensd.com\/es\/wp-json\/wp\/v2\/pages\/35438\/revisions"}],"predecessor-version":[{"id":35806,"href":"https:\/\/nextgensd.com\/es\/wp-json\/wp\/v2\/pages\/35438\/revisions\/35806"}],"up":[{"embeddable":true,"href":"https:\/\/nextgensd.com\/es\/wp-json\/wp\/v2\/pages\/35848"}],"wp:attachment":[{"href":"https:\/\/nextgensd.com\/es\/wp-json\/wp\/v2\/media?parent=35438"}],"curies":[{"name":"wp","href":"https:\/\/api.w.org\/{rel}","templated":true}]}}