{"id":33282,"date":"2025-04-02T07:47:53","date_gmt":"2025-04-02T07:47:53","guid":{"rendered":"https:\/\/nextgensd.com\/?page_id=33282"},"modified":"2025-06-11T17:53:25","modified_gmt":"2025-06-11T17:53:25","slug":"mentores","status":"publish","type":"page","link":"https:\/\/nextgensd.com\/es\/mentores\/","title":{"rendered":"Mentores"},"content":{"rendered":"\t\t<div data-elementor-type=\"wp-page\" data-elementor-id=\"33282\" class=\"elementor elementor-33282 elementor-33126\" data-elementor-post-type=\"page\">\n\t\t\t\t\t\t<section class=\"elementor-section elementor-top-section elementor-element elementor-element-f32a21a elementor-section-boxed elementor-section-height-default elementor-section-height-default\" data-id=\"f32a21a\" data-element_type=\"section\" data-e-type=\"section\" data-settings=\"{&quot;background_background&quot;:&quot;classic&quot;}\">\n\t\t\t\t\t\t\t<div class=\"elementor-background-overlay\"><\/div>\n\t\t\t\t\t\t\t<div class=\"elementor-container elementor-column-gap-default\">\n\t\t\t\t\t<div class=\"elementor-column elementor-col-100 elementor-top-column elementor-element elementor-element-18d06d9\" data-id=\"18d06d9\" data-element_type=\"column\" data-e-type=\"column\">\n\t\t\t<div class=\"elementor-widget-wrap elementor-element-populated\">\n\t\t\t\t\t\t<div class=\"elementor-element elementor-element-de20cc6 elementor-widget elementor-widget-heading\" data-id=\"de20cc6\" data-element_type=\"widget\" data-e-type=\"widget\" data-widget_type=\"heading.default\">\n\t\t\t\t<div class=\"elementor-widget-container\">\n\t\t\t\t\t<h2 class=\"elementor-heading-title elementor-size-default\">Programa de Mentor\u00eda de N-Gen<\/h2>\t\t\t\t<\/div>\n\t\t\t\t<\/div>\n\t\t\t\t\t<\/div>\n\t\t<\/div>\n\t\t\t\t\t<\/div>\n\t\t<\/section>\n\t\t<div class=\"elementor-element elementor-element-71ffb4b e-flex e-con-boxed e-con e-parent\" data-id=\"71ffb4b\" data-element_type=\"container\" data-e-type=\"container\">\n\t\t\t\t\t<div class=\"e-con-inner\">\n\t\t\t\t<div class=\"elementor-element elementor-element-1c98536 elementor-widget elementor-widget-heading\" data-id=\"1c98536\" data-element_type=\"widget\" data-e-type=\"widget\" data-widget_type=\"heading.default\">\n\t\t\t\t<div class=\"elementor-widget-container\">\n\t\t\t\t\t<h1 class=\"elementor-heading-title elementor-size-default\">Mentores<\/h1>\t\t\t\t<\/div>\n\t\t\t\t<\/div>\n\t\t\t\t<div class=\"elementor-element elementor-element-c000627 elementor-widget elementor-widget-text-editor\" data-id=\"c000627\" data-element_type=\"widget\" data-e-type=\"widget\" data-widget_type=\"text-editor.default\">\n\t\t\t\t<div class=\"elementor-widget-container\">\n\t\t\t\t\t\t\t\t\t<p>Conoce a los 45<span style=\"background-color: var( --e-global-color-c696dce );\">\u00a0<\/span><span style=\"background-color: var( --e-global-color-c696dce );\">mentores de N-Gen y aprende sobre su trabajo e intereses de investigaci\u00f3n.<\/span><\/p>\t\t\t\t\t\t\t\t<\/div>\n\t\t\t\t<\/div>\n\t\t\t\t<div class=\"elementor-element elementor-element-8c577a9 elementor-widget elementor-widget-text-editor\" data-id=\"8c577a9\" data-element_type=\"widget\" data-e-type=\"widget\" data-widget_type=\"text-editor.default\">\n\t\t\t\t<div class=\"elementor-widget-container\">\n\t\t\t\t\t\t\t\t\t<p>Tambi\u00e9n puedes filtrar por los tipos de mentor\u00eda disponibles para ver con qui\u00e9n puedes solicitar trabajar.<\/p>\t\t\t\t\t\t\t\t<\/div>\n\t\t\t\t<\/div>\n\t\t\t\t\t<\/div>\n\t\t\t\t<\/div>\n\t\t<div class=\"elementor-element elementor-element-97303b4 e-flex e-con-boxed e-con e-parent\" data-id=\"97303b4\" data-element_type=\"container\" data-e-type=\"container\">\n\t\t\t\t\t<div class=\"e-con-inner\">\n\t\t\t\t<div class=\"elementor-element elementor-element-8e7936c elementor-widget elementor-widget-html\" data-id=\"8e7936c\" data-element_type=\"widget\" data-e-type=\"widget\" data-widget_type=\"html.default\">\n\t\t\t\t<div class=\"elementor-widget-container\">\n\t\t\t\t\t<iframe \r\n  id=\"mentorsFrame\"\r\n  src=\"https:\/\/mentors-ngen.web.app\/\" \r\n  width=\"100%\" \r\n  height=\"800px\" \r\n  frameborder=\"0\" \r\n  style=\"border: none; overflow: hidden;\" \r\n  scrolling=\"no\">\r\n<\/iframe>\r\n<script>\r\n  window.addEventListener(\"message\", function(event) {\r\n    \r\n    if (event.origin !== \"https:\/\/mentors-ngen.web.app\") return;\r\n    if (event.data && event.data.height) {\r\n      document.getElementById(\"mentorsFrame\").style.height = event.data.height + \"px\";\r\n    }\r\n  }, false);\r\n<\/script>\t\t\t\t<\/div>\n\t\t\t\t<\/div>\n\t\t\t\t\t<\/div>\n\t\t\t\t<\/div>\n\t\t\t\t<\/div>\n\t\t","protected":false},"excerpt":{"rendered":"<p>Programa de Mentor\u00eda de N-Gen Mentores Conoce a los 45\u00a0mentores de N-Gen y aprende sobre su trabajo e intereses de investigaci\u00f3n. Tambi\u00e9n puedes filtrar por los tipos de mentor\u00eda disponibles para ver con qui\u00e9n puedes solicitar trabajar.<\/p>\n","protected":false},"author":1,"featured_media":0,"parent":0,"menu_order":0,"comment_status":"closed","ping_status":"closed","template":"elementor_header_footer","meta":{"_acf_changed":false,"footnotes":""},"class_list":["post-33282","page","type-page","status-publish","hentry"],"acf":[],"_links":{"self":[{"href":"https:\/\/nextgensd.com\/es\/wp-json\/wp\/v2\/pages\/33282","targetHints":{"allow":["GET"]}}],"collection":[{"href":"https:\/\/nextgensd.com\/es\/wp-json\/wp\/v2\/pages"}],"about":[{"href":"https:\/\/nextgensd.com\/es\/wp-json\/wp\/v2\/types\/page"}],"author":[{"embeddable":true,"href":"https:\/\/nextgensd.com\/es\/wp-json\/wp\/v2\/users\/1"}],"replies":[{"embeddable":true,"href":"https:\/\/nextgensd.com\/es\/wp-json\/wp\/v2\/comments?post=33282"}],"version-history":[{"count":14,"href":"https:\/\/nextgensd.com\/es\/wp-json\/wp\/v2\/pages\/33282\/revisions"}],"predecessor-version":[{"id":34453,"href":"https:\/\/nextgensd.com\/es\/wp-json\/wp\/v2\/pages\/33282\/revisions\/34453"}],"wp:attachment":[{"href":"https:\/\/nextgensd.com\/es\/wp-json\/wp\/v2\/media?parent=33282"}],"curies":[{"name":"wp","href":"https:\/\/api.w.org\/{rel}","templated":true}]}}