{"id":32738,"date":"2025-02-15T19:13:19","date_gmt":"2025-02-15T19:13:19","guid":{"rendered":"https:\/\/nextgensd.com\/?page_id=32738"},"modified":"2025-03-06T22:12:08","modified_gmt":"2025-03-06T22:12:08","slug":"resultados-previos","status":"publish","type":"page","link":"https:\/\/nextgensd.com\/es\/bioblitz-de-la-frontera-2025\/resultados-previos\/","title":{"rendered":"Resultados Previos"},"content":{"rendered":"\t\t<div data-elementor-type=\"wp-page\" data-elementor-id=\"32738\" class=\"elementor elementor-32738 elementor-32238\" data-elementor-post-type=\"page\">\n\t\t\t\t\t\t<section class=\"elementor-section elementor-top-section elementor-element elementor-element-932180e elementor-section-boxed elementor-section-height-default elementor-section-height-default\" data-id=\"932180e\" data-element_type=\"section\">\n\t\t\t\t\t\t<div class=\"elementor-container elementor-column-gap-default\">\n\t\t\t\t\t<div class=\"elementor-column elementor-col-100 elementor-top-column elementor-element elementor-element-db2d73f\" data-id=\"db2d73f\" data-element_type=\"column\">\n\t\t\t<div class=\"elementor-widget-wrap elementor-element-populated\">\n\t\t\t\t\t\t<div class=\"elementor-element elementor-element-efa3cb2 elementor-widget elementor-widget-heading\" data-id=\"efa3cb2\" data-element_type=\"widget\" data-widget_type=\"heading.default\">\n\t\t\t\t<div class=\"elementor-widget-container\">\n\t\t\t<style>\/*! elementor - v3.23.0 - 05-08-2024 *\/\n.elementor-heading-title{padding:0;margin:0;line-height:1}.elementor-widget-heading .elementor-heading-title[class*=elementor-size-]>a{color:inherit;font-size:inherit;line-height:inherit}.elementor-widget-heading .elementor-heading-title.elementor-size-small{font-size:15px}.elementor-widget-heading .elementor-heading-title.elementor-size-medium{font-size:19px}.elementor-widget-heading .elementor-heading-title.elementor-size-large{font-size:29px}.elementor-widget-heading .elementor-heading-title.elementor-size-xl{font-size:39px}.elementor-widget-heading .elementor-heading-title.elementor-size-xxl{font-size:59px}<\/style><h2 class=\"elementor-heading-title elementor-size-default\">Resultados previos<\/h2>\t\t<\/div>\n\t\t\t\t<\/div>\n\t\t\t\t\t<\/div>\n\t\t<\/div>\n\t\t\t\t\t<\/div>\n\t\t<\/section>\n\t\t\t\t<section class=\"elementor-section elementor-top-section elementor-element elementor-element-e57df8c elementor-section-boxed elementor-section-height-default elementor-section-height-default\" data-id=\"e57df8c\" data-element_type=\"section\">\n\t\t\t\t\t\t<div class=\"elementor-container elementor-column-gap-default\">\n\t\t\t\t\t<div class=\"elementor-column elementor-col-100 elementor-top-column elementor-element elementor-element-0dac14d\" data-id=\"0dac14d\" data-element_type=\"column\">\n\t\t\t<div class=\"elementor-widget-wrap elementor-element-populated\">\n\t\t\t\t\t\t<div class=\"elementor-element elementor-element-dc08288 elementor-widget elementor-widget-heading\" data-id=\"dc08288\" data-element_type=\"widget\" data-widget_type=\"heading.default\">\n\t\t\t\t<div class=\"elementor-widget-container\">\n\t\t\t<h2 class=\"elementor-heading-title elementor-size-default\">Descarga el Reporte 2024<\/h2>\t\t<\/div>\n\t\t\t\t<\/div>\n\t\t\t\t<div class=\"elementor-element elementor-element-e88e93c elementor-widget elementor-widget-image\" data-id=\"e88e93c\" data-element_type=\"widget\" data-widget_type=\"image.default\">\n\t\t\t\t<div class=\"elementor-widget-container\">\n\t\t\t<style>\/*! elementor - v3.23.0 - 05-08-2024 *\/\n.elementor-widget-image{text-align:center}.elementor-widget-image a{display:inline-block}.elementor-widget-image a img[src$=\".svg\"]{width:48px}.elementor-widget-image img{vertical-align:middle;display:inline-block}<\/style>\t\t\t\t\t\t\t\t\t\t\t<a href=\"https:\/\/nextgensd.com\/wp-content\/uploads\/2025\/01\/Border-Bioblitz-2024.pdf\" target=\"_blank\">\n\t\t\t\t\t\t\t<img fetchpriority=\"high\" decoding=\"async\" width=\"800\" height=\"519\" src=\"https:\/\/nextgensd.com\/wp-content\/uploads\/2024\/12\/Border-Bioblitz-2024-cover-1024x664.jpg\" class=\"attachment-large size-large wp-image-32102\" alt=\"\" srcset=\"https:\/\/nextgensd.com\/wp-content\/uploads\/2024\/12\/Border-Bioblitz-2024-cover-1024x664.jpg 1024w, https:\/\/nextgensd.com\/wp-content\/uploads\/2024\/12\/Border-Bioblitz-2024-cover-300x195.jpg 300w, https:\/\/nextgensd.com\/wp-content\/uploads\/2024\/12\/Border-Bioblitz-2024-cover-768x498.jpg 768w, https:\/\/nextgensd.com\/wp-content\/uploads\/2024\/12\/Border-Bioblitz-2024-cover-1536x996.jpg 1536w, https:\/\/nextgensd.com\/wp-content\/uploads\/2024\/12\/Border-Bioblitz-2024-cover.jpg 1739w\" sizes=\"(max-width: 800px) 100vw, 800px\" \/>\t\t\t\t\t\t\t\t<\/a>\n\t\t\t\t\t\t\t\t\t\t\t\t\t<\/div>\n\t\t\t\t<\/div>\n\t\t\t\t<div class=\"elementor-element elementor-element-e01e7e3 elementor-widget elementor-widget-heading\" data-id=\"e01e7e3\" data-element_type=\"widget\" data-widget_type=\"heading.default\">\n\t\t\t\t<div class=\"elementor-widget-container\">\n\t\t\t<h2 class=\"elementor-heading-title elementor-size-default\">Lea la descripci\u00f3n general del BBB 2023<\/h2>\t\t<\/div>\n\t\t\t\t<\/div>\n\t\t\t\t<div class=\"elementor-element elementor-element-1ad3d3c elementor-widget elementor-widget-image\" data-id=\"1ad3d3c\" data-element_type=\"widget\" data-widget_type=\"image.default\">\n\t\t\t\t<div class=\"elementor-widget-container\">\n\t\t\t\t\t\t\t\t\t\t\t\t\t\t<a href=\"https:\/\/nextgensd.com\/wp-content\/uploads\/2024\/01\/Border-Bioblitz-2023-Report.pdf\" target=\"_blank\">\n\t\t\t\t\t\t\t<img decoding=\"async\" width=\"768\" height=\"1000\" src=\"https:\/\/nextgensd.com\/wp-content\/uploads\/2024\/01\/Border-Bioblitz-2023-Report_cover-768x1000.jpg\" class=\"attachment-medium_large size-medium_large wp-image-30363\" alt=\"\" srcset=\"https:\/\/nextgensd.com\/wp-content\/uploads\/2024\/01\/Border-Bioblitz-2023-Report_cover-768x1000.jpg 768w, https:\/\/nextgensd.com\/wp-content\/uploads\/2024\/01\/Border-Bioblitz-2023-Report_cover-230x300.jpg 230w, https:\/\/nextgensd.com\/wp-content\/uploads\/2024\/01\/Border-Bioblitz-2023-Report_cover-786x1024.jpg 786w, https:\/\/nextgensd.com\/wp-content\/uploads\/2024\/01\/Border-Bioblitz-2023-Report_cover.jpg 811w\" sizes=\"(max-width: 768px) 100vw, 768px\" \/>\t\t\t\t\t\t\t\t<\/a>\n\t\t\t\t\t\t\t\t\t\t\t\t\t<\/div>\n\t\t\t\t<\/div>\n\t\t\t\t\t<\/div>\n\t\t<\/div>\n\t\t\t\t\t<\/div>\n\t\t<\/section>\n\t\t\t\t<section class=\"elementor-section elementor-top-section elementor-element elementor-element-0f1425a elementor-section-boxed elementor-section-height-default elementor-section-height-default\" data-id=\"0f1425a\" data-element_type=\"section\">\n\t\t\t\t\t\t<div class=\"elementor-container elementor-column-gap-default\">\n\t\t\t\t\t<div class=\"elementor-column elementor-col-50 elementor-top-column elementor-element elementor-element-274e5a4\" data-id=\"274e5a4\" data-element_type=\"column\">\n\t\t\t<div class=\"elementor-widget-wrap elementor-element-populated\">\n\t\t\t\t\t\t<div class=\"elementor-element elementor-element-0941283 elementor-widget elementor-widget-heading\" data-id=\"0941283\" data-element_type=\"widget\" data-widget_type=\"heading.default\">\n\t\t\t\t<div class=\"elementor-widget-container\">\n\t\t\t<h2 class=\"elementor-heading-title elementor-size-default\">Infograf\u00eda del BioBlitz de la Frontera 2021<\/h2>\t\t<\/div>\n\t\t\t\t<\/div>\n\t\t\t\t<div class=\"elementor-element elementor-element-162b36f elementor-widget elementor-widget-image\" data-id=\"162b36f\" data-element_type=\"widget\" data-widget_type=\"image.default\">\n\t\t\t\t<div class=\"elementor-widget-container\">\n\t\t\t\t\t\t\t\t\t\t\t\t\t\t<a href=\"https:\/\/nextgensd.com\/wp-content\/uploads\/2022\/12\/INFOGRAFIA_english11Mar22-scaled.jpg\" data-elementor-open-lightbox=\"yes\" data-elementor-lightbox-title=\"INFOGRAFIA_english11Mar22\" data-e-action-hash=\"#elementor-action%3Aaction%3Dlightbox%26settings%3DeyJpZCI6MTc4MTUsInVybCI6Imh0dHBzOlwvXC9uZXh0Z2Vuc2QuY29tXC93cC1jb250ZW50XC91cGxvYWRzXC8yMDIyXC8xMlwvSU5GT0dSQUZJQV9lbmdsaXNoMTFNYXIyMi1zY2FsZWQuanBnIn0%3D\">\n\t\t\t\t\t\t\t<img decoding=\"async\" width=\"768\" height=\"960\" src=\"https:\/\/nextgensd.com\/wp-content\/uploads\/2022\/12\/INFOGRAFIA_english11Mar22-768x960.jpg\" class=\"attachment-medium_large size-medium_large wp-image-17815\" alt=\"\" srcset=\"https:\/\/nextgensd.com\/wp-content\/uploads\/2022\/12\/INFOGRAFIA_english11Mar22-768x960.jpg 768w, https:\/\/nextgensd.com\/wp-content\/uploads\/2022\/12\/INFOGRAFIA_english11Mar22-240x300.jpg 240w, https:\/\/nextgensd.com\/wp-content\/uploads\/2022\/12\/INFOGRAFIA_english11Mar22-819x1024.jpg 819w, https:\/\/nextgensd.com\/wp-content\/uploads\/2022\/12\/INFOGRAFIA_english11Mar22-1229x1536.jpg 1229w, https:\/\/nextgensd.com\/wp-content\/uploads\/2022\/12\/INFOGRAFIA_english11Mar22-1638x2048.jpg 1638w, https:\/\/nextgensd.com\/wp-content\/uploads\/2022\/12\/INFOGRAFIA_english11Mar22-scaled.jpg 2048w\" sizes=\"(max-width: 768px) 100vw, 768px\" \/>\t\t\t\t\t\t\t\t<\/a>\n\t\t\t\t\t\t\t\t\t\t\t\t\t<\/div>\n\t\t\t\t<\/div>\n\t\t\t\t\t<\/div>\n\t\t<\/div>\n\t\t\t\t<div class=\"elementor-column elementor-col-50 elementor-top-column elementor-element elementor-element-78686eb\" data-id=\"78686eb\" data-element_type=\"column\">\n\t\t\t<div class=\"elementor-widget-wrap elementor-element-populated\">\n\t\t\t\t\t\t<div class=\"elementor-element elementor-element-f287066 elementor-widget elementor-widget-heading\" data-id=\"f287066\" data-element_type=\"widget\" data-widget_type=\"heading.default\">\n\t\t\t\t<div class=\"elementor-widget-container\">\n\t\t\t<h2 class=\"elementor-heading-title elementor-size-default\">El Muro Fronterizo en Arizona y Nuevo M\u00e9xico<\/h2>\t\t<\/div>\n\t\t\t\t<\/div>\n\t\t\t\t<div class=\"elementor-element elementor-element-dd6f03f elementor-widget elementor-widget-image\" data-id=\"dd6f03f\" data-element_type=\"widget\" data-widget_type=\"image.default\">\n\t\t\t\t<div class=\"elementor-widget-container\">\n\t\t\t\t\t\t\t\t\t\t\t\t\t\t<a href=\"https:\/\/storymaps.arcgis.com\/stories\/8532c503c2084293bb8847407245228d\" target=\"_blank\">\n\t\t\t\t\t\t\t<img loading=\"lazy\" decoding=\"async\" width=\"800\" height=\"591\" src=\"https:\/\/nextgensd.com\/wp-content\/uploads\/2022\/12\/The-Border-Wall-in-Arizona-and-New-Mexico-1024x756.png\" class=\"attachment-large size-large wp-image-17817\" alt=\"\" srcset=\"https:\/\/nextgensd.com\/wp-content\/uploads\/2022\/12\/The-Border-Wall-in-Arizona-and-New-Mexico-1024x756.png 1024w, https:\/\/nextgensd.com\/wp-content\/uploads\/2022\/12\/The-Border-Wall-in-Arizona-and-New-Mexico-300x221.png 300w, https:\/\/nextgensd.com\/wp-content\/uploads\/2022\/12\/The-Border-Wall-in-Arizona-and-New-Mexico-768x567.png 768w, https:\/\/nextgensd.com\/wp-content\/uploads\/2022\/12\/The-Border-Wall-in-Arizona-and-New-Mexico.png 1190w\" sizes=\"(max-width: 800px) 100vw, 800px\" \/>\t\t\t\t\t\t\t\t<\/a>\n\t\t\t\t\t\t\t\t\t\t\t\t\t<\/div>\n\t\t\t\t<\/div>\n\t\t\t\t\t<\/div>\n\t\t<\/div>\n\t\t\t\t\t<\/div>\n\t\t<\/section>\n\t\t\t\t<section class=\"elementor-section elementor-top-section elementor-element elementor-element-4353ec3 elementor-section-boxed elementor-section-height-default elementor-section-height-default\" data-id=\"4353ec3\" data-element_type=\"section\">\n\t\t\t\t\t\t<div class=\"elementor-container elementor-column-gap-default\">\n\t\t\t\t\t<div class=\"elementor-column elementor-col-100 elementor-top-column elementor-element elementor-element-5849b32\" data-id=\"5849b32\" data-element_type=\"column\">\n\t\t\t<div class=\"elementor-widget-wrap elementor-element-populated\">\n\t\t\t\t\t\t<div class=\"elementor-element elementor-element-acdb072 elementor-widget elementor-widget-heading\" data-id=\"acdb072\" data-element_type=\"widget\" data-widget_type=\"heading.default\">\n\t\t\t\t<div class=\"elementor-widget-container\">\n\t\t\t<h2 class=\"elementor-heading-title elementor-size-default\">Sitio de los Proyectos Generales del BioBlitz de la Frontera en iNaturalist<\/h2>\t\t<\/div>\n\t\t\t\t<\/div>\n\t\t\t\t<div class=\"elementor-element elementor-element-d61109f elementor-widget elementor-widget-image\" data-id=\"d61109f\" data-element_type=\"widget\" data-widget_type=\"image.default\">\n\t\t\t\t<div class=\"elementor-widget-container\">\n\t\t\t\t\t\t\t\t\t\t\t\t\t\t<a href=\"https:\/\/www.inaturalist.org\/projects\/bioblitz-de-la-frontera-border-bioblitz-umbrella-project\">\n\t\t\t\t\t\t\t<img loading=\"lazy\" decoding=\"async\" width=\"1129\" height=\"461\" src=\"https:\/\/nextgensd.com\/wp-content\/uploads\/2023\/11\/Screen-Shot-2023-11-02-at-9.08.23-PM.png\" class=\"attachment-full size-full wp-image-29924\" alt=\"\" srcset=\"https:\/\/nextgensd.com\/wp-content\/uploads\/2023\/11\/Screen-Shot-2023-11-02-at-9.08.23-PM.png 1129w, https:\/\/nextgensd.com\/wp-content\/uploads\/2023\/11\/Screen-Shot-2023-11-02-at-9.08.23-PM-300x122.png 300w, https:\/\/nextgensd.com\/wp-content\/uploads\/2023\/11\/Screen-Shot-2023-11-02-at-9.08.23-PM-1024x418.png 1024w, https:\/\/nextgensd.com\/wp-content\/uploads\/2023\/11\/Screen-Shot-2023-11-02-at-9.08.23-PM-768x314.png 768w\" sizes=\"(max-width: 1129px) 100vw, 1129px\" \/>\t\t\t\t\t\t\t\t<\/a>\n\t\t\t\t\t\t\t\t\t\t\t\t\t<\/div>\n\t\t\t\t<\/div>\n\t\t\t\t<div class=\"elementor-element elementor-element-3a98160 elementor-widget elementor-widget-heading\" data-id=\"3a98160\" data-element_type=\"widget\" data-widget_type=\"heading.default\">\n\t\t\t\t<div class=\"elementor-widget-container\">\n\t\t\t<h2 class=\"elementor-heading-title elementor-size-default\">Reporte BioBlitz de la Frontera 2018\n<\/h2>\t\t<\/div>\n\t\t\t\t<\/div>\n\t\t\t\t<div class=\"elementor-element elementor-element-8111296 elementor-widget elementor-widget-image\" data-id=\"8111296\" data-element_type=\"widget\" data-widget_type=\"image.default\">\n\t\t\t\t<div class=\"elementor-widget-container\">\n\t\t\t\t\t\t\t\t\t\t\t\t\t\t<a href=\"https:\/\/nextgensd.com\/wp-content\/uploads\/2021\/02\/BioBlitz-Report.pdf\" target=\"_blank\">\n\t\t\t\t\t\t\t<img loading=\"lazy\" decoding=\"async\" width=\"800\" height=\"487\" src=\"https:\/\/nextgensd.com\/wp-content\/uploads\/2022\/12\/Border-BioBlitz_2018-report_cover-1024x623.png\" class=\"attachment-large size-large wp-image-17808\" alt=\"\" srcset=\"https:\/\/nextgensd.com\/wp-content\/uploads\/2022\/12\/Border-BioBlitz_2018-report_cover-1024x623.png 1024w, https:\/\/nextgensd.com\/wp-content\/uploads\/2022\/12\/Border-BioBlitz_2018-report_cover-300x183.png 300w, https:\/\/nextgensd.com\/wp-content\/uploads\/2022\/12\/Border-BioBlitz_2018-report_cover-768x467.png 768w, https:\/\/nextgensd.com\/wp-content\/uploads\/2022\/12\/Border-BioBlitz_2018-report_cover-1536x935.png 1536w, https:\/\/nextgensd.com\/wp-content\/uploads\/2022\/12\/Border-BioBlitz_2018-report_cover-2048x1246.png 2048w\" sizes=\"(max-width: 800px) 100vw, 800px\" \/>\t\t\t\t\t\t\t\t<\/a>\n\t\t\t\t\t\t\t\t\t\t\t\t\t<\/div>\n\t\t\t\t<\/div>\n\t\t\t\t\t<\/div>\n\t\t<\/div>\n\t\t\t\t\t<\/div>\n\t\t<\/section>\n\t\t\t\t<\/div>\n\t\t","protected":false},"excerpt":{"rendered":"<p>Resultados previos Descarga el Reporte 2024 Lea la descripci\u00f3n general del BBB 2023 Infograf\u00eda del BioBlitz de la Frontera 2021 El Muro Fronterizo en Arizona y Nuevo M\u00e9xico Sitio de los Proyectos Generales del BioBlitz de la Frontera en iNaturalist Reporte BioBlitz de la Frontera 2018<\/p>\n","protected":false},"author":1,"featured_media":0,"parent":32732,"menu_order":0,"comment_status":"closed","ping_status":"closed","template":"elementor_header_footer","meta":{"footnotes":""},"acf":[],"_links":{"self":[{"href":"https:\/\/nextgensd.com\/es\/wp-json\/wp\/v2\/pages\/32738"}],"collection":[{"href":"https:\/\/nextgensd.com\/es\/wp-json\/wp\/v2\/pages"}],"about":[{"href":"https:\/\/nextgensd.com\/es\/wp-json\/wp\/v2\/types\/page"}],"author":[{"embeddable":true,"href":"https:\/\/nextgensd.com\/es\/wp-json\/wp\/v2\/users\/1"}],"replies":[{"embeddable":true,"href":"https:\/\/nextgensd.com\/es\/wp-json\/wp\/v2\/comments?post=32738"}],"version-history":[{"count":16,"href":"https:\/\/nextgensd.com\/es\/wp-json\/wp\/v2\/pages\/32738\/revisions"}],"predecessor-version":[{"id":32927,"href":"https:\/\/nextgensd.com\/es\/wp-json\/wp\/v2\/pages\/32738\/revisions\/32927"}],"up":[{"embeddable":true,"href":"https:\/\/nextgensd.com\/es\/wp-json\/wp\/v2\/pages\/32732"}],"wp:attachment":[{"href":"https:\/\/nextgensd.com\/es\/wp-json\/wp\/v2\/media?parent=32738"}],"curies":[{"name":"wp","href":"https:\/\/api.w.org\/{rel}","templated":true}]}}