{"id":32736,"date":"2025-02-15T19:12:25","date_gmt":"2025-02-15T19:12:25","guid":{"rendered":"https:\/\/nextgensd.com\/?page_id=32736"},"modified":"2025-03-01T18:59:05","modified_gmt":"2025-03-01T18:59:05","slug":"tutoriales","status":"publish","type":"page","link":"https:\/\/nextgensd.com\/es\/bioblitz-de-la-frontera-2025\/tutoriales\/","title":{"rendered":"Tutoriales"},"content":{"rendered":"\t\t<div data-elementor-type=\"wp-page\" data-elementor-id=\"32736\" class=\"elementor elementor-32736 elementor-32234\" data-elementor-post-type=\"page\">\n\t\t\t\t\t\t<section class=\"elementor-section elementor-top-section elementor-element elementor-element-3aadd05 elementor-section-boxed elementor-section-height-default elementor-section-height-default\" data-id=\"3aadd05\" data-element_type=\"section\">\n\t\t\t\t\t\t<div class=\"elementor-container elementor-column-gap-default\">\n\t\t\t\t\t<div class=\"elementor-column elementor-col-100 elementor-top-column elementor-element elementor-element-d48818e\" data-id=\"d48818e\" data-element_type=\"column\">\n\t\t\t<div class=\"elementor-widget-wrap elementor-element-populated\">\n\t\t\t\t\t\t<div class=\"elementor-element elementor-element-f9c8238 elementor-widget elementor-widget-text-editor\" data-id=\"f9c8238\" data-element_type=\"widget\" data-widget_type=\"text-editor.default\">\n\t\t\t\t<div class=\"elementor-widget-container\">\n\t\t\t<style>\/*! elementor - v3.23.0 - 05-08-2024 *\/\n.elementor-widget-text-editor.elementor-drop-cap-view-stacked .elementor-drop-cap{background-color:#69727d;color:#fff}.elementor-widget-text-editor.elementor-drop-cap-view-framed .elementor-drop-cap{color:#69727d;border:3px solid;background-color:transparent}.elementor-widget-text-editor:not(.elementor-drop-cap-view-default) .elementor-drop-cap{margin-top:8px}.elementor-widget-text-editor:not(.elementor-drop-cap-view-default) .elementor-drop-cap-letter{width:1em;height:1em}.elementor-widget-text-editor .elementor-drop-cap{float:left;text-align:center;line-height:1;font-size:50px}.elementor-widget-text-editor .elementor-drop-cap-letter{display:inline-block}<\/style>\t\t\t\t<div class=\"wpb_text_column wpb_content_element \"><div class=\"wpb_wrapper\"><div class=\"wpb_text_column wpb_content_element \"><div class=\"wpb_wrapper\"><h3>\u00a1Descarga esta incre\u00edble\u00a0<a href=\"https:\/\/nextgensd.com\/wp-content\/uploads\/2020\/02\/The-Nat-iNaturalist-best-practices_foldout-FINAL-ENG.pdf\" target=\"_blank\" rel=\"noreferrer noopener\" aria-label=\"pocket guide to iNat (opens in a new tab)\">gu\u00eda de bolsillo de iNat<\/a>\u00a0(y\u00a0<a href=\"https:\/\/nextgensd.com\/wp-content\/uploads\/2020\/02\/Guide-to-print-and-fold_iNat-foldout-FINAL-ENG.pdf\" target=\"_blank\" rel=\"noreferrer noopener\" aria-label=\"this guide (opens in a new tab)\">esta gu\u00eda\u00a0<\/a>sobre c\u00f3mo imprimirla y doblarla) para llevarla al campo!<\/h3><\/div><\/div><div class=\"wpb_text_column wpb_content_element \"><div class=\"wpb_wrapper\"><h3>\u00a1El canal de YouTube de iNat tiene una excelente\u00a0<a href=\"https:\/\/www.youtube.com\/watch?v=EVJAzzXw8qI&amp;ab_channel=SDNaturalHistoryMuseum\">Gu\u00eda para Detectar la Naturaleza con iNaturalist<\/a>\u00a0y una\u00a0<a href=\"https:\/\/www.youtube.com\/watch?v=w51CYaDRwmA&amp;ab_channel=SDNaturalHistoryMuseum\">Gu\u00eda del Curador para iNaturalist<\/a>!<\/h3><h3>\u00a1El sitio web de iNaturalist tiene\u00a0<a href=\"https:\/\/www.inaturalist.org\/pages\/video+tutorials\">tutoriales en v\u00eddeo<\/a>\u00a0detallados para los usuarios de iNat!<\/h3><\/div><\/div><div class=\"wpb_text_column wpb_content_element \"><div class=\"wpb_wrapper\"><h3>Los temas incluyen:<\/h3><\/div><\/div><div class=\"wpb_text_column wpb_content_element large_text\"><div class=\"wpb_wrapper\"><ul><li>Agregar una observaci\u00f3n en un dispositivo m\u00f3vil<\/li><li>Agregar una observaci\u00f3n a trav\u00e9s de la web<\/li><li>C\u00f3mo tomar fotograf\u00edas identificables<\/li><li>C\u00f3mo utilizar la p\u00e1gina de identificaci\u00f3n<\/li><li>Geoetiquetado de fotograf\u00edas DSLR en el campo<\/li><li>Duplicar una observaci\u00f3n<\/li><li>Agregar una foto o sonido a una observaci\u00f3n<\/li><li>Explorando observaciones con iNaturalist<\/li><\/ul><\/div><\/div><div class=\"wpb_text_column wpb_content_element \"><div class=\"wpb_wrapper\"><h3>\u00a1Tambi\u00e9n puedes consultar el incre\u00edble\u00a0<a href=\"https:\/\/www.youtube.com\/channel\/UC16Di6Bbo1BeXqp9Ii5uqlg\">canal de YouTube<\/a>\u00a0de iNat!<\/h3><\/div><\/div><\/div><\/div>\t\t\t\t\t\t<\/div>\n\t\t\t\t<\/div>\n\t\t\t\t<div class=\"elementor-element elementor-element-cc36401 elementor-widget-divider--view-line elementor-widget elementor-widget-divider\" data-id=\"cc36401\" data-element_type=\"widget\" data-widget_type=\"divider.default\">\n\t\t\t\t<div class=\"elementor-widget-container\">\n\t\t\t<style>\/*! elementor - v3.23.0 - 05-08-2024 *\/\n.elementor-widget-divider{--divider-border-style:none;--divider-border-width:1px;--divider-color:#0c0d0e;--divider-icon-size:20px;--divider-element-spacing:10px;--divider-pattern-height:24px;--divider-pattern-size:20px;--divider-pattern-url:none;--divider-pattern-repeat:repeat-x}.elementor-widget-divider .elementor-divider{display:flex}.elementor-widget-divider .elementor-divider__text{font-size:15px;line-height:1;max-width:95%}.elementor-widget-divider .elementor-divider__element{margin:0 var(--divider-element-spacing);flex-shrink:0}.elementor-widget-divider .elementor-icon{font-size:var(--divider-icon-size)}.elementor-widget-divider .elementor-divider-separator{display:flex;margin:0;direction:ltr}.elementor-widget-divider--view-line_icon .elementor-divider-separator,.elementor-widget-divider--view-line_text .elementor-divider-separator{align-items:center}.elementor-widget-divider--view-line_icon .elementor-divider-separator:after,.elementor-widget-divider--view-line_icon .elementor-divider-separator:before,.elementor-widget-divider--view-line_text .elementor-divider-separator:after,.elementor-widget-divider--view-line_text .elementor-divider-separator:before{display:block;content:\"\";border-block-end:0;flex-grow:1;border-block-start:var(--divider-border-width) var(--divider-border-style) var(--divider-color)}.elementor-widget-divider--element-align-left .elementor-divider .elementor-divider-separator>.elementor-divider__svg:first-of-type{flex-grow:0;flex-shrink:100}.elementor-widget-divider--element-align-left .elementor-divider-separator:before{content:none}.elementor-widget-divider--element-align-left .elementor-divider__element{margin-left:0}.elementor-widget-divider--element-align-right .elementor-divider .elementor-divider-separator>.elementor-divider__svg:last-of-type{flex-grow:0;flex-shrink:100}.elementor-widget-divider--element-align-right .elementor-divider-separator:after{content:none}.elementor-widget-divider--element-align-right .elementor-divider__element{margin-right:0}.elementor-widget-divider--element-align-start .elementor-divider .elementor-divider-separator>.elementor-divider__svg:first-of-type{flex-grow:0;flex-shrink:100}.elementor-widget-divider--element-align-start .elementor-divider-separator:before{content:none}.elementor-widget-divider--element-align-start .elementor-divider__element{margin-inline-start:0}.elementor-widget-divider--element-align-end .elementor-divider .elementor-divider-separator>.elementor-divider__svg:last-of-type{flex-grow:0;flex-shrink:100}.elementor-widget-divider--element-align-end .elementor-divider-separator:after{content:none}.elementor-widget-divider--element-align-end .elementor-divider__element{margin-inline-end:0}.elementor-widget-divider:not(.elementor-widget-divider--view-line_text):not(.elementor-widget-divider--view-line_icon) .elementor-divider-separator{border-block-start:var(--divider-border-width) var(--divider-border-style) var(--divider-color)}.elementor-widget-divider--separator-type-pattern{--divider-border-style:none}.elementor-widget-divider--separator-type-pattern.elementor-widget-divider--view-line .elementor-divider-separator,.elementor-widget-divider--separator-type-pattern:not(.elementor-widget-divider--view-line) .elementor-divider-separator:after,.elementor-widget-divider--separator-type-pattern:not(.elementor-widget-divider--view-line) .elementor-divider-separator:before,.elementor-widget-divider--separator-type-pattern:not([class*=elementor-widget-divider--view]) .elementor-divider-separator{width:100%;min-height:var(--divider-pattern-height);-webkit-mask-size:var(--divider-pattern-size) 100%;mask-size:var(--divider-pattern-size) 100%;-webkit-mask-repeat:var(--divider-pattern-repeat);mask-repeat:var(--divider-pattern-repeat);background-color:var(--divider-color);-webkit-mask-image:var(--divider-pattern-url);mask-image:var(--divider-pattern-url)}.elementor-widget-divider--no-spacing{--divider-pattern-size:auto}.elementor-widget-divider--bg-round{--divider-pattern-repeat:round}.rtl .elementor-widget-divider .elementor-divider__text{direction:rtl}.e-con-inner>.elementor-widget-divider,.e-con>.elementor-widget-divider{width:var(--container-widget-width,100%);--flex-grow:var(--container-widget-flex-grow)}<\/style>\t\t<div class=\"elementor-divider\">\n\t\t\t<span class=\"elementor-divider-separator\">\n\t\t\t\t\t\t<\/span>\n\t\t<\/div>\n\t\t\t\t<\/div>\n\t\t\t\t<\/div>\n\t\t\t\t<div class=\"elementor-element elementor-element-5f28ca7 elementor-widget elementor-widget-text-editor\" data-id=\"5f28ca7\" data-element_type=\"widget\" data-widget_type=\"text-editor.default\">\n\t\t\t\t<div class=\"elementor-widget-container\">\n\t\t\t\t\t\t\t<section class=\"vc_row wpb_row vc_row-fluid liquid-row-shadowbox-64d504766aadc\"><div class=\"ld-container container\"><div class=\"row ld-row\"><div class=\"wpb_column vc_column_container vc_col-sm-12 liquid-column-64d504766ac37\"><div class=\"vc_column-inner\"><div class=\"wpb_wrapper \"><div class=\"wpb_wrapper-inner\"><div class=\"wpb_text_column wpb_content_element \"><div class=\"wpb_wrapper\"><section class=\"vc_row wpb_row vc_row-fluid liquid-row-shadowbox-64d504766aadc\"><div class=\"ld-container container\"><div class=\"row ld-row\"><div class=\"wpb_column vc_column_container vc_col-sm-12 liquid-column-64d504766ac37\"><div class=\"vc_column-inner\"><div class=\"wpb_wrapper \"><div class=\"wpb_wrapper-inner\"><div class=\"wpb_text_column wpb_content_element \"><div class=\"wpb_wrapper\"><h3>Hemos incluido algunos videos para ayudarte a comenzar:<\/h3><\/div><\/div><\/div><\/div><\/div><\/div><\/div><\/div><\/section><\/div><\/div><\/div><\/div><\/div><\/div><\/div><\/div><\/section><section class=\"vc_row wpb_row vc_row-fluid liquid-row-shadowbox-64d504766adee\"><div class=\"ld-container container\"><div class=\"row ld-row\"><div class=\"wpb_column vc_column_container vc_col-sm-12 liquid-column-64d504766af08\"><div class=\"vc_column-inner\"><div class=\"wpb_wrapper \"><div class=\"wpb_wrapper-inner\">\u00a0<\/div><\/div><\/div><\/div><\/div><\/div><\/section>\t\t\t\t\t\t<\/div>\n\t\t\t\t<\/div>\n\t\t\t\t<div class=\"elementor-element elementor-element-ca123ff elementor-widget elementor-widget-video\" data-id=\"ca123ff\" data-element_type=\"widget\" data-settings=\"{&quot;youtube_url&quot;:&quot;https:\\\/\\\/youtu.be\\\/xENz1xRu0wI&quot;,&quot;video_type&quot;:&quot;youtube&quot;,&quot;controls&quot;:&quot;yes&quot;}\" data-widget_type=\"video.default\">\n\t\t\t\t<div class=\"elementor-widget-container\">\n\t\t\t<style>\/*! elementor - v3.23.0 - 05-08-2024 *\/\n.elementor-widget-video .elementor-widget-container{overflow:hidden;transform:translateZ(0)}.elementor-widget-video .elementor-wrapper{aspect-ratio:var(--video-aspect-ratio)}.elementor-widget-video .elementor-wrapper iframe,.elementor-widget-video .elementor-wrapper video{height:100%;width:100%;display:flex;border:none;background-color:#000}@supports not (aspect-ratio:1\/1){.elementor-widget-video .elementor-wrapper{position:relative;overflow:hidden;height:0;padding-bottom:calc(100% \/ var(--video-aspect-ratio))}.elementor-widget-video .elementor-wrapper iframe,.elementor-widget-video .elementor-wrapper video{position:absolute;top:0;right:0;bottom:0;left:0}}.elementor-widget-video .elementor-open-inline .elementor-custom-embed-image-overlay{position:absolute;top:0;right:0;bottom:0;left:0;background-size:cover;background-position:50%}.elementor-widget-video .elementor-custom-embed-image-overlay{cursor:pointer;text-align:center}.elementor-widget-video .elementor-custom-embed-image-overlay:hover .elementor-custom-embed-play i{opacity:1}.elementor-widget-video .elementor-custom-embed-image-overlay img{display:block;width:100%;aspect-ratio:var(--video-aspect-ratio);-o-object-fit:cover;object-fit:cover;-o-object-position:center center;object-position:center center}@supports not (aspect-ratio:1\/1){.elementor-widget-video .elementor-custom-embed-image-overlay{position:relative;overflow:hidden;height:0;padding-bottom:calc(100% \/ var(--video-aspect-ratio))}.elementor-widget-video .elementor-custom-embed-image-overlay img{position:absolute;top:0;right:0;bottom:0;left:0}}.elementor-widget-video .e-hosted-video .elementor-video{-o-object-fit:cover;object-fit:cover}.e-con-inner>.elementor-widget-video,.e-con>.elementor-widget-video{width:var(--container-widget-width);--flex-grow:var(--container-widget-flex-grow)}<\/style>\t\t<div class=\"elementor-wrapper elementor-open-inline\">\n\t\t\t<div class=\"elementor-video\"><\/div>\t\t<\/div>\n\t\t\t\t<\/div>\n\t\t\t\t<\/div>\n\t\t\t\t<div class=\"elementor-element elementor-element-0ae47fa elementor-widget elementor-widget-video\" data-id=\"0ae47fa\" data-element_type=\"widget\" data-settings=\"{&quot;youtube_url&quot;:&quot;https:\\\/\\\/youtu.be\\\/UzZTVd3Kpzk&quot;,&quot;video_type&quot;:&quot;youtube&quot;,&quot;controls&quot;:&quot;yes&quot;}\" data-widget_type=\"video.default\">\n\t\t\t\t<div class=\"elementor-widget-container\">\n\t\t\t\t\t<div class=\"elementor-wrapper elementor-open-inline\">\n\t\t\t<div class=\"elementor-video\"><\/div>\t\t<\/div>\n\t\t\t\t<\/div>\n\t\t\t\t<\/div>\n\t\t\t\t<div class=\"elementor-element elementor-element-a1ef22a elementor-widget elementor-widget-video\" data-id=\"a1ef22a\" data-element_type=\"widget\" data-settings=\"{&quot;youtube_url&quot;:&quot;https:\\\/\\\/youtu.be\\\/bCShSn4E-mc&quot;,&quot;video_type&quot;:&quot;youtube&quot;,&quot;controls&quot;:&quot;yes&quot;}\" data-widget_type=\"video.default\">\n\t\t\t\t<div class=\"elementor-widget-container\">\n\t\t\t\t\t<div class=\"elementor-wrapper elementor-open-inline\">\n\t\t\t<div class=\"elementor-video\"><\/div>\t\t<\/div>\n\t\t\t\t<\/div>\n\t\t\t\t<\/div>\n\t\t\t\t<div class=\"elementor-element elementor-element-156f25b elementor-widget elementor-widget-video\" data-id=\"156f25b\" data-element_type=\"widget\" data-settings=\"{&quot;youtube_url&quot;:&quot;https:\\\/\\\/youtu.be\\\/XlXjqfk2QGI&quot;,&quot;video_type&quot;:&quot;youtube&quot;,&quot;controls&quot;:&quot;yes&quot;}\" data-widget_type=\"video.default\">\n\t\t\t\t<div class=\"elementor-widget-container\">\n\t\t\t\t\t<div class=\"elementor-wrapper elementor-open-inline\">\n\t\t\t<div class=\"elementor-video\"><\/div>\t\t<\/div>\n\t\t\t\t<\/div>\n\t\t\t\t<\/div>\n\t\t\t\t\t<\/div>\n\t\t<\/div>\n\t\t\t\t\t<\/div>\n\t\t<\/section>\n\t\t\t\t<section class=\"elementor-section elementor-top-section elementor-element elementor-element-09c958c elementor-section-boxed elementor-section-height-default elementor-section-height-default\" data-id=\"09c958c\" data-element_type=\"section\">\n\t\t\t\t\t\t<div class=\"elementor-container elementor-column-gap-default\">\n\t\t\t\t\t<div class=\"elementor-column elementor-col-50 elementor-top-column elementor-element elementor-element-fee0d0a\" data-id=\"fee0d0a\" data-element_type=\"column\">\n\t\t\t<div class=\"elementor-widget-wrap elementor-element-populated\">\n\t\t\t\t\t\t<div class=\"elementor-element elementor-element-387f219 elementor-widget elementor-widget-heading\" data-id=\"387f219\" data-element_type=\"widget\" data-widget_type=\"heading.default\">\n\t\t\t\t<div class=\"elementor-widget-container\">\n\t\t\t<style>\/*! elementor - v3.23.0 - 05-08-2024 *\/\n.elementor-heading-title{padding:0;margin:0;line-height:1}.elementor-widget-heading .elementor-heading-title[class*=elementor-size-]>a{color:inherit;font-size:inherit;line-height:inherit}.elementor-widget-heading .elementor-heading-title.elementor-size-small{font-size:15px}.elementor-widget-heading .elementor-heading-title.elementor-size-medium{font-size:19px}.elementor-widget-heading .elementor-heading-title.elementor-size-large{font-size:29px}.elementor-widget-heading .elementor-heading-title.elementor-size-xl{font-size:39px}.elementor-widget-heading .elementor-heading-title.elementor-size-xxl{font-size:59px}<\/style><h3 class=\"elementor-heading-title elementor-size-default\">DISCLAIMER:\n\n<\/h3>\t\t<\/div>\n\t\t\t\t<\/div>\n\t\t\t\t<div class=\"elementor-element elementor-element-e1abb04 elementor-widget elementor-widget-text-editor\" data-id=\"e1abb04\" data-element_type=\"widget\" data-widget_type=\"text-editor.default\">\n\t\t\t\t<div class=\"elementor-widget-container\">\n\t\t\t\t\t\t\t<ul><li class=\"western\">All teams are independently organized. N-Gen and\/or collaborating organizations are not responsible for organizing teams.<\/li><li>Each Border BioBlitz team is independently organized. Any\u00a0and all\u00a0views, information, or opinions expressed by teams,\u00a0team organizers, or team members\u00a0are\u00a0their own\u00a0and do not necessarily reflect the views of N-Gen, partner organizations,\u00a0<span lang=\"ES-MX\">other participating individuals<\/span>,\u00a0or any\u00a0other agency.<\/li><li class=\"western\">Each team and\/or participant is responsible for securing licenses and\/or permits and alerting or coordinating with authorities if necessary.<\/li><li class=\"western\">All BioBlitz participants are individuals participating on a voluntary basis, and assume any and all risks involved.<\/li><li class=\"western\">N-Gen and\/or collaborating organizations are not responsible for participants\u2019 actions during the BioBlitz.<\/li><\/ul>\t\t\t\t\t\t<\/div>\n\t\t\t\t<\/div>\n\t\t\t\t\t<\/div>\n\t\t<\/div>\n\t\t\t\t<div class=\"elementor-column elementor-col-50 elementor-top-column elementor-element elementor-element-365e3bd\" data-id=\"365e3bd\" data-element_type=\"column\">\n\t\t\t<div class=\"elementor-widget-wrap elementor-element-populated\">\n\t\t\t\t\t\t<div class=\"elementor-element elementor-element-e9189a7 elementor-widget elementor-widget-heading\" data-id=\"e9189a7\" data-element_type=\"widget\" data-widget_type=\"heading.default\">\n\t\t\t\t<div class=\"elementor-widget-container\">\n\t\t\t<h3 class=\"elementor-heading-title elementor-size-default\">DESLINDE DE RESPONSABILIDADES:\n\n<\/h3>\t\t<\/div>\n\t\t\t\t<\/div>\n\t\t\t\t<div class=\"elementor-element elementor-element-7ba66f4 elementor-widget elementor-widget-text-editor\" data-id=\"7ba66f4\" data-element_type=\"widget\" data-widget_type=\"text-editor.default\">\n\t\t\t\t<div class=\"elementor-widget-container\">\n\t\t\t\t\t\t\t<ul><li>Todos los equipos est\u00e1n organizados independientemente. N-Gen y\/o las organizaciones\u00a0asociadas no son responsables de organizar los equipos.<\/li><li>Cada equipo del BioBlitz\u00a0 est\u00e1 organizado de forma independiente. Todas y cada una de las opiniones, informaci\u00f3n o puntos de vista expresadas por los equipos, los organizadores del\/los equipo(s) o los miembros del\/ los equipo(s) son propias y no necesariamente reflejan los puntos de vista de N-Gen, organizaciones participantes, otras personas participantes o cualquier otra agencia u organizaci\u00f3n.<\/li><li>Cada equipo y\/o participante es responsable de obtener las licencias y\/o permisos y de comunicar o coordinar con las autoridades en caso de ser necesario.<\/li><li>Todos los colaboradores\u00a0del BioBlitz de la Frontera participan de manera voluntaria y asumen cualquier\u00a0riesgo\u00a0que esto\u00a0implique.<\/li><li>N-Gen y\/o las organizaciones asociadas no son responsables de los actos y\/o acciones de los participantes durante el BioBlitz.<\/li><\/ul>\t\t\t\t\t\t<\/div>\n\t\t\t\t<\/div>\n\t\t\t\t\t<\/div>\n\t\t<\/div>\n\t\t\t\t\t<\/div>\n\t\t<\/section>\n\t\t\t\t<\/div>\n\t\t","protected":false},"excerpt":{"rendered":"<p>\u00a1Descarga esta incre\u00edble\u00a0gu\u00eda de bolsillo de iNat\u00a0(y\u00a0esta gu\u00eda\u00a0sobre c\u00f3mo imprimirla y doblarla) para llevarla al campo! \u00a1El canal de YouTube de iNat tiene una excelente\u00a0Gu\u00eda para Detectar la Naturaleza con iNaturalist\u00a0y una\u00a0Gu\u00eda del Curador para iNaturalist! \u00a1El sitio web de iNaturalist tiene\u00a0tutoriales en v\u00eddeo\u00a0detallados para los usuarios de iNat! Los temas incluyen: Agregar una observaci\u00f3n [&hellip;]<\/p>\n","protected":false},"author":1,"featured_media":0,"parent":32732,"menu_order":0,"comment_status":"closed","ping_status":"closed","template":"elementor_header_footer","meta":{"footnotes":""},"acf":[],"_links":{"self":[{"href":"https:\/\/nextgensd.com\/es\/wp-json\/wp\/v2\/pages\/32736"}],"collection":[{"href":"https:\/\/nextgensd.com\/es\/wp-json\/wp\/v2\/pages"}],"about":[{"href":"https:\/\/nextgensd.com\/es\/wp-json\/wp\/v2\/types\/page"}],"author":[{"embeddable":true,"href":"https:\/\/nextgensd.com\/es\/wp-json\/wp\/v2\/users\/1"}],"replies":[{"embeddable":true,"href":"https:\/\/nextgensd.com\/es\/wp-json\/wp\/v2\/comments?post=32736"}],"version-history":[{"count":7,"href":"https:\/\/nextgensd.com\/es\/wp-json\/wp\/v2\/pages\/32736\/revisions"}],"predecessor-version":[{"id":32862,"href":"https:\/\/nextgensd.com\/es\/wp-json\/wp\/v2\/pages\/32736\/revisions\/32862"}],"up":[{"embeddable":true,"href":"https:\/\/nextgensd.com\/es\/wp-json\/wp\/v2\/pages\/32732"}],"wp:attachment":[{"href":"https:\/\/nextgensd.com\/es\/wp-json\/wp\/v2\/media?parent=32736"}],"curies":[{"name":"wp","href":"https:\/\/api.w.org\/{rel}","templated":true}]}}