{"id":32322,"date":"2025-01-04T04:15:38","date_gmt":"2025-01-04T04:15:38","guid":{"rendered":"https:\/\/nextgensd.com\/?page_id=32322"},"modified":"2025-01-09T00:11:38","modified_gmt":"2025-01-09T00:11:38","slug":"gcsaludecologica","status":"publish","type":"page","link":"https:\/\/nextgensd.com\/es\/gcsaludecologica\/","title":{"rendered":"Evaluaci\u00f3n de la Salud Ecol\u00f3gica del Golfo de California"},"content":{"rendered":"\t\t<div data-elementor-type=\"wp-page\" data-elementor-id=\"32322\" class=\"elementor elementor-32322 elementor-32245\" data-elementor-post-type=\"page\">\n\t\t\t\t<div class=\"elementor-element elementor-element-c82de08 e-flex e-con-boxed e-con e-parent\" data-id=\"c82de08\" data-element_type=\"container\" data-settings=\"{&quot;background_background&quot;:&quot;slideshow&quot;,&quot;background_slideshow_gallery&quot;:[{&quot;id&quot;:32255,&quot;url&quot;:&quot;https:\\\/\\\/nextgensd.com\\\/wp-content\\\/uploads\\\/2024\\\/12\\\/DSC06439.jpg&quot;},{&quot;id&quot;:32257,&quot;url&quot;:&quot;https:\\\/\\\/nextgensd.com\\\/wp-content\\\/uploads\\\/2024\\\/12\\\/Verm-untitled-ISPM-856521-e1735663166135.jpg&quot;},{&quot;id&quot;:32279,&quot;url&quot;:&quot;https:\\\/\\\/nextgensd.com\\\/wp-content\\\/uploads\\\/2024\\\/12\\\/111_HOPKINS_BAJA13_59151-e1735665722830.jpg&quot;},{&quot;id&quot;:32252,&quot;url&quot;:&quot;https:\\\/\\\/nextgensd.com\\\/wp-content\\\/uploads\\\/2024\\\/12\\\/Verm-fin-whale-ISPM-500169-e1735663563154.jpg&quot;},{&quot;id&quot;:32261,&quot;url&quot;:&quot;https:\\\/\\\/nextgensd.com\\\/wp-content\\\/uploads\\\/2024\\\/12\\\/DSC07834-e1735663448601.jpg&quot;},{&quot;id&quot;:32282,&quot;url&quot;:&quot;https:\\\/\\\/nextgensd.com\\\/wp-content\\\/uploads\\\/2024\\\/12\\\/IMG_3009-e1735665822894.jpg&quot;},{&quot;id&quot;:32284,&quot;url&quot;:&quot;https:\\\/\\\/nextgensd.com\\\/wp-content\\\/uploads\\\/2024\\\/12\\\/294_HOPKINS_BAJA13_63293-e1735665844652.jpg&quot;}],&quot;background_slideshow_slide_duration&quot;:6000,&quot;background_slideshow_ken_burns&quot;:&quot;yes&quot;,&quot;background_slideshow_loop&quot;:&quot;yes&quot;,&quot;background_slideshow_slide_transition&quot;:&quot;fade&quot;,&quot;background_slideshow_transition_duration&quot;:500,&quot;background_slideshow_ken_burns_zoom_direction&quot;:&quot;in&quot;}\">\n\t\t\t\t\t<div class=\"e-con-inner\">\n\t\t\t\t\t<\/div>\n\t\t\t\t<\/div>\n\t\t<div class=\"elementor-element elementor-element-368a314 e-flex e-con-boxed e-con e-parent\" data-id=\"368a314\" data-element_type=\"container\">\n\t\t\t\t\t<div class=\"e-con-inner\">\n\t\t\t\t<div class=\"elementor-element elementor-element-54c5854 elementor-widget elementor-widget-heading\" data-id=\"54c5854\" data-element_type=\"widget\" data-widget_type=\"heading.default\">\n\t\t\t\t<div class=\"elementor-widget-container\">\n\t\t\t<style>\/*! elementor - v3.23.0 - 05-08-2024 *\/\n.elementor-heading-title{padding:0;margin:0;line-height:1}.elementor-widget-heading .elementor-heading-title[class*=elementor-size-]>a{color:inherit;font-size:inherit;line-height:inherit}.elementor-widget-heading .elementor-heading-title.elementor-size-small{font-size:15px}.elementor-widget-heading .elementor-heading-title.elementor-size-medium{font-size:19px}.elementor-widget-heading .elementor-heading-title.elementor-size-large{font-size:29px}.elementor-widget-heading .elementor-heading-title.elementor-size-xl{font-size:39px}.elementor-widget-heading .elementor-heading-title.elementor-size-xxl{font-size:59px}<\/style><h1 class=\"elementor-heading-title elementor-size-default\">\u00bfCu\u00e1l es la Salud Ecol\u00f3gica del <br>Golfo de California?<\/h1>\t\t<\/div>\n\t\t\t\t<\/div>\n\t\t\t\t\t<\/div>\n\t\t\t\t<\/div>\n\t\t<div class=\"elementor-element elementor-element-ed27edc e-flex e-con-boxed e-con e-parent\" data-id=\"ed27edc\" data-element_type=\"container\">\n\t\t\t\t\t<div class=\"e-con-inner\">\n\t\t\t\t<div class=\"elementor-element elementor-element-21dc981 elementor-widget elementor-widget-text-editor\" data-id=\"21dc981\" data-element_type=\"widget\" data-widget_type=\"text-editor.default\">\n\t\t\t\t<div class=\"elementor-widget-container\">\n\t\t\t<style>\/*! elementor - v3.23.0 - 05-08-2024 *\/\n.elementor-widget-text-editor.elementor-drop-cap-view-stacked .elementor-drop-cap{background-color:#69727d;color:#fff}.elementor-widget-text-editor.elementor-drop-cap-view-framed .elementor-drop-cap{color:#69727d;border:3px solid;background-color:transparent}.elementor-widget-text-editor:not(.elementor-drop-cap-view-default) .elementor-drop-cap{margin-top:8px}.elementor-widget-text-editor:not(.elementor-drop-cap-view-default) .elementor-drop-cap-letter{width:1em;height:1em}.elementor-widget-text-editor .elementor-drop-cap{float:left;text-align:center;line-height:1;font-size:50px}.elementor-widget-text-editor .elementor-drop-cap-letter{display:inline-block}<\/style>\t\t\t\t<div title=\"Page 1\"><div><div><p>El Golfo de California cuenta con una gran riqueza de estudios ecol\u00f3gicos a largo plazo \u2014un verdadero \u00abtesoro cient\u00edfico\u00bb\u2014, que en su mayor\u00eda permanecen dentro de sistemas independientes o son poco conocidos. En este informe, comenzamos a identificar los estudios disponibles, presentamos lo que revelan e identificamos vac\u00edos.<\/p><\/div><\/div><\/div>\t\t\t\t\t\t<\/div>\n\t\t\t\t<\/div>\n\t\t\t\t\t<\/div>\n\t\t\t\t<\/div>\n\t\t<div class=\"elementor-element elementor-element-983f800 e-flex e-con-boxed e-con e-parent\" data-id=\"983f800\" data-element_type=\"container\">\n\t\t\t\t\t<div class=\"e-con-inner\">\n\t\t\t\t<div class=\"elementor-element elementor-element-04d81ad elementor-widget elementor-widget-text-editor\" data-id=\"04d81ad\" data-element_type=\"widget\" data-widget_type=\"text-editor.default\">\n\t\t\t\t<div class=\"elementor-widget-container\">\n\t\t\t\t\t\t\t<div title=\"Page 6\"><p>Esta evaluaci\u00f3n incluye cuarenta y un<b> <\/b>proyectos de investigaci\u00f3n ecol\u00f3gica a largo plazo realizados por\u00a0<span style=\"text-align: var(--text-align); background-color: var( --e-global-color-c696dce );\">32 cient\u00edficos<\/span><span style=\"text-align: var(--text-align); background-color: var( --e-global-color-c696dce );\">, abarcando biomas, ecosistemas y grupos taxon\u00f3micos en todo el Golfo de California.\u00a0<\/span><\/p><p>De estos proyectos, solo tres grupos\u00a0taxon\u00f3micos fueron evaluados como <b>en mejor\u00eda<\/b>, siete como <b>estables<\/b>, 11 <b>en deterioro<\/b>, dos <b>en<br \/>deterioro acelerado <\/b>y 18 con tendencias <b>no determinadas<\/b>. Las especies que se encuentran\u00a0estables o en mejor\u00eda son casi exclusivamente<br \/>terrestres (card\u00f3n y escarabajos), o especies\u00a0con conexiones entre tierra y mar (p. ej., tortugas\u00a0marinas, murci\u00e9lago pescador) o de productividad primaria (kril). En contraste, casi todos los grupos taxon\u00f3micos en niveles tr\u00f3ficos superiores\u00a0(p. ej., cangrejos, peces, calamar gigante, aves marinas, estrellas marinas, ballenas) est\u00e1n en deterioro, con la excepci\u00f3n del \u00e1guila pescadora,\u00a0que se encuentra estable.<\/p><p>Los conjuntos de datos a largo plazo presentados aqu\u00ed tienen una representaci\u00f3n robusta\u00a0en t\u00e9rminos espaciales, taxon\u00f3micos y tr\u00f3ficos.<br \/><strong>En general, muestran una alarmante disminuci\u00f3n de poblaciones en niveles tr\u00f3ficos superiores a lo largo del Golfo de California.\u00a0\u00a0<\/strong><\/p><p>La recopilaci\u00f3n continua de estos\u00a0conjuntos de datos, muchos con l\u00edneas de base\u00a0relativamente recientes, contribuir\u00e1 a la hip\u00f3tesis emergente de una productividad primaria\u00a0persistente y en funcionamiento, junto con la\u00a0disminuci\u00f3n en la salud de las poblaciones de\u00a0especies de alto nivel tr\u00f3fico debido a la presi\u00f3n combinada de la sobrepesca y las anomal\u00edas de temperatura.<\/p><\/div>\t\t\t\t\t\t<\/div>\n\t\t\t\t<\/div>\n\t\t\t\t<div class=\"elementor-element elementor-element-697cb81 elementor-widget elementor-widget-text-editor\" data-id=\"697cb81\" data-element_type=\"widget\" data-widget_type=\"text-editor.default\">\n\t\t\t\t<div class=\"elementor-widget-container\">\n\t\t\t\t\t\t\t<p><strong>Esta evaluaci\u00f3n se\u00f1ala una resiliencia inherente en los procesos que han impulsado la gran abundancia y diversidad del Golfo de California, capturada en las l\u00edneas de base m\u00e1s tempranas de estos datos. Al mismo tiempo, llama de inmediato nuestra atenci\u00f3n a los numerosos declives resultantes de m\u00faltiples factores de estr\u00e9s.\u00a0<\/strong><\/p>\t\t\t\t\t\t<\/div>\n\t\t\t\t<\/div>\n\t\t\t\t\t<\/div>\n\t\t\t\t<\/div>\n\t\t<div class=\"elementor-element elementor-element-d2718c1 e-flex e-con-boxed e-con e-parent\" data-id=\"d2718c1\" data-element_type=\"container\">\n\t\t\t\t\t<div class=\"e-con-inner\">\n\t\t\t\t<div class=\"elementor-element elementor-element-865e153 elementor-widget elementor-widget-image\" data-id=\"865e153\" data-element_type=\"widget\" data-widget_type=\"image.default\">\n\t\t\t\t<div class=\"elementor-widget-container\">\n\t\t\t<style>\/*! elementor - v3.23.0 - 05-08-2024 *\/\n.elementor-widget-image{text-align:center}.elementor-widget-image a{display:inline-block}.elementor-widget-image a img[src$=\".svg\"]{width:48px}.elementor-widget-image img{vertical-align:middle;display:inline-block}<\/style>\t\t\t\t\t\t\t<figure class=\"wp-caption\">\n\t\t\t\t\t\t\t\t\t\t\t<a href=\"https:\/\/nextgensd.com\/wp-content\/uploads\/2025\/01\/GoC-Trends-Illustration_Spanish_4Jan2025_with-title.jpg\" target=\"_blank\">\n\t\t\t\t\t\t\t<img fetchpriority=\"high\" decoding=\"async\" width=\"1908\" height=\"1235\" src=\"https:\/\/nextgensd.com\/wp-content\/uploads\/2025\/01\/GoC-Trends-Illustration_Spanish_4Jan2025_with-title.jpg\" class=\"attachment-full size-full wp-image-32389\" alt=\"\" srcset=\"https:\/\/nextgensd.com\/wp-content\/uploads\/2025\/01\/GoC-Trends-Illustration_Spanish_4Jan2025_with-title.jpg 1908w, https:\/\/nextgensd.com\/wp-content\/uploads\/2025\/01\/GoC-Trends-Illustration_Spanish_4Jan2025_with-title-300x194.jpg 300w, https:\/\/nextgensd.com\/wp-content\/uploads\/2025\/01\/GoC-Trends-Illustration_Spanish_4Jan2025_with-title-1024x663.jpg 1024w, https:\/\/nextgensd.com\/wp-content\/uploads\/2025\/01\/GoC-Trends-Illustration_Spanish_4Jan2025_with-title-768x497.jpg 768w, https:\/\/nextgensd.com\/wp-content\/uploads\/2025\/01\/GoC-Trends-Illustration_Spanish_4Jan2025_with-title-1536x994.jpg 1536w\" sizes=\"(max-width: 1908px) 100vw, 1908px\" \/>\t\t\t\t\t\t\t\t<\/a>\n\t\t\t\t\t\t\t\t\t\t\t<figcaption class=\"widget-image-caption wp-caption-text\">Illustraci\u00f3n por Paola Ram\u00edrez<\/figcaption>\n\t\t\t\t\t\t\t\t\t\t<\/figure>\n\t\t\t\t\t\t\t<\/div>\n\t\t\t\t<\/div>\n\t\t\t\t\t<\/div>\n\t\t\t\t<\/div>\n\t\t<div class=\"elementor-element elementor-element-a4c81e2 e-flex e-con-boxed e-con e-parent\" data-id=\"a4c81e2\" data-element_type=\"container\">\n\t\t\t\t\t<div class=\"e-con-inner\">\n\t\t\t\t<div class=\"elementor-element elementor-element-9d0da0b elementor-align-center elementor-widget elementor-widget-button\" data-id=\"9d0da0b\" data-element_type=\"widget\" data-widget_type=\"button.default\">\n\t\t\t\t<div class=\"elementor-widget-container\">\n\t\t\t\t\t<div class=\"elementor-button-wrapper\">\n\t\t\t<a class=\"elementor-button elementor-button-link elementor-size-sm\" href=\"https:\/\/nextgensd.com\/wp-content\/uploads\/2025\/01\/Health-of-the-Gulf-of-California_final-assesment_Espanol.pdf\" target=\"_blank\">\n\t\t\t\t\t\t<span class=\"elementor-button-content-wrapper\">\n\t\t\t\t\t\t\t\t\t<span class=\"elementor-button-text\">Descarga el Informe Completo<\/span>\n\t\t\t\t\t<\/span>\n\t\t\t\t\t<\/a>\n\t\t<\/div>\n\t\t\t\t<\/div>\n\t\t\t\t<\/div>\n\t\t\t\t\t<\/div>\n\t\t\t\t<\/div>\n\t\t<div class=\"elementor-element elementor-element-233d53d e-flex e-con-boxed e-con e-parent\" data-id=\"233d53d\" data-element_type=\"container\">\n\t\t\t\t\t<div class=\"e-con-inner\">\n\t\t\t\t<div class=\"elementor-element elementor-element-b096736 elementor-widget elementor-widget-image\" data-id=\"b096736\" data-element_type=\"widget\" data-widget_type=\"image.default\">\n\t\t\t\t<div class=\"elementor-widget-container\">\n\t\t\t\t\t\t\t\t\t\t\t\t\t\t<a href=\"https:\/\/nextgensd.com\/wp-content\/uploads\/2025\/01\/Health-of-the-Gulf-of-California_final-assesment_Espanol.pdf\" target=\"_blank\">\n\t\t\t\t\t\t\t<img decoding=\"async\" width=\"768\" height=\"994\" src=\"https:\/\/nextgensd.com\/wp-content\/uploads\/2025\/01\/Health-of-the-Gulf-digital-cover-SPA-768x994.jpg\" class=\"attachment-medium_large size-medium_large wp-image-32440\" alt=\"\" srcset=\"https:\/\/nextgensd.com\/wp-content\/uploads\/2025\/01\/Health-of-the-Gulf-digital-cover-SPA-768x994.jpg 768w, https:\/\/nextgensd.com\/wp-content\/uploads\/2025\/01\/Health-of-the-Gulf-digital-cover-SPA-232x300.jpg 232w, https:\/\/nextgensd.com\/wp-content\/uploads\/2025\/01\/Health-of-the-Gulf-digital-cover-SPA-791x1024.jpg 791w, https:\/\/nextgensd.com\/wp-content\/uploads\/2025\/01\/Health-of-the-Gulf-digital-cover-SPA-1187x1536.jpg 1187w, https:\/\/nextgensd.com\/wp-content\/uploads\/2025\/01\/Health-of-the-Gulf-digital-cover-SPA.jpg 1484w\" sizes=\"(max-width: 768px) 100vw, 768px\" \/>\t\t\t\t\t\t\t\t<\/a>\n\t\t\t\t\t\t\t\t\t\t\t\t\t<\/div>\n\t\t\t\t<\/div>\n\t\t\t\t\t<\/div>\n\t\t\t\t<\/div>\n\t\t\t\t<\/div>\n\t\t","protected":false},"excerpt":{"rendered":"<p>El Golfo de California cuenta con una gran riqueza de estudios ecol\u00f3gicos a largo plazo \u2014un verdadero \u00abtesoro cient\u00edfico\u00bb\u2014, que en su mayor\u00eda permanecen dentro de sistemas independientes o son poco conocidos. En este informe, comenzamos a identificar los estudios disponibles, presentamos lo que revelan e identificamos vac\u00edos.<\/p>\n","protected":false},"author":1,"featured_media":32256,"parent":0,"menu_order":0,"comment_status":"closed","ping_status":"closed","template":"elementor_header_footer","meta":{"footnotes":""},"acf":[],"_links":{"self":[{"href":"https:\/\/nextgensd.com\/es\/wp-json\/wp\/v2\/pages\/32322"}],"collection":[{"href":"https:\/\/nextgensd.com\/es\/wp-json\/wp\/v2\/pages"}],"about":[{"href":"https:\/\/nextgensd.com\/es\/wp-json\/wp\/v2\/types\/page"}],"author":[{"embeddable":true,"href":"https:\/\/nextgensd.com\/es\/wp-json\/wp\/v2\/users\/1"}],"replies":[{"embeddable":true,"href":"https:\/\/nextgensd.com\/es\/wp-json\/wp\/v2\/comments?post=32322"}],"version-history":[{"count":37,"href":"https:\/\/nextgensd.com\/es\/wp-json\/wp\/v2\/pages\/32322\/revisions"}],"predecessor-version":[{"id":32447,"href":"https:\/\/nextgensd.com\/es\/wp-json\/wp\/v2\/pages\/32322\/revisions\/32447"}],"wp:featuredmedia":[{"embeddable":true,"href":"https:\/\/nextgensd.com\/es\/wp-json\/wp\/v2\/media\/32256"}],"wp:attachment":[{"href":"https:\/\/nextgensd.com\/es\/wp-json\/wp\/v2\/media?parent=32322"}],"curies":[{"name":"wp","href":"https:\/\/api.w.org\/{rel}","templated":true}]}}