{"id":30222,"date":"2023-12-18T16:24:23","date_gmt":"2023-12-18T16:24:23","guid":{"rendered":"https:\/\/nextgensd.com\/?page_id=30222"},"modified":"2024-02-20T18:48:26","modified_gmt":"2024-02-20T18:48:26","slug":"sesiones","status":"publish","type":"page","link":"https:\/\/nextgensd.com\/es\/cumbre-2024\/sesiones\/","title":{"rendered":"Sesiones"},"content":{"rendered":"\t\t<div data-elementor-type=\"wp-post\" data-elementor-id=\"30222\" class=\"elementor elementor-30222 elementor-30106\" data-elementor-post-type=\"page\">\n\t\t\t\t\t\t<section class=\"elementor-section elementor-top-section elementor-element elementor-element-c284be9 elementor-section-boxed elementor-section-height-default elementor-section-height-default\" data-id=\"c284be9\" data-element_type=\"section\" data-settings=\"{&quot;background_background&quot;:&quot;classic&quot;}\">\n\t\t\t\t\t\t\t<div class=\"elementor-background-overlay\"><\/div>\n\t\t\t\t\t\t\t<div class=\"elementor-container elementor-column-gap-default\">\n\t\t\t\t\t<div class=\"elementor-column elementor-col-100 elementor-top-column elementor-element elementor-element-fd53d73\" data-id=\"fd53d73\" data-element_type=\"column\">\n\t\t\t<div class=\"elementor-widget-wrap elementor-element-populated\">\n\t\t\t\t\t\t<div class=\"elementor-element elementor-element-3a17ce0 elementor-widget elementor-widget-heading\" data-id=\"3a17ce0\" data-element_type=\"widget\" data-widget_type=\"heading.default\">\n\t\t\t\t<div class=\"elementor-widget-container\">\n\t\t\t<style>\/*! elementor - v3.23.0 - 05-08-2024 *\/\n.elementor-heading-title{padding:0;margin:0;line-height:1}.elementor-widget-heading .elementor-heading-title[class*=elementor-size-]>a{color:inherit;font-size:inherit;line-height:inherit}.elementor-widget-heading .elementor-heading-title.elementor-size-small{font-size:15px}.elementor-widget-heading .elementor-heading-title.elementor-size-medium{font-size:19px}.elementor-widget-heading .elementor-heading-title.elementor-size-large{font-size:29px}.elementor-widget-heading .elementor-heading-title.elementor-size-xl{font-size:39px}.elementor-widget-heading .elementor-heading-title.elementor-size-xxl{font-size:59px}<\/style><h2 class=\"elementor-heading-title elementor-size-default\">Sesiones<\/h2>\t\t<\/div>\n\t\t\t\t<\/div>\n\t\t\t\t\t<\/div>\n\t\t<\/div>\n\t\t\t\t\t<\/div>\n\t\t<\/section>\n\t\t\t\t<section class=\"elementor-section elementor-top-section elementor-element elementor-element-bc6889a elementor-section-boxed elementor-section-height-default elementor-section-height-default\" data-id=\"bc6889a\" data-element_type=\"section\">\n\t\t\t\t\t\t<div class=\"elementor-container elementor-column-gap-default\">\n\t\t\t\t\t<div class=\"elementor-column elementor-col-33 elementor-top-column elementor-element elementor-element-7f4af40 elementor-hidden-mobile\" data-id=\"7f4af40\" data-element_type=\"column\" data-settings=\"{&quot;background_background&quot;:&quot;classic&quot;}\">\n\t\t\t<div class=\"elementor-widget-wrap elementor-element-populated\">\n\t\t\t\t\t\t<div class=\"elementor-element elementor-element-65c8874 elementor-widget elementor-widget-image\" data-id=\"65c8874\" data-element_type=\"widget\" data-widget_type=\"image.default\">\n\t\t\t\t<div class=\"elementor-widget-container\">\n\t\t\t<style>\/*! elementor - v3.23.0 - 05-08-2024 *\/\n.elementor-widget-image{text-align:center}.elementor-widget-image a{display:inline-block}.elementor-widget-image a img[src$=\".svg\"]{width:48px}.elementor-widget-image img{vertical-align:middle;display:inline-block}<\/style>\t\t\t\t\t\t\t\t\t\t<img fetchpriority=\"high\" decoding=\"async\" width=\"662\" height=\"1000\" src=\"https:\/\/nextgensd.com\/wp-content\/uploads\/2023\/09\/DSC_0279.jpg\" class=\"attachment-medium_large size-medium_large wp-image-29257\" alt=\"\" srcset=\"https:\/\/nextgensd.com\/wp-content\/uploads\/2023\/09\/DSC_0279.jpg 662w, https:\/\/nextgensd.com\/wp-content\/uploads\/2023\/09\/DSC_0279-199x300.jpg 199w\" sizes=\"(max-width: 662px) 100vw, 662px\" \/>\t\t\t\t\t\t\t\t\t\t\t\t\t<\/div>\n\t\t\t\t<\/div>\n\t\t\t\t\t<\/div>\n\t\t<\/div>\n\t\t\t\t<div class=\"elementor-column elementor-col-66 elementor-top-column elementor-element elementor-element-5104b09\" data-id=\"5104b09\" data-element_type=\"column\">\n\t\t\t<div class=\"elementor-widget-wrap elementor-element-populated\">\n\t\t\t\t\t\t<div class=\"elementor-element elementor-element-0c3ac47 elementor-widget elementor-widget-text-editor\" data-id=\"0c3ac47\" data-element_type=\"widget\" data-widget_type=\"text-editor.default\">\n\t\t\t\t<div class=\"elementor-widget-container\">\n\t\t\t<style>\/*! elementor - v3.23.0 - 05-08-2024 *\/\n.elementor-widget-text-editor.elementor-drop-cap-view-stacked .elementor-drop-cap{background-color:#69727d;color:#fff}.elementor-widget-text-editor.elementor-drop-cap-view-framed .elementor-drop-cap{color:#69727d;border:3px solid;background-color:transparent}.elementor-widget-text-editor:not(.elementor-drop-cap-view-default) .elementor-drop-cap{margin-top:8px}.elementor-widget-text-editor:not(.elementor-drop-cap-view-default) .elementor-drop-cap-letter{width:1em;height:1em}.elementor-widget-text-editor .elementor-drop-cap{float:left;text-align:center;line-height:1;font-size:50px}.elementor-widget-text-editor .elementor-drop-cap-letter{display:inline-block}<\/style>\t\t\t\t<p>La base de la Cumbre ser\u00e1n m\u00e1s de 30 sesiones -de una hora y media a dos horas de duraci\u00f3n- centradas en los temas m\u00e1s importantes identificados por ustedes, los participantes.<\/p><p>Se preestablecer\u00e1 un cierto n\u00famero de temas de sesi\u00f3n para que nuestro tiempo en persona sea lo m\u00e1s productivo posible. Al menos la mitad de los espacios de las sesiones se reservar\u00e1n para temas espont\u00e1neos presentados al inicio de la Cumbre.<\/p><p>Para m\u00e1s informaci\u00f3n sobe el formato del (des)conferencia v\u00e9ase <em>Formato<\/em> en la pesta\u00f1a <em>Acerca de<\/em>.<\/p>\t\t\t\t\t\t<\/div>\n\t\t\t\t<\/div>\n\t\t\t\t\t<\/div>\n\t\t<\/div>\n\t\t\t\t\t<\/div>\n\t\t<\/section>\n\t\t\t\t<section class=\"elementor-section elementor-top-section elementor-element elementor-element-945a023 elementor-section-boxed elementor-section-height-default elementor-section-height-default\" data-id=\"945a023\" data-element_type=\"section\">\n\t\t\t\t\t\t<div class=\"elementor-container elementor-column-gap-default\">\n\t\t\t\t\t<div class=\"elementor-column elementor-col-100 elementor-top-column elementor-element elementor-element-5d7d6d2\" data-id=\"5d7d6d2\" data-element_type=\"column\">\n\t\t\t<div class=\"elementor-widget-wrap elementor-element-populated\">\n\t\t\t\t\t\t<div class=\"elementor-element elementor-element-0218359 elementor-widget elementor-widget-text-editor\" data-id=\"0218359\" data-element_type=\"widget\" data-widget_type=\"text-editor.default\">\n\t\t\t\t<div class=\"elementor-widget-container\">\n\t\t\t\t\t\t\t<p>Imagen: Griselda Guadalupe Franco Piedra<\/p>\t\t\t\t\t\t<\/div>\n\t\t\t\t<\/div>\n\t\t\t\t\t<\/div>\n\t\t<\/div>\n\t\t\t\t\t<\/div>\n\t\t<\/section>\n\t\t\t\t<section class=\"elementor-section elementor-top-section elementor-element elementor-element-7ad68de elementor-section-boxed elementor-section-height-default elementor-section-height-default\" data-id=\"7ad68de\" data-element_type=\"section\">\n\t\t\t\t\t\t<div class=\"elementor-container elementor-column-gap-default\">\n\t\t\t\t\t<div class=\"elementor-column elementor-col-100 elementor-top-column elementor-element elementor-element-8be94f2\" data-id=\"8be94f2\" data-element_type=\"column\">\n\t\t\t<div class=\"elementor-widget-wrap elementor-element-populated\">\n\t\t\t\t\t\t<div class=\"elementor-element elementor-element-33d66a8 elementor-widget elementor-widget-heading\" data-id=\"33d66a8\" data-element_type=\"widget\" data-widget_type=\"heading.default\">\n\t\t\t\t<div class=\"elementor-widget-container\">\n\t\t\t<h2 class=\"elementor-heading-title elementor-size-default\">Las sesiones preestablecidas a convocar en la Cumbre:\n<\/h2>\t\t<\/div>\n\t\t\t\t<\/div>\n\t\t\t\t<div class=\"elementor-element elementor-element-316b93f elementor-widget elementor-widget-text-editor\" data-id=\"316b93f\" data-element_type=\"widget\" data-widget_type=\"text-editor.default\">\n\t\t\t\t<div class=\"elementor-widget-container\">\n\t\t\t\t\t\t\t<p>Cumbre Agave<\/p>\t\t\t\t\t\t<\/div>\n\t\t\t\t<\/div>\n\t\t\t\t<div class=\"elementor-element elementor-element-3ebe20e elementor-widget elementor-widget-text-editor\" data-id=\"3ebe20e\" data-element_type=\"widget\" data-widget_type=\"text-editor.default\">\n\t\t\t\t<div class=\"elementor-widget-container\">\n\t\t\t\t\t\t\t<ul><li><h3>Sin Murci\u00e9lagos no hay Bacanora (Valeria Ca\u00f1edo Monta\u00f1o)\u00a0<\/h3><\/li><li aria-level=\"1\"><h3>Fermentaci\u00f3n: Calidad, Conocimiento Tradicional, Patrimonio Cultural (Michael Hurley, Chris Sauer, Cesar Ojeda, Maritza Alvarez)<\/h3><\/li><li aria-level=\"1\"><h3>Cultivo de Agave de Calidad: Problemas, programas y soluciones (Michael Hurley y Randy Young)<\/h3><\/li><\/ul>\t\t\t\t\t\t<\/div>\n\t\t\t\t<\/div>\n\t\t\t\t<div class=\"elementor-element elementor-element-4bc3b33 elementor-widget elementor-widget-text-editor\" data-id=\"4bc3b33\" data-element_type=\"widget\" data-widget_type=\"text-editor.default\">\n\t\t\t\t<div class=\"elementor-widget-container\">\n\t\t\t\t\t\t\t<p>Cumbre N-Gen<\/p>\t\t\t\t\t\t<\/div>\n\t\t\t\t<\/div>\n\t\t\t\t<div class=\"elementor-element elementor-element-b6b03e2 elementor-widget elementor-widget-text-editor\" data-id=\"b6b03e2\" data-element_type=\"widget\" data-widget_type=\"text-editor.default\">\n\t\t\t\t<div class=\"elementor-widget-container\">\n\t\t\t\t\t\t\t<ul><li><h3>Diversidad biocultural alimentaria en el Desierto Sonorense (Erin Riordan y Charlie de la Rosa)<\/h3><\/li><li><h3>UNEC (Uni\u00f3n Noroeste de Estaciones de Campo) (Sula Vanderplank)<\/h3><\/li><li><h3>Autodiagnostico N-Gen \/ An\u00e1lisis de red social (V\u00edctor Ric\u00e1rdez-Garc\u00eda)<\/h3><\/li><li><h3>Comprensi\u00f3n de los efectos de las sequ\u00edas agudas (Ben Wilder y Peter Breslin)<\/h3><\/li><li><h3>Estado de salud del Golfo de California (Lorayne Meltzer y Ben Wilder)<\/h3><\/li><li aria-level=\"1\"><h3>Estrategias de conservaci\u00f3n de las cuevas de murci\u00e9lagos en el desierto sonorense (<span data-sheets-root=\"1\" data-sheets-value=\"{&quot;1&quot;:2,&quot;2&quot;:&quot;Luis Omar Calva P\u00e9rez&quot;}\" data-sheets-userformat=\"{&quot;2&quot;:513,&quot;3&quot;:{&quot;1&quot;:0},&quot;12&quot;:0}\">Luis Omar Calva P\u00e9rez, Denisse D\u00edaz Damas, Ana Cristina Contreras Zayas, Luis Alfonso de la Fuente)<\/span><\/h3><\/li><li aria-level=\"1\"><h3>Fuego en el Desierto Sonorense (Jim Malusa)<\/h3><\/li><li style=\"font-size: 15px;\" aria-level=\"1\"><h3>Encuentros Art\u00edsticos y Musicales como Marcos de Investigaci\u00f3n Interdisciplinaria (Gabriela Ocadiz Velazquez)<\/h3><\/li><li style=\"font-size: 15px;\" aria-level=\"1\"><h3>Detecci\u00f3n de P\u00fablicos para una Comunicaci\u00f3n P\u00fablica de la Ciencia (Martha Patricia Alcaraz Flores, Isadora Clark Ord\u00f3\u00f1ez)<\/h3><\/li><\/ul>\t\t\t\t\t\t<\/div>\n\t\t\t\t<\/div>\n\t\t\t\t\t<\/div>\n\t\t<\/div>\n\t\t\t\t\t<\/div>\n\t\t<\/section>\n\t\t\t\t<section class=\"elementor-section elementor-top-section elementor-element elementor-element-29b596c elementor-section-boxed elementor-section-height-default elementor-section-height-default\" data-id=\"29b596c\" data-element_type=\"section\" data-settings=\"{&quot;background_background&quot;:&quot;classic&quot;}\">\n\t\t\t\t\t\t<div class=\"elementor-container elementor-column-gap-default\">\n\t\t\t\t\t<div class=\"elementor-column elementor-col-100 elementor-top-column elementor-element elementor-element-21e5228\" data-id=\"21e5228\" data-element_type=\"column\" data-settings=\"{&quot;background_background&quot;:&quot;classic&quot;}\">\n\t\t\t<div class=\"elementor-widget-wrap elementor-element-populated\">\n\t\t\t\t\t\t<div class=\"elementor-element elementor-element-80d74f1 elementor-widget elementor-widget-text-editor\" data-id=\"80d74f1\" data-element_type=\"widget\" data-widget_type=\"text-editor.default\">\n\t\t\t\t<div class=\"elementor-widget-container\">\n\t\t\t\t\t\t\t<h3>Ahora, no estamos aceptando propuestas de sesiones preestablecidas. Hay muchas espacios para sesiones reservados, que se llenar\u00e1n con sus ideas al comienzo de la Cumbre.<\/h3>\t\t\t\t\t\t<\/div>\n\t\t\t\t<\/div>\n\t\t\t\t\t<\/div>\n\t\t<\/div>\n\t\t\t\t\t<\/div>\n\t\t<\/section>\n\t\t\t\t<\/div>\n\t\t","protected":false},"excerpt":{"rendered":"<p>Sesiones La base de la Cumbre ser\u00e1n m\u00e1s de 30 sesiones -de una hora y media a dos horas de duraci\u00f3n- centradas en los temas m\u00e1s importantes identificados por ustedes, los participantes. Se preestablecer\u00e1 un cierto n\u00famero de temas de sesi\u00f3n para que nuestro tiempo en persona sea lo m\u00e1s productivo posible. Al menos la [&hellip;]<\/p>\n","protected":false},"author":1,"featured_media":0,"parent":29578,"menu_order":0,"comment_status":"open","ping_status":"closed","template":"elementor_header_footer","meta":{"footnotes":""},"acf":[],"_links":{"self":[{"href":"https:\/\/nextgensd.com\/es\/wp-json\/wp\/v2\/pages\/30222"}],"collection":[{"href":"https:\/\/nextgensd.com\/es\/wp-json\/wp\/v2\/pages"}],"about":[{"href":"https:\/\/nextgensd.com\/es\/wp-json\/wp\/v2\/types\/page"}],"author":[{"embeddable":true,"href":"https:\/\/nextgensd.com\/es\/wp-json\/wp\/v2\/users\/1"}],"replies":[{"embeddable":true,"href":"https:\/\/nextgensd.com\/es\/wp-json\/wp\/v2\/comments?post=30222"}],"version-history":[{"count":20,"href":"https:\/\/nextgensd.com\/es\/wp-json\/wp\/v2\/pages\/30222\/revisions"}],"predecessor-version":[{"id":31075,"href":"https:\/\/nextgensd.com\/es\/wp-json\/wp\/v2\/pages\/30222\/revisions\/31075"}],"up":[{"embeddable":true,"href":"https:\/\/nextgensd.com\/es\/wp-json\/wp\/v2\/pages\/29578"}],"wp:attachment":[{"href":"https:\/\/nextgensd.com\/es\/wp-json\/wp\/v2\/media?parent=30222"}],"curies":[{"name":"wp","href":"https:\/\/api.w.org\/{rel}","templated":true}]}}