{"id":30195,"date":"2023-12-18T16:02:22","date_gmt":"2023-12-18T16:02:22","guid":{"rendered":"https:\/\/nextgensd.com\/?page_id=30195"},"modified":"2024-01-27T00:38:05","modified_gmt":"2024-01-27T00:38:05","slug":"preguntas-frecuentes","status":"publish","type":"page","link":"https:\/\/nextgensd.com\/es\/bioblitz-de-la-frontera-2024\/preguntas-frecuentes\/","title":{"rendered":"Preguntas frecuentes"},"content":{"rendered":"\t\t<div data-elementor-type=\"wp-page\" data-elementor-id=\"30195\" class=\"elementor elementor-30195 elementor-29821\" data-elementor-post-type=\"page\">\n\t\t\t\t\t\t<section class=\"elementor-section elementor-top-section elementor-element elementor-element-01fd30b elementor-section-boxed elementor-section-height-default elementor-section-height-default\" data-id=\"01fd30b\" data-element_type=\"section\">\n\t\t\t\t\t\t<div class=\"elementor-container elementor-column-gap-default\">\n\t\t\t\t\t<div class=\"elementor-column elementor-col-100 elementor-top-column elementor-element elementor-element-072ce4f\" data-id=\"072ce4f\" data-element_type=\"column\">\n\t\t\t<div class=\"elementor-widget-wrap elementor-element-populated\">\n\t\t\t\t\t\t<div class=\"elementor-element elementor-element-f0245c5 elementor-widget elementor-widget-heading\" data-id=\"f0245c5\" data-element_type=\"widget\" data-widget_type=\"heading.default\">\n\t\t\t\t<div class=\"elementor-widget-container\">\n\t\t\t<style>\/*! elementor - v3.23.0 - 05-08-2024 *\/\n.elementor-heading-title{padding:0;margin:0;line-height:1}.elementor-widget-heading .elementor-heading-title[class*=elementor-size-]>a{color:inherit;font-size:inherit;line-height:inherit}.elementor-widget-heading .elementor-heading-title.elementor-size-small{font-size:15px}.elementor-widget-heading .elementor-heading-title.elementor-size-medium{font-size:19px}.elementor-widget-heading .elementor-heading-title.elementor-size-large{font-size:29px}.elementor-widget-heading .elementor-heading-title.elementor-size-xl{font-size:39px}.elementor-widget-heading .elementor-heading-title.elementor-size-xxl{font-size:59px}<\/style><h2 class=\"elementor-heading-title elementor-size-default\">Preguntas frecuentes<\/h2>\t\t<\/div>\n\t\t\t\t<\/div>\n\t\t\t\t<div class=\"elementor-element elementor-element-bf8d7a0 elementor-widget elementor-widget-pp-faq\" data-id=\"bf8d7a0\" data-element_type=\"widget\" data-settings=\"{&quot;faq_layout&quot;:&quot;accordion&quot;,&quot;accordion_type&quot;:&quot;accordion&quot;,&quot;toggle_speed&quot;:300}\" data-widget_type=\"pp-faq.default\">\n\t\t\t\t<div class=\"elementor-widget-container\">\n\t\t\t\t\t<div class=\"pp-faqs pp-advanced-accordion pp-toggle-icon-align-right\" id=\"pp-advanced-accordion-bf8d7a0\" data-accordion-id=\"bf8d7a0\">\n\t\t\t\t\t\t<div class=\"pp-faq-item elementor-grid-item pp-accordion-item\">\n\t\t\t\t<div id=\"pp-accordion-tab-title-2001\" class=\"pp-faq-question pp-accordion-tab-title\" tabindex=\"0\" data-tab=\"1\" aria-controls=\"pp-accordion-tab-content-2001\" aria-expanded=\"false\">\n\t\t\t\t\t<div class=\"pp-accordion-title-icon\">\n\t\t\t\t\t\t\t\t\t\t\t\t\t\t\t\t\t\t<div class=\"pp-accordion-title-text\">\n\t\t\t\t\t\t\t\u00bfQu\u00e9 protocolos existen respecto al COVID?\t\t\t\t\t\t<\/div>\n\t\t\t\t\t<\/div>\n\t\t\t\t\t\t\t\t\t\t\t<div class=\"pp-accordion-toggle-icon\">\n\t\t\t\t\t\t\t\t\t\t\t\t\t\t\t<span class='pp-accordion-toggle-icon-close pp-icon'>\n\t\t\t\t\t\t\t\t\t<i aria-hidden=\"true\" class=\"fas fa-plus\"><\/i>\t\t\t\t\t\t\t\t<\/span>\n\t\t\t\t\t\t\t\t\t\t\t\t\t\t\t\t\t\t\t\t\t\t<span class='pp-accordion-toggle-icon-open pp-icon'>\n\t\t\t\t\t\t\t\t\t<i aria-hidden=\"true\" class=\"fas fa-minus\"><\/i>\t\t\t\t\t\t\t\t<\/span>\n\t\t\t\t\t\t\t\t\t\t\t\t\t<\/div>\n\t\t\t\t\t\t\t\t\t<\/div>\n\n\t\t\t\t<div id=\"pp-accordion-tab-content-2001\" class=\"pp-faq-answer pp-accordion-tab-content\" data-tab=\"1\" aria-labelledby=\"pp-accordion-tab-title-2001\">\n\t\t\t\t\t<h5>El BioBlitz de la Frontera es un evento descentralizado al aire libre.<\/h5>\n<p>Instamos a todas las personas participantes a seguir cuidadosamente las pautas de salud p\u00fablica proporcionadas por la OMS y los gobiernos locales. Queremos que los cient\u00edficos comunitarios a lo largo de la frontera tengan la oportunidad de participar, manteniendo al mismo tiempo su seguridad y la de sus comunidades. Les invitamos a mantenerse informados sobre cualquier posible cambio en el evento general y en las condiciones de su comunidad y regi\u00f3n.<\/p>\n<p>\u00a1Considera tambi\u00e9n documentar la vida silvestre desde la seguridad de tu hogar o jard\u00edn e <a href=\"https:\/\/www.youtube.com\/watch?v=XlXjqfk2QGI&amp;ab_channel=iNaturalist\">identificando especies<\/a>!<\/p>\n\t\t\t\t<\/div>\n\t\t\t<\/div>\n\t\t\t\t\t\t<div class=\"pp-faq-item elementor-grid-item pp-accordion-item\">\n\t\t\t\t<div id=\"pp-accordion-tab-title-2002\" class=\"pp-faq-question pp-accordion-tab-title\" tabindex=\"0\" data-tab=\"2\" aria-controls=\"pp-accordion-tab-content-2002\" aria-expanded=\"false\">\n\t\t\t\t\t<div class=\"pp-accordion-title-icon\">\n\t\t\t\t\t\t\t\t\t\t\t\t\t\t\t\t\t\t<div class=\"pp-accordion-title-text\">\n\t\t\t\t\t\t\t\u00bfC\u00f3mo se define la frontera?\t\t\t\t\t\t<\/div>\n\t\t\t\t\t<\/div>\n\t\t\t\t\t\t\t\t\t\t\t<div class=\"pp-accordion-toggle-icon\">\n\t\t\t\t\t\t\t\t\t\t\t\t\t\t\t<span class='pp-accordion-toggle-icon-close pp-icon'>\n\t\t\t\t\t\t\t\t\t<i aria-hidden=\"true\" class=\"fas fa-plus\"><\/i>\t\t\t\t\t\t\t\t<\/span>\n\t\t\t\t\t\t\t\t\t\t\t\t\t\t\t\t\t\t\t\t\t\t<span class='pp-accordion-toggle-icon-open pp-icon'>\n\t\t\t\t\t\t\t\t\t<i aria-hidden=\"true\" class=\"fas fa-minus\"><\/i>\t\t\t\t\t\t\t\t<\/span>\n\t\t\t\t\t\t\t\t\t\t\t\t\t<\/div>\n\t\t\t\t\t\t\t\t\t<\/div>\n\n\t\t\t\t<div id=\"pp-accordion-tab-content-2002\" class=\"pp-faq-answer pp-accordion-tab-content\" data-tab=\"2\" aria-labelledby=\"pp-accordion-tab-title-2002\">\n\t\t\t\t\t<h5>Sabemos que la zona fronteriza es una regi\u00f3n diversa y compleja.<\/h5>\n<p>En algunas \u00e1reas, nuestras zonas fronterizas son amplias, y en otras se reducen a una estrecha franja que cruzan \u00e1reas urbanas.<\/p>\n<p>En 2024, nos enfocaremos en las observaciones de la vida vegetal y animal que se encuentra dentro de los 15 kil\u00f3metros (unas 10 millas) al norte o al sur de la frontera entre Estados Unidos y M\u00e9xico.<\/p>\n\t\t\t\t<\/div>\n\t\t\t<\/div>\n\t\t\t\t\t\t<div class=\"pp-faq-item elementor-grid-item pp-accordion-item\">\n\t\t\t\t<div id=\"pp-accordion-tab-title-2003\" class=\"pp-faq-question pp-accordion-tab-title\" tabindex=\"0\" data-tab=\"3\" aria-controls=\"pp-accordion-tab-content-2003\" aria-expanded=\"false\">\n\t\t\t\t\t<div class=\"pp-accordion-title-icon\">\n\t\t\t\t\t\t\t\t\t\t\t\t\t\t\t\t\t\t<div class=\"pp-accordion-title-text\">\n\t\t\t\t\t\t\t\u00bfTengo que ser bi\u00f3logo para participar?\t\t\t\t\t\t<\/div>\n\t\t\t\t\t<\/div>\n\t\t\t\t\t\t\t\t\t\t\t<div class=\"pp-accordion-toggle-icon\">\n\t\t\t\t\t\t\t\t\t\t\t\t\t\t\t<span class='pp-accordion-toggle-icon-close pp-icon'>\n\t\t\t\t\t\t\t\t\t<i aria-hidden=\"true\" class=\"fas fa-plus\"><\/i>\t\t\t\t\t\t\t\t<\/span>\n\t\t\t\t\t\t\t\t\t\t\t\t\t\t\t\t\t\t\t\t\t\t<span class='pp-accordion-toggle-icon-open pp-icon'>\n\t\t\t\t\t\t\t\t\t<i aria-hidden=\"true\" class=\"fas fa-minus\"><\/i>\t\t\t\t\t\t\t\t<\/span>\n\t\t\t\t\t\t\t\t\t\t\t\t\t<\/div>\n\t\t\t\t\t\t\t\t\t<\/div>\n\n\t\t\t\t<div id=\"pp-accordion-tab-content-2003\" class=\"pp-faq-answer pp-accordion-tab-content\" data-tab=\"3\" aria-labelledby=\"pp-accordion-tab-title-2003\">\n\t\t\t\t\t<h5>\u00a1Para nada!<\/h5>\n<p>Alentamos a participar a personas de todas las edades, profesiones y niveles de experiencia.<\/p>\n<p>Todo lo que necesitas es un tel\u00e9fono inteligente con la aplicaci\u00f3n iNaturalist. Para m\u00e1s informaci\u00f3n, visita la <a href=\"https:\/\/nextgensd.com\/es\/bioblitz-de-la-frontera-2024\/tutorials-espanol\/\">secci\u00f3n de tutoriales<\/a>.<\/p>\n\t\t\t\t<\/div>\n\t\t\t<\/div>\n\t\t\t\t\t<\/div>\n\t\t\t\t<\/div>\n\t\t\t\t<\/div>\n\t\t\t\t\t<\/div>\n\t\t<\/div>\n\t\t\t\t\t<\/div>\n\t\t<\/section>\n\t\t\t\t<section class=\"elementor-section elementor-top-section elementor-element elementor-element-8230211 elementor-section-boxed elementor-section-height-default elementor-section-height-default\" data-id=\"8230211\" data-element_type=\"section\">\n\t\t\t\t\t\t<div class=\"elementor-container elementor-column-gap-default\">\n\t\t\t\t\t<div class=\"elementor-column elementor-col-50 elementor-top-column elementor-element elementor-element-e83ccc8\" data-id=\"e83ccc8\" data-element_type=\"column\">\n\t\t\t<div class=\"elementor-widget-wrap elementor-element-populated\">\n\t\t\t\t\t\t<div class=\"elementor-element elementor-element-564f5a7 elementor-widget elementor-widget-heading\" data-id=\"564f5a7\" data-element_type=\"widget\" data-widget_type=\"heading.default\">\n\t\t\t\t<div class=\"elementor-widget-container\">\n\t\t\t<h3 class=\"elementor-heading-title elementor-size-default\">DISCLAIMER:\n\n<\/h3>\t\t<\/div>\n\t\t\t\t<\/div>\n\t\t\t\t<div class=\"elementor-element elementor-element-1a24334 elementor-widget elementor-widget-text-editor\" data-id=\"1a24334\" data-element_type=\"widget\" data-widget_type=\"text-editor.default\">\n\t\t\t\t<div class=\"elementor-widget-container\">\n\t\t\t<style>\/*! elementor - v3.23.0 - 05-08-2024 *\/\n.elementor-widget-text-editor.elementor-drop-cap-view-stacked .elementor-drop-cap{background-color:#69727d;color:#fff}.elementor-widget-text-editor.elementor-drop-cap-view-framed .elementor-drop-cap{color:#69727d;border:3px solid;background-color:transparent}.elementor-widget-text-editor:not(.elementor-drop-cap-view-default) .elementor-drop-cap{margin-top:8px}.elementor-widget-text-editor:not(.elementor-drop-cap-view-default) .elementor-drop-cap-letter{width:1em;height:1em}.elementor-widget-text-editor .elementor-drop-cap{float:left;text-align:center;line-height:1;font-size:50px}.elementor-widget-text-editor .elementor-drop-cap-letter{display:inline-block}<\/style>\t\t\t\t<ul><li class=\"western\">All teams are independently organized. N-Gen and\/or collaborating organizations are not responsible for organizing teams.<\/li><li>Each Border BioBlitz team is independently organized. Any\u00a0and all\u00a0views, information, or opinions expressed by teams,\u00a0team organizers, or team members\u00a0are\u00a0their own\u00a0and do not necessarily reflect the views of N-Gen, partner organizations,\u00a0<span lang=\"ES-MX\">other participating individuals<\/span>,\u00a0or any\u00a0other agency.<\/li><li class=\"western\">Each team and\/or participant is responsible for securing licenses and\/or permits and alerting or coordinating with authorities if necessary.<\/li><li class=\"western\">All BioBlitz participants are individuals participating on a voluntary basis, and assume any and all risks involved.<\/li><li class=\"western\">N-Gen and\/or collaborating organizations are not responsible for participants\u2019 actions during the BioBlitz.<\/li><\/ul>\t\t\t\t\t\t<\/div>\n\t\t\t\t<\/div>\n\t\t\t\t\t<\/div>\n\t\t<\/div>\n\t\t\t\t<div class=\"elementor-column elementor-col-50 elementor-top-column elementor-element elementor-element-bef2b1e\" data-id=\"bef2b1e\" data-element_type=\"column\">\n\t\t\t<div class=\"elementor-widget-wrap elementor-element-populated\">\n\t\t\t\t\t\t<div class=\"elementor-element elementor-element-dcea78f elementor-widget elementor-widget-heading\" data-id=\"dcea78f\" data-element_type=\"widget\" data-widget_type=\"heading.default\">\n\t\t\t\t<div class=\"elementor-widget-container\">\n\t\t\t<h3 class=\"elementor-heading-title elementor-size-default\">DESLINDE DE RESPONSABILIDADES:\n\n<\/h3>\t\t<\/div>\n\t\t\t\t<\/div>\n\t\t\t\t<div class=\"elementor-element elementor-element-441fea4 elementor-widget elementor-widget-text-editor\" data-id=\"441fea4\" data-element_type=\"widget\" data-widget_type=\"text-editor.default\">\n\t\t\t\t<div class=\"elementor-widget-container\">\n\t\t\t\t\t\t\t<ul><li>Todos los equipos est\u00e1n organizados independientemente. N-Gen y\/o las organizaciones\u00a0asociadas no son responsables de organizar los equipos.<\/li><li>Cada equipo del BioBlitz\u00a0 est\u00e1 organizado de forma independiente. Todas y cada una de las opiniones, informaci\u00f3n o puntos de vista expresadas por los equipos, los organizadores del\/los equipo(s) o los miembros del\/ los equipo(s) son propias y no necesariamente reflejan los puntos de vista de N-Gen, organizaciones participantes, otras personas participantes o cualquier otra agencia u organizaci\u00f3n.<\/li><li>Cada equipo y\/o participante es responsable de obtener las licencias y\/o permisos y de comunicar o coordinar con las autoridades en caso de ser necesario.<\/li><li>Todos los colaboradores\u00a0del BioBlitz de la Frontera participan de manera voluntaria y asumen cualquier\u00a0riesgo\u00a0que esto\u00a0implique.<\/li><li>N-Gen y\/o las organizaciones asociadas no son responsables de los actos y\/o acciones de los participantes durante el BioBlitz.<\/li><\/ul>\t\t\t\t\t\t<\/div>\n\t\t\t\t<\/div>\n\t\t\t\t\t<\/div>\n\t\t<\/div>\n\t\t\t\t\t<\/div>\n\t\t<\/section>\n\t\t\t\t<\/div>\n\t\t","protected":false},"excerpt":{"rendered":"<p>Preguntas frecuentes \u00bfQu\u00e9 protocolos existen respecto al COVID? El BioBlitz de la Frontera es un evento descentralizado al aire libre. Instamos a todas las personas participantes a seguir cuidadosamente las pautas de salud p\u00fablica proporcionadas por la OMS y los gobiernos locales. Queremos que los cient\u00edficos comunitarios a lo largo de la frontera tengan la [&hellip;]<\/p>\n","protected":false},"author":1,"featured_media":0,"parent":30183,"menu_order":0,"comment_status":"closed","ping_status":"closed","template":"elementor_header_footer","meta":{"footnotes":""},"acf":[],"_links":{"self":[{"href":"https:\/\/nextgensd.com\/es\/wp-json\/wp\/v2\/pages\/30195"}],"collection":[{"href":"https:\/\/nextgensd.com\/es\/wp-json\/wp\/v2\/pages"}],"about":[{"href":"https:\/\/nextgensd.com\/es\/wp-json\/wp\/v2\/types\/page"}],"author":[{"embeddable":true,"href":"https:\/\/nextgensd.com\/es\/wp-json\/wp\/v2\/users\/1"}],"replies":[{"embeddable":true,"href":"https:\/\/nextgensd.com\/es\/wp-json\/wp\/v2\/comments?post=30195"}],"version-history":[{"count":17,"href":"https:\/\/nextgensd.com\/es\/wp-json\/wp\/v2\/pages\/30195\/revisions"}],"predecessor-version":[{"id":30762,"href":"https:\/\/nextgensd.com\/es\/wp-json\/wp\/v2\/pages\/30195\/revisions\/30762"}],"up":[{"embeddable":true,"href":"https:\/\/nextgensd.com\/es\/wp-json\/wp\/v2\/pages\/30183"}],"wp:attachment":[{"href":"https:\/\/nextgensd.com\/es\/wp-json\/wp\/v2\/media?parent=30195"}],"curies":[{"name":"wp","href":"https:\/\/api.w.org\/{rel}","templated":true}]}}