{"id":30188,"date":"2023-12-18T15:59:48","date_gmt":"2023-12-18T15:59:48","guid":{"rendered":"https:\/\/nextgensd.com\/?page_id=30188"},"modified":"2024-02-09T00:07:53","modified_gmt":"2024-02-09T00:07:53","slug":"unete-al-descubrimiento","status":"publish","type":"page","link":"https:\/\/nextgensd.com\/es\/bioblitz-de-la-frontera-2024\/unete-al-descubrimiento\/","title":{"rendered":"\u00danete al descubrimiento"},"content":{"rendered":"\t\t<div data-elementor-type=\"wp-page\" data-elementor-id=\"30188\" class=\"elementor elementor-30188 elementor-29799\" data-elementor-post-type=\"page\">\n\t\t\t\t\t\t<section class=\"elementor-section elementor-top-section elementor-element elementor-element-578a90e elementor-section-boxed elementor-section-height-default elementor-section-height-default\" data-id=\"578a90e\" data-element_type=\"section\">\n\t\t\t\t\t\t<div class=\"elementor-container elementor-column-gap-default\">\n\t\t\t\t\t<div class=\"elementor-column elementor-col-50 elementor-top-column elementor-element elementor-element-b349f96\" data-id=\"b349f96\" data-element_type=\"column\">\n\t\t\t<div class=\"elementor-widget-wrap elementor-element-populated\">\n\t\t\t\t\t\t<div class=\"elementor-element elementor-element-a9a004f elementor-widget elementor-widget-text-editor\" data-id=\"a9a004f\" data-element_type=\"widget\" data-widget_type=\"text-editor.default\">\n\t\t\t\t<div class=\"elementor-widget-container\">\n\t\t\t<style>\/*! elementor - v3.23.0 - 05-08-2024 *\/\n.elementor-widget-text-editor.elementor-drop-cap-view-stacked .elementor-drop-cap{background-color:#69727d;color:#fff}.elementor-widget-text-editor.elementor-drop-cap-view-framed .elementor-drop-cap{color:#69727d;border:3px solid;background-color:transparent}.elementor-widget-text-editor:not(.elementor-drop-cap-view-default) .elementor-drop-cap{margin-top:8px}.elementor-widget-text-editor:not(.elementor-drop-cap-view-default) .elementor-drop-cap-letter{width:1em;height:1em}.elementor-widget-text-editor .elementor-drop-cap{float:left;text-align:center;line-height:1;font-size:50px}.elementor-widget-text-editor .elementor-drop-cap-letter{display:inline-block}<\/style>\t\t\t\t<p>\u00a1\u00danete al descubrimiento!<\/p>\t\t\t\t\t\t<\/div>\n\t\t\t\t<\/div>\n\t\t\t\t<div class=\"elementor-element elementor-element-d78918f elementor-widget elementor-widget-text-editor\" data-id=\"d78918f\" data-element_type=\"widget\" data-widget_type=\"text-editor.default\">\n\t\t\t\t<div class=\"elementor-widget-container\">\n\t\t\t\t\t\t\t<p>\u00danete al BioBlitz de la Frontera con unos sencillos pasos:<\/p>\t\t\t\t\t\t<\/div>\n\t\t\t\t<\/div>\n\t\t\t\t<div class=\"elementor-element elementor-element-d7fc7ed elementor-widget elementor-widget-text-editor\" data-id=\"d7fc7ed\" data-element_type=\"widget\" data-widget_type=\"text-editor.default\">\n\t\t\t\t<div class=\"elementor-widget-container\">\n\t\t\t\t\t\t\t<p><strong>(1) Crea una cuenta de iNaturalist\/Naturalista en iNaturalist.org<\/strong><\/p><p>Descarga la app de iNatualist (gratuita para <a href=\"https:\/\/play.google.com\/store\/apps\/details?id=org.inaturalist.android&amp;hl=en\" target=\"_blank\" rel=\"noopener\">Android<\/a>\u00a0y\u00a0<a href=\"https:\/\/apps.apple.com\/us\/app\/inaturalist\/id421397028\" target=\"_blank\" rel=\"noopener\">iOS<\/a>)<\/p><p><strong>(2) <a href=\"https:\/\/www.naturalista.mx\/projects\/border-bioblitz-2024-bioblitz-de-la-frontera-2024\">Visita el proyecto del BioBlitz de la Frontera 2024 de iNaturalist<\/a> y haz clic en el bot\u00f3n \u201c\u00danete\u201d en la esquina superior derecha.<\/strong><\/p><p>\u00a1A\u00f1ade observaciones en cualquier momento durante el mes de mayo! Aseg\u00farate de unirte al proyecto para que tus observaciones contribuyan al mismo.<\/p><p><strong>(3) Decide ad\u00f3nde ir<\/strong><\/p><p>Encuentra tu equipo en el mapa y <a href=\"https:\/\/docs.google.com\/forms\/d\/e\/1FAIpQLSeEW8iFlNfg6T7iNUbO__usGpSjgCPjCusiRtNp339mnVHzPA\/viewform?usp=sf_link\" target=\"_blank\" rel=\"noopener\">reg\u00edstrate<\/a><\/p><p>\u00f3<\/p><p>Forma un <a href=\"https:\/\/docs.google.com\/forms\/d\/e\/1FAIpQLSdm2syMOk-t7cRZ3qCdPPlkc6lDTnJkxl8UBPgPxW2cH0ukiQ\/viewform?usp=sf_link\">nuevo equipo<\/a><\/p><p>(Recuerda que tambi\u00e9n puedes hacer observaciones por tu cuenta, sin registrarte alg\u00fan equipo)<\/p>\t\t\t\t\t\t<\/div>\n\t\t\t\t<\/div>\n\t\t\t\t<div class=\"elementor-element elementor-element-d66f7bc elementor-widget__width-initial elementor-widget elementor-widget-button\" data-id=\"d66f7bc\" data-element_type=\"widget\" data-widget_type=\"button.default\">\n\t\t\t\t<div class=\"elementor-widget-container\">\n\t\t\t\t\t<div class=\"elementor-button-wrapper\">\n\t\t\t<a class=\"elementor-button elementor-button-link elementor-size-xl\" href=\"https:\/\/docs.google.com\/forms\/d\/e\/1FAIpQLSeEW8iFlNfg6T7iNUbO__usGpSjgCPjCusiRtNp339mnVHzPA\/viewform?usp=sf_link\" target=\"_blank\">\n\t\t\t\t\t\t<span class=\"elementor-button-content-wrapper\">\n\t\t\t\t\t\t\t\t\t<span class=\"elementor-button-text\">Reg\u00edstrate<\/span>\n\t\t\t\t\t<\/span>\n\t\t\t\t\t<\/a>\n\t\t<\/div>\n\t\t\t\t<\/div>\n\t\t\t\t<\/div>\n\t\t\t\t<div class=\"elementor-element elementor-element-d9545f7 elementor-widget__width-initial elementor-widget elementor-widget-button\" data-id=\"d9545f7\" data-element_type=\"widget\" data-widget_type=\"button.default\">\n\t\t\t\t<div class=\"elementor-widget-container\">\n\t\t\t\t\t<div class=\"elementor-button-wrapper\">\n\t\t\t<a class=\"elementor-button elementor-button-link elementor-size-xl\" href=\"https:\/\/docs.google.com\/forms\/d\/e\/1FAIpQLSdm2syMOk-t7cRZ3qCdPPlkc6lDTnJkxl8UBPgPxW2cH0ukiQ\/viewform?usp=sf_link\" target=\"_blank\">\n\t\t\t\t\t\t<span class=\"elementor-button-content-wrapper\">\n\t\t\t\t\t\t\t\t\t<span class=\"elementor-button-text\">Forma un nuevo equipo<\/span>\n\t\t\t\t\t<\/span>\n\t\t\t\t\t<\/a>\n\t\t<\/div>\n\t\t\t\t<\/div>\n\t\t\t\t<\/div>\n\t\t\t\t\t<\/div>\n\t\t<\/div>\n\t\t\t\t<div class=\"elementor-column elementor-col-50 elementor-top-column elementor-element elementor-element-0bf50b2\" data-id=\"0bf50b2\" data-element_type=\"column\">\n\t\t\t<div class=\"elementor-widget-wrap elementor-element-populated\">\n\t\t\t\t\t\t<div class=\"elementor-element elementor-element-8aed977 elementor-widget elementor-widget-image\" data-id=\"8aed977\" data-element_type=\"widget\" data-widget_type=\"image.default\">\n\t\t\t\t<div class=\"elementor-widget-container\">\n\t\t\t<style>\/*! elementor - v3.23.0 - 05-08-2024 *\/\n.elementor-widget-image{text-align:center}.elementor-widget-image a{display:inline-block}.elementor-widget-image a img[src$=\".svg\"]{width:48px}.elementor-widget-image img{vertical-align:middle;display:inline-block}<\/style>\t\t\t\t\t\t\t\t\t\t<img fetchpriority=\"high\" decoding=\"async\" width=\"437\" height=\"538\" src=\"https:\/\/nextgensd.com\/wp-content\/uploads\/2023\/11\/Discover-icon_2024.png\" class=\"attachment-large size-large wp-image-29880\" alt=\"\" srcset=\"https:\/\/nextgensd.com\/wp-content\/uploads\/2023\/11\/Discover-icon_2024.png 437w, https:\/\/nextgensd.com\/wp-content\/uploads\/2023\/11\/Discover-icon_2024-244x300.png 244w\" sizes=\"(max-width: 437px) 100vw, 437px\" \/>\t\t\t\t\t\t\t\t\t\t\t\t\t<\/div>\n\t\t\t\t<\/div>\n\t\t\t\t\t<\/div>\n\t\t<\/div>\n\t\t\t\t\t<\/div>\n\t\t<\/section>\n\t\t\t\t<section class=\"elementor-section elementor-top-section elementor-element elementor-element-c8d5ec5 elementor-section-boxed elementor-section-height-default elementor-section-height-default\" data-id=\"c8d5ec5\" data-element_type=\"section\">\n\t\t\t\t\t\t<div class=\"elementor-container elementor-column-gap-default\">\n\t\t\t\t\t<div class=\"elementor-column elementor-col-100 elementor-top-column elementor-element elementor-element-7896486\" data-id=\"7896486\" data-element_type=\"column\">\n\t\t\t<div class=\"elementor-widget-wrap elementor-element-populated\">\n\t\t\t\t\t\t<div class=\"elementor-element elementor-element-6bf088a elementor-widget elementor-widget-text-editor\" data-id=\"6bf088a\" data-element_type=\"widget\" data-widget_type=\"text-editor.default\">\n\t\t\t\t<div class=\"elementor-widget-container\">\n\t\t\t\t\t\t\t<p><strong>\u00bfDudas o preguntas? Cont\u00e1ctanos: nextgensd2012@gmail.com<\/strong><\/p>\t\t\t\t\t\t<\/div>\n\t\t\t\t<\/div>\n\t\t\t\t\t<\/div>\n\t\t<\/div>\n\t\t\t\t\t<\/div>\n\t\t<\/section>\n\t\t\t\t<section class=\"elementor-section elementor-top-section elementor-element elementor-element-4a49e0b elementor-section-boxed elementor-section-height-default elementor-section-height-default\" data-id=\"4a49e0b\" data-element_type=\"section\">\n\t\t\t\t\t\t<div class=\"elementor-container elementor-column-gap-default\">\n\t\t\t\t\t<div class=\"elementor-column elementor-col-100 elementor-top-column elementor-element elementor-element-c9c48c2\" data-id=\"c9c48c2\" data-element_type=\"column\">\n\t\t\t<div class=\"elementor-widget-wrap elementor-element-populated\">\n\t\t\t\t\t\t<div class=\"elementor-element elementor-element-94ea165 elementor-widget elementor-widget-text-editor\" data-id=\"94ea165\" data-element_type=\"widget\" data-widget_type=\"text-editor.default\">\n\t\t\t\t<div class=\"elementor-widget-container\">\n\t\t\t\t\t\t\t<p>D\u00f3nde ir<\/p>\t\t\t\t\t\t<\/div>\n\t\t\t\t<\/div>\n\t\t\t\t<div class=\"elementor-element elementor-element-f3d91e2 elementor-widget elementor-widget-text-editor\" data-id=\"f3d91e2\" data-element_type=\"widget\" data-widget_type=\"text-editor.default\">\n\t\t\t\t<div class=\"elementor-widget-container\">\n\t\t\t\t\t\t\t<iframe src=\"https:\/\/www.google.com\/maps\/d\/u\/1\/embed?mid=1O8Fa2Edr73XLiKaAuPO5bWwQLRFt70E&#038;ehbc=2E312F\" width=\"640\" height=\"480\"><\/iframe>\t\t\t\t\t\t<\/div>\n\t\t\t\t<\/div>\n\t\t\t\t<div class=\"elementor-element elementor-element-c065e5c elementor-widget elementor-widget-text-editor\" data-id=\"c065e5c\" data-element_type=\"widget\" data-widget_type=\"text-editor.default\">\n\t\t\t\t<div class=\"elementor-widget-container\">\n\t\t\t\t\t\t\t<p>La zona fronteriza es una regi\u00f3n vasta y diversa. Estamos enfocando nuestros esfuerzos dentro de los 15 kil\u00f3metros al norte o al sur de la frontera internacional entre Estados Unidos y M\u00e9xico. Los datos del Bioblitz de la Frontera\u00a0 llenar\u00e1n los vac\u00edos de datos cr\u00edticos a lo largo de la frontera.<\/p>\t\t\t\t\t\t<\/div>\n\t\t\t\t<\/div>\n\t\t\t\t<div class=\"elementor-element elementor-element-97ef7de elementor-widget elementor-widget-text-editor\" data-id=\"97ef7de\" data-element_type=\"widget\" data-widget_type=\"text-editor.default\">\n\t\t\t\t<div class=\"elementor-widget-container\">\n\t\t\t\t\t\t\t<p>Aseg\u00farate de tener los permisos o licencias necesarios antes de ingresar al campo. Tenga en cuenta la seguridad y la log\u00edstica al elegir un sitio de campo.<\/p>\t\t\t\t\t\t<\/div>\n\t\t\t\t<\/div>\n\t\t\t\t\t<\/div>\n\t\t<\/div>\n\t\t\t\t\t<\/div>\n\t\t<\/section>\n\t\t\t\t<section class=\"elementor-section elementor-top-section elementor-element elementor-element-ea44774 elementor-section-boxed elementor-section-height-default elementor-section-height-default\" data-id=\"ea44774\" data-element_type=\"section\">\n\t\t\t\t\t\t<div class=\"elementor-container elementor-column-gap-default\">\n\t\t\t\t\t<div class=\"elementor-column elementor-col-50 elementor-top-column elementor-element elementor-element-5520708\" data-id=\"5520708\" data-element_type=\"column\">\n\t\t\t<div class=\"elementor-widget-wrap elementor-element-populated\">\n\t\t\t\t\t\t<div class=\"elementor-element elementor-element-62f43182 elementor-widget elementor-widget-text-editor\" data-id=\"62f43182\" data-element_type=\"widget\" data-widget_type=\"text-editor.default\">\n\t\t\t\t<div class=\"elementor-widget-container\">\n\t\t\t\t\t\t\t<h2 style=\"color: #dd0308;\" aria-hidden=\"true\">\u00bfEres un observador de aves y utilizas eBird?<\/h2><p class=\"has-medium-font-size\">\u00a1T\u00fa tambi\u00e9n puedes participar! Simplemente, crea tu lista de verificaci\u00f3n en tu propia cuenta y luego comp\u00e1rtela con la cuenta \u201cBorderBioBlitz\u201d cuando la env\u00edes. \u00a1Eso es todo!<\/p><p class=\"has-medium-font-size\">Puedes ver las observaciones compartidas durante el BioBlitz de la Frontera consultando <a href=\"https:\/\/ebird.org\/profile\/MTI0MjY1MQ\">nuestro perfil de eBird<\/a>.<\/p>\t\t\t\t\t\t<\/div>\n\t\t\t\t<\/div>\n\t\t\t\t\t<\/div>\n\t\t<\/div>\n\t\t\t\t<div class=\"elementor-column elementor-col-50 elementor-top-column elementor-element elementor-element-7693d2a\" data-id=\"7693d2a\" data-element_type=\"column\">\n\t\t\t<div class=\"elementor-widget-wrap elementor-element-populated\">\n\t\t\t\t\t\t<div class=\"elementor-element elementor-element-2d2ce7b elementor-widget elementor-widget-image\" data-id=\"2d2ce7b\" data-element_type=\"widget\" data-widget_type=\"image.default\">\n\t\t\t\t<div class=\"elementor-widget-container\">\n\t\t\t\t\t\t\t\t\t\t\t\t\t<img decoding=\"async\" width=\"800\" height=\"534\" src=\"https:\/\/nextgensd.com\/wp-content\/uploads\/2020\/02\/original-4-1024x683.jpg\" class=\"attachment-large size-large wp-image-16520\" alt=\"\" srcset=\"https:\/\/nextgensd.com\/wp-content\/uploads\/2020\/02\/original-4-1024x683.jpg 1024w, https:\/\/nextgensd.com\/wp-content\/uploads\/2020\/02\/original-4-300x200.jpg 300w, https:\/\/nextgensd.com\/wp-content\/uploads\/2020\/02\/original-4-768x512.jpg 768w, https:\/\/nextgensd.com\/wp-content\/uploads\/2020\/02\/original-4.jpg 2048w\" sizes=\"(max-width: 800px) 100vw, 800px\" \/>\t\t\t\t\t\t\t\t\t\t\t\t\t<\/div>\n\t\t\t\t<\/div>\n\t\t\t\t\t<\/div>\n\t\t<\/div>\n\t\t\t\t\t<\/div>\n\t\t<\/section>\n\t\t\t\t<section class=\"elementor-section elementor-top-section elementor-element elementor-element-09d520c elementor-section-boxed elementor-section-height-default elementor-section-height-default\" data-id=\"09d520c\" data-element_type=\"section\">\n\t\t\t\t\t\t<div class=\"elementor-container elementor-column-gap-default\">\n\t\t\t\t\t<div class=\"elementor-column elementor-col-50 elementor-top-column elementor-element elementor-element-87c6823\" data-id=\"87c6823\" data-element_type=\"column\">\n\t\t\t<div class=\"elementor-widget-wrap elementor-element-populated\">\n\t\t\t\t\t\t<div class=\"elementor-element elementor-element-47d79d9 elementor-widget elementor-widget-heading\" data-id=\"47d79d9\" data-element_type=\"widget\" data-widget_type=\"heading.default\">\n\t\t\t\t<div class=\"elementor-widget-container\">\n\t\t\t<style>\/*! elementor - v3.23.0 - 05-08-2024 *\/\n.elementor-heading-title{padding:0;margin:0;line-height:1}.elementor-widget-heading .elementor-heading-title[class*=elementor-size-]>a{color:inherit;font-size:inherit;line-height:inherit}.elementor-widget-heading .elementor-heading-title.elementor-size-small{font-size:15px}.elementor-widget-heading .elementor-heading-title.elementor-size-medium{font-size:19px}.elementor-widget-heading .elementor-heading-title.elementor-size-large{font-size:29px}.elementor-widget-heading .elementor-heading-title.elementor-size-xl{font-size:39px}.elementor-widget-heading .elementor-heading-title.elementor-size-xxl{font-size:59px}<\/style><h3 class=\"elementor-heading-title elementor-size-default\">DISCLAIMER:\n\n<\/h3>\t\t<\/div>\n\t\t\t\t<\/div>\n\t\t\t\t<div class=\"elementor-element elementor-element-87b2408 elementor-widget elementor-widget-text-editor\" data-id=\"87b2408\" data-element_type=\"widget\" data-widget_type=\"text-editor.default\">\n\t\t\t\t<div class=\"elementor-widget-container\">\n\t\t\t\t\t\t\t<ul><li class=\"western\">All teams are independently organized. N-Gen and\/or collaborating organizations are not responsible for organizing teams.<\/li><li>Any\u00a0and all\u00a0views, information, or opinions expressed by teams,\u00a0team organizers, or team members\u00a0are\u00a0their own\u00a0and do not necessarily reflect the views of N-Gen, partner organizations,\u00a0<span lang=\"ES-MX\">other participating individuals<\/span>,\u00a0or any\u00a0other agency.<\/li><li class=\"western\">Each team and\/or participant is responsible for securing licenses and\/or permits and alerting or coordinating with authorities if necessary.<\/li><li class=\"western\">All BioBlitz participants are individuals participating on a voluntary basis, and assume any and all risks involved.<\/li><li class=\"western\">N-Gen and\/or collaborating organizations are not responsible for participants\u2019 actions during the BioBlitz.<\/li><\/ul>\t\t\t\t\t\t<\/div>\n\t\t\t\t<\/div>\n\t\t\t\t\t<\/div>\n\t\t<\/div>\n\t\t\t\t<div class=\"elementor-column elementor-col-50 elementor-top-column elementor-element elementor-element-0a50f19\" data-id=\"0a50f19\" data-element_type=\"column\">\n\t\t\t<div class=\"elementor-widget-wrap elementor-element-populated\">\n\t\t\t\t\t\t<div class=\"elementor-element elementor-element-af87a04 elementor-widget elementor-widget-heading\" data-id=\"af87a04\" data-element_type=\"widget\" data-widget_type=\"heading.default\">\n\t\t\t\t<div class=\"elementor-widget-container\">\n\t\t\t<h3 class=\"elementor-heading-title elementor-size-default\">DESLINDE DE RESPONSABILIDADES:\n\n<\/h3>\t\t<\/div>\n\t\t\t\t<\/div>\n\t\t\t\t<div class=\"elementor-element elementor-element-aa3ea81 elementor-widget elementor-widget-text-editor\" data-id=\"aa3ea81\" data-element_type=\"widget\" data-widget_type=\"text-editor.default\">\n\t\t\t\t<div class=\"elementor-widget-container\">\n\t\t\t\t\t\t\t<ul><li>Todos los equipos est\u00e1n organizados independientemente. N-Gen y\/o las organizaciones\u00a0asociadas no son responsables de organizar los equipos.<\/li><li>Todas y cada una de las opiniones, informaci\u00f3n o puntos de vista expresadas por los equipos, los organizadores del\/los equipo(s) o los miembros del\/ los equipo(s) son propias y no necesariamente reflejan los puntos de vista de N-Gen, organizaciones participantes, otras personas participantes o cualquier otra agencia u organizaci\u00f3n.<\/li><li>Cada equipo y\/o participante es responsable de obtener las licencias y\/o permisos y de comunicar o coordinar con las autoridades en caso de ser necesario.<\/li><li>Todos los colaboradores\u00a0del BioBlitz de la Frontera participan de manera voluntaria y asumen cualquier\u00a0riesgo\u00a0que esto\u00a0implique.<\/li><li>N-Gen y\/o las organizaciones asociadas no son responsables de los actos y\/o acciones de los participantes durante el BioBlitz.<\/li><\/ul>\t\t\t\t\t\t<\/div>\n\t\t\t\t<\/div>\n\t\t\t\t\t<\/div>\n\t\t<\/div>\n\t\t\t\t\t<\/div>\n\t\t<\/section>\n\t\t\t\t<\/div>\n\t\t","protected":false},"excerpt":{"rendered":"<p>\u00a1\u00danete al descubrimiento! \u00danete al BioBlitz de la Frontera con unos sencillos pasos: (1) Crea una cuenta de iNaturalist\/Naturalista en iNaturalist.org Descarga la app de iNatualist (gratuita para Android\u00a0y\u00a0iOS) (2) Visita el proyecto del BioBlitz de la Frontera 2024 de iNaturalist y haz clic en el bot\u00f3n \u201c\u00danete\u201d en la esquina superior derecha. \u00a1A\u00f1ade observaciones [&hellip;]<\/p>\n","protected":false},"author":1,"featured_media":0,"parent":30183,"menu_order":0,"comment_status":"closed","ping_status":"closed","template":"elementor_header_footer","meta":{"footnotes":""},"acf":[],"_links":{"self":[{"href":"https:\/\/nextgensd.com\/es\/wp-json\/wp\/v2\/pages\/30188"}],"collection":[{"href":"https:\/\/nextgensd.com\/es\/wp-json\/wp\/v2\/pages"}],"about":[{"href":"https:\/\/nextgensd.com\/es\/wp-json\/wp\/v2\/types\/page"}],"author":[{"embeddable":true,"href":"https:\/\/nextgensd.com\/es\/wp-json\/wp\/v2\/users\/1"}],"replies":[{"embeddable":true,"href":"https:\/\/nextgensd.com\/es\/wp-json\/wp\/v2\/comments?post=30188"}],"version-history":[{"count":39,"href":"https:\/\/nextgensd.com\/es\/wp-json\/wp\/v2\/pages\/30188\/revisions"}],"predecessor-version":[{"id":31033,"href":"https:\/\/nextgensd.com\/es\/wp-json\/wp\/v2\/pages\/30188\/revisions\/31033"}],"up":[{"embeddable":true,"href":"https:\/\/nextgensd.com\/es\/wp-json\/wp\/v2\/pages\/30183"}],"wp:attachment":[{"href":"https:\/\/nextgensd.com\/es\/wp-json\/wp\/v2\/media?parent=30188"}],"curies":[{"name":"wp","href":"https:\/\/api.w.org\/{rel}","templated":true}]}}