{"id":30183,"date":"2023-12-18T15:58:02","date_gmt":"2023-12-18T15:58:02","guid":{"rendered":"https:\/\/nextgensd.com\/?page_id=30183"},"modified":"2026-01-24T04:14:12","modified_gmt":"2026-01-24T04:14:12","slug":"bioblitz-de-la-frontera-2024","status":"publish","type":"page","link":"https:\/\/nextgensd.com\/es\/bioblitz-de-la-frontera-2024\/","title":{"rendered":"BioBlitz de la Frontera 2024"},"content":{"rendered":"\t\t<div data-elementor-type=\"wp-post\" data-elementor-id=\"30183\" class=\"elementor elementor-30183 elementor-29797\" data-elementor-post-type=\"page\">\n\t\t\t\t\t\t<section class=\"elementor-section elementor-top-section elementor-element elementor-element-a74981e elementor-section-height-min-height elementor-section-boxed elementor-section-height-default elementor-section-items-middle\" data-id=\"a74981e\" data-element_type=\"section\" data-settings=\"{&quot;background_background&quot;:&quot;classic&quot;}\">\n\t\t\t\t\t\t<div class=\"elementor-container elementor-column-gap-default\">\n\t\t\t\t\t<div class=\"elementor-column elementor-col-100 elementor-top-column elementor-element elementor-element-23480e8\" data-id=\"23480e8\" data-element_type=\"column\">\n\t\t\t<div class=\"elementor-widget-wrap\">\n\t\t\t\t\t\t\t<\/div>\n\t\t<\/div>\n\t\t\t\t\t<\/div>\n\t\t<\/section>\n\t\t\t\t<section class=\"elementor-section elementor-top-section elementor-element elementor-element-76192e6 elementor-section-boxed elementor-section-height-default elementor-section-height-default\" data-id=\"76192e6\" data-element_type=\"section\">\n\t\t\t\t\t\t<div class=\"elementor-container elementor-column-gap-default\">\n\t\t\t\t\t<div class=\"elementor-column elementor-col-100 elementor-top-column elementor-element elementor-element-f5bc005\" data-id=\"f5bc005\" data-element_type=\"column\">\n\t\t\t<div class=\"elementor-widget-wrap elementor-element-populated\">\n\t\t\t\t\t\t<div class=\"elementor-element elementor-element-1584da4 elementor-widget elementor-widget-text-editor\" data-id=\"1584da4\" data-element_type=\"widget\" data-widget_type=\"text-editor.default\">\n\t\t\t\t<div class=\"elementor-widget-container\">\n\t\t\t<style>\/*! elementor - v3.23.0 - 05-08-2024 *\/\n.elementor-widget-text-editor.elementor-drop-cap-view-stacked .elementor-drop-cap{background-color:#69727d;color:#fff}.elementor-widget-text-editor.elementor-drop-cap-view-framed .elementor-drop-cap{color:#69727d;border:3px solid;background-color:transparent}.elementor-widget-text-editor:not(.elementor-drop-cap-view-default) .elementor-drop-cap{margin-top:8px}.elementor-widget-text-editor:not(.elementor-drop-cap-view-default) .elementor-drop-cap-letter{width:1em;height:1em}.elementor-widget-text-editor .elementor-drop-cap{float:left;text-align:center;line-height:1;font-size:50px}.elementor-widget-text-editor .elementor-drop-cap-letter{display:inline-block}<\/style>\t\t\t\t<p>El BioBlitz de la Frontera es un esfuerzo de ciencia ciudadana que busca registrar el mayor n\u00famero de especies posible a lo largo de la frontera entre Estados Unidos y M\u00e9xico.<\/p>\t\t\t\t\t\t<\/div>\n\t\t\t\t<\/div>\n\t\t\t\t\t<\/div>\n\t\t<\/div>\n\t\t\t\t\t<\/div>\n\t\t<\/section>\n\t\t<div class=\"elementor-element elementor-element-8e9f043 e-flex e-con-boxed e-con e-parent\" data-id=\"8e9f043\" data-element_type=\"container\">\n\t\t\t\t\t<div class=\"e-con-inner\">\n\t\t\t\t<div class=\"elementor-element elementor-element-7bcee6f elementor-widget elementor-widget-heading\" data-id=\"7bcee6f\" data-element_type=\"widget\" data-widget_type=\"heading.default\">\n\t\t\t\t<div class=\"elementor-widget-container\">\n\t\t\t<style>\/*! elementor - v3.23.0 - 05-08-2024 *\/\n.elementor-heading-title{padding:0;margin:0;line-height:1}.elementor-widget-heading .elementor-heading-title[class*=elementor-size-]>a{color:inherit;font-size:inherit;line-height:inherit}.elementor-widget-heading .elementor-heading-title.elementor-size-small{font-size:15px}.elementor-widget-heading .elementor-heading-title.elementor-size-medium{font-size:19px}.elementor-widget-heading .elementor-heading-title.elementor-size-large{font-size:29px}.elementor-widget-heading .elementor-heading-title.elementor-size-xl{font-size:39px}.elementor-widget-heading .elementor-heading-title.elementor-size-xxl{font-size:59px}<\/style><h2 class=\"elementor-heading-title elementor-size-default\"><a href=\"https:\/\/nextgensd.com\/wp-content\/uploads\/2024\/12\/BorderBioblitz-2024-70mb.pdf\" target=\"_blank\">\u00a1Descarga el reporte 2024 ahora!<\/a><\/h2>\t\t<\/div>\n\t\t\t\t<\/div>\n\t\t\t\t<div class=\"elementor-element elementor-element-f73953b elementor-widget elementor-widget-image\" data-id=\"f73953b\" data-element_type=\"widget\" data-widget_type=\"image.default\">\n\t\t\t\t<div class=\"elementor-widget-container\">\n\t\t\t<style>\/*! elementor - v3.23.0 - 05-08-2024 *\/\n.elementor-widget-image{text-align:center}.elementor-widget-image a{display:inline-block}.elementor-widget-image a img[src$=\".svg\"]{width:48px}.elementor-widget-image img{vertical-align:middle;display:inline-block}<\/style>\t\t\t\t\t\t\t\t\t\t\t<a href=\"https:\/\/nextgensd.com\/wp-content\/uploads\/2025\/01\/Border-Bioblitz-2024.pdf\" target=\"_blank\">\n\t\t\t\t\t\t\t<img fetchpriority=\"high\" decoding=\"async\" width=\"800\" height=\"519\" src=\"https:\/\/nextgensd.com\/wp-content\/uploads\/2024\/12\/Border-Bioblitz-2024-cover-1024x664.jpg\" class=\"attachment-large size-large wp-image-32102\" alt=\"\" srcset=\"https:\/\/nextgensd.com\/wp-content\/uploads\/2024\/12\/Border-Bioblitz-2024-cover-1024x664.jpg 1024w, https:\/\/nextgensd.com\/wp-content\/uploads\/2024\/12\/Border-Bioblitz-2024-cover-300x195.jpg 300w, https:\/\/nextgensd.com\/wp-content\/uploads\/2024\/12\/Border-Bioblitz-2024-cover-768x498.jpg 768w, https:\/\/nextgensd.com\/wp-content\/uploads\/2024\/12\/Border-Bioblitz-2024-cover-1536x996.jpg 1536w, https:\/\/nextgensd.com\/wp-content\/uploads\/2024\/12\/Border-Bioblitz-2024-cover.jpg 1739w\" sizes=\"(max-width: 800px) 100vw, 800px\" \/>\t\t\t\t\t\t\t\t<\/a>\n\t\t\t\t\t\t\t\t\t\t\t\t\t<\/div>\n\t\t\t\t<\/div>\n\t\t\t\t\t<\/div>\n\t\t\t\t<\/div>\n\t\t\t\t<section class=\"elementor-section elementor-top-section elementor-element elementor-element-0d250c6 elementor-section-boxed elementor-section-height-default elementor-section-height-default\" data-id=\"0d250c6\" data-element_type=\"section\">\n\t\t\t\t\t\t<div class=\"elementor-container elementor-column-gap-default\">\n\t\t\t\t\t<div class=\"elementor-column elementor-col-100 elementor-top-column elementor-element elementor-element-35dae702\" data-id=\"35dae702\" data-element_type=\"column\">\n\t\t\t<div class=\"elementor-widget-wrap elementor-element-populated\">\n\t\t\t\t\t\t<div class=\"elementor-element elementor-element-3b8f764b elementor-widget elementor-widget-image\" data-id=\"3b8f764b\" data-element_type=\"widget\" data-widget_type=\"image.default\">\n\t\t\t\t<div class=\"elementor-widget-container\">\n\t\t\t\t\t\t\t\t\t\t\t\t\t<img decoding=\"async\" width=\"800\" height=\"366\" src=\"https:\/\/nextgensd.com\/wp-content\/uploads\/2024\/01\/Home-page-icon_2024_ESP-1024x469.png\" class=\"attachment-large size-large wp-image-30495\" alt=\"\" srcset=\"https:\/\/nextgensd.com\/wp-content\/uploads\/2024\/01\/Home-page-icon_2024_ESP-1024x469.png 1024w, https:\/\/nextgensd.com\/wp-content\/uploads\/2024\/01\/Home-page-icon_2024_ESP-300x137.png 300w, https:\/\/nextgensd.com\/wp-content\/uploads\/2024\/01\/Home-page-icon_2024_ESP-768x352.png 768w, https:\/\/nextgensd.com\/wp-content\/uploads\/2024\/01\/Home-page-icon_2024_ESP-1536x704.png 1536w, https:\/\/nextgensd.com\/wp-content\/uploads\/2024\/01\/Home-page-icon_2024_ESP.png 1637w\" sizes=\"(max-width: 800px) 100vw, 800px\" \/>\t\t\t\t\t\t\t\t\t\t\t\t\t<\/div>\n\t\t\t\t<\/div>\n\t\t\t\t\t<\/div>\n\t\t<\/div>\n\t\t\t\t\t<\/div>\n\t\t<\/section>\n\t\t\t\t<section class=\"elementor-section elementor-top-section elementor-element elementor-element-4328d4b elementor-section-boxed elementor-section-height-default elementor-section-height-default\" data-id=\"4328d4b\" data-element_type=\"section\">\n\t\t\t\t\t\t<div class=\"elementor-container elementor-column-gap-default\">\n\t\t\t\t\t<div class=\"elementor-column elementor-col-100 elementor-top-column elementor-element elementor-element-5d90000\" data-id=\"5d90000\" data-element_type=\"column\">\n\t\t\t<div class=\"elementor-widget-wrap elementor-element-populated\">\n\t\t\t\t\t\t<div class=\"elementor-element elementor-element-1793fb0 elementor-widget__width-initial elementor-widget elementor-widget-text-editor\" data-id=\"1793fb0\" data-element_type=\"widget\" data-widget_type=\"text-editor.default\">\n\t\t\t\t<div class=\"elementor-widget-container\">\n\t\t\t\t\t\t\t<p>La Nueva Generaci\u00f3n de Investigadores del Desierto Sonorense, en colaboraci\u00f3n con organizaciones participantes, invitan a personas investigadoras y a miembros de la comunidad en general, a documentar la impresionante diversidad biol\u00f3gica de la regi\u00f3n fronteriza.<\/p>\n<p>Para unirte al descubrimiento, todo lo que necesitas es un tel\u00e9fono inteligente con la aplicaci\u00f3n iNaturalist (gratuita para <a href=\"https:\/\/play.google.com\/store\/apps\/details?id=org.inaturalist.android&amp;pli=1\">Android<\/a>&nbsp;y&nbsp;<a href=\"https:\/\/apps.apple.com\/us\/app\/inaturalist\/id421397028\">iOS<\/a>) y unirte a nuestro proyecto.<\/p>\t\t\t\t\t\t<\/div>\n\t\t\t\t<\/div>\n\t\t\t\t<div class=\"elementor-element elementor-element-20a3dcb elementor-widget elementor-widget-heading\" data-id=\"20a3dcb\" data-element_type=\"widget\" data-widget_type=\"heading.default\">\n\t\t\t\t<div class=\"elementor-widget-container\">\n\t\t\t<h2 class=\"elementor-heading-title elementor-size-default\">Organizaciones L\u00edderes<\/h2>\t\t<\/div>\n\t\t\t\t<\/div>\n\t\t\t\t<div class=\"elementor-element elementor-element-44dbae3 elementor-widget elementor-widget-image\" data-id=\"44dbae3\" data-element_type=\"widget\" data-widget_type=\"image.default\">\n\t\t\t\t<div class=\"elementor-widget-container\">\n\t\t\t\t\t\t\t\t\t\t\t\t\t<img decoding=\"async\" width=\"1536\" height=\"864\" src=\"https:\/\/nextgensd.com\/wp-content\/uploads\/2024\/02\/BBB-2024-partner-logos-1536x864.jpg\" class=\"attachment-1536x1536 size-1536x1536 wp-image-31015\" alt=\"\" srcset=\"https:\/\/nextgensd.com\/wp-content\/uploads\/2024\/02\/BBB-2024-partner-logos-1536x864.jpg 1536w, https:\/\/nextgensd.com\/wp-content\/uploads\/2024\/02\/BBB-2024-partner-logos-300x169.jpg 300w, https:\/\/nextgensd.com\/wp-content\/uploads\/2024\/02\/BBB-2024-partner-logos-1024x576.jpg 1024w, https:\/\/nextgensd.com\/wp-content\/uploads\/2024\/02\/BBB-2024-partner-logos-768x432.jpg 768w, https:\/\/nextgensd.com\/wp-content\/uploads\/2024\/02\/BBB-2024-partner-logos.jpg 1920w\" sizes=\"(max-width: 1536px) 100vw, 1536px\" \/>\t\t\t\t\t\t\t\t\t\t\t\t\t<\/div>\n\t\t\t\t<\/div>\n\t\t\t\t<div class=\"elementor-element elementor-element-520f910 elementor-widget elementor-widget-heading\" data-id=\"520f910\" data-element_type=\"widget\" data-widget_type=\"heading.default\">\n\t\t\t\t<div class=\"elementor-widget-container\">\n\t\t\t<h2 class=\"elementor-heading-title elementor-size-default\">Organizaciones Asociadas<\/h2>\t\t<\/div>\n\t\t\t\t<\/div>\n\t\t\t\t<div class=\"elementor-element elementor-element-5b14a89 elementor-widget elementor-widget-image\" data-id=\"5b14a89\" data-element_type=\"widget\" data-widget_type=\"image.default\">\n\t\t\t\t<div class=\"elementor-widget-container\">\n\t\t\t\t\t\t\t\t\t\t\t\t\t<img loading=\"lazy\" decoding=\"async\" width=\"768\" height=\"248\" src=\"https:\/\/nextgensd.com\/wp-content\/uploads\/2024\/05\/BBB-2024-partner-logos_2-1-768x248.jpg\" class=\"attachment-medium_large size-medium_large wp-image-31706\" alt=\"\" srcset=\"https:\/\/nextgensd.com\/wp-content\/uploads\/2024\/05\/BBB-2024-partner-logos_2-1-768x248.jpg 768w, https:\/\/nextgensd.com\/wp-content\/uploads\/2024\/05\/BBB-2024-partner-logos_2-1-300x97.jpg 300w, https:\/\/nextgensd.com\/wp-content\/uploads\/2024\/05\/BBB-2024-partner-logos_2-1-1024x331.jpg 1024w, https:\/\/nextgensd.com\/wp-content\/uploads\/2024\/05\/BBB-2024-partner-logos_2-1-1536x497.jpg 1536w, https:\/\/nextgensd.com\/wp-content\/uploads\/2024\/05\/BBB-2024-partner-logos_2-1.jpg 1673w\" sizes=\"(max-width: 768px) 100vw, 768px\" \/>\t\t\t\t\t\t\t\t\t\t\t\t\t<\/div>\n\t\t\t\t<\/div>\n\t\t\t\t\t<\/div>\n\t\t<\/div>\n\t\t\t\t\t<\/div>\n\t\t<\/section>\n\t\t\t\t<section class=\"elementor-section elementor-top-section elementor-element elementor-element-63f94f9 elementor-section-boxed elementor-section-height-default elementor-section-height-default\" data-id=\"63f94f9\" data-element_type=\"section\" data-settings=\"{&quot;background_background&quot;:&quot;classic&quot;}\">\n\t\t\t\t\t\t<div class=\"elementor-container elementor-column-gap-default\">\n\t\t\t\t\t<div class=\"elementor-column elementor-col-50 elementor-top-column elementor-element elementor-element-4a7a813\" data-id=\"4a7a813\" data-element_type=\"column\">\n\t\t\t<div class=\"elementor-widget-wrap elementor-element-populated\">\n\t\t\t\t\t\t<div class=\"elementor-element elementor-element-0a1e612 elementor-widget elementor-widget-heading\" data-id=\"0a1e612\" data-element_type=\"widget\" data-widget_type=\"heading.default\">\n\t\t\t\t<div class=\"elementor-widget-container\">\n\t\t\t<h2 class=\"elementor-heading-title elementor-size-default\">\u00bfD\u00f3nde?<\/h2>\t\t<\/div>\n\t\t\t\t<\/div>\n\t\t\t\t<div class=\"elementor-element elementor-element-cddc708 elementor-widget elementor-widget-text-editor\" data-id=\"cddc708\" data-element_type=\"widget\" data-widget_type=\"text-editor.default\">\n\t\t\t\t<div class=\"elementor-widget-container\">\n\t\t\t\t\t\t\t<h2>\u00c1reas prioritarias dentro de 15 kil\u00f3metros al norte o al sur de la frontera internacional entre Estados Unidos y M\u00e9xico.<\/h2>\t\t\t\t\t\t<\/div>\n\t\t\t\t<\/div>\n\t\t\t\t\t<\/div>\n\t\t<\/div>\n\t\t\t\t<div class=\"elementor-column elementor-col-50 elementor-top-column elementor-element elementor-element-8b7f119\" data-id=\"8b7f119\" data-element_type=\"column\">\n\t\t\t<div class=\"elementor-widget-wrap elementor-element-populated\">\n\t\t\t\t\t\t<div class=\"elementor-element elementor-element-7658ae1 elementor-widget elementor-widget-heading\" data-id=\"7658ae1\" data-element_type=\"widget\" data-widget_type=\"heading.default\">\n\t\t\t\t<div class=\"elementor-widget-container\">\n\t\t\t<h2 class=\"elementor-heading-title elementor-size-default\">\u00bfCu\u00e1ndo?<\/h2>\t\t<\/div>\n\t\t\t\t<\/div>\n\t\t\t\t<div class=\"elementor-element elementor-element-8ca91db elementor-widget elementor-widget-text-editor\" data-id=\"8ca91db\" data-element_type=\"widget\" data-widget_type=\"text-editor.default\">\n\t\t\t\t<div class=\"elementor-widget-container\">\n\t\t\t\t\t\t\t<div class=\"vc_row wpb_row vc_inner vc_row-fluid\"><div class=\"wpb_column vc_column_container vc_col-sm-6 liquid-column-64b852dd3ddf0\"><div class=\"vc_column-inner\"><div class=\"wpb_wrapper \"><div class=\"wpb_wrapper-inner\"><div class=\"wpb_text_column wpb_content_element \"><div class=\"wpb_wrapper\"><h2>Todo mayo de 2024<\/h2><\/div><\/div><\/div><\/div><\/div><\/div><\/div>\t\t\t\t\t\t<\/div>\n\t\t\t\t<\/div>\n\t\t\t\t\t<\/div>\n\t\t<\/div>\n\t\t\t\t\t<\/div>\n\t\t<\/section>\n\t\t\t\t<section class=\"elementor-section elementor-top-section elementor-element elementor-element-ebf7586 elementor-section-boxed elementor-section-height-default elementor-section-height-default\" data-id=\"ebf7586\" data-element_type=\"section\">\n\t\t\t\t\t\t<div class=\"elementor-container elementor-column-gap-default\">\n\t\t\t\t\t<div class=\"elementor-column elementor-col-50 elementor-top-column elementor-element elementor-element-f17b292\" data-id=\"f17b292\" data-element_type=\"column\">\n\t\t\t<div class=\"elementor-widget-wrap elementor-element-populated\">\n\t\t\t\t\t\t<div class=\"elementor-element elementor-element-b62ae85 elementor-widget elementor-widget-heading\" data-id=\"b62ae85\" data-element_type=\"widget\" data-widget_type=\"heading.default\">\n\t\t\t\t<div class=\"elementor-widget-container\">\n\t\t\t<h3 class=\"elementor-heading-title elementor-size-default\">DISCLAIMER:\n\n<\/h3>\t\t<\/div>\n\t\t\t\t<\/div>\n\t\t\t\t<div class=\"elementor-element elementor-element-e13ba8f elementor-widget elementor-widget-text-editor\" data-id=\"e13ba8f\" data-element_type=\"widget\" data-widget_type=\"text-editor.default\">\n\t\t\t\t<div class=\"elementor-widget-container\">\n\t\t\t\t\t\t\t<ul><li class=\"western\">All teams are independently organized. N-Gen and\/or collaborating organizations are not responsible for organizing teams.<\/li><li>Any\u00a0and all\u00a0views, information, or opinions expressed by teams,\u00a0team organizers, or team members\u00a0are\u00a0their own\u00a0and do not necessarily reflect the views of N-Gen, partner organizations,\u00a0<span lang=\"ES-MX\">other participating individuals<\/span>,\u00a0or any\u00a0other agency.<\/li><li class=\"western\">Each team and\/or participant is responsible for securing licenses and\/or permits and alerting or coordinating with authorities if necessary.<\/li><li class=\"western\">All BioBlitz participants are individuals participating on a voluntary basis, and assume any and all risks involved.<\/li><li class=\"western\">N-Gen and\/or collaborating organizations are not responsible for participants\u2019 actions during the BioBlitz.<\/li><\/ul>\t\t\t\t\t\t<\/div>\n\t\t\t\t<\/div>\n\t\t\t\t\t<\/div>\n\t\t<\/div>\n\t\t\t\t<div class=\"elementor-column elementor-col-50 elementor-top-column elementor-element elementor-element-0be8953\" data-id=\"0be8953\" data-element_type=\"column\">\n\t\t\t<div class=\"elementor-widget-wrap elementor-element-populated\">\n\t\t\t\t\t\t<div class=\"elementor-element elementor-element-8caac92 elementor-widget elementor-widget-heading\" data-id=\"8caac92\" data-element_type=\"widget\" data-widget_type=\"heading.default\">\n\t\t\t\t<div class=\"elementor-widget-container\">\n\t\t\t<h3 class=\"elementor-heading-title elementor-size-default\">DESLINDE DE RESPONSABILIDADES:\n\n<\/h3>\t\t<\/div>\n\t\t\t\t<\/div>\n\t\t\t\t<div class=\"elementor-element elementor-element-35e2bea elementor-widget elementor-widget-text-editor\" data-id=\"35e2bea\" data-element_type=\"widget\" data-widget_type=\"text-editor.default\">\n\t\t\t\t<div class=\"elementor-widget-container\">\n\t\t\t\t\t\t\t<ul><li>Todos los equipos est\u00e1n organizados independientemente. N-Gen y\/o las organizaciones\u00a0asociadas no son responsables de organizar los equipos.<\/li><li>Todas y cada una de las opiniones, informaci\u00f3n o puntos de vista expresadas por los equipos, los organizadores del\/los equipo(s) o los miembros del\/ los equipo(s) son propias y no necesariamente reflejan los puntos de vista de N-Gen, organizaciones participantes, otras personas participantes o cualquier otra agencia u organizaci\u00f3n.<\/li><li>Cada equipo y\/o participante es responsable de obtener las licencias y\/o permisos y de comunicar o coordinar con las autoridades en caso de ser necesario.<\/li><li>Todos los colaboradores\u00a0del BioBlitz de la Frontera participan de manera voluntaria y asumen cualquier\u00a0riesgo\u00a0que esto\u00a0implique.<\/li><li>N-Gen y\/o las organizaciones asociadas no son responsables de los actos y\/o acciones de los participantes durante el BioBlitz.<\/li><\/ul>\t\t\t\t\t\t<\/div>\n\t\t\t\t<\/div>\n\t\t\t\t\t<\/div>\n\t\t<\/div>\n\t\t\t\t\t<\/div>\n\t\t<\/section>\n\t\t\t\t<\/div>\n\t\t","protected":false},"excerpt":{"rendered":"<p>El BioBlitz de la Frontera es un esfuerzo de ciencia ciudadana que busca registrar el mayor n\u00famero de especies posible a lo largo de la frontera entre Estados Unidos y M\u00e9xico. \u00a1Descarga el reporte 2024 ahora! La Nueva Generaci\u00f3n de Investigadores del Desierto Sonorense, en colaboraci\u00f3n con organizaciones participantes, invitan a personas investigadoras y a [&hellip;]<\/p>\n","protected":false},"author":1,"featured_media":29844,"parent":0,"menu_order":2,"comment_status":"open","ping_status":"open","template":"elementor_header_footer","meta":{"footnotes":""},"acf":[],"_links":{"self":[{"href":"https:\/\/nextgensd.com\/es\/wp-json\/wp\/v2\/pages\/30183"}],"collection":[{"href":"https:\/\/nextgensd.com\/es\/wp-json\/wp\/v2\/pages"}],"about":[{"href":"https:\/\/nextgensd.com\/es\/wp-json\/wp\/v2\/types\/page"}],"author":[{"embeddable":true,"href":"https:\/\/nextgensd.com\/es\/wp-json\/wp\/v2\/users\/1"}],"replies":[{"embeddable":true,"href":"https:\/\/nextgensd.com\/es\/wp-json\/wp\/v2\/comments?post=30183"}],"version-history":[{"count":61,"href":"https:\/\/nextgensd.com\/es\/wp-json\/wp\/v2\/pages\/30183\/revisions"}],"predecessor-version":[{"id":36706,"href":"https:\/\/nextgensd.com\/es\/wp-json\/wp\/v2\/pages\/30183\/revisions\/36706"}],"wp:featuredmedia":[{"embeddable":true,"href":"https:\/\/nextgensd.com\/es\/wp-json\/wp\/v2\/media\/29844"}],"wp:attachment":[{"href":"https:\/\/nextgensd.com\/es\/wp-json\/wp\/v2\/media?parent=30183"}],"curies":[{"name":"wp","href":"https:\/\/api.w.org\/{rel}","templated":true}]}}