{"id":29592,"date":"2023-10-21T03:34:06","date_gmt":"2023-10-21T03:34:06","guid":{"rendered":"https:\/\/nextgensd.com\/?page_id=29592"},"modified":"2024-04-05T02:34:25","modified_gmt":"2024-04-05T02:34:25","slug":"travel-espanol","status":"publish","type":"page","link":"https:\/\/nextgensd.com\/es\/cumbre-2024\/travel-espanol\/","title":{"rendered":"Travel espanol"},"content":{"rendered":"\t\t<div data-elementor-type=\"wp-post\" data-elementor-id=\"29592\" class=\"elementor elementor-29592 elementor-28602\" data-elementor-post-type=\"page\">\n\t\t\t\t\t\t<section class=\"elementor-section elementor-top-section elementor-element elementor-element-16099c9 elementor-section-boxed elementor-section-height-default elementor-section-height-default\" data-id=\"16099c9\" data-element_type=\"section\">\n\t\t\t\t\t\t<div class=\"elementor-container elementor-column-gap-default\">\n\t\t\t\t\t<div class=\"elementor-column elementor-col-100 elementor-top-column elementor-element elementor-element-b517513\" data-id=\"b517513\" data-element_type=\"column\">\n\t\t\t<div class=\"elementor-widget-wrap elementor-element-populated\">\n\t\t\t\t\t\t<div class=\"elementor-element elementor-element-faa1ae7 elementor-widget elementor-widget-heading\" data-id=\"faa1ae7\" data-element_type=\"widget\" data-widget_type=\"heading.default\">\n\t\t\t\t<div class=\"elementor-widget-container\">\n\t\t\t<style>\/*! elementor - v3.23.0 - 05-08-2024 *\/\n.elementor-heading-title{padding:0;margin:0;line-height:1}.elementor-widget-heading .elementor-heading-title[class*=elementor-size-]>a{color:inherit;font-size:inherit;line-height:inherit}.elementor-widget-heading .elementor-heading-title.elementor-size-small{font-size:15px}.elementor-widget-heading .elementor-heading-title.elementor-size-medium{font-size:19px}.elementor-widget-heading .elementor-heading-title.elementor-size-large{font-size:29px}.elementor-widget-heading .elementor-heading-title.elementor-size-xl{font-size:39px}.elementor-widget-heading .elementor-heading-title.elementor-size-xxl{font-size:59px}<\/style><h2 class=\"elementor-heading-title elementor-size-default\">Viaje<\/h2>\t\t<\/div>\n\t\t\t\t<\/div>\n\t\t\t\t<div class=\"elementor-element elementor-element-3d905d9 elementor-widget elementor-widget-text-editor\" data-id=\"3d905d9\" data-element_type=\"widget\" data-widget_type=\"text-editor.default\">\n\t\t\t\t<div class=\"elementor-widget-container\">\n\t\t\t<style>\/*! elementor - v3.23.0 - 05-08-2024 *\/\n.elementor-widget-text-editor.elementor-drop-cap-view-stacked .elementor-drop-cap{background-color:#69727d;color:#fff}.elementor-widget-text-editor.elementor-drop-cap-view-framed .elementor-drop-cap{color:#69727d;border:3px solid;background-color:transparent}.elementor-widget-text-editor:not(.elementor-drop-cap-view-default) .elementor-drop-cap{margin-top:8px}.elementor-widget-text-editor:not(.elementor-drop-cap-view-default) .elementor-drop-cap-letter{width:1em;height:1em}.elementor-widget-text-editor .elementor-drop-cap{float:left;text-align:center;line-height:1;font-size:50px}.elementor-widget-text-editor .elementor-drop-cap-letter{display:inline-block}<\/style>\t\t\t\t<p><span data-sheets-value=\"{&quot;1&quot;:2,&quot;2&quot;:&quot;\u00a1El viaje a \u00c1lamos forma parte de la experiencia!&quot;}\" data-sheets-userformat=\"{&quot;2&quot;:769,&quot;3&quot;:{&quot;1&quot;:0},&quot;11&quot;:4,&quot;12&quot;:0}\">\u00a1El viaje a \u00c1lamos forma parte de la experiencia!<\/span><\/p><p><span data-sheets-value=\"{&quot;1&quot;:2,&quot;2&quot;:&quot;A continuaci\u00f3n te ofrecemos una gu\u00eda bien documentada sobre c\u00f3mo planificar tu viaje:&quot;}\" data-sheets-userformat=\"{&quot;2&quot;:769,&quot;3&quot;:{&quot;1&quot;:0},&quot;11&quot;:4,&quot;12&quot;:0}\">A continuaci\u00f3n te ofrecemos una gu\u00eda bien documentada sobre c\u00f3mo planificar tu viaje:<\/span><\/p>\t\t\t\t\t\t<\/div>\n\t\t\t\t<\/div>\n\t\t\t\t\t<\/div>\n\t\t<\/div>\n\t\t\t\t\t<\/div>\n\t\t<\/section>\n\t\t\t\t<section class=\"elementor-section elementor-top-section elementor-element elementor-element-2e244c9 elementor-section-boxed elementor-section-height-default elementor-section-height-default\" data-id=\"2e244c9\" data-element_type=\"section\" data-settings=\"{&quot;background_background&quot;:&quot;classic&quot;}\">\n\t\t\t\t\t\t<div class=\"elementor-container elementor-column-gap-default\">\n\t\t\t\t\t<div class=\"elementor-column elementor-col-50 elementor-top-column elementor-element elementor-element-15a7c31\" data-id=\"15a7c31\" data-element_type=\"column\">\n\t\t\t<div class=\"elementor-widget-wrap elementor-element-populated\">\n\t\t\t\t\t\t<div class=\"elementor-element elementor-element-14be7eb elementor-widget__width-initial elementor-widget elementor-widget-text-editor\" data-id=\"14be7eb\" data-element_type=\"widget\" data-widget_type=\"text-editor.default\">\n\t\t\t\t<div class=\"elementor-widget-container\">\n\t\t\t\t\t\t\t<h2 style=\"color: #333333; letter-spacing: normal;\">Desde el Aeropuerto de Ciudad Obreg\u00f3n a \u00c1lamos:<\/h2><p>Los <strong>taxis del aeropuerto<\/strong> y las furgonetas est\u00e1n disponibles fuera de la terminal. La compa\u00f1\u00eda de taxis se llama CABUS.<\/p><p>Taxi de 1-4 personas: $1830 pesos<\/p><p>Van para hasta 8 personas: $2380 pesos<\/p><p>Aunque siempre hay taxis y camionetas ah\u00ed, recomiendan llamar unas horas antes de la llegada del vuelo para reservar uno de los veh\u00edculos. Para hacerlo, contacta a Silvia Castro +644.134.0030<\/p><p><strong>Autob\u00fas a \u00c1lamos:<\/strong><\/p><p>Toma un taxi a la terminal de autobuses del centro de Ciudad Obreg\u00f3n.<\/p><ul><li>Autob\u00fas Tufesa o TBC\/Albatros a \u00c1lamos (puede que tengas que cambiar de autob\u00fas en Navojoa)<\/li><\/ul><p>Costo aproximado: $200 pesos<\/p><p>Si deseas <strong>organizar con antelaci\u00f3n el transporte<\/strong> de Ciudad Obreg\u00f3n a \u00c1lamos, puedes llamar a uno de los siguientes servicios de transporte con base en \u00c1lamos. Se recomienda hacerlo con al menos 2 \u00f3 3 d\u00edas de anticipaci\u00f3n.<\/p><p>Taxi:\u00a0<\/p><p>Fernando Arias: +647.404.0782, 1-4 personas, $1700 pesos<\/p><p>Daniel Ontiveros: +647.114.7348, 1-4 personas, $1700 pesos<\/p><p>Ram\u00f3n Verdugo:\u00a0 +642.134.0178;\u00a0Suburban, 5 personas, $3,000 pesos;\u00a0Hiace Van, 12 personas, $3,000 pesos<\/p><p><b><strong>Si quieres coordinar tu viaje con otros participantes, <\/strong><\/b><a href=\"https:\/\/docs.google.com\/spreadsheets\/d\/111VO_tAaiDz0UpyRxodWQpbI4utMG-RSLjPdHrgKGCU\/edit?usp=sharing\"><b><strong>ingresa tu informaci\u00f3n en la Google Sheet<\/strong><\/b><\/a><b><strong>\u00a0(haz clic en la pesta\u00f1a de llegadas en la parte inferior). Si\u00e9ntete libre de contactar a los dem\u00e1s.<\/strong><\/b> <b><strong>N-Gen no coordinar\u00e1 este viaje.<\/strong><\/b><\/p>\t\t\t\t\t\t<\/div>\n\t\t\t\t<\/div>\n\t\t\t\t<div class=\"elementor-element elementor-element-30e2da9 elementor-widget elementor-widget-text-editor\" data-id=\"30e2da9\" data-element_type=\"widget\" data-widget_type=\"text-editor.default\">\n\t\t\t\t<div class=\"elementor-widget-container\">\n\t\t\t\t\t\t\t<h2><span data-sheets-value=\"{&quot;1&quot;:2,&quot;2&quot;:&quot;Desde la costa oeste de EE.UU:&quot;}\" data-sheets-userformat=\"{&quot;2&quot;:769,&quot;3&quot;:{&quot;1&quot;:0},&quot;11&quot;:4,&quot;12&quot;:0}\">Desde \u00c1lamos al Aeropuerto de Ciudad Obreg\u00f3n:<\/span><\/h2><p>Los mismos servicios de transporte con base en \u00c1lamos pueden ser pre-acordados para el transporte de regreso al Aeropuerto de Ciudad Obreg\u00f3n. El costo es el mismo que el anterior.<\/p><p><b><strong>Si deseaS coordinar el viaje con otros, <\/strong><\/b><a href=\"https:\/\/docs.google.com\/spreadsheets\/d\/111VO_tAaiDz0UpyRxodWQpbI4utMG-RSLjPdHrgKGCU\/edit?usp=sharing\"><b><strong>introduce tu informaci\u00f3n en este Google Sheet<\/strong><\/b><\/a><b><strong> (haz clic en la pesta\u00f1a de salida en la parte inferior) y no dudes en ponerte en contacto con los dem\u00e1s.<\/strong><\/b> <b><strong>N-Gen no coordinar\u00e1 este viaje.<\/strong><\/b><\/p>\t\t\t\t\t\t<\/div>\n\t\t\t\t<\/div>\n\t\t\t\t<div class=\"elementor-element elementor-element-62ba31c elementor-widget elementor-widget-text-editor\" data-id=\"62ba31c\" data-element_type=\"widget\" data-widget_type=\"text-editor.default\">\n\t\t\t\t<div class=\"elementor-widget-container\">\n\t\t\t\t\t\t\t<h2><span data-sheets-value=\"{&quot;1&quot;:2,&quot;2&quot;:&quot;Desde Baja California:&quot;}\" data-sheets-userformat=\"{&quot;2&quot;:769,&quot;3&quot;:{&quot;1&quot;:0},&quot;11&quot;:4,&quot;12&quot;:0}\">Desde Baja California:<\/span><\/h2>\n<p><span data-sheets-value=\"{&quot;1&quot;:2,&quot;2&quot;:&quot;Si viajas de Baja California tu mejor opci\u00f3n es volar desde el aeropuerto de Tijuana (TIJ) a Ciudad Obreg\u00f3n (CEN), el vuelo es directo por la empresa Volaris y toma una hora y media.&quot;}\" data-sheets-userformat=\"{&quot;2&quot;:769,&quot;3&quot;:{&quot;1&quot;:0},&quot;11&quot;:4,&quot;12&quot;:0}\">Si viajas de Baja California tu mejor opci\u00f3n es volar desde el aeropuerto de <strong>Tijuana (TIJ)<\/strong> a Ciudad Obreg\u00f3n (CEN), el vuelo es directo por la empresa Volaris y toma una hora y media.<\/span><\/p>\n<p><span data-sheets-value=\"{&quot;1&quot;:2,&quot;2&quot;:&quot;Si viajas de Baja California Sur las opciones son volar por Aero Calafia desde La Paz (LAP) o de Cabo San Lucas (CSL) hacia Ciudad Obreg\u00f3n (CEN). La p\u00e1gina de la aerol\u00ednea actualizar\u00e1 el calendario 2024 a mediados de Noviembre 2023.&quot;}\" data-sheets-userformat=\"{&quot;2&quot;:769,&quot;3&quot;:{&quot;1&quot;:0},&quot;11&quot;:4,&quot;12&quot;:0}\">Si viajas de <strong>Baja California Sur<\/strong> las opciones son volar por Aero Calafia desde <strong>La Paz<\/strong> (LAP) o de <strong>Cabo San Lucas<\/strong> (CSL) hacia Ciudad Obreg\u00f3n (CEN). La p\u00e1gina de la aerol\u00ednea actualizar\u00e1 el calendario 2024 a mediados de Noviembre 2023.<\/span><\/p>\n<p><span data-sheets-value=\"{&quot;1&quot;:2,&quot;2&quot;:&quot;El transporte del aeropuerto de Ciudad Obreg\u00f3n a \u00c1lamos es de una hora y quince minutos v\u00eda terrestre. Para la Cumbre N-Gen apoyaremos con la organizaci\u00f3n de traslados del aeropuerto a \u00c1lamos. Env\u00edanos un correo a nextgensd21012@gmail.com para m\u00e1s informaci\u00f3n.&quot;}\" data-sheets-userformat=\"{&quot;2&quot;:769,&quot;3&quot;:{&quot;1&quot;:0},&quot;11&quot;:4,&quot;12&quot;:0}\">El transporte del aeropuerto de Ciudad Obreg\u00f3n a \u00c1lamos es de una hora y quince minutos v\u00eda terrestre.&nbsp;<\/span><\/p>\t\t\t\t\t\t<\/div>\n\t\t\t\t<\/div>\n\t\t\t\t<div class=\"elementor-element elementor-element-b771dbb elementor-widget elementor-widget-text-editor\" data-id=\"b771dbb\" data-element_type=\"widget\" data-widget_type=\"text-editor.default\">\n\t\t\t\t<div class=\"elementor-widget-container\">\n\t\t\t\t\t\t\t<h2><span data-sheets-value=\"{&quot;1&quot;:2,&quot;2&quot;:&quot;Desde el sur de M\u00e9xico:&quot;}\" data-sheets-userformat=\"{&quot;2&quot;:769,&quot;3&quot;:{&quot;1&quot;:0},&quot;11&quot;:4,&quot;12&quot;:0}\">Desde el sur de M\u00e9xico:<\/span><\/h2><p><span data-sheets-value=\"{&quot;1&quot;:2,&quot;2&quot;:&quot;Vuela desde el aeropuerto regional m\u00e1s cercano hacia Ciudad Obreg\u00f3n (CEN).&quot;}\" data-sheets-userformat=\"{&quot;2&quot;:769,&quot;3&quot;:{&quot;1&quot;:0},&quot;11&quot;:4,&quot;12&quot;:0}\">Vuela desde el aeropuerto regional m\u00e1s cercano hacia Ciudad Obreg\u00f3n (CEN).<\/span><\/p><p><span data-sheets-value=\"{&quot;1&quot;:2,&quot;2&quot;:&quot;El transporte del aeropuerto de Ciudad Obreg\u00f3n a \u00c1lamos es de una hora y quince minutos v\u00eda terrestre. Para la Cumbre N-Gen apoyaremos con la organizaci\u00f3n de traslados del aeropuerto a \u00c1lamos. Env\u00edanos un correo a nextgensd21012@gmail.com para m\u00e1s informaci\u00f3n.&quot;}\" data-sheets-userformat=\"{&quot;2&quot;:769,&quot;3&quot;:{&quot;1&quot;:0},&quot;11&quot;:4,&quot;12&quot;:0}\">El transporte del aeropuerto de Ciudad Obreg\u00f3n a \u00c1lamos es de una hora y quince minutos v\u00eda terrestre. Para la Cumbre N-Gen apoyaremos con la organizaci\u00f3n de traslados del aeropuerto a \u00c1lamos. Env\u00edanos un correo a nextgensd2012@gmail.com para m\u00e1s informaci\u00f3n.<\/span><\/p>\t\t\t\t\t\t<\/div>\n\t\t\t\t<\/div>\n\t\t\t\t\t<\/div>\n\t\t<\/div>\n\t\t\t\t<div class=\"elementor-column elementor-col-50 elementor-top-column elementor-element elementor-element-bd94cfa\" data-id=\"bd94cfa\" data-element_type=\"column\">\n\t\t\t<div class=\"elementor-widget-wrap elementor-element-populated\">\n\t\t\t\t\t\t<div class=\"elementor-element elementor-element-e209083 elementor-widget elementor-widget-text-editor\" data-id=\"e209083\" data-element_type=\"widget\" data-widget_type=\"text-editor.default\">\n\t\t\t\t<div class=\"elementor-widget-container\">\n\t\t\t\t\t\t\t<h2><span data-sheets-value=\"{&quot;1&quot;:2,&quot;2&quot;:&quot;Desde Tucson o Phoenix, Arizona:&quot;}\" data-sheets-userformat=\"{&quot;2&quot;:769,&quot;3&quot;:{&quot;1&quot;:0},&quot;11&quot;:4,&quot;12&quot;:0}\">Desde Tucson o Phoenix, Arizona:<\/span><\/h2><p><b><strong>N-Gen ofrece un autob\u00fas equipado con<\/strong><\/b> <b>wifi <\/b>con 53 lugares que saldr\u00e1 de Nogales, Sonora, a las 9 de la ma\u00f1ana del martes 23 de abril y saldr\u00e1 de \u00c1lamos la ma\u00f1ana del domingo 28 de abril para regresar a Nogales esa misma noche. Puedes reservar una plaza en este autob\u00fas comprando un boleto de 75 d\u00f3lares como complemento a tu registro al evento (a trav\u00e9s de Eventbrite).<\/p><p>Nos reuniremos en grupo en Nogales, AZ ,el 23 de abril <b>a las 8:30 am<strong> justo en frente de las puertas con torniquetes de entrada a M\u00e9xico. <\/strong><\/b>Luego cruzaremos la frontera como grupo, a trav\u00e9s del paso peatonal de la Garita Dennis DeConcini, donde nos encontraremos con nuestro autob\u00fas y viajaremos juntos a \u00c1lamos.<\/p><p>Para subirte al autob\u00fas en Nogales, Sonora, y reunirte con el grupo a las 8:30 am, puedes:<\/p><p>(A) CONDUCIR POR TU PARTE Y ESTACIONARTE EN UN ESTACIONAMIENTO FRONTERIZO SEGURO (unos 7 d\u00f3lares por d\u00eda), PARA REUNIRTE CON EL GRUPO A LAS 8:30 AM.<\/p><p>(B) TOMAR UN SHUTTLE DE TUCSON A NOGALES VIA<\/p><p>Tucson Premier Shuttle<\/p><p>520.460.9010<\/p><p>4201 S. 6th Ave<\/p><p>O<\/p><p>Shuttle Sonora<\/p><p>520.294.1210<\/p><p>4201 S. 6th Ave<\/p><p>Llega a las 6\/6:30 am para subir al primer shuttle a Nogales que sale alrededor de las 7:00 am. Este hace 1 hora a Nogales y cobra\u00a0$15 usd por persona.<\/p><p>Puedes reservar con antelaci\u00f3n, aunque no es necesario.<\/p><p>Estos dos shuttles est\u00e1n uno al lado del otro.<\/p><p><em>Lo mejor es llegar con Uber \/ Lyft y no dejar tu carro en los servicios de shuttle.<\/em><\/p><p><b><strong>Tambi\u00e9n puedes manejar por la 15<\/strong><\/b>, lo que toma aproximadamente 8 horas hasta \u00c1lamos. Se recomienda compartir carro y conducir solo durante el d\u00eda. Nota: necesitar\u00e1s obtener un visado de turista en el KM 21 y un permiso para el carro en Empalme.<\/p><p><a href=\"https:\/\/nextgensd.com\/wp-content\/uploads\/2024\/04\/DRIVE-LOG-%E2%80%93-Nogales-to-Alamos.pdf\">Descarga y consulta este cuaderno de ruta elaborado por Jennifer MacKay, con todos los detalles que necesitar\u00e1s si vienes en carro.<\/a><\/p>\t\t\t\t\t\t<\/div>\n\t\t\t\t<\/div>\n\t\t\t\t<div class=\"elementor-element elementor-element-2cdf041 elementor-widget elementor-widget-text-editor\" data-id=\"2cdf041\" data-element_type=\"widget\" data-widget_type=\"text-editor.default\">\n\t\t\t\t<div class=\"elementor-widget-container\">\n\t\t\t\t\t\t\t<h2><span data-sheets-value=\"{&quot;1&quot;:2,&quot;2&quot;:&quot;Desde la costa oeste de EE.UU:&quot;}\" data-sheets-userformat=\"{&quot;2&quot;:769,&quot;3&quot;:{&quot;1&quot;:0},&quot;11&quot;:4,&quot;12&quot;:0}\">Desde la Costa Oeste de EE.UU.:<\/span><\/h2><p><span data-sheets-value=\"{&quot;1&quot;:2,&quot;2&quot;:&quot;Vuela a San Diego, toma un taxi de 30 minutos hasta el Crossborder Xpress (CBX), un paso fronterizo directo al aeropuerto de Tijuana (TIJ). Un vuelo directo de hora y media (aerol\u00ednea Volaris) te lleva a Ciudad Obreg\u00f3n (CEN).&quot;}\" data-sheets-userformat=\"{&quot;2&quot;:769,&quot;3&quot;:{&quot;1&quot;:0},&quot;11&quot;:4,&quot;12&quot;:0}\"><strong>Vuela a San Diego<\/strong>, toma un taxi de 30 minutos hasta el Crossborder Xpress (CBX), un paso fronterizo directo al aeropuerto de Tijuana (TIJ). Un vuelo directo de hora y media (aerol\u00ednea Volaris) te lleva a Ciudad Obreg\u00f3n (CEN).<\/span><\/p><p><span data-sheets-value=\"{&quot;1&quot;:2,&quot;2&quot;:&quot;El cruce fronterizo del puente CBX tiene una tarifa que puedes adquirir como complemento cuando compras tu boleto de avi\u00f3n con Volaris.&quot;}\" data-sheets-userformat=\"{&quot;2&quot;:769,&quot;3&quot;:{&quot;1&quot;:0},&quot;11&quot;:4,&quot;12&quot;:0}\">El cruce fronterizo del puente CBX tiene una tarifa que puedes adquirir como complemento cuando compras tu boleto de avi\u00f3n con Volaris.<\/span><\/p><p><span data-sheets-value=\"{&quot;1&quot;:2,&quot;2&quot;:&quot;Conduce por la Carretera Federal 15! El trayecto dura aproximadamente 8 horas. Podemos proporcionarte un diario de ruta que te explicar\u00e1 c\u00f3mo arribar.&quot;}\" data-sheets-userformat=\"{&quot;2&quot;:769,&quot;3&quot;:{&quot;1&quot;:0},&quot;11&quot;:4,&quot;12&quot;:0}\"><strong>Conduce por la Carretera Federal 15.<\/strong>\u00a0El trayecto dura aproximadamente 8 horas. Podemos proporcionarte un diario de ruta que te explicar\u00e1 c\u00f3mo arribar.<\/span><\/p>\t\t\t\t\t\t<\/div>\n\t\t\t\t<\/div>\n\t\t\t\t<div class=\"elementor-element elementor-element-5d105e6 elementor-widget elementor-widget-text-editor\" data-id=\"5d105e6\" data-element_type=\"widget\" data-widget_type=\"text-editor.default\">\n\t\t\t\t<div class=\"elementor-widget-container\">\n\t\t\t\t\t\t\t<h2><span data-sheets-value=\"{&quot;1&quot;:2,&quot;2&quot;:&quot;Desde la Costa Este de EUA:&quot;}\" data-sheets-userformat=\"{&quot;2&quot;:769,&quot;3&quot;:{&quot;1&quot;:0},&quot;11&quot;:4,&quot;12&quot;:0}\">Desde la Costa Este de EE.UU.:<\/span><\/h2><p><span data-sheets-value=\"{&quot;1&quot;:2,&quot;2&quot;:&quot;Adem\u00e1s de volar a San Diego como se mencion\u00f3 arriba o el vuelo de Phoenix a Hermosillo (HMO), cuando busques un vuelo a Ciudad Obreg\u00f3n (CEN) desde cualquier parte de EUA probablemente lo encuentres con escalas en Guadalajara (GDL) o en Ciudad de M\u00e9xico (MEX).&quot;}\" data-sheets-userformat=\"{&quot;2&quot;:769,&quot;3&quot;:{&quot;1&quot;:0},&quot;11&quot;:4,&quot;12&quot;:0}\">Adem\u00e1s de volar a San Diego como se mencion\u00f3 arriba o el vuelo de Phoenix a Hermosillo (HMO), cuando busques un vuelo a Ciudad Obreg\u00f3n (CEN) desde cualquier parte de EUA probablemente lo encuentres con escalas en Guadalajara (GDL) o en Ciudad de M\u00e9xico (MEX).<\/span><\/p><p><span data-sheets-value=\"{&quot;1&quot;:2,&quot;2&quot;:&quot;El transporte del aeropuerto de Ciudad Obreg\u00f3n a \u00c1lamos es de una hora y quince minutos v\u00eda terrestre. Para la Cumbre N-Gen apoyaremos con la organizaci\u00f3n de traslados del aeropuerto a \u00c1lamos. Env\u00edanos un correo a nextgensd21012@gmail.com para m\u00e1s informaci\u00f3n.&quot;}\" data-sheets-userformat=\"{&quot;2&quot;:769,&quot;3&quot;:{&quot;1&quot;:0},&quot;11&quot;:4,&quot;12&quot;:0}\">El transporte del aeropuerto de Ciudad Obreg\u00f3n a \u00c1lamos es de una hora y quince minutos v\u00eda terrestre. Para la Cumbre N-Gen apoyaremos con la organizaci\u00f3n de traslados del aeropuerto a \u00c1lamos. Env\u00edanos un correo a nextgensd21012@gmail.com para m\u00e1s informaci\u00f3n.<\/span><\/p>\t\t\t\t\t\t<\/div>\n\t\t\t\t<\/div>\n\t\t\t\t\t<\/div>\n\t\t<\/div>\n\t\t\t\t\t<\/div>\n\t\t<\/section>\n\t\t\t\t<\/div>\n\t\t","protected":false},"excerpt":{"rendered":"<p>Viaje \u00a1El viaje a \u00c1lamos forma parte de la experiencia! A continuaci\u00f3n te ofrecemos una gu\u00eda bien documentada sobre c\u00f3mo planificar tu viaje: Desde el Aeropuerto de Ciudad Obreg\u00f3n a \u00c1lamos: Los taxis del aeropuerto y las furgonetas est\u00e1n disponibles fuera de la terminal. La compa\u00f1\u00eda de taxis se llama CABUS. Taxi de 1-4 personas: [&hellip;]<\/p>\n","protected":false},"author":1,"featured_media":0,"parent":29578,"menu_order":0,"comment_status":"open","ping_status":"closed","template":"elementor_header_footer","meta":{"footnotes":""},"acf":[],"_links":{"self":[{"href":"https:\/\/nextgensd.com\/es\/wp-json\/wp\/v2\/pages\/29592"}],"collection":[{"href":"https:\/\/nextgensd.com\/es\/wp-json\/wp\/v2\/pages"}],"about":[{"href":"https:\/\/nextgensd.com\/es\/wp-json\/wp\/v2\/types\/page"}],"author":[{"embeddable":true,"href":"https:\/\/nextgensd.com\/es\/wp-json\/wp\/v2\/users\/1"}],"replies":[{"embeddable":true,"href":"https:\/\/nextgensd.com\/es\/wp-json\/wp\/v2\/comments?post=29592"}],"version-history":[{"count":15,"href":"https:\/\/nextgensd.com\/es\/wp-json\/wp\/v2\/pages\/29592\/revisions"}],"predecessor-version":[{"id":31317,"href":"https:\/\/nextgensd.com\/es\/wp-json\/wp\/v2\/pages\/29592\/revisions\/31317"}],"up":[{"embeddable":true,"href":"https:\/\/nextgensd.com\/es\/wp-json\/wp\/v2\/pages\/29578"}],"wp:attachment":[{"href":"https:\/\/nextgensd.com\/es\/wp-json\/wp\/v2\/media?parent=29592"}],"curies":[{"name":"wp","href":"https:\/\/api.w.org\/{rel}","templated":true}]}}