{"id":29582,"date":"2023-10-21T03:31:23","date_gmt":"2023-10-21T03:31:23","guid":{"rendered":"https:\/\/nextgensd.com\/?page_id=29582"},"modified":"2024-04-22T01:39:17","modified_gmt":"2024-04-22T01:39:17","slug":"registro","status":"publish","type":"page","link":"https:\/\/nextgensd.com\/es\/cumbre-2024\/registro\/","title":{"rendered":"Registro"},"content":{"rendered":"\t\t<div data-elementor-type=\"wp-post\" data-elementor-id=\"29582\" class=\"elementor elementor-29582 elementor-28592\" data-elementor-post-type=\"page\">\n\t\t\t\t\t\t<section class=\"elementor-section elementor-top-section elementor-element elementor-element-c284be9 elementor-section-boxed elementor-section-height-default elementor-section-height-default\" data-id=\"c284be9\" data-element_type=\"section\" data-settings=\"{&quot;background_background&quot;:&quot;classic&quot;}\">\n\t\t\t\t\t\t\t<div class=\"elementor-background-overlay\"><\/div>\n\t\t\t\t\t\t\t<div class=\"elementor-container elementor-column-gap-default\">\n\t\t\t\t\t<div class=\"elementor-column elementor-col-100 elementor-top-column elementor-element elementor-element-fd53d73\" data-id=\"fd53d73\" data-element_type=\"column\">\n\t\t\t<div class=\"elementor-widget-wrap elementor-element-populated\">\n\t\t\t\t\t\t<div class=\"elementor-element elementor-element-3a17ce0 elementor-widget elementor-widget-heading\" data-id=\"3a17ce0\" data-element_type=\"widget\" data-widget_type=\"heading.default\">\n\t\t\t\t<div class=\"elementor-widget-container\">\n\t\t\t<style>\/*! elementor - v3.23.0 - 05-08-2024 *\/\n.elementor-heading-title{padding:0;margin:0;line-height:1}.elementor-widget-heading .elementor-heading-title[class*=elementor-size-]>a{color:inherit;font-size:inherit;line-height:inherit}.elementor-widget-heading .elementor-heading-title.elementor-size-small{font-size:15px}.elementor-widget-heading .elementor-heading-title.elementor-size-medium{font-size:19px}.elementor-widget-heading .elementor-heading-title.elementor-size-large{font-size:29px}.elementor-widget-heading .elementor-heading-title.elementor-size-xl{font-size:39px}.elementor-widget-heading .elementor-heading-title.elementor-size-xxl{font-size:59px}<\/style><h2 class=\"elementor-heading-title elementor-size-default\">Registro<\/h2>\t\t<\/div>\n\t\t\t\t<\/div>\n\t\t\t\t\t<\/div>\n\t\t<\/div>\n\t\t\t\t\t<\/div>\n\t\t<\/section>\n\t\t<div class=\"elementor-element elementor-element-61a5d07 e-flex e-con-boxed e-con e-parent\" data-id=\"61a5d07\" data-element_type=\"container\">\n\t\t\t\t\t<div class=\"e-con-inner\">\n\t\t\t\t<div class=\"elementor-element elementor-element-4a089cf elementor-widget elementor-widget-text-editor\" data-id=\"4a089cf\" data-element_type=\"widget\" data-widget_type=\"text-editor.default\">\n\t\t\t\t<div class=\"elementor-widget-container\">\n\t\t\t<style>\/*! elementor - v3.23.0 - 05-08-2024 *\/\n.elementor-widget-text-editor.elementor-drop-cap-view-stacked .elementor-drop-cap{background-color:#69727d;color:#fff}.elementor-widget-text-editor.elementor-drop-cap-view-framed .elementor-drop-cap{color:#69727d;border:3px solid;background-color:transparent}.elementor-widget-text-editor:not(.elementor-drop-cap-view-default) .elementor-drop-cap{margin-top:8px}.elementor-widget-text-editor:not(.elementor-drop-cap-view-default) .elementor-drop-cap-letter{width:1em;height:1em}.elementor-widget-text-editor .elementor-drop-cap{float:left;text-align:center;line-height:1;font-size:50px}.elementor-widget-text-editor .elementor-drop-cap-letter{display:inline-block}<\/style>\t\t\t\t<p>Si todav\u00eda necesites registrarte por favor env\u00eda un correo a nextgensd2012@gmail.com<\/p>\t\t\t\t\t\t<\/div>\n\t\t\t\t<\/div>\n\t\t\t\t\t<\/div>\n\t\t\t\t<\/div>\n\t\t\t\t<section class=\"elementor-section elementor-top-section elementor-element elementor-element-6748fc1 elementor-section-boxed elementor-section-height-default elementor-section-height-default\" data-id=\"6748fc1\" data-element_type=\"section\">\n\t\t\t\t\t\t<div class=\"elementor-container elementor-column-gap-default\">\n\t\t\t\t\t<div class=\"elementor-column elementor-col-33 elementor-top-column elementor-element elementor-element-eadf7da\" data-id=\"eadf7da\" data-element_type=\"column\">\n\t\t\t<div class=\"elementor-widget-wrap elementor-element-populated\">\n\t\t\t\t\t\t<div class=\"elementor-element elementor-element-550a97c elementor-widget elementor-widget-text-editor\" data-id=\"550a97c\" data-element_type=\"widget\" data-widget_type=\"text-editor.default\">\n\t\t\t\t<div class=\"elementor-widget-container\">\n\t\t\t\t\t\t\t<h2>Cumbre del Agave<\/h2><p>24\/04<\/p>\t\t\t\t\t\t<\/div>\n\t\t\t\t<\/div>\n\t\t\t\t<div class=\"elementor-element elementor-element-b517f79 elementor-widget elementor-widget-button\" data-id=\"b517f79\" data-element_type=\"widget\" data-widget_type=\"button.default\">\n\t\t\t\t<div class=\"elementor-widget-container\">\n\t\t\t\t\t<div class=\"elementor-button-wrapper\">\n\t\t\t<a class=\"elementor-button elementor-button-link elementor-size-xl\" href=\"https:\/\/www.eventbrite.com\/e\/n-gen-2024-summit-tickets-677106372387?aff=oddtdtcreator\" target=\"_blank\">\n\t\t\t\t\t\t<span class=\"elementor-button-content-wrapper\">\n\t\t\t\t\t\t\t\t\t<span class=\"elementor-button-text\">Mismo D\u00eda [No se proporcionan comidas]  ($50 USD, $850 MXN)<\/span>\n\t\t\t\t\t<\/span>\n\t\t\t\t\t<\/a>\n\t\t<\/div>\n\t\t\t\t<\/div>\n\t\t\t\t<\/div>\n\t\t\t\t<div class=\"elementor-element elementor-element-25c6699 elementor-widget elementor-widget-button\" data-id=\"25c6699\" data-element_type=\"widget\" data-widget_type=\"button.default\">\n\t\t\t\t<div class=\"elementor-widget-container\">\n\t\t\t\t\t<div class=\"elementor-button-wrapper\">\n\t\t\t<a class=\"elementor-button elementor-button-link elementor-size-xl\" href=\"https:\/\/www.eventbrite.com\/e\/n-gen-2024-summit-tickets-677106372387?aff=oddtdtcreator\" target=\"_blank\">\n\t\t\t\t\t\t<span class=\"elementor-button-content-wrapper\">\n\t\t\t\t\t\t\t\t\t<span class=\"elementor-button-text\">Descuento de Estudiante  ($30 USD, $500 MXN)<\/span>\n\t\t\t\t\t<\/span>\n\t\t\t\t\t<\/a>\n\t\t<\/div>\n\t\t\t\t<\/div>\n\t\t\t\t<\/div>\n\t\t\t\t<div class=\"elementor-element elementor-element-09855a8 elementor-widget elementor-widget-button\" data-id=\"09855a8\" data-element_type=\"widget\" data-widget_type=\"button.default\">\n\t\t\t\t<div class=\"elementor-widget-container\">\n\t\t\t\t\t<div class=\"elementor-button-wrapper\">\n\t\t\t<a class=\"elementor-button elementor-button-link elementor-size-xl\" href=\"https:\/\/www.eventbrite.com\/e\/n-gen-2024-summit-tickets-677106372387?aff=oddtdtcreator\" target=\"_blank\">\n\t\t\t\t\t\t<span class=\"elementor-button-content-wrapper\">\n\t\t\t\t\t\t\t\t\t<span class=\"elementor-button-text\">Participante de M\u00e9xico ($50 USD, $850 MXN)<\/span>\n\t\t\t\t\t<\/span>\n\t\t\t\t\t<\/a>\n\t\t<\/div>\n\t\t\t\t<\/div>\n\t\t\t\t<\/div>\n\t\t\t\t<div class=\"elementor-element elementor-element-f898e67 elementor-widget elementor-widget-button\" data-id=\"f898e67\" data-element_type=\"widget\" data-widget_type=\"button.default\">\n\t\t\t\t<div class=\"elementor-widget-container\">\n\t\t\t\t\t<div class=\"elementor-button-wrapper\">\n\t\t\t<a class=\"elementor-button elementor-button-link elementor-size-xl\" href=\"https:\/\/www.eventbrite.com\/e\/n-gen-2024-summit-tickets-677106372387?aff=oddtdtcreator\" target=\"_blank\">\n\t\t\t\t\t\t<span class=\"elementor-button-content-wrapper\">\n\t\t\t\t\t\t\t\t\t<span class=\"elementor-button-text\">Participante de Estados Unidos ($75 USD, $1,300 MXN)<\/span>\n\t\t\t\t\t<\/span>\n\t\t\t\t\t<\/a>\n\t\t<\/div>\n\t\t\t\t<\/div>\n\t\t\t\t<\/div>\n\t\t\t\t\t<\/div>\n\t\t<\/div>\n\t\t\t\t<div class=\"elementor-column elementor-col-33 elementor-top-column elementor-element elementor-element-e394630\" data-id=\"e394630\" data-element_type=\"column\">\n\t\t\t<div class=\"elementor-widget-wrap elementor-element-populated\">\n\t\t\t\t\t\t<div class=\"elementor-element elementor-element-f8b292d elementor-widget elementor-widget-text-editor\" data-id=\"f8b292d\" data-element_type=\"widget\" data-widget_type=\"text-editor.default\">\n\t\t\t\t<div class=\"elementor-widget-container\">\n\t\t\t\t\t\t\t<h2><span style=\"font-size: 2rem; white-space-collapse: preserve; background-color: var( --e-global-color-c696dce );\">Cumbre N-Gen<\/span><\/h2><p>25\/04 \u2013 27\/04<\/p>\t\t\t\t\t\t<\/div>\n\t\t\t\t<\/div>\n\t\t\t\t<div class=\"elementor-element elementor-element-60c9a15 elementor-widget elementor-widget-button\" data-id=\"60c9a15\" data-element_type=\"widget\" data-widget_type=\"button.default\">\n\t\t\t\t<div class=\"elementor-widget-container\">\n\t\t\t\t\t<div class=\"elementor-button-wrapper\">\n\t\t\t<a class=\"elementor-button elementor-button-link elementor-size-xl\" href=\"https:\/\/www.eventbrite.com\/e\/n-gen-2024-summit-tickets-677106372387?aff=oddtdtcreator\" target=\"_blank\">\n\t\t\t\t\t\t<span class=\"elementor-button-content-wrapper\">\n\t\t\t\t\t\t\t\t\t<span class=\"elementor-button-text\">Mismo D\u00eda [No se proporcionan comidas]  ($150 USD, $2,750 MXN)<\/span>\n\t\t\t\t\t<\/span>\n\t\t\t\t\t<\/a>\n\t\t<\/div>\n\t\t\t\t<\/div>\n\t\t\t\t<\/div>\n\t\t\t\t<div class=\"elementor-element elementor-element-2d5091b elementor-widget elementor-widget-button\" data-id=\"2d5091b\" data-element_type=\"widget\" data-widget_type=\"button.default\">\n\t\t\t\t<div class=\"elementor-widget-container\">\n\t\t\t\t\t<div class=\"elementor-button-wrapper\">\n\t\t\t<a class=\"elementor-button elementor-button-link elementor-size-xl\" href=\"https:\/\/www.eventbrite.com\/e\/n-gen-2024-summit-tickets-677106372387?aff=oddtdtcreator\" target=\"_blank\">\n\t\t\t\t\t\t<span class=\"elementor-button-content-wrapper\">\n\t\t\t\t\t\t\t\t\t<span class=\"elementor-button-text\">Descuento de Estudiante ($75 USD, $1,250 MXN)<\/span>\n\t\t\t\t\t<\/span>\n\t\t\t\t\t<\/a>\n\t\t<\/div>\n\t\t\t\t<\/div>\n\t\t\t\t<\/div>\n\t\t\t\t<div class=\"elementor-element elementor-element-533ade9 elementor-widget elementor-widget-button\" data-id=\"533ade9\" data-element_type=\"widget\" data-widget_type=\"button.default\">\n\t\t\t\t<div class=\"elementor-widget-container\">\n\t\t\t\t\t<div class=\"elementor-button-wrapper\">\n\t\t\t<a class=\"elementor-button elementor-button-link elementor-size-xl\" href=\"https:\/\/www.eventbrite.com\/e\/n-gen-2024-summit-tickets-677106372387?aff=oddtdtcreator\" target=\"_blank\">\n\t\t\t\t\t\t<span class=\"elementor-button-content-wrapper\">\n\t\t\t\t\t\t\t\t\t<span class=\"elementor-button-text\">Participante de M\u00e9xico ($150 USD, $2,750 MXN)<\/span>\n\t\t\t\t\t<\/span>\n\t\t\t\t\t<\/a>\n\t\t<\/div>\n\t\t\t\t<\/div>\n\t\t\t\t<\/div>\n\t\t\t\t<div class=\"elementor-element elementor-element-bf0509b elementor-widget elementor-widget-button\" data-id=\"bf0509b\" data-element_type=\"widget\" data-widget_type=\"button.default\">\n\t\t\t\t<div class=\"elementor-widget-container\">\n\t\t\t\t\t<div class=\"elementor-button-wrapper\">\n\t\t\t<a class=\"elementor-button elementor-button-link elementor-size-xl\" href=\"https:\/\/www.eventbrite.com\/e\/n-gen-2024-summit-tickets-677106372387?aff=oddtdtcreator\" target=\"_blank\">\n\t\t\t\t\t\t<span class=\"elementor-button-content-wrapper\">\n\t\t\t\t\t\t\t\t\t<span class=\"elementor-button-text\">Participante de Estados Unidos  ($250 USD, $4,500 MXN)<\/span>\n\t\t\t\t\t<\/span>\n\t\t\t\t\t<\/a>\n\t\t<\/div>\n\t\t\t\t<\/div>\n\t\t\t\t<\/div>\n\t\t\t\t\t<\/div>\n\t\t<\/div>\n\t\t\t\t<div class=\"elementor-column elementor-col-33 elementor-top-column elementor-element elementor-element-ca16899\" data-id=\"ca16899\" data-element_type=\"column\">\n\t\t\t<div class=\"elementor-widget-wrap elementor-element-populated\">\n\t\t\t\t\t\t<div class=\"elementor-element elementor-element-5f49cb1 elementor-widget elementor-widget-text-editor\" data-id=\"5f49cb1\" data-element_type=\"widget\" data-widget_type=\"text-editor.default\">\n\t\t\t\t<div class=\"elementor-widget-container\">\n\t\t\t\t\t\t\t<h2>Cumbres del Agave &amp; N-Gen<\/h2><p>24\/04 \u2013 27\/04<\/p>\t\t\t\t\t\t<\/div>\n\t\t\t\t<\/div>\n\t\t\t\t<div class=\"elementor-element elementor-element-30ad5c7 elementor-widget elementor-widget-button\" data-id=\"30ad5c7\" data-element_type=\"widget\" data-widget_type=\"button.default\">\n\t\t\t\t<div class=\"elementor-widget-container\">\n\t\t\t\t\t<div class=\"elementor-button-wrapper\">\n\t\t\t<a class=\"elementor-button elementor-button-link elementor-size-xl\" href=\"https:\/\/www.eventbrite.com\/e\/n-gen-2024-summit-tickets-677106372387?aff=oddtdtcreator\" target=\"_blank\">\n\t\t\t\t\t\t<span class=\"elementor-button-content-wrapper\">\n\t\t\t\t\t\t\t\t\t<span class=\"elementor-button-text\">Mismo D\u00eda [No se proporcionan comidas]  ($175 USD, $3,250 MXN)<\/span>\n\t\t\t\t\t<\/span>\n\t\t\t\t\t<\/a>\n\t\t<\/div>\n\t\t\t\t<\/div>\n\t\t\t\t<\/div>\n\t\t\t\t<div class=\"elementor-element elementor-element-cde89a9 elementor-widget elementor-widget-button\" data-id=\"cde89a9\" data-element_type=\"widget\" data-widget_type=\"button.default\">\n\t\t\t\t<div class=\"elementor-widget-container\">\n\t\t\t\t\t<div class=\"elementor-button-wrapper\">\n\t\t\t<a class=\"elementor-button elementor-button-link elementor-size-xl\" href=\"https:\/\/www.eventbrite.com\/e\/n-gen-2024-summit-tickets-677106372387?aff=oddtdtcreator\" target=\"_blank\">\n\t\t\t\t\t\t<span class=\"elementor-button-content-wrapper\">\n\t\t\t\t\t\t\t\t\t<span class=\"elementor-button-text\">Descuento de Estudiante ($100 USD, $1,750 MXN)<\/span>\n\t\t\t\t\t<\/span>\n\t\t\t\t\t<\/a>\n\t\t<\/div>\n\t\t\t\t<\/div>\n\t\t\t\t<\/div>\n\t\t\t\t<div class=\"elementor-element elementor-element-3f2c562 elementor-widget elementor-widget-button\" data-id=\"3f2c562\" data-element_type=\"widget\" data-widget_type=\"button.default\">\n\t\t\t\t<div class=\"elementor-widget-container\">\n\t\t\t\t\t<div class=\"elementor-button-wrapper\">\n\t\t\t<a class=\"elementor-button elementor-button-link elementor-size-xl\" href=\"https:\/\/www.eventbrite.com\/e\/n-gen-2024-summit-tickets-677106372387?aff=oddtdtcreator\" target=\"_blank\">\n\t\t\t\t\t\t<span class=\"elementor-button-content-wrapper\">\n\t\t\t\t\t\t\t\t\t<span class=\"elementor-button-text\">Participante de M\u00e9xico ($175 USD, $3,250 MXN)<\/span>\n\t\t\t\t\t<\/span>\n\t\t\t\t\t<\/a>\n\t\t<\/div>\n\t\t\t\t<\/div>\n\t\t\t\t<\/div>\n\t\t\t\t<div class=\"elementor-element elementor-element-a17aa04 elementor-widget elementor-widget-button\" data-id=\"a17aa04\" data-element_type=\"widget\" data-widget_type=\"button.default\">\n\t\t\t\t<div class=\"elementor-widget-container\">\n\t\t\t\t\t<div class=\"elementor-button-wrapper\">\n\t\t\t<a class=\"elementor-button elementor-button-link elementor-size-xl\" href=\"https:\/\/www.eventbrite.com\/e\/n-gen-2024-summit-tickets-677106372387?aff=oddtdtcreator\" target=\"_blank\">\n\t\t\t\t\t\t<span class=\"elementor-button-content-wrapper\">\n\t\t\t\t\t\t\t\t\t<span class=\"elementor-button-text\">Participante de Estados Unidos ($300 USD, $5,500 MXN)<\/span>\n\t\t\t\t\t<\/span>\n\t\t\t\t\t<\/a>\n\t\t<\/div>\n\t\t\t\t<\/div>\n\t\t\t\t<\/div>\n\t\t\t\t\t<\/div>\n\t\t<\/div>\n\t\t\t\t\t<\/div>\n\t\t<\/section>\n\t\t\t\t<section class=\"elementor-section elementor-top-section elementor-element elementor-element-e420e0c elementor-section-boxed elementor-section-height-default elementor-section-height-default\" data-id=\"e420e0c\" data-element_type=\"section\">\n\t\t\t\t\t\t<div class=\"elementor-container elementor-column-gap-default\">\n\t\t\t\t\t<div class=\"elementor-column elementor-col-100 elementor-top-column elementor-element elementor-element-12a97a9\" data-id=\"12a97a9\" data-element_type=\"column\">\n\t\t\t<div class=\"elementor-widget-wrap elementor-element-populated\">\n\t\t\t\t\t\t<div class=\"elementor-element elementor-element-7b63e5f elementor-widget elementor-widget-text-editor\" data-id=\"7b63e5f\" data-element_type=\"widget\" data-widget_type=\"text-editor.default\">\n\t\t\t\t<div class=\"elementor-widget-container\">\n\t\t\t\t\t\t\t<p><span data-sheets-value=\"{&quot;1&quot;:2,&quot;2&quot;:&quot;Las entradas pueden ser adquiridas en Eventbrite (que incluyen cargos adicionales asociados al sitio web).&quot;}\" data-sheets-userformat=\"{&quot;2&quot;:769,&quot;3&quot;:{&quot;1&quot;:0},&quot;11&quot;:4,&quot;12&quot;:0}\">Las entradas pueden ser adquiridas en Eventbrite (que incluyen cargos adicionales asociados al sitio web).<\/span><\/p><p><span data-sheets-value=\"{&quot;1&quot;:2,&quot;2&quot;:&quot;*Las tarifas en pesos MXN son estimadas en base a un tipo de cambio de aprox. 17 MXN = $1USD y redondeadas. Los precios exactos de conversi\u00f3n en el momento de la inscripci\u00f3n variar\u00e1n.&quot;}\" data-sheets-userformat=\"{&quot;2&quot;:769,&quot;3&quot;:{&quot;1&quot;:0},&quot;11&quot;:4,&quot;12&quot;:0}\">*Las tarifas en pesos MXN son estimadas con base en un tipo de cambio de aprox. 17 MXN = $1USD y redondeadas. Los precios exactos de conversi\u00f3n en el momento de la inscripci\u00f3n variar\u00e1n.<\/span><\/p><p><strong>Hay opci\u00f3n para facturar. Si necesitas esta opci\u00f3n, por favor env\u00eda un correo a nextgensd2012@gmail.com\u00a0<\/strong><\/p>\t\t\t\t\t\t<\/div>\n\t\t\t\t<\/div>\n\t\t\t\t\t<\/div>\n\t\t<\/div>\n\t\t\t\t\t<\/div>\n\t\t<\/section>\n\t\t\t\t<section class=\"elementor-section elementor-top-section elementor-element elementor-element-385621b elementor-section-boxed elementor-section-height-default elementor-section-height-default\" data-id=\"385621b\" data-element_type=\"section\">\n\t\t\t\t\t\t<div class=\"elementor-container elementor-column-gap-default\">\n\t\t\t\t\t<div class=\"elementor-column elementor-col-100 elementor-top-column elementor-element elementor-element-80cbcfb\" data-id=\"80cbcfb\" data-element_type=\"column\">\n\t\t\t<div class=\"elementor-widget-wrap elementor-element-populated\">\n\t\t\t\t\t\t<div class=\"elementor-element elementor-element-badaf9f elementor-widget elementor-widget-text-editor\" data-id=\"badaf9f\" data-element_type=\"widget\" data-widget_type=\"text-editor.default\">\n\t\t\t\t<div class=\"elementor-widget-container\">\n\t\t\t\t\t\t\t<p><span data-sheets-value=\"{&quot;1&quot;:2,&quot;2&quot;:&quot;El registro incluye:&quot;}\" data-sheets-userformat=\"{&quot;2&quot;:769,&quot;3&quot;:{&quot;1&quot;:0},&quot;11&quot;:4,&quot;12&quot;:0}\">El registro incluye:<\/span><\/p><ul><li><span data-sheets-value=\"{&quot;1&quot;:2,&quot;2&quot;:&quot;8 comidas (3 desayunos, 3 almuerzos, happy hour de bienvenida y cena de gala de clausura; desayuno y almuerzo adicionales para la Cumbre del Agave)\\nExcursiones\\nBolsa de bienvenida\\nEntrada a la proyecci\u00f3n de la pel\u00edcula La Recua\\nAcceso a todas las sesiones&quot;}\" data-sheets-userformat=\"{&quot;2&quot;:769,&quot;3&quot;:{&quot;1&quot;:0},&quot;11&quot;:4,&quot;12&quot;:0}\">8 comidas (3 desayunos, 3 almuerzos, happy hour de bienvenida y cena de clausura; desayuno y almuerzo adicionales para la Cumbre del Agave)<\/span><\/li><li><span data-sheets-value=\"{&quot;1&quot;:2,&quot;2&quot;:&quot;8 comidas (3 desayunos, 3 almuerzos, happy hour de bienvenida y cena de gala de clausura; desayuno y almuerzo adicionales para la Cumbre del Agave)\\nExcursiones\\nBolsa de bienvenida\\nEntrada a la proyecci\u00f3n de la pel\u00edcula La Recua\\nAcceso a todas las sesiones&quot;}\" data-sheets-userformat=\"{&quot;2&quot;:769,&quot;3&quot;:{&quot;1&quot;:0},&quot;11&quot;:4,&quot;12&quot;:0}\">Salidas de campo<\/span><\/li><li><span data-sheets-value=\"{&quot;1&quot;:2,&quot;2&quot;:&quot;8 comidas (3 desayunos, 3 almuerzos, happy hour de bienvenida y cena de gala de clausura; desayuno y almuerzo adicionales para la Cumbre del Agave)\\nExcursiones\\nBolsa de bienvenida\\nEntrada a la proyecci\u00f3n de la pel\u00edcula La Recua\\nAcceso a todas las sesiones&quot;}\" data-sheets-userformat=\"{&quot;2&quot;:769,&quot;3&quot;:{&quot;1&quot;:0},&quot;11&quot;:4,&quot;12&quot;:0}\">Kit de bienvenida<\/span><\/li><li><span data-sheets-value=\"{&quot;1&quot;:2,&quot;2&quot;:&quot;8 comidas (3 desayunos, 3 almuerzos, happy hour de bienvenida y cena de gala de clausura; desayuno y almuerzo adicionales para la Cumbre del Agave)\\nExcursiones\\nBolsa de bienvenida\\nEntrada a la proyecci\u00f3n de la pel\u00edcula La Recua\\nAcceso a todas las sesiones&quot;}\" data-sheets-userformat=\"{&quot;2&quot;:769,&quot;3&quot;:{&quot;1&quot;:0},&quot;11&quot;:4,&quot;12&quot;:0}\">Entrada a la proyecci\u00f3n de la pel\u00edcula La Recua<\/span><\/li><li><span data-sheets-value=\"{&quot;1&quot;:2,&quot;2&quot;:&quot;8 comidas (3 desayunos, 3 almuerzos, happy hour de bienvenida y cena de gala de clausura; desayuno y almuerzo adicionales para la Cumbre del Agave)\\nExcursiones\\nBolsa de bienvenida\\nEntrada a la proyecci\u00f3n de la pel\u00edcula La Recua\\nAcceso a todas las sesiones&quot;}\" data-sheets-userformat=\"{&quot;2&quot;:769,&quot;3&quot;:{&quot;1&quot;:0},&quot;11&quot;:4,&quot;12&quot;:0}\">Acceso a todas las sesiones<\/span><\/li><\/ul><p><span data-sheets-value=\"{&quot;1&quot;:2,&quot;2&quot;:&quot;Los costos del alojamiento y el traslado son adicionales, encuentras m\u00e1s informaci\u00f3n en el sitio web.\\n\\nTambi\u00e9n habr\u00e1 un servicio de transporte de ida y vuelta (shuttle) desde Tucson, por 75 $USD adicionales.&quot;}\" data-sheets-userformat=\"{&quot;2&quot;:769,&quot;3&quot;:{&quot;1&quot;:0},&quot;11&quot;:4,&quot;12&quot;:0}\">Los costos del <a href=\"https:\/\/nextgensd.com\/es\/cumbre-2024\/alojamiento\/\">alojamiento<\/a> y el <a href=\"https:\/\/nextgensd.com\/es\/cumbre-2024\/travel-espanol\/\">traslado<\/a> son adicionales, encuentras m\u00e1s informaci\u00f3n en el sitio web.<\/span><\/p><p>Tambi\u00e9n habr\u00e1 un servicio de transporte de ida y vuelta (shuttle) desde Tucson, por 75 $USD adicionales.<\/p>\t\t\t\t\t\t<\/div>\n\t\t\t\t<\/div>\n\t\t\t\t\t<\/div>\n\t\t<\/div>\n\t\t\t\t\t<\/div>\n\t\t<\/section>\n\t\t\t\t<\/div>\n\t\t","protected":false},"excerpt":{"rendered":"<p>Registro Si todav\u00eda necesites registrarte por favor env\u00eda un correo a nextgensd2012@gmail.com Cumbre del Agave 24\/04 Mismo D\u00eda [No se proporcionan comidas] ($50 USD, $850 MXN) Descuento de Estudiante ($30 USD, $500 MXN) Participante de M\u00e9xico ($50 USD, $850 MXN) Participante de Estados Unidos ($75 USD, $1,300 MXN) Cumbre N-Gen 25\/04 \u2013 27\/04 Mismo D\u00eda [&hellip;]<\/p>\n","protected":false},"author":1,"featured_media":0,"parent":29578,"menu_order":0,"comment_status":"open","ping_status":"closed","template":"elementor_header_footer","meta":{"footnotes":""},"acf":[],"_links":{"self":[{"href":"https:\/\/nextgensd.com\/es\/wp-json\/wp\/v2\/pages\/29582"}],"collection":[{"href":"https:\/\/nextgensd.com\/es\/wp-json\/wp\/v2\/pages"}],"about":[{"href":"https:\/\/nextgensd.com\/es\/wp-json\/wp\/v2\/types\/page"}],"author":[{"embeddable":true,"href":"https:\/\/nextgensd.com\/es\/wp-json\/wp\/v2\/users\/1"}],"replies":[{"embeddable":true,"href":"https:\/\/nextgensd.com\/es\/wp-json\/wp\/v2\/comments?post=29582"}],"version-history":[{"count":38,"href":"https:\/\/nextgensd.com\/es\/wp-json\/wp\/v2\/pages\/29582\/revisions"}],"predecessor-version":[{"id":31596,"href":"https:\/\/nextgensd.com\/es\/wp-json\/wp\/v2\/pages\/29582\/revisions\/31596"}],"up":[{"embeddable":true,"href":"https:\/\/nextgensd.com\/es\/wp-json\/wp\/v2\/pages\/29578"}],"wp:attachment":[{"href":"https:\/\/nextgensd.com\/es\/wp-json\/wp\/v2\/media?parent=29582"}],"curies":[{"name":"wp","href":"https:\/\/api.w.org\/{rel}","templated":true}]}}