{"id":27683,"date":"2023-08-10T16:25:40","date_gmt":"2023-08-10T16:25:40","guid":{"rendered":"http:\/\/137.184.184.45\/?page_id=27683"},"modified":"2023-08-10T16:28:30","modified_gmt":"2023-08-10T16:28:30","slug":"resultados-anteriores","status":"publish","type":"page","link":"https:\/\/nextgensd.com\/es\/resultados-anteriores\/","title":{"rendered":"Resultados Anteriores"},"content":{"rendered":"\t\t<div data-elementor-type=\"wp-page\" data-elementor-id=\"27683\" class=\"elementor elementor-27683 elementor-17799\" data-elementor-post-type=\"page\">\n\t\t\t\t\t\t<section class=\"elementor-section elementor-top-section elementor-element elementor-element-932180e elementor-section-boxed elementor-section-height-default elementor-section-height-default\" data-id=\"932180e\" data-element_type=\"section\">\n\t\t\t\t\t\t<div class=\"elementor-container elementor-column-gap-default\">\n\t\t\t\t\t<div class=\"elementor-column elementor-col-100 elementor-top-column elementor-element elementor-element-db2d73f\" data-id=\"db2d73f\" data-element_type=\"column\">\n\t\t\t<div class=\"elementor-widget-wrap elementor-element-populated\">\n\t\t\t\t\t\t<div class=\"elementor-element elementor-element-eb4d259 elementor-widget elementor-widget-text-editor\" data-id=\"eb4d259\" data-element_type=\"widget\" data-widget_type=\"text-editor.default\">\n\t\t\t\t<div class=\"elementor-widget-container\">\n\t\t\t<style>\/*! elementor - v3.23.0 - 05-08-2024 *\/\n.elementor-widget-text-editor.elementor-drop-cap-view-stacked .elementor-drop-cap{background-color:#69727d;color:#fff}.elementor-widget-text-editor.elementor-drop-cap-view-framed .elementor-drop-cap{color:#69727d;border:3px solid;background-color:transparent}.elementor-widget-text-editor:not(.elementor-drop-cap-view-default) .elementor-drop-cap{margin-top:8px}.elementor-widget-text-editor:not(.elementor-drop-cap-view-default) .elementor-drop-cap-letter{width:1em;height:1em}.elementor-widget-text-editor .elementor-drop-cap{float:left;text-align:center;line-height:1;font-size:50px}.elementor-widget-text-editor .elementor-drop-cap-letter{display:inline-block}<\/style>\t\t\t\t<h2>Vea y comparta estos informes y esfuerzos que ayudan a documentar la diversidad de las zonas fronterizas.<\/h2>\t\t\t\t\t\t<\/div>\n\t\t\t\t<\/div>\n\t\t\t\t\t<\/div>\n\t\t<\/div>\n\t\t\t\t\t<\/div>\n\t\t<\/section>\n\t\t\t\t<section class=\"elementor-section elementor-top-section elementor-element elementor-element-4353ec3 elementor-section-boxed elementor-section-height-default elementor-section-height-default\" data-id=\"4353ec3\" data-element_type=\"section\">\n\t\t\t\t\t\t<div class=\"elementor-container elementor-column-gap-default\">\n\t\t\t\t\t<div class=\"elementor-column elementor-col-100 elementor-top-column elementor-element elementor-element-5849b32\" data-id=\"5849b32\" data-element_type=\"column\">\n\t\t\t<div class=\"elementor-widget-wrap elementor-element-populated\">\n\t\t\t\t\t\t<div class=\"elementor-element elementor-element-0941283 elementor-widget elementor-widget-heading\" data-id=\"0941283\" data-element_type=\"widget\" data-widget_type=\"heading.default\">\n\t\t\t\t<div class=\"elementor-widget-container\">\n\t\t\t<style>\/*! elementor - v3.23.0 - 05-08-2024 *\/\n.elementor-heading-title{padding:0;margin:0;line-height:1}.elementor-widget-heading .elementor-heading-title[class*=elementor-size-]>a{color:inherit;font-size:inherit;line-height:inherit}.elementor-widget-heading .elementor-heading-title.elementor-size-small{font-size:15px}.elementor-widget-heading .elementor-heading-title.elementor-size-medium{font-size:19px}.elementor-widget-heading .elementor-heading-title.elementor-size-large{font-size:29px}.elementor-widget-heading .elementor-heading-title.elementor-size-xl{font-size:39px}.elementor-widget-heading .elementor-heading-title.elementor-size-xxl{font-size:59px}<\/style><h2 class=\"elementor-heading-title elementor-size-default\">Infograph\u00eda del BioBlitz de la Frontera 2021\n<\/h2>\t\t<\/div>\n\t\t\t\t<\/div>\n\t\t\t\t<div class=\"elementor-element elementor-element-162b36f elementor-widget elementor-widget-image\" data-id=\"162b36f\" data-element_type=\"widget\" data-widget_type=\"image.default\">\n\t\t\t\t<div class=\"elementor-widget-container\">\n\t\t\t<style>\/*! elementor - v3.23.0 - 05-08-2024 *\/\n.elementor-widget-image{text-align:center}.elementor-widget-image a{display:inline-block}.elementor-widget-image a img[src$=\".svg\"]{width:48px}.elementor-widget-image img{vertical-align:middle;display:inline-block}<\/style>\t\t\t\t\t\t\t\t\t\t\t<a href=\"https:\/\/nextgensd.com\/wp-content\/uploads\/2022\/12\/BioBlitz2021_Espan\u0303ol-28Enero22-scaled.jpg\" data-elementor-open-lightbox=\"yes\" data-elementor-lightbox-title=\"BioBlitz2021_Espan\u0303ol-28Enero22\" data-e-action-hash=\"#elementor-action%3Aaction%3Dlightbox%26settings%3DeyJpZCI6MTc4MjIsInVybCI6Imh0dHBzOlwvXC9uZXh0Z2Vuc2QuY29tXC93cC1jb250ZW50XC91cGxvYWRzXC8yMDIyXC8xMlwvQmlvQmxpdHoyMDIxX0VzcGFuXHUwMzAzb2wtMjhFbmVybzIyLXNjYWxlZC5qcGcifQ%3D%3D\">\n\t\t\t\t\t\t\t<img fetchpriority=\"high\" decoding=\"async\" width=\"768\" height=\"960\" src=\"https:\/\/nextgensd.com\/wp-content\/uploads\/2022\/12\/BioBlitz2021_Espan\u0303ol-28Enero22-768x960.jpg\" class=\"attachment-medium_large size-medium_large wp-image-17822\" alt=\"\" srcset=\"https:\/\/nextgensd.com\/wp-content\/uploads\/2022\/12\/BioBlitz2021_Espan\u0303ol-28Enero22-768x960.jpg 768w, https:\/\/nextgensd.com\/wp-content\/uploads\/2022\/12\/BioBlitz2021_Espan\u0303ol-28Enero22-240x300.jpg 240w, https:\/\/nextgensd.com\/wp-content\/uploads\/2022\/12\/BioBlitz2021_Espan\u0303ol-28Enero22-819x1024.jpg 819w, https:\/\/nextgensd.com\/wp-content\/uploads\/2022\/12\/BioBlitz2021_Espan\u0303ol-28Enero22-1229x1536.jpg 1229w, https:\/\/nextgensd.com\/wp-content\/uploads\/2022\/12\/BioBlitz2021_Espan\u0303ol-28Enero22-1638x2048.jpg 1638w, https:\/\/nextgensd.com\/wp-content\/uploads\/2022\/12\/BioBlitz2021_Espan\u0303ol-28Enero22-scaled.jpg 2048w\" sizes=\"(max-width: 768px) 100vw, 768px\" \/>\t\t\t\t\t\t\t\t<\/a>\n\t\t\t\t\t\t\t\t\t\t\t\t\t<\/div>\n\t\t\t\t<\/div>\n\t\t\t\t<div class=\"elementor-element elementor-element-acdb072 elementor-widget elementor-widget-heading\" data-id=\"acdb072\" data-element_type=\"widget\" data-widget_type=\"heading.default\">\n\t\t\t\t<div class=\"elementor-widget-container\">\n\t\t\t<h2 class=\"elementor-heading-title elementor-size-default\">P\u00e1gina Principal Naturalista del BioBlitz de la Frontera\n<\/h2>\t\t<\/div>\n\t\t\t\t<\/div>\n\t\t\t\t<div class=\"elementor-element elementor-element-d61109f elementor-widget elementor-widget-image\" data-id=\"d61109f\" data-element_type=\"widget\" data-widget_type=\"image.default\">\n\t\t\t\t<div class=\"elementor-widget-container\">\n\t\t\t\t\t\t\t\t\t\t\t\t\t\t<a href=\"https:\/\/www.inaturalist.org\/projects\/bioblitz-de-la-frontera-border-bioblitz-umbrella-project\">\n\t\t\t\t\t\t\t<img decoding=\"async\" width=\"1136\" height=\"477\" src=\"https:\/\/nextgensd.com\/wp-content\/uploads\/2022\/12\/Border-BioBlitz-umbrella-project-page.png\" class=\"attachment-full size-full wp-image-17843\" alt=\"\" srcset=\"https:\/\/nextgensd.com\/wp-content\/uploads\/2022\/12\/Border-BioBlitz-umbrella-project-page.png 1136w, https:\/\/nextgensd.com\/wp-content\/uploads\/2022\/12\/Border-BioBlitz-umbrella-project-page-300x126.png 300w, https:\/\/nextgensd.com\/wp-content\/uploads\/2022\/12\/Border-BioBlitz-umbrella-project-page-1024x430.png 1024w, https:\/\/nextgensd.com\/wp-content\/uploads\/2022\/12\/Border-BioBlitz-umbrella-project-page-768x322.png 768w\" sizes=\"(max-width: 1136px) 100vw, 1136px\" \/>\t\t\t\t\t\t\t\t<\/a>\n\t\t\t\t\t\t\t\t\t\t\t\t\t<\/div>\n\t\t\t\t<\/div>\n\t\t\t\t<div class=\"elementor-element elementor-element-f287066 elementor-widget elementor-widget-heading\" data-id=\"f287066\" data-element_type=\"widget\" data-widget_type=\"heading.default\">\n\t\t\t\t<div class=\"elementor-widget-container\">\n\t\t\t<h2 class=\"elementor-heading-title elementor-size-default\">El Muro en Arizona y Nuevo M\u00e9xico\n<\/h2>\t\t<\/div>\n\t\t\t\t<\/div>\n\t\t\t\t<div class=\"elementor-element elementor-element-dd6f03f elementor-widget elementor-widget-image\" data-id=\"dd6f03f\" data-element_type=\"widget\" data-widget_type=\"image.default\">\n\t\t\t\t<div class=\"elementor-widget-container\">\n\t\t\t\t\t\t\t\t\t\t\t\t\t\t<a href=\"https:\/\/storymaps.arcgis.com\/stories\/8532c503c2084293bb8847407245228d\">\n\t\t\t\t\t\t\t<img decoding=\"async\" width=\"800\" height=\"591\" src=\"https:\/\/nextgensd.com\/wp-content\/uploads\/2022\/12\/The-Border-Wall-in-Arizona-and-New-Mexico-1024x756.png\" class=\"attachment-large size-large wp-image-17817\" alt=\"\" srcset=\"https:\/\/nextgensd.com\/wp-content\/uploads\/2022\/12\/The-Border-Wall-in-Arizona-and-New-Mexico-1024x756.png 1024w, https:\/\/nextgensd.com\/wp-content\/uploads\/2022\/12\/The-Border-Wall-in-Arizona-and-New-Mexico-300x221.png 300w, https:\/\/nextgensd.com\/wp-content\/uploads\/2022\/12\/The-Border-Wall-in-Arizona-and-New-Mexico-768x567.png 768w, https:\/\/nextgensd.com\/wp-content\/uploads\/2022\/12\/The-Border-Wall-in-Arizona-and-New-Mexico.png 1190w\" sizes=\"(max-width: 800px) 100vw, 800px\" \/>\t\t\t\t\t\t\t\t<\/a>\n\t\t\t\t\t\t\t\t\t\t\t\t\t<\/div>\n\t\t\t\t<\/div>\n\t\t\t\t<div class=\"elementor-element elementor-element-3a98160 elementor-widget elementor-widget-heading\" data-id=\"3a98160\" data-element_type=\"widget\" data-widget_type=\"heading.default\">\n\t\t\t\t<div class=\"elementor-widget-container\">\n\t\t\t<h2 class=\"elementor-heading-title elementor-size-default\">Informe del BioBlitz de la Frontera 2018\n<\/h2>\t\t<\/div>\n\t\t\t\t<\/div>\n\t\t\t\t<div class=\"elementor-element elementor-element-8111296 elementor-widget elementor-widget-image\" data-id=\"8111296\" data-element_type=\"widget\" data-widget_type=\"image.default\">\n\t\t\t\t<div class=\"elementor-widget-container\">\n\t\t\t\t\t\t\t\t\t\t\t\t\t\t<a href=\"http:\/\/wp-content\/uploads\/2021\/02\/BioBlitz-Report.pdf\">\n\t\t\t\t\t\t\t<img loading=\"lazy\" decoding=\"async\" width=\"800\" height=\"487\" src=\"https:\/\/nextgensd.com\/wp-content\/uploads\/2022\/12\/Border-BioBlitz_2018-report_cover-1024x623.png\" class=\"attachment-large size-large wp-image-17808\" alt=\"\" srcset=\"https:\/\/nextgensd.com\/wp-content\/uploads\/2022\/12\/Border-BioBlitz_2018-report_cover-1024x623.png 1024w, https:\/\/nextgensd.com\/wp-content\/uploads\/2022\/12\/Border-BioBlitz_2018-report_cover-300x183.png 300w, https:\/\/nextgensd.com\/wp-content\/uploads\/2022\/12\/Border-BioBlitz_2018-report_cover-768x467.png 768w, https:\/\/nextgensd.com\/wp-content\/uploads\/2022\/12\/Border-BioBlitz_2018-report_cover-1536x935.png 1536w, https:\/\/nextgensd.com\/wp-content\/uploads\/2022\/12\/Border-BioBlitz_2018-report_cover-2048x1246.png 2048w\" sizes=\"(max-width: 800px) 100vw, 800px\" \/>\t\t\t\t\t\t\t\t<\/a>\n\t\t\t\t\t\t\t\t\t\t\t\t\t<\/div>\n\t\t\t\t<\/div>\n\t\t\t\t\t<\/div>\n\t\t<\/div>\n\t\t\t\t\t<\/div>\n\t\t<\/section>\n\t\t\t\t<\/div>\n\t\t","protected":false},"excerpt":{"rendered":"<p>Vea y comparta estos informes y esfuerzos que ayudan a documentar la diversidad de las zonas fronterizas. Infograph\u00eda del BioBlitz de la Frontera 2021 P\u00e1gina Principal Naturalista del BioBlitz de la Frontera El Muro en Arizona y Nuevo M\u00e9xico Informe del BioBlitz de la Frontera 2018<\/p>\n","protected":false},"author":1,"featured_media":0,"parent":0,"menu_order":0,"comment_status":"closed","ping_status":"closed","template":"","meta":{"footnotes":""},"acf":[],"_links":{"self":[{"href":"https:\/\/nextgensd.com\/es\/wp-json\/wp\/v2\/pages\/27683"}],"collection":[{"href":"https:\/\/nextgensd.com\/es\/wp-json\/wp\/v2\/pages"}],"about":[{"href":"https:\/\/nextgensd.com\/es\/wp-json\/wp\/v2\/types\/page"}],"author":[{"embeddable":true,"href":"https:\/\/nextgensd.com\/es\/wp-json\/wp\/v2\/users\/1"}],"replies":[{"embeddable":true,"href":"https:\/\/nextgensd.com\/es\/wp-json\/wp\/v2\/comments?post=27683"}],"version-history":[{"count":4,"href":"https:\/\/nextgensd.com\/es\/wp-json\/wp\/v2\/pages\/27683\/revisions"}],"predecessor-version":[{"id":27687,"href":"https:\/\/nextgensd.com\/es\/wp-json\/wp\/v2\/pages\/27683\/revisions\/27687"}],"wp:attachment":[{"href":"https:\/\/nextgensd.com\/es\/wp-json\/wp\/v2\/media?parent=27683"}],"curies":[{"name":"wp","href":"https:\/\/api.w.org\/{rel}","templated":true}]}}