{"id":27657,"date":"2023-08-10T16:00:37","date_gmt":"2023-08-10T16:00:37","guid":{"rendered":"http:\/\/137.184.184.45\/?page_id=27657"},"modified":"2023-08-10T16:05:03","modified_gmt":"2023-08-10T16:05:03","slug":"participa-2023","status":"publish","type":"page","link":"https:\/\/nextgensd.com\/es\/participa-2023\/","title":{"rendered":"Participa 2023"},"content":{"rendered":"\t\t<div data-elementor-type=\"wp-page\" data-elementor-id=\"27657\" class=\"elementor elementor-27657 elementor-17675\" data-elementor-post-type=\"page\">\n\t\t\t\t\t\t<section class=\"elementor-section elementor-top-section elementor-element elementor-element-d06c84a elementor-section-height-min-height elementor-section-boxed elementor-section-height-default elementor-section-items-middle\" data-id=\"d06c84a\" data-element_type=\"section\" data-settings=\"{&quot;background_background&quot;:&quot;classic&quot;}\">\n\t\t\t\t\t\t<div class=\"elementor-container elementor-column-gap-default\">\n\t\t\t\t\t<div class=\"elementor-column elementor-col-100 elementor-top-column elementor-element elementor-element-64386de\" data-id=\"64386de\" data-element_type=\"column\">\n\t\t\t<div class=\"elementor-widget-wrap\">\n\t\t\t\t\t\t\t<\/div>\n\t\t<\/div>\n\t\t\t\t\t<\/div>\n\t\t<\/section>\n\t\t\t\t<section class=\"elementor-section elementor-top-section elementor-element elementor-element-578a90e elementor-section-boxed elementor-section-height-default elementor-section-height-default\" data-id=\"578a90e\" data-element_type=\"section\">\n\t\t\t\t\t\t<div class=\"elementor-container elementor-column-gap-default\">\n\t\t\t\t\t<div class=\"elementor-column elementor-col-50 elementor-top-column elementor-element elementor-element-b349f96\" data-id=\"b349f96\" data-element_type=\"column\">\n\t\t\t<div class=\"elementor-widget-wrap elementor-element-populated\">\n\t\t\t\t\t\t<div class=\"elementor-element elementor-element-d7fc7ed elementor-widget elementor-widget-text-editor\" data-id=\"d7fc7ed\" data-element_type=\"widget\" data-widget_type=\"text-editor.default\">\n\t\t\t\t<div class=\"elementor-widget-container\">\n\t\t\t<style>\/*! elementor - v3.23.0 - 05-08-2024 *\/\n.elementor-widget-text-editor.elementor-drop-cap-view-stacked .elementor-drop-cap{background-color:#69727d;color:#fff}.elementor-widget-text-editor.elementor-drop-cap-view-framed .elementor-drop-cap{color:#69727d;border:3px solid;background-color:transparent}.elementor-widget-text-editor:not(.elementor-drop-cap-view-default) .elementor-drop-cap{margin-top:8px}.elementor-widget-text-editor:not(.elementor-drop-cap-view-default) .elementor-drop-cap-letter{width:1em;height:1em}.elementor-widget-text-editor .elementor-drop-cap{float:left;text-align:center;line-height:1;font-size:50px}.elementor-widget-text-editor .elementor-drop-cap-letter{display:inline-block}<\/style>\t\t\t\t<h2>\u00danete al BioBlitz de la Frontera siguiendo estos sencillos pasos:<\/h2><h4>(1) Crea una cuenta en\u00a0<a class=\"\" href=\"https:\/\/www.naturalista.mx\/\" target=\"_blank\" rel=\"noopener noreferrer\">Naturalista.mx<\/a>\u00a0o iNaturalist.org<\/h4><p>Descarga la aplicaci\u00f3n iNaturalist (gratis para\u00a0<a class=\"\" href=\"https:\/\/play.google.com\/store\/apps\/details?id=org.inaturalist.android&amp;hl=es_MX&amp;gl=US\" target=\"_blank\" rel=\"noopener noreferrer\">Android<\/a>\u00a0e\u00a0<a class=\"\" href=\"https:\/\/apps.apple.com\/mx\/app\/inaturalist\/id421397028\" target=\"_blank\" rel=\"noopener noreferrer\">iOS<\/a>)<\/p><h4>(2) Visite el proyecto Naturalista<a class=\"\" href=\"https:\/\/www.inaturalist.org\/projects\/border-bioblitz-2023\" target=\"_blank\" rel=\"noopener noreferrer\">\u00a0BorderBioBlitz 2023<\/a>\u00a0y haz clic en el bot\u00f3n \u00abunirse\u00bb en la esquina superior derecha.<\/h4><p>\u00a1Agrega observaciones de tu comunidad en cualquier momento entre el 1 y 30 de abril! Todas las observaciones realizadas por los miembros del proyecto se agregar\u00e1n autom\u00e1ticamente.<\/p><h4>(3) Decidir a d\u00f3nde ir<\/h4><p>Ver las opciones abajo<\/p>\t\t\t\t\t\t<\/div>\n\t\t\t\t<\/div>\n\t\t\t\t\t<\/div>\n\t\t<\/div>\n\t\t\t\t<div class=\"elementor-column elementor-col-50 elementor-top-column elementor-element elementor-element-0bf50b2\" data-id=\"0bf50b2\" data-element_type=\"column\">\n\t\t\t<div class=\"elementor-widget-wrap elementor-element-populated\">\n\t\t\t\t\t\t<div class=\"elementor-element elementor-element-8aed977 elementor-widget elementor-widget-image\" data-id=\"8aed977\" data-element_type=\"widget\" data-widget_type=\"image.default\">\n\t\t\t\t<div class=\"elementor-widget-container\">\n\t\t\t<style>\/*! elementor - v3.23.0 - 05-08-2024 *\/\n.elementor-widget-image{text-align:center}.elementor-widget-image a{display:inline-block}.elementor-widget-image a img[src$=\".svg\"]{width:48px}.elementor-widget-image img{vertical-align:middle;display:inline-block}<\/style>\t\t\t\t\t\t\t\t\t\t<img fetchpriority=\"high\" decoding=\"async\" width=\"437\" height=\"538\" src=\"https:\/\/nextgensd.com\/wp-content\/uploads\/2022\/12\/Discover-icon_2023_orange-copy.png\" class=\"attachment-large size-large wp-image-17749\" alt=\"\" srcset=\"https:\/\/nextgensd.com\/wp-content\/uploads\/2022\/12\/Discover-icon_2023_orange-copy.png 437w, https:\/\/nextgensd.com\/wp-content\/uploads\/2022\/12\/Discover-icon_2023_orange-copy-244x300.png 244w\" sizes=\"(max-width: 437px) 100vw, 437px\" \/>\t\t\t\t\t\t\t\t\t\t\t\t\t<\/div>\n\t\t\t\t<\/div>\n\t\t\t\t\t<\/div>\n\t\t<\/div>\n\t\t\t\t\t<\/div>\n\t\t<\/section>\n\t\t\t\t<section class=\"elementor-section elementor-top-section elementor-element elementor-element-4a49e0b elementor-section-boxed elementor-section-height-default elementor-section-height-default\" data-id=\"4a49e0b\" data-element_type=\"section\">\n\t\t\t\t\t\t<div class=\"elementor-container elementor-column-gap-default\">\n\t\t\t\t\t<div class=\"elementor-column elementor-col-100 elementor-top-column elementor-element elementor-element-c9c48c2\" data-id=\"c9c48c2\" data-element_type=\"column\">\n\t\t\t<div class=\"elementor-widget-wrap elementor-element-populated\">\n\t\t\t\t\t\t<div class=\"elementor-element elementor-element-56ba459 elementor-widget elementor-widget-text-editor\" data-id=\"56ba459\" data-element_type=\"widget\" data-widget_type=\"text-editor.default\">\n\t\t\t\t<div class=\"elementor-widget-container\">\n\t\t\t\t\t\t\t<iframe src=\"https:\/\/www.google.com\/maps\/d\/embed?mid=13l5UAxEUfEmRhjr2tS69xwWvTKi6ABo&#038;ehbc=2E312F\" width=\"640\" height=\"480\"><\/iframe>\t\t\t\t\t\t<\/div>\n\t\t\t\t<\/div>\n\t\t\t\t<div class=\"elementor-element elementor-element-97ef7de elementor-widget elementor-widget-text-editor\" data-id=\"97ef7de\" data-element_type=\"widget\" data-widget_type=\"text-editor.default\">\n\t\t\t\t<div class=\"elementor-widget-container\">\n\t\t\t\t\t\t\t<p class=\"has-medium-font-size\">Las tierras fronterizas son una regi\u00f3n vasta y diversa. Estamos enfocando esfuerzos dentro de los 5 km al norte o al sur de la frontera internacional entre EE. UU. y M\u00e9xico. Los datos del bioblitz de la frontera llenar\u00e1n los vac\u00edos de datos cr\u00edticos a lo largo de la frontera.<\/p>\t\t\t\t\t\t<\/div>\n\t\t\t\t<\/div>\n\t\t\t\t<div class=\"elementor-element elementor-element-fa43263 elementor-widget elementor-widget-text-editor\" data-id=\"fa43263\" data-element_type=\"widget\" data-widget_type=\"text-editor.default\">\n\t\t\t\t<div class=\"elementor-widget-container\">\n\t\t\t\t\t\t\t<h2>\u00a1Su data cuenta!<\/h2>\t\t\t\t\t\t<\/div>\n\t\t\t\t<\/div>\n\t\t\t\t\t<\/div>\n\t\t<\/div>\n\t\t\t\t\t<\/div>\n\t\t<\/section>\n\t\t\t\t<section class=\"elementor-section elementor-top-section elementor-element elementor-element-ea44774 elementor-section-boxed elementor-section-height-default elementor-section-height-default\" data-id=\"ea44774\" data-element_type=\"section\">\n\t\t\t\t\t\t<div class=\"elementor-container elementor-column-gap-default\">\n\t\t\t\t\t<div class=\"elementor-column elementor-col-50 elementor-top-column elementor-element elementor-element-5520708\" data-id=\"5520708\" data-element_type=\"column\">\n\t\t\t<div class=\"elementor-widget-wrap elementor-element-populated\">\n\t\t\t\t\t\t<div class=\"elementor-element elementor-element-62f43182 elementor-widget elementor-widget-text-editor\" data-id=\"62f43182\" data-element_type=\"widget\" data-widget_type=\"text-editor.default\">\n\t\t\t\t<div class=\"elementor-widget-container\">\n\t\t\t\t\t\t\t<h2 aria-hidden=\"true\">\u00bfEres observador(a) de aves y usas eBird?<\/h2><p class=\"has-medium-font-size\">\u00a1Tambi\u00e9n puedes participar! Simplemente crea una lista de verificaci\u00f3n en tu propia cuenta y luego comp\u00e1rtela con la cuenta \u201cBorderBioBlitz\u201d al subirla. \u00a1As\u00ed de sencillo!<\/p><p class=\"has-medium-font-size\">Puedes ver las observaciones compartidas durante el BioBlitz de la Frontera en nuestro\u00a0<a class=\"\" href=\"https:\/\/ebird.org\/profile\/MTI0MjY1MQ\" target=\"_blank\" rel=\"noopener noreferrer\">perfil de eBird<\/a>.<\/p>\t\t\t\t\t\t<\/div>\n\t\t\t\t<\/div>\n\t\t\t\t\t<\/div>\n\t\t<\/div>\n\t\t\t\t<div class=\"elementor-column elementor-col-50 elementor-top-column elementor-element elementor-element-7693d2a\" data-id=\"7693d2a\" data-element_type=\"column\">\n\t\t\t<div class=\"elementor-widget-wrap elementor-element-populated\">\n\t\t\t\t\t\t<div class=\"elementor-element elementor-element-2d2ce7b elementor-widget elementor-widget-image\" data-id=\"2d2ce7b\" data-element_type=\"widget\" data-widget_type=\"image.default\">\n\t\t\t\t<div class=\"elementor-widget-container\">\n\t\t\t\t\t\t\t\t\t\t\t\t\t<img decoding=\"async\" width=\"800\" height=\"534\" src=\"https:\/\/nextgensd.com\/wp-content\/uploads\/2020\/02\/original-4-1024x683.jpg\" class=\"attachment-large size-large wp-image-16520\" alt=\"\" srcset=\"https:\/\/nextgensd.com\/wp-content\/uploads\/2020\/02\/original-4-1024x683.jpg 1024w, https:\/\/nextgensd.com\/wp-content\/uploads\/2020\/02\/original-4-300x200.jpg 300w, https:\/\/nextgensd.com\/wp-content\/uploads\/2020\/02\/original-4-768x512.jpg 768w, https:\/\/nextgensd.com\/wp-content\/uploads\/2020\/02\/original-4.jpg 2048w\" sizes=\"(max-width: 800px) 100vw, 800px\" \/>\t\t\t\t\t\t\t\t\t\t\t\t\t<\/div>\n\t\t\t\t<\/div>\n\t\t\t\t\t<\/div>\n\t\t<\/div>\n\t\t\t\t\t<\/div>\n\t\t<\/section>\n\t\t\t\t<section class=\"elementor-section elementor-top-section elementor-element elementor-element-6951ca0 elementor-section-boxed elementor-section-height-default elementor-section-height-default\" data-id=\"6951ca0\" data-element_type=\"section\" data-settings=\"{&quot;background_background&quot;:&quot;classic&quot;}\">\n\t\t\t\t\t\t<div class=\"elementor-container elementor-column-gap-default\">\n\t\t\t\t\t<div class=\"elementor-column elementor-col-100 elementor-top-column elementor-element elementor-element-1397753\" data-id=\"1397753\" data-element_type=\"column\">\n\t\t\t<div class=\"elementor-widget-wrap elementor-element-populated\">\n\t\t\t\t\t\t<div class=\"elementor-element elementor-element-acf8e7a elementor-widget elementor-widget-text-editor\" data-id=\"acf8e7a\" data-element_type=\"widget\" data-widget_type=\"text-editor.default\">\n\t\t\t\t<div class=\"elementor-widget-container\">\n\t\t\t\t\t\t\t<h3>Please follow the recommendations of the\u00a0<a class=\"\" href=\"https:\/\/www.who.int\/emergencies\/diseases\/novel-coronavirus-2019\/advice-for-public\" target=\"_blank\" rel=\"noopener noreferrer\">WHO<\/a>\u00a0and local health authorities to protect yourself and your community.<\/h3>\t\t\t\t\t\t<\/div>\n\t\t\t\t<\/div>\n\t\t\t\t<div class=\"elementor-element elementor-element-daac6cc elementor-widget elementor-widget-image\" data-id=\"daac6cc\" data-element_type=\"widget\" data-widget_type=\"image.default\">\n\t\t\t\t<div class=\"elementor-widget-container\">\n\t\t\t\t\t\t\t\t\t\t\t\t\t<img decoding=\"async\" width=\"800\" height=\"163\" src=\"https:\/\/nextgensd.com\/wp-content\/uploads\/2022\/12\/covid_banner_2023-1024x208.png\" class=\"attachment-large size-large wp-image-17745\" alt=\"\" srcset=\"https:\/\/nextgensd.com\/wp-content\/uploads\/2022\/12\/covid_banner_2023-1024x208.png 1024w, https:\/\/nextgensd.com\/wp-content\/uploads\/2022\/12\/covid_banner_2023-300x61.png 300w, https:\/\/nextgensd.com\/wp-content\/uploads\/2022\/12\/covid_banner_2023-768x156.png 768w, https:\/\/nextgensd.com\/wp-content\/uploads\/2022\/12\/covid_banner_2023-1536x312.png 1536w, https:\/\/nextgensd.com\/wp-content\/uploads\/2022\/12\/covid_banner_2023.png 1742w\" sizes=\"(max-width: 800px) 100vw, 800px\" \/>\t\t\t\t\t\t\t\t\t\t\t\t\t<\/div>\n\t\t\t\t<\/div>\n\t\t\t\t<div class=\"elementor-element elementor-element-fa43e71 elementor-widget elementor-widget-text-editor\" data-id=\"fa43e71\" data-element_type=\"widget\" data-widget_type=\"text-editor.default\">\n\t\t\t\t<div class=\"elementor-widget-container\">\n\t\t\t\t\t\t\t<p>Por favor siga las recomendaciones de la <a href=\"https:\/\/www.who.int\/es\/emergencies\/diseases\/novel-coronavirus-2019\">OMS<\/a> y las autoridades locales para protegerse y proteger a su comunidad.<\/p>\t\t\t\t\t\t<\/div>\n\t\t\t\t<\/div>\n\t\t\t\t\t<\/div>\n\t\t<\/div>\n\t\t\t\t\t<\/div>\n\t\t<\/section>\n\t\t\t\t<section class=\"elementor-section elementor-top-section elementor-element elementor-element-09d520c elementor-section-boxed elementor-section-height-default elementor-section-height-default\" data-id=\"09d520c\" data-element_type=\"section\">\n\t\t\t\t\t\t<div class=\"elementor-container elementor-column-gap-default\">\n\t\t\t\t\t<div class=\"elementor-column elementor-col-50 elementor-top-column elementor-element elementor-element-87c6823\" data-id=\"87c6823\" data-element_type=\"column\">\n\t\t\t<div class=\"elementor-widget-wrap elementor-element-populated\">\n\t\t\t\t\t\t<div class=\"elementor-element elementor-element-47d79d9 elementor-widget elementor-widget-heading\" data-id=\"47d79d9\" data-element_type=\"widget\" data-widget_type=\"heading.default\">\n\t\t\t\t<div class=\"elementor-widget-container\">\n\t\t\t<style>\/*! elementor - v3.23.0 - 05-08-2024 *\/\n.elementor-heading-title{padding:0;margin:0;line-height:1}.elementor-widget-heading .elementor-heading-title[class*=elementor-size-]>a{color:inherit;font-size:inherit;line-height:inherit}.elementor-widget-heading .elementor-heading-title.elementor-size-small{font-size:15px}.elementor-widget-heading .elementor-heading-title.elementor-size-medium{font-size:19px}.elementor-widget-heading .elementor-heading-title.elementor-size-large{font-size:29px}.elementor-widget-heading .elementor-heading-title.elementor-size-xl{font-size:39px}.elementor-widget-heading .elementor-heading-title.elementor-size-xxl{font-size:59px}<\/style><h3 class=\"elementor-heading-title elementor-size-default\">DISCLAIMER:\n\n<\/h3>\t\t<\/div>\n\t\t\t\t<\/div>\n\t\t\t\t<div class=\"elementor-element elementor-element-87b2408 elementor-widget elementor-widget-text-editor\" data-id=\"87b2408\" data-element_type=\"widget\" data-widget_type=\"text-editor.default\">\n\t\t\t\t<div class=\"elementor-widget-container\">\n\t\t\t\t\t\t\t<ul><li class=\"western\">All teams are independently organized. N-Gen and\/or collaborating organizations are not responsible for organizing teams.<\/li><li>Each Border BioBlitz team is independently organized. Any\u00a0and all\u00a0views, information, or opinions expressed by teams,\u00a0team organizers, or team members\u00a0are\u00a0their own\u00a0and do not necessarily reflect the views of N-Gen, partner organizations,\u00a0<span lang=\"ES-MX\">other participating individuals<\/span>,\u00a0or any\u00a0other agency.<\/li><li class=\"western\">Each team and\/or participant is responsible for securing licenses and\/or permits and alerting or coordinating with authorities if necessary.<\/li><li class=\"western\">All BioBlitz participants are individuals participating on a voluntary basis, and assume any and all risks involved.<\/li><li class=\"western\">N-Gen and\/or collaborating organizations are not responsible for participants\u2019 actions during the BioBlitz.<\/li><\/ul>\t\t\t\t\t\t<\/div>\n\t\t\t\t<\/div>\n\t\t\t\t\t<\/div>\n\t\t<\/div>\n\t\t\t\t<div class=\"elementor-column elementor-col-50 elementor-top-column elementor-element elementor-element-0a50f19\" data-id=\"0a50f19\" data-element_type=\"column\">\n\t\t\t<div class=\"elementor-widget-wrap elementor-element-populated\">\n\t\t\t\t\t\t<div class=\"elementor-element elementor-element-af87a04 elementor-widget elementor-widget-heading\" data-id=\"af87a04\" data-element_type=\"widget\" data-widget_type=\"heading.default\">\n\t\t\t\t<div class=\"elementor-widget-container\">\n\t\t\t<h3 class=\"elementor-heading-title elementor-size-default\">DESLINDE DE RESPONSABILIDADES:\n\n<\/h3>\t\t<\/div>\n\t\t\t\t<\/div>\n\t\t\t\t<div class=\"elementor-element elementor-element-aa3ea81 elementor-widget elementor-widget-text-editor\" data-id=\"aa3ea81\" data-element_type=\"widget\" data-widget_type=\"text-editor.default\">\n\t\t\t\t<div class=\"elementor-widget-container\">\n\t\t\t\t\t\t\t<ul><li>Todos los equipos est\u00e1n organizados independientemente. N-Gen y\/o las organizaciones\u00a0asociadas no son responsables de organizar los equipos.<\/li><li>Cada equipo del BioBlitz\u00a0 est\u00e1 organizado de forma independiente. Todas y cada una de las opiniones, informaci\u00f3n o puntos de vista expresadas por los equipos, los organizadores del\/los equipo(s) o los miembros del\/ los equipo(s) son propias y no necesariamente reflejan los puntos de vista de N-Gen, organizaciones participantes, otras personas participantes o cualquier otra agencia u organizaci\u00f3n.<\/li><li>Cada equipo y\/o participante es responsable de obtener las licencias y\/o permisos y de comunicar o coordinar con las autoridades en caso de ser necesario.<\/li><li>Todos los colaboradores\u00a0del BioBlitz de la Frontera participan de manera voluntaria y asumen cualquier\u00a0riesgo\u00a0que esto\u00a0implique.<\/li><li>N-Gen y\/o las organizaciones asociadas no son responsables de los actos y\/o acciones de los participantes durante el BioBlitz.<\/li><\/ul>\t\t\t\t\t\t<\/div>\n\t\t\t\t<\/div>\n\t\t\t\t\t<\/div>\n\t\t<\/div>\n\t\t\t\t\t<\/div>\n\t\t<\/section>\n\t\t\t\t<\/div>\n\t\t","protected":false},"excerpt":{"rendered":"<p>\u00danete al BioBlitz de la Frontera siguiendo estos sencillos pasos: (1) Crea una cuenta en\u00a0Naturalista.mx\u00a0o iNaturalist.org Descarga la aplicaci\u00f3n iNaturalist (gratis para\u00a0Android\u00a0e\u00a0iOS) (2) Visite el proyecto Naturalista\u00a0BorderBioBlitz 2023\u00a0y haz clic en el bot\u00f3n \u00abunirse\u00bb en la esquina superior derecha. \u00a1Agrega observaciones de tu comunidad en cualquier momento entre el 1 y 30 de abril! Todas [&hellip;]<\/p>\n","protected":false},"author":1,"featured_media":0,"parent":0,"menu_order":0,"comment_status":"closed","ping_status":"closed","template":"elementor_header_footer","meta":{"footnotes":""},"acf":[],"_links":{"self":[{"href":"https:\/\/nextgensd.com\/es\/wp-json\/wp\/v2\/pages\/27657"}],"collection":[{"href":"https:\/\/nextgensd.com\/es\/wp-json\/wp\/v2\/pages"}],"about":[{"href":"https:\/\/nextgensd.com\/es\/wp-json\/wp\/v2\/types\/page"}],"author":[{"embeddable":true,"href":"https:\/\/nextgensd.com\/es\/wp-json\/wp\/v2\/users\/1"}],"replies":[{"embeddable":true,"href":"https:\/\/nextgensd.com\/es\/wp-json\/wp\/v2\/comments?post=27657"}],"version-history":[{"count":4,"href":"https:\/\/nextgensd.com\/es\/wp-json\/wp\/v2\/pages\/27657\/revisions"}],"predecessor-version":[{"id":27661,"href":"https:\/\/nextgensd.com\/es\/wp-json\/wp\/v2\/pages\/27657\/revisions\/27661"}],"wp:attachment":[{"href":"https:\/\/nextgensd.com\/es\/wp-json\/wp\/v2\/media?parent=27657"}],"curies":[{"name":"wp","href":"https:\/\/api.w.org\/{rel}","templated":true}]}}