{"id":27524,"date":"2023-08-08T03:12:13","date_gmt":"2023-08-08T03:12:13","guid":{"rendered":"http:\/\/137.184.184.45\/?page_id=27524"},"modified":"2025-08-19T06:56:52","modified_gmt":"2025-08-19T06:56:52","slug":"expediciones","status":"publish","type":"page","link":"https:\/\/nextgensd.com\/es\/expediciones\/","title":{"rendered":"Expediciones"},"content":{"rendered":"\t\t<div data-elementor-type=\"wp-page\" data-elementor-id=\"27524\" class=\"elementor elementor-27524 elementor-18447\" data-elementor-post-type=\"page\">\n\t\t\t\t\t\t<section class=\"elementor-section elementor-top-section elementor-element elementor-element-b84c924 elementor-section-boxed elementor-section-height-default elementor-section-height-default\" data-id=\"b84c924\" data-element_type=\"section\" data-settings=\"{&quot;background_background&quot;:&quot;classic&quot;}\">\n\t\t\t\t\t\t\t<div class=\"elementor-background-overlay\"><\/div>\n\t\t\t\t\t\t\t<div class=\"elementor-container elementor-column-gap-default\">\n\t\t\t\t\t<div class=\"elementor-column elementor-col-100 elementor-top-column elementor-element elementor-element-d3d90a7\" data-id=\"d3d90a7\" data-element_type=\"column\">\n\t\t\t<div class=\"elementor-widget-wrap elementor-element-populated\">\n\t\t\t\t\t\t<div class=\"elementor-element elementor-element-6003ecf elementor-widget elementor-widget-heading\" data-id=\"6003ecf\" data-element_type=\"widget\" data-widget_type=\"heading.default\">\n\t\t\t\t<div class=\"elementor-widget-container\">\n\t\t\t<style>\/*! elementor - v3.23.0 - 05-08-2024 *\/\n.elementor-heading-title{padding:0;margin:0;line-height:1}.elementor-widget-heading .elementor-heading-title[class*=elementor-size-]>a{color:inherit;font-size:inherit;line-height:inherit}.elementor-widget-heading .elementor-heading-title.elementor-size-small{font-size:15px}.elementor-widget-heading .elementor-heading-title.elementor-size-medium{font-size:19px}.elementor-widget-heading .elementor-heading-title.elementor-size-large{font-size:29px}.elementor-widget-heading .elementor-heading-title.elementor-size-xl{font-size:39px}.elementor-widget-heading .elementor-heading-title.elementor-size-xxl{font-size:59px}<\/style><h2 class=\"elementor-heading-title elementor-size-default\">Expediciones<\/h2>\t\t<\/div>\n\t\t\t\t<\/div>\n\t\t\t\t\t<\/div>\n\t\t<\/div>\n\t\t\t\t\t<\/div>\n\t\t<\/section>\n\t\t\t\t<section class=\"elementor-section elementor-top-section elementor-element elementor-element-2300647 elementor-section-boxed elementor-section-height-default elementor-section-height-default\" data-id=\"2300647\" data-element_type=\"section\">\n\t\t\t\t\t\t<div class=\"elementor-container elementor-column-gap-default\">\n\t\t\t\t\t<div class=\"elementor-column elementor-col-100 elementor-top-column elementor-element elementor-element-c588c34\" data-id=\"c588c34\" data-element_type=\"column\">\n\t\t\t<div class=\"elementor-widget-wrap elementor-element-populated\">\n\t\t\t\t\t\t<div class=\"elementor-element elementor-element-bda93fc e-transform elementor-widget elementor-widget-image\" data-id=\"bda93fc\" data-element_type=\"widget\" data-settings=\"{&quot;_transform_translateX_effect&quot;:{&quot;unit&quot;:&quot;px&quot;,&quot;size&quot;:0,&quot;sizes&quot;:[]},&quot;_transform_translateY_effect&quot;:{&quot;unit&quot;:&quot;px&quot;,&quot;size&quot;:-48,&quot;sizes&quot;:[]},&quot;_transform_translateX_effect_tablet&quot;:{&quot;unit&quot;:&quot;px&quot;,&quot;size&quot;:&quot;&quot;,&quot;sizes&quot;:[]},&quot;_transform_translateX_effect_mobile&quot;:{&quot;unit&quot;:&quot;px&quot;,&quot;size&quot;:&quot;&quot;,&quot;sizes&quot;:[]},&quot;_transform_translateY_effect_tablet&quot;:{&quot;unit&quot;:&quot;px&quot;,&quot;size&quot;:&quot;&quot;,&quot;sizes&quot;:[]},&quot;_transform_translateY_effect_mobile&quot;:{&quot;unit&quot;:&quot;px&quot;,&quot;size&quot;:&quot;&quot;,&quot;sizes&quot;:[]}}\" data-widget_type=\"image.default\">\n\t\t\t\t<div class=\"elementor-widget-container\">\n\t\t\t<style>\/*! elementor - v3.23.0 - 05-08-2024 *\/\n.elementor-widget-image{text-align:center}.elementor-widget-image a{display:inline-block}.elementor-widget-image a img[src$=\".svg\"]{width:48px}.elementor-widget-image img{vertical-align:middle;display:inline-block}<\/style>\t\t\t\t\t\t\t\t\t\t<img fetchpriority=\"high\" decoding=\"async\" width=\"942\" height=\"1414\" src=\"https:\/\/nextgensd.com\/wp-content\/uploads\/2023\/03\/walk1-web.jpg\" class=\"attachment-2048x2048 size-2048x2048 wp-image-18453\" alt=\"\" srcset=\"https:\/\/nextgensd.com\/wp-content\/uploads\/2023\/03\/walk1-web.jpg 942w, https:\/\/nextgensd.com\/wp-content\/uploads\/2023\/03\/walk1-web-200x300.jpg 200w, https:\/\/nextgensd.com\/wp-content\/uploads\/2023\/03\/walk1-web-682x1024.jpg 682w, https:\/\/nextgensd.com\/wp-content\/uploads\/2023\/03\/walk1-web-768x1153.jpg 768w\" sizes=\"(max-width: 942px) 100vw, 942px\" \/>\t\t\t\t\t\t\t\t\t\t\t\t\t<\/div>\n\t\t\t\t<\/div>\n\t\t\t\t<div class=\"elementor-element elementor-element-8797b83 elementor-widget elementor-widget-text-editor\" data-id=\"8797b83\" data-element_type=\"widget\" data-widget_type=\"text-editor.default\">\n\t\t\t\t<div class=\"elementor-widget-container\">\n\t\t\t<style>\/*! elementor - v3.23.0 - 05-08-2024 *\/\n.elementor-widget-text-editor.elementor-drop-cap-view-stacked .elementor-drop-cap{background-color:#69727d;color:#fff}.elementor-widget-text-editor.elementor-drop-cap-view-framed .elementor-drop-cap{color:#69727d;border:3px solid;background-color:transparent}.elementor-widget-text-editor:not(.elementor-drop-cap-view-default) .elementor-drop-cap{margin-top:8px}.elementor-widget-text-editor:not(.elementor-drop-cap-view-default) .elementor-drop-cap-letter{width:1em;height:1em}.elementor-widget-text-editor .elementor-drop-cap{float:left;text-align:center;line-height:1;font-size:50px}.elementor-widget-text-editor .elementor-drop-cap-letter{display:inline-block}<\/style>\t\t\t\t<p>Las expediciones de N-Gen son un ejemplo perfecto de c\u00f3mo se enlaza la red con objetivos b\u00e1sicos de ciencia y conservaci\u00f3n. Seleccionamos regiones de inter\u00e9s para realizar inventarios de biodiversidad a cargo de miembros de N-Gen expertos en la zona. Ya sea en respuesta a programas de desarrollo controvertidos y de gran escala que requieren de l\u00edneas base de biodiversidad, o ante oportunidades proactivas para entender mejor una regi\u00f3n poco estudiada, las expediciones de N-Gen abordan una necesidad inmediata con ciencia del m\u00e1s alto nivel disponible en M\u00e9xico o EE. UU.<\/p>\n<p>Las expediciones se pueden planear en lapsos relativamente cortos y, aun as\u00ed, generar informaci\u00f3n cient\u00edfica rigurosa, biling\u00fce y de libre acceso. Los datos generados constituyen una representaci\u00f3n objetiva del estado de la regi\u00f3n, que tienen como finalidad informar las decisiones de manejo a futuro.<\/p>\t\t\t\t\t\t<\/div>\n\t\t\t\t<\/div>\n\t\t\t\t\t<\/div>\n\t\t<\/div>\n\t\t\t\t\t<\/div>\n\t\t<\/section>\n\t\t\t\t<section class=\"elementor-section elementor-top-section elementor-element elementor-element-7e39ff5 elementor-section-full_width elementor-section-height-default elementor-section-height-default\" data-id=\"7e39ff5\" data-element_type=\"section\">\n\t\t\t\t\t\t<div class=\"elementor-container elementor-column-gap-default\">\n\t\t\t\t\t<div class=\"elementor-column elementor-col-100 elementor-top-column elementor-element elementor-element-7e8356c\" data-id=\"7e8356c\" data-element_type=\"column\">\n\t\t\t<div class=\"elementor-widget-wrap elementor-element-populated\">\n\t\t\t\t\t\t<div class=\"elementor-element elementor-element-ad90d00 elementor-grid-2 elementor-grid-tablet-2 elementor-grid-mobile-1 elementor-widget elementor-widget-portfolio\" data-id=\"ad90d00\" data-element_type=\"widget\" data-settings=\"{&quot;columns&quot;:&quot;2&quot;,&quot;row_gap&quot;:{&quot;unit&quot;:&quot;px&quot;,&quot;size&quot;:22,&quot;sizes&quot;:[]},&quot;columns_tablet&quot;:&quot;2&quot;,&quot;columns_mobile&quot;:&quot;1&quot;,&quot;item_ratio&quot;:{&quot;unit&quot;:&quot;px&quot;,&quot;size&quot;:0.66,&quot;sizes&quot;:[]},&quot;item_gap&quot;:{&quot;unit&quot;:&quot;px&quot;,&quot;size&quot;:&quot;&quot;,&quot;sizes&quot;:[]}}\" data-widget_type=\"portfolio.default\">\n\t\t\t\t<div class=\"elementor-widget-container\">\n\t\t\t<link rel=\"stylesheet\" href=\"https:\/\/nextgensd.com\/wp-content\/plugins\/elementor-pro\/assets\/css\/widget-posts.min.css?ver=1727202270\">\t\t<div class=\"elementor-portfolio elementor-grid elementor-posts-container\">\n\t\t\t\t<article class=\"elementor-portfolio-item elementor-post  post-34928 post type-post status-publish format-standard has-post-thumbnail hentry category-sin-categorizar\">\n\t\t\t<a class=\"elementor-post__thumbnail__link\" href=\"https:\/\/nextgensd.com\/es\/rancho-encinalito\/\">\n\t\t\t\t<div class=\"elementor-portfolio-item__img elementor-post__thumbnail\">\n\t\t\t<img decoding=\"async\" width=\"800\" height=\"800\" src=\"https:\/\/nextgensd.com\/wp-content\/uploads\/2025\/08\/rancho-encinalito-square-01-1024x1024.webp\" class=\"attachment-large size-large wp-image-34961\" alt=\"\" srcset=\"https:\/\/nextgensd.com\/wp-content\/uploads\/2025\/08\/rancho-encinalito-square-01-1024x1024.webp 1024w, https:\/\/nextgensd.com\/wp-content\/uploads\/2025\/08\/rancho-encinalito-square-01-300x300.webp 300w, https:\/\/nextgensd.com\/wp-content\/uploads\/2025\/08\/rancho-encinalito-square-01-150x150.webp 150w, https:\/\/nextgensd.com\/wp-content\/uploads\/2025\/08\/rancho-encinalito-square-01-768x768.webp 768w, https:\/\/nextgensd.com\/wp-content\/uploads\/2025\/08\/rancho-encinalito-square-01.webp 1400w\" sizes=\"(max-width: 800px) 100vw, 800px\" \/>\t\t<\/div>\n\t\t\t\t<div class=\"elementor-portfolio-item__overlay\">\n\t\t\t\t<h3 class=\"elementor-portfolio-item__title\">\n\t\tRancho Encinalito\t\t<\/h3>\n\t\t\t\t<\/div>\n\t\t\t\t<\/a>\n\t\t<\/article>\n\t\t\t\t<article class=\"elementor-portfolio-item elementor-post  post-27881 post type-post status-publish format-standard has-post-thumbnail hentry category-uncategorized\">\n\t\t\t<a class=\"elementor-post__thumbnail__link\" href=\"https:\/\/nextgensd.com\/es\/san-basilio\/\">\n\t\t\t\t<div class=\"elementor-portfolio-item__img elementor-post__thumbnail\">\n\t\t\t<img decoding=\"async\" width=\"800\" height=\"534\" src=\"https:\/\/nextgensd.com\/wp-content\/uploads\/2020\/07\/SB-Ram-4-1024x684.jpg\" class=\"attachment-large size-large wp-image-16937\" alt=\"\" srcset=\"https:\/\/nextgensd.com\/wp-content\/uploads\/2020\/07\/SB-Ram-4-1024x684.jpg 1024w, https:\/\/nextgensd.com\/wp-content\/uploads\/2020\/07\/SB-Ram-4-300x200.jpg 300w, https:\/\/nextgensd.com\/wp-content\/uploads\/2020\/07\/SB-Ram-4-768x513.jpg 768w, https:\/\/nextgensd.com\/wp-content\/uploads\/2020\/07\/SB-Ram-4.jpg 1920w\" sizes=\"(max-width: 800px) 100vw, 800px\" \/>\t\t<\/div>\n\t\t\t\t<div class=\"elementor-portfolio-item__overlay\">\n\t\t\t\t<h3 class=\"elementor-portfolio-item__title\">\n\t\tSan Basilio\t\t<\/h3>\n\t\t\t\t<\/div>\n\t\t\t\t<\/a>\n\t\t<\/article>\n\t\t\t\t<article class=\"elementor-portfolio-item elementor-post  post-27871 post type-post status-publish format-standard has-post-thumbnail hentry category-uncategorized\">\n\t\t\t<a class=\"elementor-post__thumbnail__link\" href=\"https:\/\/nextgensd.com\/es\/descubriendo-la-biodiversidad-terrestre-en-la-region-de-cabo-pulmo\/\">\n\t\t\t\t<div class=\"elementor-portfolio-item__img elementor-post__thumbnail\">\n\t\t\t<img loading=\"lazy\" decoding=\"async\" width=\"800\" height=\"534\" src=\"https:\/\/nextgensd.com\/wp-content\/uploads\/2023\/05\/Cabo-Pulmo_034_HOPKINS_BAJA13_53737-1024x683.jpg\" class=\"attachment-large size-large wp-image-18942\" alt=\"Cabo Pulmo Region\" srcset=\"https:\/\/nextgensd.com\/wp-content\/uploads\/2023\/05\/Cabo-Pulmo_034_HOPKINS_BAJA13_53737-1024x683.jpg 1024w, https:\/\/nextgensd.com\/wp-content\/uploads\/2023\/05\/Cabo-Pulmo_034_HOPKINS_BAJA13_53737-300x200.jpg 300w, https:\/\/nextgensd.com\/wp-content\/uploads\/2023\/05\/Cabo-Pulmo_034_HOPKINS_BAJA13_53737-768x512.jpg 768w, https:\/\/nextgensd.com\/wp-content\/uploads\/2023\/05\/Cabo-Pulmo_034_HOPKINS_BAJA13_53737-1536x1024.jpg 1536w, https:\/\/nextgensd.com\/wp-content\/uploads\/2023\/05\/Cabo-Pulmo_034_HOPKINS_BAJA13_53737-2048x1366.jpg 2048w\" sizes=\"(max-width: 800px) 100vw, 800px\" \/>\t\t<\/div>\n\t\t\t\t<div class=\"elementor-portfolio-item__overlay\">\n\t\t\t\t<h3 class=\"elementor-portfolio-item__title\">\n\t\tDescubriendo la Biodiversidad Terrestre en la Regi\u00f3n de Cabo Pulmo\t\t<\/h3>\n\t\t\t\t<\/div>\n\t\t\t\t<\/a>\n\t\t<\/article>\n\t\t\t\t<article class=\"elementor-portfolio-item elementor-post  post-27860 post type-post status-publish format-standard has-post-thumbnail hentry category-uncategorized\">\n\t\t\t<a class=\"elementor-post__thumbnail__link\" href=\"https:\/\/nextgensd.com\/es\/arroyo-la-junta-una-joya-de-biodiversidad-en-la-reserva-de-la-biosfera-sierra-la-laguna\/\">\n\t\t\t\t<div class=\"elementor-portfolio-item__img elementor-post__thumbnail\">\n\t\t\t<img loading=\"lazy\" decoding=\"async\" width=\"800\" height=\"600\" src=\"https:\/\/nextgensd.com\/wp-content\/uploads\/2023\/05\/Sunset_1_Wilder-1024x768.jpg\" class=\"attachment-large size-large wp-image-18968\" alt=\"\" srcset=\"https:\/\/nextgensd.com\/wp-content\/uploads\/2023\/05\/Sunset_1_Wilder-1024x768.jpg 1024w, https:\/\/nextgensd.com\/wp-content\/uploads\/2023\/05\/Sunset_1_Wilder-300x225.jpg 300w, https:\/\/nextgensd.com\/wp-content\/uploads\/2023\/05\/Sunset_1_Wilder-768x576.jpg 768w, https:\/\/nextgensd.com\/wp-content\/uploads\/2023\/05\/Sunset_1_Wilder-1536x1152.jpg 1536w, https:\/\/nextgensd.com\/wp-content\/uploads\/2023\/05\/Sunset_1_Wilder-2048x1536.jpg 2048w\" sizes=\"(max-width: 800px) 100vw, 800px\" \/>\t\t<\/div>\n\t\t\t\t<div class=\"elementor-portfolio-item__overlay\">\n\t\t\t\t<h3 class=\"elementor-portfolio-item__title\">\n\t\tArroyo La Junta \u2013 Una joya de biodiversidad en la Reserva de la Biosfera Sierra La Laguna\t\t<\/h3>\n\t\t\t\t<\/div>\n\t\t\t\t<\/a>\n\t\t<\/article>\n\t\t\t\t<article class=\"elementor-portfolio-item elementor-post  post-27848 post type-post status-publish format-standard has-post-thumbnail hentry category-sin-categorizar category-uncategorized\">\n\t\t\t<a class=\"elementor-post__thumbnail__link\" href=\"https:\/\/nextgensd.com\/es\/islas-del-pacifico-de-baja-california\/\">\n\t\t\t\t<div class=\"elementor-portfolio-item__img elementor-post__thumbnail\">\n\t\t\t<img loading=\"lazy\" decoding=\"async\" width=\"800\" height=\"600\" src=\"https:\/\/nextgensd.com\/wp-content\/uploads\/2023\/05\/pacific-islands-cover-01-a-1024x768.jpg\" class=\"attachment-large size-large wp-image-19603\" alt=\"\" srcset=\"https:\/\/nextgensd.com\/wp-content\/uploads\/2023\/05\/pacific-islands-cover-01-a-1024x768.jpg 1024w, https:\/\/nextgensd.com\/wp-content\/uploads\/2023\/05\/pacific-islands-cover-01-a-300x225.jpg 300w, https:\/\/nextgensd.com\/wp-content\/uploads\/2023\/05\/pacific-islands-cover-01-a-768x576.jpg 768w, https:\/\/nextgensd.com\/wp-content\/uploads\/2023\/05\/pacific-islands-cover-01-a.jpg 1292w\" sizes=\"(max-width: 800px) 100vw, 800px\" \/>\t\t<\/div>\n\t\t\t\t<div class=\"elementor-portfolio-item__overlay\">\n\t\t\t\t<h3 class=\"elementor-portfolio-item__title\">\n\t\tIslas del Pac\u00edfico de Baja California\t\t<\/h3>\n\t\t\t\t<\/div>\n\t\t\t\t<\/a>\n\t\t<\/article>\n\t\t\t\t<\/div>\n\t\t\t\t<\/div>\n\t\t\t\t<\/div>\n\t\t\t\t\t<\/div>\n\t\t<\/div>\n\t\t\t\t\t<\/div>\n\t\t<\/section>\n\t\t\t\t<\/div>\n\t\t","protected":false},"excerpt":{"rendered":"<p>Las expediciones de N-Gen son un ejemplo perfecto de c\u00f3mo se enlaza la red con objetivos b\u00e1sicos de ciencia y conservaci\u00f3n. Seleccionamos regiones de inter\u00e9s para realizar inventarios de biodiversidad al cargo de miembros de N-Gen experto en la zona. <\/p>\n","protected":false},"author":1,"featured_media":0,"parent":0,"menu_order":0,"comment_status":"closed","ping_status":"closed","template":"elementor_header_footer","meta":{"footnotes":""},"acf":[],"_links":{"self":[{"href":"https:\/\/nextgensd.com\/es\/wp-json\/wp\/v2\/pages\/27524"}],"collection":[{"href":"https:\/\/nextgensd.com\/es\/wp-json\/wp\/v2\/pages"}],"about":[{"href":"https:\/\/nextgensd.com\/es\/wp-json\/wp\/v2\/types\/page"}],"author":[{"embeddable":true,"href":"https:\/\/nextgensd.com\/es\/wp-json\/wp\/v2\/users\/1"}],"replies":[{"embeddable":true,"href":"https:\/\/nextgensd.com\/es\/wp-json\/wp\/v2\/comments?post=27524"}],"version-history":[{"count":17,"href":"https:\/\/nextgensd.com\/es\/wp-json\/wp\/v2\/pages\/27524\/revisions"}],"predecessor-version":[{"id":34983,"href":"https:\/\/nextgensd.com\/es\/wp-json\/wp\/v2\/pages\/27524\/revisions\/34983"}],"wp:attachment":[{"href":"https:\/\/nextgensd.com\/es\/wp-json\/wp\/v2\/media?parent=27524"}],"curies":[{"name":"wp","href":"https:\/\/api.w.org\/{rel}","templated":true}]}}