{"id":27393,"date":"2023-08-07T22:45:49","date_gmt":"2023-08-07T22:45:49","guid":{"rendered":"http:\/\/137.184.184.45\/?page_id=27393"},"modified":"2023-08-30T05:33:47","modified_gmt":"2023-08-30T05:33:47","slug":"cumbre-2012","status":"publish","type":"page","link":"https:\/\/nextgensd.com\/es\/cumbres-3\/cumbre-2012\/","title":{"rendered":"Cumbre 2012"},"content":{"rendered":"\t\t<div data-elementor-type=\"wp-page\" data-elementor-id=\"27393\" class=\"elementor elementor-27393 elementor-347\" data-elementor-post-type=\"page\">\n\t\t\t\t\t\t<section class=\"elementor-section elementor-top-section elementor-element elementor-element-29512f1c elementor-section-boxed elementor-section-height-default elementor-section-height-default\" data-id=\"29512f1c\" data-element_type=\"section\">\n\t\t\t\t\t\t<div class=\"elementor-container elementor-column-gap-default\">\n\t\t\t\t\t<div class=\"elementor-column elementor-col-100 elementor-top-column elementor-element elementor-element-3a9ac4c3\" data-id=\"3a9ac4c3\" data-element_type=\"column\">\n\t\t\t<div class=\"elementor-widget-wrap elementor-element-populated\">\n\t\t\t\t\t\t<div class=\"elementor-element elementor-element-37cbe8d elementor-widget elementor-widget-image\" data-id=\"37cbe8d\" data-element_type=\"widget\" data-widget_type=\"image.default\">\n\t\t\t\t<div class=\"elementor-widget-container\">\n\t\t\t<style>\/*! elementor - v3.23.0 - 05-08-2024 *\/\n.elementor-widget-image{text-align:center}.elementor-widget-image a{display:inline-block}.elementor-widget-image a img[src$=\".svg\"]{width:48px}.elementor-widget-image img{vertical-align:middle;display:inline-block}<\/style>\t\t\t\t\t\t\t\t\t\t<img fetchpriority=\"high\" decoding=\"async\" width=\"800\" height=\"533\" src=\"https:\/\/nextgensd.com\/wp-content\/uploads\/2023\/08\/NexGenSD-_Group-Picture_Octavio.jpg\" class=\"attachment-large size-large wp-image-20573\" alt=\"\" srcset=\"https:\/\/nextgensd.com\/wp-content\/uploads\/2023\/08\/NexGenSD-_Group-Picture_Octavio.jpg 1000w, https:\/\/nextgensd.com\/wp-content\/uploads\/2023\/08\/NexGenSD-_Group-Picture_Octavio-300x200.jpg 300w, https:\/\/nextgensd.com\/wp-content\/uploads\/2023\/08\/NexGenSD-_Group-Picture_Octavio-768x511.jpg 768w\" sizes=\"(max-width: 800px) 100vw, 800px\" \/>\t\t\t\t\t\t\t\t\t\t\t\t\t<\/div>\n\t\t\t\t<\/div>\n\t\t\t\t<div class=\"elementor-element elementor-element-c51696b elementor-widget elementor-widget-text-editor\" data-id=\"c51696b\" data-element_type=\"widget\" data-widget_type=\"text-editor.default\">\n\t\t\t\t<div class=\"elementor-widget-container\">\n\t\t\t<style>\/*! elementor - v3.23.0 - 05-08-2024 *\/\n.elementor-widget-text-editor.elementor-drop-cap-view-stacked .elementor-drop-cap{background-color:#69727d;color:#fff}.elementor-widget-text-editor.elementor-drop-cap-view-framed .elementor-drop-cap{color:#69727d;border:3px solid;background-color:transparent}.elementor-widget-text-editor:not(.elementor-drop-cap-view-default) .elementor-drop-cap{margin-top:8px}.elementor-widget-text-editor:not(.elementor-drop-cap-view-default) .elementor-drop-cap-letter{width:1em;height:1em}.elementor-widget-text-editor .elementor-drop-cap{float:left;text-align:center;line-height:1;font-size:50px}.elementor-widget-text-editor .elementor-drop-cap-letter{display:inline-block}<\/style>\t\t\t\t<p>La cumbre inaugural tuvo lugar en el Arizona-Sonora Desert Museum en Tucson, Arizona del 18 al 20 de abril de 2012. Noventa personas atendieron dicho encuentro, 49 provenientes de M\u00e9xico y 41 de Estados Unidos. Diecis\u00e9is disciplinas estuvieron representadas y 37 instituciones, 11 de M\u00e9xico y 26 de los Estados Unidos. El formato de la reuni\u00f3n se bas\u00f3 en una (des)conferencia, tambi\u00e9n conocido como de tecnolog\u00eda de espacio abierto (open space technology). Dicho formato promueve un discurso espont\u00e1neo e plenamente incluyente guiado por los mismos participantes de la reuni\u00f3n; este formato fue un \u00e9xito y se le reconoci\u00f3 como superior al formato est\u00e1ndar tradicional de las conferencias.<\/p><p>La cumbre de tres d\u00edas consisti\u00f3 en 22 sesiones enfocadas en las disciplinas de aspecto f\u00edsico, social y biol\u00f3gico que representan un espectro amplio e incluyente de las labores de investigaci\u00f3n y conservaci\u00f3n que actualmente se llevan a cabo y que caracterizan a la regi\u00f3n del Desierto Sonorense.<\/p><p>V\u00e9ase el informe para m\u00e1s informaci\u00f3n:<\/p><p><span style=\"color: #3366ff;\"><a style=\"color: #3366ff;\" href=\"\/wp-content\/uploads\/2017\/08\/NextGenSDR_Report_English.pdf\" target=\"_blank\" rel=\"noopener noreferrer\">Ingl\u00e9s<\/a><\/span> \u00a0 \u00a0 \u00a0 \u00a0 \u00a0 \u00a0 \u00a0 \u00a0 \u00a0 \u00a0 \u00a0 \u00a0 \u00a0 \u00a0 \u00a0 \u00a0 \u00a0 \u00a0 \u00a0 \u00a0 \u00a0 \u00a0 \u00a0 \u00a0 \u00a0 \u00a0 \u00a0 \u00a0 \u00a0 \u00a0 \u00a0 \u00a0 \u00a0 \u00a0 \u00a0 \u00a0 \u00a0 \u00a0 \u00a0 \u00a0 \u00a0 \u00a0 \u00a0 \u00a0 \u00a0 \u00a0 \u00a0<span style=\"color: #3366ff;\"><a style=\"color: #3366ff;\" href=\"\/wp-content\/uploads\/2017\/08\/NextGenSDR-Informe_Espa\u00f1ol.pdf\" target=\"_blank\" rel=\"noopener noreferrer\">Espa\u00f1ol<\/a><\/span><\/p><p><a href=\"https:\/\/nextgensd.com\/wp-content\/uploads\/2017\/08\/NextGenSDR_Report_English.pdf\" target=\"_blank\" rel=\"noopener noreferrer\"><img decoding=\"async\" class=\"alignnone size-medium wp-image-2702\" src=\"https:\/\/nextgensd.com\/wp-content\/uploads\/2015\/03\/N-Gen-Report_2012_Eng_Cover-300x195.png\" alt=\"N-Gen Report_2012_Eng_Cover\" width=\"300\" height=\"195\" \/><\/a>\u00a0 \u00a0 \u00a0 \u00a0 \u00a0 \u00a0 \u00a0 \u00a0 \u00a0 \u00a0 \u00a0 \u00a0 \u00a0 \u00a0\u00a0<a href=\"https:\/\/nextgensd.com\/wp-content\/uploads\/2017\/08\/NextGenSDR-Informe_Espan\u0303ol.pdf\" target=\"_blank\" rel=\"noopener noreferrer\"><img decoding=\"async\" class=\"alignnone size-medium wp-image-2706\" src=\"https:\/\/nextgensd.com\/wp-content\/uploads\/2015\/03\/N-Gen-Report_2012_Esp_Cover-300x187.png\" alt=\"N-Gen Report_2012_Esp_Cover\" width=\"300\" height=\"187\" \/><\/a><\/p><h2>Res\u00famenes de Sesiones<\/h2>\t\t\t\t\t\t<\/div>\n\t\t\t\t<\/div>\n\t\t\t\t<div class=\"elementor-element elementor-element-5b65bf0 elementor-grid-3 elementor-grid-tablet-2 elementor-grid-mobile-1 elementor-widget elementor-widget-loop-grid\" data-id=\"5b65bf0\" data-element_type=\"widget\" data-settings=\"{&quot;template_id&quot;:18283,&quot;columns&quot;:3,&quot;pagination_type&quot;:&quot;numbers_and_prev_next&quot;,&quot;_skin&quot;:&quot;post&quot;,&quot;columns_tablet&quot;:&quot;2&quot;,&quot;columns_mobile&quot;:&quot;1&quot;,&quot;edit_handle_selector&quot;:&quot;[data-elementor-type=\\&quot;loop-item\\&quot;]&quot;,&quot;pagination_load_type&quot;:&quot;page_reload&quot;,&quot;row_gap&quot;:{&quot;unit&quot;:&quot;px&quot;,&quot;size&quot;:&quot;&quot;,&quot;sizes&quot;:[]},&quot;row_gap_tablet&quot;:{&quot;unit&quot;:&quot;px&quot;,&quot;size&quot;:&quot;&quot;,&quot;sizes&quot;:[]},&quot;row_gap_mobile&quot;:{&quot;unit&quot;:&quot;px&quot;,&quot;size&quot;:&quot;&quot;,&quot;sizes&quot;:[]}}\" data-widget_type=\"loop-grid.post\">\n\t\t\t\t<div class=\"elementor-widget-container\">\n\t\t\t<link rel=\"stylesheet\" href=\"https:\/\/nextgensd.com\/wp-content\/plugins\/elementor-pro\/assets\/css\/widget-loop-builder.min.css?ver=1727202270\">\t\t<div class=\"e-loop-nothing-found-message\">\n\t\t<\/div>\n\t\t\t\t<\/div>\n\t\t\t\t<\/div>\n\t\t\t\t\t<\/div>\n\t\t<\/div>\n\t\t\t\t\t<\/div>\n\t\t<\/section>\n\t\t\t\t<\/div>\n\t\t","protected":false},"excerpt":{"rendered":"<p>La cumbre inaugural tuvo lugar en el Arizona-Sonora Desert Museum en Tucson, Arizona del 18 al 20 de abril de 2012. Noventa personas atendieron dicho encuentro, 49 provenientes de M\u00e9xico y 41 de Estados Unidos.<\/p>\n","protected":false},"author":1,"featured_media":18307,"parent":1623,"menu_order":0,"comment_status":"closed","ping_status":"closed","template":"","meta":{"footnotes":""},"acf":[],"_links":{"self":[{"href":"https:\/\/nextgensd.com\/es\/wp-json\/wp\/v2\/pages\/27393"}],"collection":[{"href":"https:\/\/nextgensd.com\/es\/wp-json\/wp\/v2\/pages"}],"about":[{"href":"https:\/\/nextgensd.com\/es\/wp-json\/wp\/v2\/types\/page"}],"author":[{"embeddable":true,"href":"https:\/\/nextgensd.com\/es\/wp-json\/wp\/v2\/users\/1"}],"replies":[{"embeddable":true,"href":"https:\/\/nextgensd.com\/es\/wp-json\/wp\/v2\/comments?post=27393"}],"version-history":[{"count":24,"href":"https:\/\/nextgensd.com\/es\/wp-json\/wp\/v2\/pages\/27393\/revisions"}],"predecessor-version":[{"id":28152,"href":"https:\/\/nextgensd.com\/es\/wp-json\/wp\/v2\/pages\/27393\/revisions\/28152"}],"up":[{"embeddable":true,"href":"https:\/\/nextgensd.com\/es\/wp-json\/wp\/v2\/pages\/1623"}],"wp:featuredmedia":[{"embeddable":true,"href":"https:\/\/nextgensd.com\/es\/wp-json\/wp\/v2\/media\/18307"}],"wp:attachment":[{"href":"https:\/\/nextgensd.com\/es\/wp-json\/wp\/v2\/media?parent=27393"}],"curies":[{"name":"wp","href":"https:\/\/api.w.org\/{rel}","templated":true}]}}