{"id":2400,"date":"2015-01-17T16:12:58","date_gmt":"2015-01-17T16:12:58","guid":{"rendered":"http:\/\/nextgensd.com\/?page_id=2400"},"modified":"2019-10-25T02:04:00","modified_gmt":"2019-10-25T02:04:00","slug":"6y6","status":"publish","type":"page","link":"https:\/\/nextgensd.com\/es\/iniciativa-de-artes-y-ciencias\/6y6\/","title":{"rendered":"6&#038;6"},"content":{"rendered":"<p>[vc_row][vc_column][vc_single_image image=\u00bb9018&#8243; img_size=\u00bbfull\u00bb alignment=\u00bbcenter\u00bb][vc_column_text]<\/p>\n<h1 align=\"center\">6 &amp; 6<\/h1>\n<h3 align=\"center\"><i>Seis artistas <\/i><i>\u2013 Seis cient\u00edficos<\/i><\/h3>\n<h2 align=\"center\"><i>Fusionando visi\u00f3nes del Desierto Sonorense<\/i><\/h2>\n<p>Para mostrar la vida en el Desierto Sonorense, la Iniciativa de Artes y Ciencias de la Nueva Generaci\u00f3n de Investigadores del Desierto de Sonora (N-Gen) est\u00e1 forjando colaboraci\u00f3n entre artistas y cient\u00edficos. Seis artistas y seis cient\u00edficos cuyo trabajo tenga como objetivo describir y comprender mejor el Desierto Sonorense se unir\u00e1n. Doce personas colaborar\u00e1n con sus hom\u00f3logos para crear una visi\u00f3n compartida de la vida en el Desierto Sonorense<\/p>\n<p>Tanto la ciencia como el arte comienzan con observaciones b\u00e1sicas del mundo que nos rodea. La Ciencia toma la inspiraci\u00f3n y hace que sea emp\u00edrica. El Arte conceptualiza estos resultados. Seis y Seis crear\u00e1 un ambiente donde cient\u00edficos y artistas tengan la oportunidad de polinizaci\u00f3n cruzada de sus ideas, para as\u00ed crear nuevas formas de ver el Desierto Sonorense. El proceso de colaboraci\u00f3n es tan importante como el resultado. Nuestro objetivo es representar al Desierto Sonorense para articular un sentido de lugar y pertenencia.<\/p>\n<h4 style=\"text-align: center;\"><a href=\"http:\/\/www.nextgensd6and6.com\" target=\"_blank\" rel=\"noopener noreferrer\"><em>A ver\u00a0una \u00abventana\u00bb en este proceso creativo, por favor\u00a0visitar la p\u00e1gina<\/em><\/a><\/h4>\n<p style=\"text-align: center;\"><a href=\"http:\/\/www.nextgensd6and6.com\" target=\"_blank\" rel=\"noopener noreferrer\">www.nextgensd6and6.com<\/a><\/p>\n<p style=\"text-align: center;\"><a href=\"http:\/\/www.nextgensd6and6.com\" target=\"_blank\" rel=\"noopener noreferrer\"><img fetchpriority=\"high\" decoding=\"async\" class=\"aligncenter wp-image-3168 size-full\" src=\"http:\/\/nextgensd.com\/wp-content\/uploads\/2015\/01\/Screen-Shot-2015-07-06-at-9.30.48-PM.png\" alt=\"Screen Shot 2015-07-06 at 9.30.48 PM\" width=\"1331\" height=\"715\" \/><\/a><\/p>\n<p>[\/vc_column_text][\/vc_column][\/vc_row]<\/p>\n","protected":false},"excerpt":{"rendered":"<p>[vc_row][vc_column][vc_single_image image=\u00bb9018&#8243; img_size=\u00bbfull\u00bb alignment=\u00bbcenter\u00bb][vc_column_text] 6 &amp; 6 Seis artistas \u2013 Seis cient\u00edficos Fusionando visi\u00f3nes del Desierto Sonorense Para mostrar la vida en el Desierto Sonorense, la Iniciativa de Artes y Ciencias de la Nueva Generaci\u00f3n de Investigadores del Desierto de Sonora (N-Gen) est\u00e1 forjando colaboraci\u00f3n entre artistas y cient\u00edficos. Seis artistas y seis cient\u00edficos cuyo [&hellip;]<\/p>\n","protected":false},"author":9,"featured_media":2404,"parent":2279,"menu_order":0,"comment_status":"closed","ping_status":"closed","template":"","meta":{"footnotes":""},"acf":[],"_links":{"self":[{"href":"https:\/\/nextgensd.com\/es\/wp-json\/wp\/v2\/pages\/2400"}],"collection":[{"href":"https:\/\/nextgensd.com\/es\/wp-json\/wp\/v2\/pages"}],"about":[{"href":"https:\/\/nextgensd.com\/es\/wp-json\/wp\/v2\/types\/page"}],"author":[{"embeddable":true,"href":"https:\/\/nextgensd.com\/es\/wp-json\/wp\/v2\/users\/9"}],"replies":[{"embeddable":true,"href":"https:\/\/nextgensd.com\/es\/wp-json\/wp\/v2\/comments?post=2400"}],"version-history":[{"count":2,"href":"https:\/\/nextgensd.com\/es\/wp-json\/wp\/v2\/pages\/2400\/revisions"}],"predecessor-version":[{"id":9604,"href":"https:\/\/nextgensd.com\/es\/wp-json\/wp\/v2\/pages\/2400\/revisions\/9604"}],"up":[{"embeddable":true,"href":"https:\/\/nextgensd.com\/es\/wp-json\/wp\/v2\/pages\/2279"}],"wp:featuredmedia":[{"embeddable":true,"href":"https:\/\/nextgensd.com\/es\/wp-json\/"}],"wp:attachment":[{"href":"https:\/\/nextgensd.com\/es\/wp-json\/wp\/v2\/media?parent=2400"}],"curies":[{"name":"wp","href":"https:\/\/api.w.org\/{rel}","templated":true}]}}