{"id":2279,"date":"2014-11-16T22:02:25","date_gmt":"2014-11-16T22:02:25","guid":{"rendered":"http:\/\/nextgensd.com\/?page_id=2279"},"modified":"2019-12-06T16:11:30","modified_gmt":"2019-12-06T16:11:30","slug":"iniciativa-de-artes-y-ciencias","status":"publish","type":"page","link":"https:\/\/nextgensd.com\/es\/iniciativa-de-artes-y-ciencias\/","title":{"rendered":"Artes y Ciencias"},"content":{"rendered":"<p>[vc_row][vc_column][vc_single_image image=\u00bb9016&#8243; img_size=\u00bbfull\u00bb alignment=\u00bbcenter\u00bb][vc_column_text]<em style=\"color: #181b31; font-size: 25px;\">Comunicando la belleza y la ciencia del desierto<\/em><\/p>\n<div>\n<p>Las artes pueden ser un medio para dar a conocer los resultados de investigaci\u00f3n en modos que la ciencia no puede alcanzar. Tanto artes como ciencias, comienzan su proceso creativo con observaciones b\u00e1sicas del mundo que no rodea. La ciencia toma esa inspiraci\u00f3n y la reconstruye en observaciones emp\u00edricas. Las artes conceptualizan estas cat\u00e1lisis. No obstante, el entendimiento, la colaboraci\u00f3n y el entretegido de narraciones creados por la fusi\u00f3n de ambas dimensiones del entendimiento humano muchas veces se encuentra ausente. Una significativa comunidad de artistas vive en el Desierto Sonorense. Esta comunidad de artistas en conjunto con la comunidad cient\u00edfica, han creado un muchos proyectos conjuntos. Sin embargo, creemos que estos representan un primer esfuerzo para liberar el poder que la fusi\u00f3n de estas dos aproximaciones engloba.<\/p>\n<p>La Iniciativa de artes y ciencias N-Gen conectar\u00e1 a investigadores y artistas con el fin de comunicar y diseminar conocimiento, a ver la ciencia desde otra perspectiva. Desde expediciones conjuntas al campo, el laboratorio o el estudio, una imagen que logre capturar los resultados de un texto cient\u00edfico o un concurso de caricatura que logre retratar la vida del Desierto Sonorense, esta fusi\u00f3n entre arte y ciencia crear\u00e1 la oportunidad para que de manera conjunta, artistas y cient\u00edficos puedan mostrar nuevas maneras de difundir el Desierto Sonorense.<\/p>\n<\/div>\n<p>[\/vc_column_text][\/vc_column][\/vc_row]<\/p>\n","protected":false},"excerpt":{"rendered":"<p>[vc_row][vc_column][vc_single_image image=\u00bb9016&#8243; img_size=\u00bbfull\u00bb alignment=\u00bbcenter\u00bb][vc_column_text]Comunicando la belleza y la ciencia del desierto Las artes pueden ser un medio para dar a conocer los resultados de investigaci\u00f3n en modos que la ciencia no puede alcanzar. Tanto artes como ciencias, comienzan su proceso creativo con observaciones b\u00e1sicas del mundo que no rodea. La ciencia toma esa inspiraci\u00f3n y [&hellip;]<\/p>\n","protected":false},"author":9,"featured_media":2298,"parent":0,"menu_order":0,"comment_status":"closed","ping_status":"closed","template":"","meta":{"footnotes":""},"acf":[],"_links":{"self":[{"href":"https:\/\/nextgensd.com\/es\/wp-json\/wp\/v2\/pages\/2279"}],"collection":[{"href":"https:\/\/nextgensd.com\/es\/wp-json\/wp\/v2\/pages"}],"about":[{"href":"https:\/\/nextgensd.com\/es\/wp-json\/wp\/v2\/types\/page"}],"author":[{"embeddable":true,"href":"https:\/\/nextgensd.com\/es\/wp-json\/wp\/v2\/users\/9"}],"replies":[{"embeddable":true,"href":"https:\/\/nextgensd.com\/es\/wp-json\/wp\/v2\/comments?post=2279"}],"version-history":[{"count":3,"href":"https:\/\/nextgensd.com\/es\/wp-json\/wp\/v2\/pages\/2279\/revisions"}],"predecessor-version":[{"id":14013,"href":"https:\/\/nextgensd.com\/es\/wp-json\/wp\/v2\/pages\/2279\/revisions\/14013"}],"wp:featuredmedia":[{"embeddable":true,"href":"https:\/\/nextgensd.com\/es\/wp-json\/"}],"wp:attachment":[{"href":"https:\/\/nextgensd.com\/es\/wp-json\/wp\/v2\/media?parent=2279"}],"curies":[{"name":"wp","href":"https:\/\/api.w.org\/{rel}","templated":true}]}}