{"id":17541,"date":"2022-02-25T18:11:09","date_gmt":"2022-02-25T18:11:09","guid":{"rendered":"https:\/\/nextgensd.com\/?page_id=17541"},"modified":"2022-02-25T18:20:14","modified_gmt":"2022-02-25T18:20:14","slug":"covid-19-2","status":"publish","type":"page","link":"https:\/\/nextgensd.com\/es\/covid-19-2\/","title":{"rendered":"COVID-19"},"content":{"rendered":"<p>[vc_row][vc_column][vc_separator][\/vc_column][\/vc_row][vc_row][vc_column][vc_empty_space][vc_column_text]<\/p>\n<h2 style=\"text-align: center;\"><span style=\"font-weight: 400;\">Instamos a todas y todos los participantes a seguir las recomendaciones de la <a class=\"\" href=\"https:\/\/www.who.int\/es\/emergencies\/diseases\/novel-coronavirus-2019\" target=\"_blank\" rel=\"noopener noreferrer\">OMS<\/a> y los gobiernos locales durante esta situaci\u00f3n que cambia r\u00e1pidamente. La salud y la seguridad son nuestras m\u00e1ximas prioridades.<\/span><\/h2>\n<p>[\/vc_column_text][vc_empty_space height=\u00bb52px\u00bb][\/vc_column][\/vc_row][vc_row][vc_column][vc_separator][\/vc_column][\/vc_row][vc_row][vc_column][vc_empty_space height=\u00bb52px\u00bb][vc_column_text]<\/p>\n<h2 style=\"color: #48c275;\"><span style=\"font-weight: 400;\">\u00bfQu\u00e9 cambios se est\u00e1n realizando en el BioBlitz de la Frontera?<\/span><\/h2>\n<p><span style=\"font-weight: 400;\">Este a\u00f1o hemos desarrollado un modelo descentralizado para mantener a las y los participantes seguros. Hemos eliminado todos los nodos y eventos grupales. Tambi\u00e9n estamos distribuyendo el evento durante un mes completo, para que los participantes individuales puedan pasar tiempo al aire libre de forma segura, conectarse con la naturaleza y documentar la biodiversidad.\u00a0<\/span><\/p>\n<p><span style=\"font-weight: 400;\">Instamos a todas y todos los participantes a seguir cuidadosamente las pautas de salud p\u00fablica proporcionadas por la <a class=\"\" href=\"https:\/\/www.who.int\/es\/emergencies\/diseases\/novel-coronavirus-2019\" target=\"_blank\" rel=\"noopener noreferrer\">OMS<\/a> y los gobiernos locales. Queremos que las y los cient\u00edficos comunitarios a lo largo de la frontera tengan la oportunidad de participar, mientras se mantienen seguros y mantienen seguras a sus comunidades. Por favor, mantente informada o informado sobre cualquier posible cambio al evento en general y acerca de las condiciones de tu comunidad y regi\u00f3n.<\/span><\/p>\n<p><span style=\"font-weight: 400;\">\u00a1Tambi\u00e9n te alentamos a participar documentando la vida silvestre desde la seguridad de tu hogar o patio e identificando especies!<\/span><\/p>\n<p>&nbsp;<\/p>\n<h2><span style=\"font-weight: 400; color: #48c275;\">\u00bfD\u00f3nde puedo obtener m\u00e1s informaci\u00f3n acerca de la COVID-19?<\/span><\/h2>\n<p><span style=\"font-weight: 400;\">Esta situaci\u00f3n est\u00e1 evolucionando r\u00e1pidamente y cambiando en tiempo real. Aqu\u00ed hay algunas p\u00e1ginas para que te mantengas informada o informado:<\/span><\/p>\n<ul>\n<li style=\"font-weight: 400; font-size: x-large;\" aria-level=\"1\"><a class=\"\" href=\"https:\/\/www.who.int\/es\/emergencies\/diseases\/novel-coronavirus-2019\" target=\"_blank\" rel=\"noopener noreferrer\">Organizaci\u00f3n Mundial de la Salud<\/a><\/li>\n<li style=\"font-weight: 400; font-size: x-large;\" aria-level=\"1\"><a class=\"\" href=\"https:\/\/coronavirus.gob.mx\/\" target=\"_blank\" rel=\"noopener noreferrer\">Secretar\u00eda de Salud<\/a><\/li>\n<li style=\"font-weight: 400; font-size: x-large;\" aria-level=\"1\"><a class=\"\" href=\"https:\/\/www.cdc.gov\/spanish\/index.html\" target=\"_blank\" rel=\"noopener noreferrer\"><span style=\"font-weight: 400;\">Centros para el Control y la Prevenci\u00f3n de Enfermedades<\/span><\/a><\/li>\n<\/ul>\n<p>[\/vc_column_text][vc_empty_space height=\u00bb52px\u00bb][vc_empty_space height=\u00bb52px\u00bb][\/vc_column][\/vc_row]<\/p>\n","protected":false},"excerpt":{"rendered":"<p>[vc_row][vc_column][vc_separator][\/vc_column][\/vc_row][vc_row][vc_column][vc_empty_space][vc_column_text] Instamos a todas y todos los participantes a seguir las recomendaciones de la OMS y los gobiernos locales durante esta situaci\u00f3n que cambia r\u00e1pidamente. La salud y la seguridad son nuestras m\u00e1ximas prioridades. [\/vc_column_text][vc_empty_space height=\u00bb52px\u00bb][\/vc_column][\/vc_row][vc_row][vc_column][vc_separator][\/vc_column][\/vc_row][vc_row][vc_column][vc_empty_space height=\u00bb52px\u00bb][vc_column_text] \u00bfQu\u00e9 cambios se est\u00e1n realizando en el BioBlitz de la Frontera? Este a\u00f1o hemos desarrollado un modelo descentralizado [&hellip;]<\/p>\n","protected":false},"author":11,"featured_media":0,"parent":0,"menu_order":0,"comment_status":"closed","ping_status":"closed","template":"","meta":{"footnotes":""},"acf":[],"_links":{"self":[{"href":"https:\/\/nextgensd.com\/es\/wp-json\/wp\/v2\/pages\/17541"}],"collection":[{"href":"https:\/\/nextgensd.com\/es\/wp-json\/wp\/v2\/pages"}],"about":[{"href":"https:\/\/nextgensd.com\/es\/wp-json\/wp\/v2\/types\/page"}],"author":[{"embeddable":true,"href":"https:\/\/nextgensd.com\/es\/wp-json\/wp\/v2\/users\/11"}],"replies":[{"embeddable":true,"href":"https:\/\/nextgensd.com\/es\/wp-json\/wp\/v2\/comments?post=17541"}],"version-history":[{"count":4,"href":"https:\/\/nextgensd.com\/es\/wp-json\/wp\/v2\/pages\/17541\/revisions"}],"predecessor-version":[{"id":17545,"href":"https:\/\/nextgensd.com\/es\/wp-json\/wp\/v2\/pages\/17541\/revisions\/17545"}],"wp:attachment":[{"href":"https:\/\/nextgensd.com\/es\/wp-json\/wp\/v2\/media?parent=17541"}],"curies":[{"name":"wp","href":"https:\/\/api.w.org\/{rel}","templated":true}]}}