{"id":17532,"date":"2022-02-25T02:09:20","date_gmt":"2022-02-25T02:09:20","guid":{"rendered":"https:\/\/nextgensd.com\/?page_id=17532"},"modified":"2026-01-24T04:14:08","modified_gmt":"2026-01-24T04:14:08","slug":"border-bioblitz-2022","status":"publish","type":"page","link":"https:\/\/nextgensd.com\/es\/border-bioblitz-2022\/","title":{"rendered":"BioBlitz de la Frontera 2022"},"content":{"rendered":"\t\t<div data-elementor-type=\"wp-page\" data-elementor-id=\"17532\" class=\"elementor elementor-17532\" data-elementor-post-type=\"page\">\n\t\t\t\t\t\t<section class=\"elementor-section elementor-top-section elementor-element elementor-element-2007ff8 elementor-section-boxed elementor-section-height-default elementor-section-height-default\" data-id=\"2007ff8\" data-element_type=\"section\">\n\t\t\t\t\t\t<div class=\"elementor-container elementor-column-gap-default\">\n\t\t\t\t\t<div class=\"elementor-column elementor-col-100 elementor-top-column elementor-element elementor-element-5c7fa91\" data-id=\"5c7fa91\" data-element_type=\"column\">\n\t\t\t<div class=\"elementor-widget-wrap elementor-element-populated\">\n\t\t\t\t\t\t<div class=\"elementor-element elementor-element-6951662 elementor-widget elementor-widget-text-editor\" data-id=\"6951662\" data-element_type=\"widget\" data-widget_type=\"text-editor.default\">\n\t\t\t\t<div class=\"elementor-widget-container\">\n\t\t\t<style>\/*! elementor - v3.23.0 - 05-08-2024 *\/\n.elementor-widget-text-editor.elementor-drop-cap-view-stacked .elementor-drop-cap{background-color:#69727d;color:#fff}.elementor-widget-text-editor.elementor-drop-cap-view-framed .elementor-drop-cap{color:#69727d;border:3px solid;background-color:transparent}.elementor-widget-text-editor:not(.elementor-drop-cap-view-default) .elementor-drop-cap{margin-top:8px}.elementor-widget-text-editor:not(.elementor-drop-cap-view-default) .elementor-drop-cap-letter{width:1em;height:1em}.elementor-widget-text-editor .elementor-drop-cap{float:left;text-align:center;line-height:1;font-size:50px}.elementor-widget-text-editor .elementor-drop-cap-letter{display:inline-block}<\/style>\t\t\t\t\n<figure class=\"wp-block-image size-large\"><img fetchpriority=\"high\" decoding=\"async\" width=\"1024\" height=\"425\" class=\"wp-image-20249\" src=\"https:\/\/nextgensd.com\/wp-content\/uploads\/2023\/07\/2022-1024x425.jpg\" alt=\"\" srcset=\"https:\/\/nextgensd.com\/wp-content\/uploads\/2023\/07\/2022-1024x425.jpg 1024w, https:\/\/nextgensd.com\/wp-content\/uploads\/2023\/07\/2022-300x125.jpg 300w, https:\/\/nextgensd.com\/wp-content\/uploads\/2023\/07\/2022-768x319.jpg 768w, https:\/\/nextgensd.com\/wp-content\/uploads\/2023\/07\/2022-1536x638.jpg 1536w, https:\/\/nextgensd.com\/wp-content\/uploads\/2023\/07\/2022.jpg 1586w\" sizes=\"(max-width: 1024px) 100vw, 1024px\" \/><\/figure>\n\n<p>El BioBlitz de la Frontera es un esfuerzo de ciencia comunitaria que tiene como prop\u00f3sito registrar el mayor n\u00famero posible de especies a lo largo de la frontera M\u00e9xico-E.U. La Nueva Generaci\u00f3n de Investigadores del Desierto Sonorense (N-Gen), junto con organizaciones participantes, invitan a investigadores y miembros del p\u00fablico en general a documentar la extraordinaria biodiversidad de la zona fronteriza.<\/p>\n<p><span class=\"\" title=\"\">\u00a1El BioBlitz de la Frontera 2022\u00a0 se extender\u00e1 durante\u00a0<strong>todo el mes de abril y hasta el 2 de mayo\u00a0<\/strong>para c<\/span>oincidir con el\u00a0<a class=\"\" href=\"https:\/\/www.citizenscience.org\/events\/citizen-science-month\/\" target=\"_blank\" rel=\"noopener noreferrer\">mes de la ciencia ciudadana<\/a>\u00a0y aprovechar oportunidades de colaboraci\u00f3n!<\/p>\n<p>Para participar en este esfuerzo, solamente necesita un\u00a0<i>smartphone<\/i>\u00a0con la aplicaci\u00f3n Naturalista\/iNaturalista (disponible gratis para\u00a0<a href=\"https:\/\/play.google.com\/store\/apps\/details?id=org.inaturalist.android&amp;hl=en\" target=\"_blank\" rel=\"noopener noreferrer\">Android<\/a>\u00a0y\u00a0<a href=\"https:\/\/itunes.apple.com\/us\/app\/inaturalist\/id421397028?mt=8\" target=\"_blank\" rel=\"noopener noreferrer\">iOS<\/a>) para\u00a0<a class=\"\" href=\"https:\/\/www.inaturalist.org\/projects\/border-bioblitz-2022\" target=\"_blank\" rel=\"noopener noreferrer\">integrarse a nuestro proyecto<\/a>. \u00a1Tambi\u00e9n puede participar la\u00a0<a class=\"\" href=\"https:\/\/nextgensd.com\/es\/ebird\/\" target=\"_blank\" rel=\"noopener noreferrer\">comunidad de eBird<\/a>!<\/p>\n<p><span class=\"\" title=\"\">Por favor cont\u00e1ctenos con cualquier pregunta en nextgensd2012@gmail.com<\/span><\/p>\t\t\t\t\t\t<\/div>\n\t\t\t\t<\/div>\n\t\t\t\t<div class=\"elementor-element elementor-element-7fd0b69 elementor-widget elementor-widget-button\" data-id=\"7fd0b69\" data-element_type=\"widget\" data-widget_type=\"button.default\">\n\t\t\t\t<div class=\"elementor-widget-container\">\n\t\t\t\t\t<div class=\"elementor-button-wrapper\">\n\t\t\t<a class=\"elementor-button elementor-button-link elementor-size-sm\" href=\"\/join-the-discovery\/\">\n\t\t\t\t\t\t<span class=\"elementor-button-content-wrapper\">\n\t\t\t\t\t\t\t\t\t<span class=\"elementor-button-text\">Join the discovery!<\/span>\n\t\t\t\t\t<\/span>\n\t\t\t\t\t<\/a>\n\t\t<\/div>\n\t\t\t\t<\/div>\n\t\t\t\t<\/div>\n\t\t\t\t\t<\/div>\n\t\t<\/div>\n\t\t\t\t\t<\/div>\n\t\t<\/section>\n\t\t\t\t<section class=\"elementor-section elementor-top-section elementor-element elementor-element-4acae4e elementor-section-boxed elementor-section-height-default elementor-section-height-default\" data-id=\"4acae4e\" data-element_type=\"section\" data-settings=\"{&quot;background_background&quot;:&quot;classic&quot;}\">\n\t\t\t\t\t\t<div class=\"elementor-container elementor-column-gap-default\">\n\t\t\t\t\t<div class=\"elementor-column elementor-col-50 elementor-top-column elementor-element elementor-element-c0aed99\" data-id=\"c0aed99\" data-element_type=\"column\">\n\t\t\t<div class=\"elementor-widget-wrap elementor-element-populated\">\n\t\t\t\t\t\t<div class=\"elementor-element elementor-element-765309f elementor-widget elementor-widget-heading\" data-id=\"765309f\" data-element_type=\"widget\" data-widget_type=\"heading.default\">\n\t\t\t\t<div class=\"elementor-widget-container\">\n\t\t\t<style>\/*! elementor - v3.23.0 - 05-08-2024 *\/\n.elementor-heading-title{padding:0;margin:0;line-height:1}.elementor-widget-heading .elementor-heading-title[class*=elementor-size-]>a{color:inherit;font-size:inherit;line-height:inherit}.elementor-widget-heading .elementor-heading-title.elementor-size-small{font-size:15px}.elementor-widget-heading .elementor-heading-title.elementor-size-medium{font-size:19px}.elementor-widget-heading .elementor-heading-title.elementor-size-large{font-size:29px}.elementor-widget-heading .elementor-heading-title.elementor-size-xl{font-size:39px}.elementor-widget-heading .elementor-heading-title.elementor-size-xxl{font-size:59px}<\/style><h2 class=\"elementor-heading-title elementor-size-default\">\u00bfD\u00f3nde?<\/h2>\t\t<\/div>\n\t\t\t\t<\/div>\n\t\t\t\t<div class=\"elementor-element elementor-element-c02638e elementor-widget elementor-widget-text-editor\" data-id=\"c02638e\" data-element_type=\"widget\" data-widget_type=\"text-editor.default\">\n\t\t\t\t<div class=\"elementor-widget-container\">\n\t\t\t\t\t\t\tCualquier municipio o condado en M\u00e9xico o E.U. que colinde con la frontera internacional.\n\t\t\t\t\t\t<\/div>\n\t\t\t\t<\/div>\n\t\t\t\t\t<\/div>\n\t\t<\/div>\n\t\t\t\t<div class=\"elementor-column elementor-col-50 elementor-top-column elementor-element elementor-element-e9eda8b\" data-id=\"e9eda8b\" data-element_type=\"column\">\n\t\t\t<div class=\"elementor-widget-wrap elementor-element-populated\">\n\t\t\t\t\t\t<div class=\"elementor-element elementor-element-e367a39 elementor-widget elementor-widget-heading\" data-id=\"e367a39\" data-element_type=\"widget\" data-widget_type=\"heading.default\">\n\t\t\t\t<div class=\"elementor-widget-container\">\n\t\t\t<h2 class=\"elementor-heading-title elementor-size-default\">\u00bfCu\u00e1ndo?<\/h2>\t\t<\/div>\n\t\t\t\t<\/div>\n\t\t\t\t<div class=\"elementor-element elementor-element-32fc8a7 elementor-widget elementor-widget-text-editor\" data-id=\"32fc8a7\" data-element_type=\"widget\" data-widget_type=\"text-editor.default\">\n\t\t\t\t<div class=\"elementor-widget-container\">\n\t\t\t\t\t\t\t1 de abril al 3 de mayo\t\t\t\t\t\t<\/div>\n\t\t\t\t<\/div>\n\t\t\t\t\t<\/div>\n\t\t<\/div>\n\t\t\t\t\t<\/div>\n\t\t<\/section>\n\t\t\t\t<section class=\"elementor-section elementor-top-section elementor-element elementor-element-aaeaace elementor-section-boxed elementor-section-height-default elementor-section-height-default\" data-id=\"aaeaace\" data-element_type=\"section\">\n\t\t\t\t\t\t<div class=\"elementor-container elementor-column-gap-default\">\n\t\t\t\t\t<div class=\"elementor-column elementor-col-100 elementor-top-column elementor-element elementor-element-81ccdb8\" data-id=\"81ccdb8\" data-element_type=\"column\">\n\t\t\t<div class=\"elementor-widget-wrap elementor-element-populated\">\n\t\t\t\t\t\t<div class=\"elementor-element elementor-element-ad08910 elementor-widget elementor-widget-image\" data-id=\"ad08910\" data-element_type=\"widget\" data-widget_type=\"image.default\">\n\t\t\t\t<div class=\"elementor-widget-container\">\n\t\t\t<style>\/*! elementor - v3.23.0 - 05-08-2024 *\/\n.elementor-widget-image{text-align:center}.elementor-widget-image a{display:inline-block}.elementor-widget-image a img[src$=\".svg\"]{width:48px}.elementor-widget-image img{vertical-align:middle;display:inline-block}<\/style>\t\t\t\t\t\t\t\t\t\t<img decoding=\"async\" width=\"800\" height=\"410\" src=\"https:\/\/nextgensd.com\/wp-content\/uploads\/2023\/08\/join_banner_eng-1024x525.png\" class=\"attachment-large size-large wp-image-27496\" alt=\"\" srcset=\"https:\/\/nextgensd.com\/wp-content\/uploads\/2023\/08\/join_banner_eng-1024x525.png 1024w, https:\/\/nextgensd.com\/wp-content\/uploads\/2023\/08\/join_banner_eng-300x154.png 300w, https:\/\/nextgensd.com\/wp-content\/uploads\/2023\/08\/join_banner_eng-768x394.png 768w, https:\/\/nextgensd.com\/wp-content\/uploads\/2023\/08\/join_banner_eng-1536x788.png 1536w, https:\/\/nextgensd.com\/wp-content\/uploads\/2023\/08\/join_banner_eng.png 1595w\" sizes=\"(max-width: 800px) 100vw, 800px\" \/>\t\t\t\t\t\t\t\t\t\t\t\t\t<\/div>\n\t\t\t\t<\/div>\n\t\t\t\t\t<\/div>\n\t\t<\/div>\n\t\t\t\t\t<\/div>\n\t\t<\/section>\n\t\t\t\t<section class=\"elementor-section elementor-top-section elementor-element elementor-element-b8d5b9d elementor-section-boxed elementor-section-height-default elementor-section-height-default\" data-id=\"b8d5b9d\" data-element_type=\"section\" data-settings=\"{&quot;background_background&quot;:&quot;classic&quot;}\">\n\t\t\t\t\t\t<div class=\"elementor-container elementor-column-gap-default\">\n\t\t\t\t\t<div class=\"elementor-column elementor-col-100 elementor-top-column elementor-element elementor-element-040e228\" data-id=\"040e228\" data-element_type=\"column\">\n\t\t\t<div class=\"elementor-widget-wrap elementor-element-populated\">\n\t\t\t\t\t\t<div class=\"elementor-element elementor-element-68e9f7a elementor-widget elementor-widget-heading\" data-id=\"68e9f7a\" data-element_type=\"widget\" data-widget_type=\"heading.default\">\n\t\t\t\t<div class=\"elementor-widget-container\">\n\t\t\t<h3 class=\"elementor-heading-title elementor-size-default\">Please follow the recommendations of the WHO and local health authorities to protect yourself and your community.<\/h3>\t\t<\/div>\n\t\t\t\t<\/div>\n\t\t\t\t<div class=\"elementor-element elementor-element-a58ee79 elementor-widget elementor-widget-image\" data-id=\"a58ee79\" data-element_type=\"widget\" data-widget_type=\"image.default\">\n\t\t\t\t<div class=\"elementor-widget-container\">\n\t\t\t\t\t\t\t\t\t\t\t\t\t<img decoding=\"async\" width=\"800\" height=\"162\" src=\"https:\/\/nextgensd.com\/wp-content\/uploads\/2023\/08\/covid_banner-1024x207.png\" class=\"attachment-large size-large wp-image-27498\" alt=\"\" srcset=\"https:\/\/nextgensd.com\/wp-content\/uploads\/2023\/08\/covid_banner-1024x207.png 1024w, https:\/\/nextgensd.com\/wp-content\/uploads\/2023\/08\/covid_banner-300x61.png 300w, https:\/\/nextgensd.com\/wp-content\/uploads\/2023\/08\/covid_banner-768x155.png 768w, https:\/\/nextgensd.com\/wp-content\/uploads\/2023\/08\/covid_banner.png 1114w\" sizes=\"(max-width: 800px) 100vw, 800px\" \/>\t\t\t\t\t\t\t\t\t\t\t\t\t<\/div>\n\t\t\t\t<\/div>\n\t\t\t\t<div class=\"elementor-element elementor-element-cc78740 elementor-widget elementor-widget-text-editor\" data-id=\"cc78740\" data-element_type=\"widget\" data-widget_type=\"text-editor.default\">\n\t\t\t\t<div class=\"elementor-widget-container\">\n\t\t\t\t\t\t\tPor favor siga las recomendaciones de la OMS y las autoridades locales para protegerse y proteger a su comunidad.\t\t\t\t\t\t<\/div>\n\t\t\t\t<\/div>\n\t\t\t\t\t<\/div>\n\t\t<\/div>\n\t\t\t\t\t<\/div>\n\t\t<\/section>\n\t\t\t\t<section class=\"elementor-section elementor-top-section elementor-element elementor-element-78c6b03 elementor-section-boxed elementor-section-height-default elementor-section-height-default\" data-id=\"78c6b03\" data-element_type=\"section\">\n\t\t\t\t\t\t<div class=\"elementor-container elementor-column-gap-default\">\n\t\t\t\t\t<div class=\"elementor-column elementor-col-50 elementor-top-column elementor-element elementor-element-c85a163\" data-id=\"c85a163\" data-element_type=\"column\">\n\t\t\t<div class=\"elementor-widget-wrap elementor-element-populated\">\n\t\t\t\t\t\t<div class=\"elementor-element elementor-element-461759e elementor-widget elementor-widget-heading\" data-id=\"461759e\" data-element_type=\"widget\" data-widget_type=\"heading.default\">\n\t\t\t\t<div class=\"elementor-widget-container\">\n\t\t\t<h3 class=\"elementor-heading-title elementor-size-default\">DISCLAIMER:\n\n<\/h3>\t\t<\/div>\n\t\t\t\t<\/div>\n\t\t\t\t<div class=\"elementor-element elementor-element-3702097 elementor-widget elementor-widget-text-editor\" data-id=\"3702097\" data-element_type=\"widget\" data-widget_type=\"text-editor.default\">\n\t\t\t\t<div class=\"elementor-widget-container\">\n\t\t\t\t\t\t\t<ul><li class=\"western\">All teams are independently organized. N-Gen and\/or collaborating organizations are not responsible for organizing teams.<\/li><li>Each Border BioBlitz team is independently organized. Any\u00a0and all\u00a0views, information, or opinions expressed by teams,\u00a0team organizers, or team members\u00a0are\u00a0their own\u00a0and do not necessarily reflect the views of N-Gen, partner organizations,\u00a0<span lang=\"ES-MX\">other participating individuals<\/span>,\u00a0or any\u00a0other agency.<\/li><li class=\"western\">Each team and\/or participant is responsible for securing licenses and\/or permits and alerting or coordinating with authorities if necessary.<\/li><li class=\"western\">All BioBlitz participants are individuals participating on a voluntary basis, and assume any and all risks involved.<\/li><li class=\"western\">N-Gen and\/or collaborating organizations are not responsible for participants\u2019 actions during the BioBlitz.<\/li><\/ul>\t\t\t\t\t\t<\/div>\n\t\t\t\t<\/div>\n\t\t\t\t\t<\/div>\n\t\t<\/div>\n\t\t\t\t<div class=\"elementor-column elementor-col-50 elementor-top-column elementor-element elementor-element-f3b4490\" data-id=\"f3b4490\" data-element_type=\"column\">\n\t\t\t<div class=\"elementor-widget-wrap elementor-element-populated\">\n\t\t\t\t\t\t<div class=\"elementor-element elementor-element-2682469 elementor-widget elementor-widget-heading\" data-id=\"2682469\" data-element_type=\"widget\" data-widget_type=\"heading.default\">\n\t\t\t\t<div class=\"elementor-widget-container\">\n\t\t\t<h3 class=\"elementor-heading-title elementor-size-default\">DESLINDE DE RESPONSABILIDADES:\n\n<\/h3>\t\t<\/div>\n\t\t\t\t<\/div>\n\t\t\t\t<div class=\"elementor-element elementor-element-e4ba95d elementor-widget elementor-widget-text-editor\" data-id=\"e4ba95d\" data-element_type=\"widget\" data-widget_type=\"text-editor.default\">\n\t\t\t\t<div class=\"elementor-widget-container\">\n\t\t\t\t\t\t\t<ul><li>Todos los equipos est\u00e1n organizados independientemente. N-Gen y\/o las organizaciones\u00a0asociadas no son responsables de organizar los equipos.<\/li><li>Cada equipo del BioBlitz\u00a0 est\u00e1 organizado de forma independiente. Todas y cada una de las opiniones, informaci\u00f3n o puntos de vista expresadas por los equipos, los organizadores del\/los equipo(s) o los miembros del\/ los equipo(s) son propias y no necesariamente reflejan los puntos de vista de N-Gen, organizaciones participantes, otras personas participantes o cualquier otra agencia u organizaci\u00f3n.<\/li><li>Cada equipo y\/o participante es responsable de obtener las licencias y\/o permisos y de comunicar o coordinar con las autoridades en caso de ser necesario.<\/li><li>Todos los colaboradores\u00a0del BioBlitz de la Frontera participan de manera voluntaria y asumen cualquier\u00a0riesgo\u00a0que esto\u00a0implique.<\/li><li>N-Gen y\/o las organizaciones asociadas no son responsables de los actos y\/o acciones de los participantes durante el BioBlitz.<\/li><\/ul>\t\t\t\t\t\t<\/div>\n\t\t\t\t<\/div>\n\t\t\t\t\t<\/div>\n\t\t<\/div>\n\t\t\t\t\t<\/div>\n\t\t<\/section>\n\t\t\t\t<\/div>\n\t\t","protected":false},"excerpt":{"rendered":"<p>El BioBlitz de la Frontera es un esfuerzo de ciencia comunitaria que tiene como prop\u00f3sito registrar el mayor n\u00famero posible de especies a lo largo de la frontera M\u00e9xico-E.U. La Nueva Generaci\u00f3n de Investigadores del Desierto Sonorense (N-Gen), junto con organizaciones participantes, invitan a investigadores y miembros del p\u00fablico en general a documentar la extraordinaria [&hellip;]<\/p>\n","protected":false},"author":11,"featured_media":20250,"parent":0,"menu_order":0,"comment_status":"closed","ping_status":"closed","template":"","meta":{"footnotes":""},"acf":[],"_links":{"self":[{"href":"https:\/\/nextgensd.com\/es\/wp-json\/wp\/v2\/pages\/17532"}],"collection":[{"href":"https:\/\/nextgensd.com\/es\/wp-json\/wp\/v2\/pages"}],"about":[{"href":"https:\/\/nextgensd.com\/es\/wp-json\/wp\/v2\/types\/page"}],"author":[{"embeddable":true,"href":"https:\/\/nextgensd.com\/es\/wp-json\/wp\/v2\/users\/11"}],"replies":[{"embeddable":true,"href":"https:\/\/nextgensd.com\/es\/wp-json\/wp\/v2\/comments?post=17532"}],"version-history":[{"count":10,"href":"https:\/\/nextgensd.com\/es\/wp-json\/wp\/v2\/pages\/17532\/revisions"}],"predecessor-version":[{"id":36705,"href":"https:\/\/nextgensd.com\/es\/wp-json\/wp\/v2\/pages\/17532\/revisions\/36705"}],"wp:featuredmedia":[{"embeddable":true,"href":"https:\/\/nextgensd.com\/es\/wp-json\/wp\/v2\/media\/20250"}],"wp:attachment":[{"href":"https:\/\/nextgensd.com\/es\/wp-json\/wp\/v2\/media?parent=17532"}],"curies":[{"name":"wp","href":"https:\/\/api.w.org\/{rel}","templated":true}]}}