{"id":17342,"date":"2021-03-12T22:58:07","date_gmt":"2021-03-12T22:58:07","guid":{"rendered":"https:\/\/nextgensd.com\/?page_id=17342"},"modified":"2021-03-26T23:32:32","modified_gmt":"2021-03-26T23:32:32","slug":"capacitacion-naturalista","status":"publish","type":"page","link":"https:\/\/nextgensd.com\/es\/capacitacion-naturalista\/","title":{"rendered":"Capacitaciones y webinarios"},"content":{"rendered":"<p>[vc_row][vc_column][vc_empty_space][vc_column_text]Algunas organizaciones participantes ofrecen capacitaciones en l\u00ednea y webinarios. \u00a1Ent\u00e9rate aqu\u00ed![\/vc_column_text][vc_empty_space][\/vc_column][\/vc_row][vc_row][vc_column][vc_empty_space][vc_toggle title=\u00bbAbril\u00bb color=\u00bbpurple\u00bb size=\u00bblg\u00bb]<span style=\"color: #63a824;\"><span style=\"font-size: xx-large;\">El Estado de la Biodiversidad en la Frontera<\/span><\/span><\/p>\n<p><span style=\"color: #000000;\"><span style=\"font-size: xx-large;\">Viernes 9 de abril de 12 &#8211; 1 PM<\/span><\/span><\/p>\n<p><span style=\"font-size: large;\"><br \/>\n<\/span><span style=\"font-size: large;\">El<\/span> <span style=\"color: #0000ff;\"><u><a href=\"https:\/\/nextgensd.com\/es\/border-bioblitz-2021\/\"><span style=\"color: #63a824;\"><span style=\"font-size: large;\">BioBlitz de la Frontera 2021<\/span><\/span><\/a><\/u><\/span> <span style=\"font-size: large;\">es un esfuerzo de ciencia comunitaria que tiene como prop\u00f3sito registrar el mayor n\u00famero posible de especies a lo largo de frontera M\u00e9xico &#8211; EUA durante todo el mes de abril. \u00danete a los miembros del proyecto mientras comparten actualizaciones y dialogan sobre la importancia de la colaboraci\u00f3n binacional para documentar, proteger y preservar esta regi\u00f3n \u00fanica. Tambi\u00e9n aprender\u00e1s como puedes contribuir a este esfuerzo tan importante &#8211; \u00a1Es tan f\u00e1cil como usar un smartphone o una computadora! Aseg\u00farate de descargar la aplicaci\u00f3n de <\/span><span style=\"color: #63a824;\"><u><a href=\"https:\/\/www.inaturalist.org\/projects\/border-bioblitz-2021\"><span style=\"color: #63a824;\"><span style=\"font-size: large;\">NaturaLista<\/span><\/span><\/a><\/u><\/span><span style=\"font-size: large;\"> (disponible gratis para Android y iOS) antes de la pl\u00e1tica para unirte a nuestro proyecto. Los usuarios de eBird tambi\u00e9n pueden participar.<\/span><\/p>\n<p><span style=\"font-size: large;\">Este evento es gratuito; pero se requiere inscribirse con anticipaci\u00f3n. El idioma oficial de la reuni\u00f3n ser\u00e1 el ingl\u00e9s.\u202fHabr\u00e1 interpretaci\u00f3n simult\u00e1nea espa\u00f1ol.\u202f<\/span><\/p>\n<p><span style=\"color: #000000;\"><span style=\"font-size: large;\">Incr\u00edbete aqu\u00ed,<\/span><\/span><\/p>\n<p><u><a href=\"https:\/\/1830.blackbaudhosting.com\/1830\/tickets?tab=2&amp;txobjid=7745d97d-6d68-4d01-add6-2b6803c53244\" target=\"_blank\" rel=\"noopener noreferrer\"><span style=\"color: #63a824;\"><span style=\"font-size: large;\"><span style=\"color: #63a824;\">https:\/\/1830.blackbaudhosting.com\/1830\/tickets?tab=2&amp;txobjid=7745d97d-6d68-4d01-add6-2b6803c53244<\/span><\/span><\/span><\/a><\/u><\/p>\n<p><em><span style=\"color: #000000;\"><span style=\"font-size: large;\">Este evento tambi\u00e9n ser\u00e1 transmitido en vivo en el canal de Facebook del museo. \u00a0<\/span><\/span><\/em>[\/vc_toggle][vc_empty_space][vc_toggle title=\u00bbMarzo\u00bb color=\u00bbpurple\u00bb size=\u00bblg\u00bb]<span data-contrast=\"none\">Gu\u00eda por nuestros expertos para el\u00a0<\/span><span data-contrast=\"none\">uso<\/span><span data-contrast=\"none\">\u00a0de NaturaLista<\/span><span data-ccp-props=\"{&quot;201341983&quot;:0,&quot;335559739&quot;:200,&quot;335559740&quot;:240}\">\u00a0<\/span><\/p>\n<p><span data-ccp-props=\"{&quot;201341983&quot;:0,&quot;335559739&quot;:200,&quot;335559740&quot;:240}\">\u00a0<\/span><\/p>\n<p><span data-contrast=\"auto\">Acomp\u00e1\u00f1<\/span><span data-contrast=\"auto\">a<\/span><span data-contrast=\"auto\">nos con el curador de\u00a0<\/span><span data-contrast=\"auto\">bot\u00e1nica<\/span><span data-contrast=\"auto\">\u00a0<\/span><span data-contrast=\"auto\">y\u00a0<\/span><span data-contrast=\"auto\">explorador<\/span><span data-contrast=\"auto\">\u00a0<\/span><span data-contrast=\"auto\">de National Geographic, el Dr. Jon\u00a0<\/span><span data-contrast=\"auto\">Rebman<\/span><span data-contrast=\"auto\">, junto con la Dra. Sula\u00a0<\/span><span data-contrast=\"auto\">Vanderplank<\/span><span data-contrast=\"auto\">,\u00a0<\/span><span data-contrast=\"auto\">directora<\/span><span data-contrast=\"auto\">\u00a0<\/span><span data-contrast=\"auto\">del<\/span><span data-contrast=\"auto\">\u00a0<\/span><span data-contrast=\"auto\">Programa<\/span><span data-contrast=\"auto\">\u00a0de\u00a0<\/span><span data-contrast=\"auto\">Conservaci\u00f3n<\/span><span data-contrast=\"auto\">\u00a0de\u00a0<\/span><span data-contrast=\"auto\">Ecosistemas<\/span><span data-contrast=\"auto\">\u00a0<\/span><span data-contrast=\"auto\">Terrestres<\/span><span data-contrast=\"auto\">\u00a0de\u00a0<\/span><span data-contrast=\"auto\">Pronatura<\/span><span data-contrast=\"auto\">\u00a0<\/span><span data-contrast=\"auto\">Noroeste<\/span><span data-contrast=\"auto\">,\u00a0<\/span><span data-contrast=\"auto\">durante<\/span><span data-contrast=\"auto\">\u00a0<\/span><span data-contrast=\"auto\">una<\/span><span data-contrast=\"auto\">\u00a0noche para perfeccionar\u00a0<\/span><span data-contrast=\"auto\">t<\/span><span data-contrast=\"auto\">us observaciones de plantas\u00a0<\/span><span data-contrast=\"auto\">en<\/span><span data-contrast=\"auto\">\u00a0NaturaLista. Jon y Sula\u00a0<\/span><span data-contrast=\"auto\">compartir\u00e1n<\/span><span data-contrast=\"auto\">\u00a0<\/span><span data-contrast=\"auto\">sugerencias<\/span><span data-contrast=\"auto\">\u00a0y tips\u00a0<\/span><span data-contrast=\"auto\">sobre<\/span><span data-contrast=\"auto\">\u00a0<\/span><span data-contrast=\"auto\">c\u00f3mo<\/span><span data-contrast=\"auto\">\u00a0<\/span><span data-contrast=\"auto\">hacer<\/span><span data-contrast=\"auto\">\u00a0observaciones de\u00a0<\/span><span data-contrast=\"auto\">alta<\/span><span data-contrast=\"auto\">\u00a0<\/span><span data-contrast=\"auto\">calidad<\/span><span data-contrast=\"auto\">\u00a0y\u00a0<\/span><span data-contrast=\"auto\">de\u00a0<\/span><span data-contrast=\"auto\">gran valor<\/span><span data-contrast=\"auto\">\u00a0para la\u00a0<\/span><span data-contrast=\"auto\">ciencia<\/span><span data-contrast=\"auto\">. Este\u00a0<\/span><span data-contrast=\"auto\">entrenamiento<\/span><span data-contrast=\"auto\">\u00a0<\/span><span data-contrast=\"auto\">est\u00e1<\/span><span data-contrast=\"auto\">\u00a0<\/span><span data-contrast=\"auto\">dirigido<\/span><span data-contrast=\"auto\">\u00a0a\u00a0<\/span><span data-contrast=\"auto\">participantes<\/span><span data-contrast=\"auto\">\u00a0con\u00a0<\/span><span data-contrast=\"auto\">experiencia<\/span><span data-contrast=\"auto\">\u00a0<\/span><span data-contrast=\"auto\">usando<\/span><span data-contrast=\"auto\">\u00a0NaturaLista y con\u00a0<\/span><span data-contrast=\"auto\">inter\u00e9s<\/span><span data-contrast=\"auto\">\u00a0<\/span><span data-contrast=\"auto\">en<\/span><span data-contrast=\"auto\">\u00a0<\/span><span data-contrast=\"auto\">aprender<\/span><span data-contrast=\"auto\">\u00a0<\/span><span data-contrast=\"auto\">m\u00e1s<\/span><span data-contrast=\"auto\">\u00a0<\/span><span data-contrast=\"auto\">sobre<\/span><span data-contrast=\"auto\">\u00a0<\/span><span data-contrast=\"auto\">bot\u00e1nica<\/span><span data-contrast=\"auto\">\u00a0y la\u00a0<\/span><span data-contrast=\"auto\">diversidad<\/span><span data-contrast=\"auto\">\u00a0de plantas de Baja California,\u00a0<\/span><span data-contrast=\"auto\">as\u00ed<\/span><span data-contrast=\"auto\">\u00a0<\/span><span data-contrast=\"auto\">como<\/span><span data-contrast=\"auto\">\u00a0<\/span><span data-contrast=\"auto\">en<\/span><span data-contrast=\"auto\">\u00a0<\/span><span data-contrast=\"auto\">usar<\/span><span data-contrast=\"auto\">\u00a0<\/span><span data-contrast=\"auto\">recursos<\/span><span data-contrast=\"auto\">\u00a0para la\u00a0<\/span><span data-contrast=\"auto\">identificaci\u00f3n<\/span><span data-contrast=\"auto\">\u00a0de\u00a0<\/span><span data-contrast=\"auto\">especies<\/span><span data-contrast=\"auto\">,\u00a0<\/span><span data-contrast=\"auto\">como<\/span><span data-contrast=\"auto\">\u00a0la\u00a0<\/span><span data-contrast=\"auto\">p\u00e1gina<\/span><span data-contrast=\"auto\">\u00a0de\u00a0<\/span><span data-contrast=\"auto\">baja<\/span><span data-contrast=\"auto\">\u00a0flora\u00a0<\/span><a href=\"http:\/\/bajaflora.org\/\"><span data-contrast=\"none\">http:\/\/bajaflora.org\/<\/span><\/a><a href=\"http:\/\/bajaflora.org\/\"><span data-contrast=\"none\">.<\/span><\/a><span data-ccp-props=\"{&quot;201341983&quot;:0,&quot;335559739&quot;:200,&quot;335559740&quot;:276}\">\u00a0<\/span><\/p>\n<p><span data-ccp-props=\"{&quot;201341983&quot;:0,&quot;335559739&quot;:200,&quot;335559740&quot;:276}\">\u00a0<\/span><\/p>\n<p><span data-contrast=\"auto\">Las personas\u00a0<\/span><span data-contrast=\"auto\">registradas<\/span><span data-contrast=\"auto\">\u00a0<\/span><span data-contrast=\"auto\">recibir\u00e1n<\/span><span data-contrast=\"auto\">\u00a0<\/span><span data-contrast=\"auto\">recursos<\/span><span data-contrast=\"auto\">\u00a0<\/span><span data-contrast=\"auto\">digitales<\/span><span data-contrast=\"auto\">\u00a0<\/span><span data-contrast=\"auto\">gratuitos<\/span><span data-contrast=\"auto\">\u00a0para\u00a0<\/span><span data-contrast=\"auto\">mejorar<\/span><span data-contrast=\"auto\">\u00a0<\/span><span data-contrast=\"auto\">sus<\/span><span data-contrast=\"auto\">\u00a0observaciones\u00a0<\/span><span data-contrast=\"auto\">de<\/span><span data-contrast=\"auto\">\u00a0plantas y\u00a0<\/span><span data-contrast=\"auto\">habilidades<\/span><span data-contrast=\"auto\">\u00a0de\u00a0<\/span><span data-contrast=\"auto\">identificaci\u00f3n<\/span><span data-contrast=\"auto\">.\u00a0<\/span><span data-contrast=\"auto\">Si\u00a0<\/span><span data-contrast=\"auto\">necesitas<\/span><span data-contrast=\"auto\">\u00a0<\/span><span data-contrast=\"auto\">ayuda<\/span><span data-contrast=\"auto\">\u00a0con las\u00a0<\/span><span data-contrast=\"auto\">funciones<\/span><span data-contrast=\"auto\">\u00a0<\/span><span data-contrast=\"auto\">generales<\/span><span data-contrast=\"auto\">\u00a0de el\u00a0<\/span><span data-contrast=\"auto\">sitio<\/span><span data-contrast=\"auto\">\u00a0web o las\u00a0<\/span><span data-contrast=\"auto\">aplicaciones<\/span><span data-contrast=\"auto\">\u00a0<\/span><span data-contrast=\"auto\">m\u00f3viles<\/span><span data-contrast=\"auto\">\u00a0de NaturaLista, por favor\u00a0<\/span><span data-contrast=\"auto\">revisa<\/span><span data-contrast=\"auto\">\u00a0<\/span><span data-contrast=\"auto\">los<\/span><span data-contrast=\"auto\">\u00a0<\/span><span data-contrast=\"auto\">tutoriales<\/span><span data-contrast=\"auto\">\u00a0<\/span><span data-contrast=\"auto\">disponibles<\/span><span data-contrast=\"auto\">\u00a0<\/span><a href=\"https:\/\/www.naturalista.mx\/pages\/video+tutorials\"><span data-contrast=\"none\">aqu\u00ed<\/span><\/a><span data-contrast=\"auto\">\u00a0antes de\u00a0<\/span><span data-contrast=\"auto\">asistir<\/span><span data-contrast=\"auto\">\u00a0a la\u00a0<\/span><span data-contrast=\"auto\">conferencia<\/span><span data-contrast=\"auto\">.<\/span><span data-ccp-props=\"{&quot;201341983&quot;:0,&quot;335559739&quot;:200,&quot;335559740&quot;:276}\">\u00a0<\/span><\/p>\n<p><span data-ccp-props=\"{&quot;201341983&quot;:0,&quot;335559739&quot;:200,&quot;335559740&quot;:276}\">\u00a0<\/span><\/p>\n<p><span data-contrast=\"auto\">Para\u00a0<\/span><span data-contrast=\"auto\">asistir<\/span><span data-contrast=\"auto\">\u00a0<\/span><span data-contrast=\"auto\">a<\/span><span data-contrast=\"auto\">\u00a0<\/span><span data-contrast=\"auto\">esta<\/span><span data-contrast=\"auto\">\u00a0<\/span><span data-contrast=\"auto\">conferencia<\/span><span data-contrast=\"auto\">\u00a0virtual gratis<\/span><span data-contrast=\"auto\">\u00a0<\/span><span data-contrast=\"auto\">n<\/span><span data-contrast=\"auto\">o necesita<\/span><span data-contrast=\"auto\">s<\/span><span data-contrast=\"auto\">\u00a0una cuenta de Zoom para participar, pero\u202fse<\/span><span data-contrast=\"auto\">r\u00e1<\/span><span data-contrast=\"auto\">\u00a0<\/span><span data-contrast=\"auto\">necesario<\/span><span data-contrast=\"auto\">\u00a0<\/span><span data-contrast=\"auto\">un\u00a0<\/span><span data-contrast=\"auto\">correo electr\u00f3nico<\/span><span data-contrast=\"auto\">\u00a0<\/span><span data-contrast=\"auto\">para iniciar<\/span><span data-contrast=\"auto\">\u202fla\u202fsesi\u00f3n<\/span><span data-contrast=\"auto\">.<\/span><span data-ccp-props=\"{&quot;201341983&quot;:0,&quot;335559739&quot;:200,&quot;335559740&quot;:276}\">\u00a0<\/span><\/p>\n<p><span data-ccp-props=\"{&quot;201341983&quot;:0,&quot;335559739&quot;:200,&quot;335559740&quot;:276}\">\u00a0<\/span><\/p>\n<p><a href=\"http:\/\/1830.blackbaudhosting.com\/1830\/tickets?tab=2&amp;txobjid=d87355d3-7463-47ec-8277-f1087dc1d2c8\"><span data-contrast=\"none\">Mi\u00e9rcoles 24 de marzo de 6 a 7:30 p.m.<\/span><\/a><span data-ccp-props=\"{&quot;201341983&quot;:0,&quot;335559739&quot;:200,&quot;335559740&quot;:240}\">\u00a0<\/span><\/p>\n<p><span data-ccp-props=\"{&quot;201341983&quot;:0,&quot;335559739&quot;:200,&quot;335559740&quot;:240}\">\u00a0<\/span><a href=\"http:\/\/1830.blackbaudhosting.com\/1830\/tickets?tab=2&amp;txobjid=d52ba402-8948-4494-b0ad-651011290896\"><span data-contrast=\"none\">Mi\u00e9rcoles 21 de abril de 6 a 7:30 p.m.<\/span><\/a><span data-ccp-props=\"{&quot;201341983&quot;:0,&quot;335559739&quot;:200,&quot;335559740&quot;:240}\">\u00a0<\/span>[\/vc_toggle][vc_empty_space][\/vc_column][\/vc_row]<\/p>\n","protected":false},"excerpt":{"rendered":"<p>[vc_row][vc_column][vc_empty_space][vc_column_text]Algunas organizaciones participantes ofrecen capacitaciones en l\u00ednea y webinarios. \u00a1Ent\u00e9rate aqu\u00ed![\/vc_column_text][vc_empty_space][\/vc_column][\/vc_row][vc_row][vc_column][vc_empty_space][vc_toggle title=\u00bbAbril\u00bb color=\u00bbpurple\u00bb size=\u00bblg\u00bb]El Estado de la Biodiversidad en la Frontera Viernes 9 de abril de 12 &#8211; 1 PM El BioBlitz de la Frontera 2021 es un esfuerzo de ciencia comunitaria que tiene como prop\u00f3sito registrar el mayor n\u00famero posible de especies a lo [&hellip;]<\/p>\n","protected":false},"author":11,"featured_media":0,"parent":0,"menu_order":0,"comment_status":"closed","ping_status":"closed","template":"","meta":{"_acf_changed":false,"footnotes":""},"class_list":["post-17342","page","type-page","status-publish","hentry"],"acf":[],"_links":{"self":[{"href":"https:\/\/nextgensd.com\/es\/wp-json\/wp\/v2\/pages\/17342","targetHints":{"allow":["GET"]}}],"collection":[{"href":"https:\/\/nextgensd.com\/es\/wp-json\/wp\/v2\/pages"}],"about":[{"href":"https:\/\/nextgensd.com\/es\/wp-json\/wp\/v2\/types\/page"}],"author":[{"embeddable":true,"href":"https:\/\/nextgensd.com\/es\/wp-json\/wp\/v2\/users\/11"}],"replies":[{"embeddable":true,"href":"https:\/\/nextgensd.com\/es\/wp-json\/wp\/v2\/comments?post=17342"}],"version-history":[{"count":5,"href":"https:\/\/nextgensd.com\/es\/wp-json\/wp\/v2\/pages\/17342\/revisions"}],"predecessor-version":[{"id":17396,"href":"https:\/\/nextgensd.com\/es\/wp-json\/wp\/v2\/pages\/17342\/revisions\/17396"}],"wp:attachment":[{"href":"https:\/\/nextgensd.com\/es\/wp-json\/wp\/v2\/media?parent=17342"}],"curies":[{"name":"wp","href":"https:\/\/api.w.org\/{rel}","templated":true}]}}