{"id":17293,"date":"2021-02-21T00:30:39","date_gmt":"2021-02-21T00:30:39","guid":{"rendered":"https:\/\/nextgensd.com\/?page_id=17293"},"modified":"2021-02-21T00:43:48","modified_gmt":"2021-02-21T00:43:48","slug":"preguntas-frecuentes","status":"publish","type":"page","link":"https:\/\/nextgensd.com\/es\/preguntas-frecuentes\/","title":{"rendered":"Preguntas frecuentes"},"content":{"rendered":"<p>[vc_row][vc_column][vc_empty_space][vc_toggle title=\u00bb\u00bfHabr\u00e1 BioBlitz de la Frontera este a\u00f1o?\u00bb color=\u00bbpurple\u00bb size=\u00bblg\u00bb]<\/p>\n<h5><span style=\"font-weight: 400;\">Despu\u00e9s de una cuidadosa consideraci\u00f3n hemos decidido llevar a cabo el BioBlitz de la frontera este a\u00f1o con un nuevo modelo, para as\u00ed permitir que las personas documenten de manera segura la biodiversidad en las comunidades fronterizas. Hemos cancelado todos los nodos y eventos grupales, y en su lugar, invitamos a las personas a participar individualmente de cualquier manera que puedan, ya sea desde la extensa naturaleza salvaje o desde la seguridad de sus hogares.<\/span><\/h5>\n<h5><span style=\"font-weight: 400;\">Instamos a todas y todos los participantes a seguir las directrices de la <a class=\"\" href=\"https:\/\/www.who.int\/es\/emergencies\/diseases\/novel-coronavirus-2019\" target=\"_blank\" rel=\"noopener noreferrer\">OMS<\/a> y de las autoridades sanitarias locales, ya que estas est\u00e1n cambiando en tiempo real. La seguridad de las y los participantes y sus comunidades es y ser\u00e1 siempre nuestra m\u00e1xima prioridad.<\/span><\/h5>\n<p>[\/vc_toggle][vc_empty_space height=\u00bb12px\u00bb][vc_toggle title=\u00bb\u00bfC\u00f3mo definen la frontera?\u00bb color=\u00bbpurple\u00bb size=\u00bblg\u00bb]<\/p>\n<h5><span style=\"font-weight: 400;\">Sabemos que las zonas fronterizas son una regi\u00f3n diversa y compleja. En algunas \u00e1reas, nuestras zonas fronterizas son amplias; en otras, se reducen a una franja estrecha a trav\u00e9s de \u00e1reas urbanas. <\/span><\/h5>\n<h5><span style=\"font-weight: 400;\">Estamos definiendo las comunidades fronterizas como cualquier municipio o condado de M\u00e9xico o los EE. UU., adyacente a la frontera internacional. Esta definici\u00f3n amplia permitir\u00e1 a las personas aventurarse en espacios seguros al aire libre y tambi\u00e9n a participar desde sus hogares o colonias en \u00e1reas urbanas.<\/span><\/h5>\n<p>[\/vc_toggle][vc_empty_space height=\u00bb12px\u00bb][vc_toggle title=\u00bb\u00bfNecesito ser bi\u00f3loga\/o para participar?\u00bb color=\u00bbpurple\u00bb size=\u00bblg\u00bb]<\/p>\n<h5><span style=\"font-weight: 400;\">\u00a1Para nada! Alentamos a participar a personas de todas las edades, profesiones y niveles de experiencia. Todo lo que necesitas es un smartphone con la aplicaci\u00f3n Naturalista o iNaturalist. Para obtener m\u00e1s informaci\u00f3n, visita la secci\u00f3n de <a class=\"\" href=\"https:\/\/nextgensd.com\/es\/tutoriales-para-participantes\/\" target=\"_blank\" rel=\"noopener noreferrer\">tutoriales<\/a>.<\/span><\/h5>\n<p>[\/vc_toggle][vc_empty_space height=\u00bb12px\u00bb][vc_toggle title=\u00bb\u00bfC\u00f3mo puede colaborar mi organizaci\u00f3n?\u00bb color=\u00bbpurple\u00bb size=\u00bblg\u00bb]<\/p>\n<h5><span style=\"font-weight: 400;\">Si tu organizaci\u00f3n desea apoyar el BioBlitz de la frontera con actividades de divulgaci\u00f3n y\/u orientaci\u00f3n local, comun\u00edcate con nosotros a nextgensd2012 [arroba] gmail [punto] com.<\/span><\/h5>\n<h5><span style=\"font-weight: 400;\">Su logotipo ser\u00e1 incluido en el sitio web del BioBlitz de la frontera, as\u00ed como en materiales de divulgaci\u00f3n e informes t\u00e9cnicos.<br \/>\n<\/span><\/h5>\n<p>[\/vc_toggle][vc_empty_space height=\u00bb12px\u00bb][vc_empty_space][\/vc_column][\/vc_row]<\/p>\n","protected":false},"excerpt":{"rendered":"<p>[vc_row][vc_column][vc_empty_space][vc_toggle title=\u00bb\u00bfHabr\u00e1 BioBlitz de la Frontera este a\u00f1o?\u00bb color=\u00bbpurple\u00bb size=\u00bblg\u00bb] Despu\u00e9s de una cuidadosa consideraci\u00f3n hemos decidido llevar a cabo el BioBlitz de la frontera este a\u00f1o con un nuevo modelo, para as\u00ed permitir que las personas documenten de manera segura la biodiversidad en las comunidades fronterizas. Hemos cancelado todos los nodos y eventos grupales, [&hellip;]<\/p>\n","protected":false},"author":11,"featured_media":0,"parent":0,"menu_order":0,"comment_status":"closed","ping_status":"closed","template":"","meta":{"footnotes":""},"acf":[],"_links":{"self":[{"href":"https:\/\/nextgensd.com\/es\/wp-json\/wp\/v2\/pages\/17293"}],"collection":[{"href":"https:\/\/nextgensd.com\/es\/wp-json\/wp\/v2\/pages"}],"about":[{"href":"https:\/\/nextgensd.com\/es\/wp-json\/wp\/v2\/types\/page"}],"author":[{"embeddable":true,"href":"https:\/\/nextgensd.com\/es\/wp-json\/wp\/v2\/users\/11"}],"replies":[{"embeddable":true,"href":"https:\/\/nextgensd.com\/es\/wp-json\/wp\/v2\/comments?post=17293"}],"version-history":[{"count":5,"href":"https:\/\/nextgensd.com\/es\/wp-json\/wp\/v2\/pages\/17293\/revisions"}],"predecessor-version":[{"id":17298,"href":"https:\/\/nextgensd.com\/es\/wp-json\/wp\/v2\/pages\/17293\/revisions\/17298"}],"wp:attachment":[{"href":"https:\/\/nextgensd.com\/es\/wp-json\/wp\/v2\/media?parent=17293"}],"curies":[{"name":"wp","href":"https:\/\/api.w.org\/{rel}","templated":true}]}}