{"id":17284,"date":"2021-02-20T23:55:16","date_gmt":"2021-02-20T23:55:16","guid":{"rendered":"https:\/\/nextgensd.com\/?page_id=17284"},"modified":"2021-03-26T00:30:35","modified_gmt":"2021-03-26T00:30:35","slug":"organizaciones-participantes","status":"publish","type":"page","link":"https:\/\/nextgensd.com\/es\/organizaciones-participantes\/","title":{"rendered":"Organizaciones participantes"},"content":{"rendered":"<p>[vc_row][vc_column][vc_empty_space height=\u00bb52px\u00bb][vc_empty_space height=\u00bb52px\u00bb][vc_column_text]\u00a1El BioBlitz de la Frontera es posible gracias a la colaboraci\u00f3n y el trabajo en equipo a lo largo de la frontera! Las organizaciones participantes apoyan a BioBlitz a trav\u00e9s de actividades de divulgaci\u00f3n, brindando orientaci\u00f3n local relevante y, en algunos casos, con <a class=\"\" href=\"https:\/\/nextgensd.com\/es\/capacitacion-naturalista\/\" target=\"_blank\" rel=\"noopener noreferrer\">capacitaci\u00f3n<\/a> en el uso de la plataforma Naturalista\/iNaturalist. \u00a1Te invitamos a conocerlas![\/vc_column_text][vc_empty_space height=\u00bb52px\u00bb][\/vc_column][\/vc_row][vc_row][vc_column][vc_gmaps link=\u00bb#E-8_JTNDaWZyYW1lJTIwc3JjJTNEJTIyaHR0cHMlM0ElMkYlMkZ3d3cuZ29vZ2xlLmNvbSUyRm1hcHMlMkZkJTJGZW1iZWQlM0ZtaWQlM0QxMDB1djByaEtMNk0wdVNyRGtobzFzNU45a29Va3EzLUIlMjIlMjB3aWR0aCUzRCUyMjY0MCUyMiUyMGhlaWdodCUzRCUyMjQ4MCUyMiUzRSUzQyUyRmlmcmFtZSUzRQ==\u00bb][vc_empty_space height=\u00bb52px\u00bb][\/vc_column][\/vc_row][vc_row][vc_column][vc_separator][\/vc_column][\/vc_row][vc_row][vc_column][vc_empty_space height=\u00bb12px\u00bb][vc_toggle title=\u00bbBotanical Community Development Initiatives\u00bb color=\u00bbpurple\u00bb size=\u00bblg\u00bb]<img decoding=\"async\" style=\"width: 300px;\" src=\"https:\/\/nextgensd.com\/wp-content\/uploads\/2021\/02\/BCDI-logo-500-px.png\" alt=\"BCDI Logo\" \/><\/p>\n<ul>\n<li>Contacto:\n<ul>\n<li>Bianca Bonilla (she\/her), bianca@plantspeoplecommunity.org<\/li>\n<\/ul>\n<\/li>\n<li>P\u00e1gina web:\n<ul>\n<li><a class=\"\" href=\"https:\/\/www.plantspeoplecommunity.org\/\" target=\"_blank\" rel=\"noopener noreferrer\">https:\/\/www.plantspeoplecommunity.org\/<\/a><\/li>\n<\/ul>\n<\/li>\n<li>Redes\u00a0 sociales:\n<ul>\n<li><a class=\"\" href=\"https:\/\/business.facebook.com\/botanicalcommunitydevelopmentinitiatives\/\" target=\"_blank\" rel=\"noopener noreferrer\" data-saferedirecturl=\"https:\/\/www.google.com\/url?q=http:\/\/www.facebook.com\/sandiegonaturalhistorymuseum&amp;source=gmail&amp;ust=1613586945868000&amp;usg=AFQjCNG9fTLzleYmyPz0JtjZJeTowDc1JA\">Facebook<\/a>: Botanical Community Development Initiatives<\/li>\n<li><a class=\"\" href=\"https:\/\/www.instagram.com\/plantspeoplecommunity\/\" target=\"_blank\" rel=\"noopener noreferrer\" data-saferedirecturl=\"https:\/\/www.google.com\/url?q=https:\/\/www.instagram.com\/sdnhm\/&amp;source=gmail&amp;ust=1613586945868000&amp;usg=AFQjCNFiF-lnlqXUFTaz2hnSH8_T9KRdLg\">Instagram<\/a>: @plantspeoplecommunity<\/li>\n<li>* Favor de etiquetar a @plantspeoplecommunity cuando sea posible<\/li>\n<\/ul>\n<\/li>\n<\/ul>\n<p>[\/vc_toggle][vc_empty_space height=\u00bb12px\u00bb][vc_toggle title=\u00bbSan Diego Natural History Museum\u00bb color=\u00bbpurple\u00bb size=\u00bblg\u00bb]<img decoding=\"async\" style=\"width: 300px;\" src=\"https:\/\/nextgensd.com\/wp-content\/uploads\/2020\/01\/nat.png\" alt=\"Nat logo\" \/><\/p>\n<ul>\n<li>Contacto:\n<ul>\n<li>Lauren Marino Perez, <a href=\"mailto:LMPerez@sdnhm.org\">LMPerez@sdnhm.org<\/a><\/li>\n<\/ul>\n<\/li>\n<li>P\u00e1gina web:\n<ul>\n<li><a href=\"https:\/\/www.sdnhm.org\/education\/community-science\/\" data-saferedirecturl=\"https:\/\/www.google.com\/url?q=https:\/\/www.sdnhm.org\/education\/community-science\/&amp;source=gmail&amp;ust=1613586945868000&amp;usg=AFQjCNGEhwO-A-_zCcaR20op4I4kA9-kGg\">https:\/\/www.sdnhm.org\/education\/community-science\/<\/a><\/li>\n<\/ul>\n<\/li>\n<li>Redes\u00a0 sociales:\n<ul>\n<li><a class=\"\" href=\"http:\/\/www.facebook.com\/sandiegonaturalhistorymuseum\" target=\"_blank\" rel=\"noopener noreferrer\">Facebook<\/a>: San Diego Natural History Museum<\/li>\n<li><a href=\"https:\/\/twitter.com\/SDNHM\" data-saferedirecturl=\"https:\/\/www.google.com\/url?q=https:\/\/twitter.com\/SDNHM&amp;source=gmail&amp;ust=1613586945868000&amp;usg=AFQjCNFPXu1DcYfKvo80VHIh12jLrf8cpA\">Twitter<\/a> e <a class=\"\" href=\"https:\/\/www.instagram.com\/sdnhm\/\" target=\"_blank\" rel=\"noopener noreferrer\">Instagram<\/a>: @SDNHM<\/li>\n<\/ul>\n<\/li>\n<\/ul>\n<p>[\/vc_toggle][vc_empty_space height=\u00bb12px\u00bb][vc_toggle title=\u00bbWildlands Network\u00bb color=\u00bbpurple\u00bb size=\u00bblg\u00bb]<img decoding=\"async\" src=\"https:\/\/nextgensd.com\/wp-content\/uploads\/2020\/01\/wildlands-1.png\" alt=\"Wildlands logo\" \/><\/p>\n<ul>\n<li>Contacto:<\/li>\n<li>P\u00e1gina web: https:\/\/wildlandsnetwork.org\/<\/li>\n<li>Redes sociales:\n<ul>\n<li><a class=\"\" href=\"https:\/\/www.facebook.com\/wildlandsnetwork\/\" target=\"_blank\" rel=\"noopener noreferrer\">Facebook<\/a><\/li>\n<\/ul>\n<\/li>\n<\/ul>\n<p>[\/vc_toggle][vc_empty_space height=\u00bb12px\u00bb][vc_toggle title=\u00bbSonoran Joint Venture\u00bb color=\u00bbpurple\u00bb size=\u00bblg\u00bb]<img decoding=\"async\" style=\"width: 300px;\" src=\"https:\/\/nextgensd.com\/wp-content\/uploads\/2020\/01\/sjv.png\" alt=\"sjv logo\" \/><\/p>\n<ul>\n<li>P\u00e1gina web: <a class=\"\" href=\"https:\/\/sonoranjv.org\/\" target=\"_blank\" rel=\"noopener noreferrer\">https:\/\/sonoranjv.org\/<\/a><\/li>\n<li>Redes sociales:\n<ul>\n<li><a class=\"\" href=\"https:\/\/es-la.facebook.com\/sonoranjv\/\" target=\"_blank\" rel=\"noopener noreferrer\">Facebook<\/a>: @sonoranjv<\/li>\n<li><a class=\"\" href=\"https:\/\/twitter.com\/sonoranjv\" target=\"_blank\" rel=\"noopener noreferrer\">Twitter<\/a>: @sonoranjv<\/li>\n<li>Instagram: usa el hashtag #sonoranjv<\/li>\n<li><\/li>\n<\/ul>\n<\/li>\n<\/ul>\n<p>[\/vc_toggle][vc_empty_space height=\u00bb12px\u00bb][vc_toggle title=\u00bbInternational Community Foundation\u00bb color=\u00bbpurple\u00bb size=\u00bblg\u00bb]<img decoding=\"async\" style=\"width: 300px;\" src=\"https:\/\/nextgensd.com\/wp-content\/uploads\/2021\/02\/ICF-Logo.jpg\" alt=\"ICF\" \/><\/p>\n<ul>\n<li>P\u00e1gina web: <a class=\"\" href=\"https:\/\/icfdn.org\/\" target=\"_blank\" rel=\"noopener noreferrer\">https:\/\/icfdn.org\/<\/a><\/li>\n<li>Redes sociales:\n<ul>\n<li><a class=\"\" href=\"https:\/\/www.facebook.com\/ICFDN\/\" target=\"_blank\" rel=\"noopener noreferrer\">Facebook<\/a> : @ICFDN<\/li>\n<li><a class=\"\" href=\"https:\/\/twitter.com\/icfdn\" target=\"_blank\" rel=\"noopener noreferrer\">Twitter<\/a>: @ICFDN<\/li>\n<li><a class=\"\" href=\"https:\/\/www.instagram.com\/icfdn\/?hl=es\" target=\"_blank\" rel=\"noopener noreferrer\">Instagram<\/a>: @icfdn<\/li>\n<\/ul>\n<\/li>\n<\/ul>\n<p>[\/vc_toggle][vc_empty_space height=\u00bb12px\u00bb][vc_toggle title=\u00bbClimate Science Alliance\u00bb color=\u00bbpurple\u00bb size=\u00bblg\u00bb]<img decoding=\"async\" style=\"width: 300px;\" src=\"https:\/\/nextgensd.com\/wp-content\/uploads\/2021\/02\/Climate-Science-Alliance-logo-wide.png\" alt=\"ICF\" \/><\/p>\n<ul>\n<li>P\u00e1gina web:<a class=\"\" href=\"https:\/\/www.climatesciencealliance.org\/\" target=\"_blank\" rel=\"noopener noreferrer\"> https:\/\/www.climatesciencealliance.org\/<\/a><\/li>\n<li>Redes sociales:\n<ul>\n<li><a class=\"\" href=\"https:\/\/www.facebook.com\/climatesciencealliance\/\" target=\"_blank\" rel=\"noopener noreferrer\">Facebook<\/a> : @climatesciencealliance<\/li>\n<li><a class=\"\" href=\"https:\/\/twitter.com\/CSAinAction\" target=\"_blank\" rel=\"noopener noreferrer\">Twitter<\/a>: @climatesciencealliance<\/li>\n<li><a class=\"\" href=\"https:\/\/www.instagram.com\/climatesciencealliance\/\" target=\"_blank\" rel=\"noopener noreferrer\">Instagram<\/a>: @climatesciencealliance<\/li>\n<\/ul>\n<\/li>\n<\/ul>\n<p>[\/vc_toggle][vc_empty_space height=\u00bb12px\u00bb][vc_toggle title=\u00bbPronatura\u00bb color=\u00bbpurple\u00bb size=\u00bblg\u00bb]<img decoding=\"async\" style=\"width: 300px;\" src=\"https:\/\/nextgensd.com\/wp-content\/uploads\/2021\/03\/LOGO-PNO-fondos-claros.png\" \/><\/p>\n<ul>\n<li>Sitio web:<a class=\"\" href=\"https:\/\/www.climatesciencealliance.org\/\" target=\"_blank\" rel=\"noopener noreferrer\"> https:\/\/pronatura-noroeste.org<\/a><\/li>\n<\/ul>\n<p>[\/vc_toggle][vc_empty_space height=\u00bb12px\u00bb][vc_toggle title=\u00bbCenter for Biological Diversity\u00bb color=\u00bbpurple\u00bb size=\u00bblg\u00bb]<img decoding=\"async\" style=\"width: 300px;\" src=\"https:\/\/nextgensd.com\/wp-content\/uploads\/2021\/03\/RSstandard_color_logo_for_web.jpg\" \/><\/p>\n<ul>\n<li>P\u00e1gina web:<a class=\"\" href=\"http:\/\/www.biologicaldiversity.org\" target=\"_blank\" rel=\"noopener noreferrer\"> www.biologicaldiversity.org<\/a><\/li>\n<li>Redes sociales:\n<ul>\n<li><a class=\"\" href=\"https:\/\/www.facebook.com\/CenterforBioDiv\" target=\"_blank\" rel=\"noopener noreferrer\">Facebook<\/a>: @CenterForBioDiv<\/li>\n<li><a class=\"\" href=\"https:\/\/twitter.com\/CenterForBioDiv\" target=\"_blank\" rel=\"noopener noreferrer\">Twitter<\/a>: @CenterForBioDiv<\/li>\n<li><a class=\"\" href=\"https:\/\/www.instagram.com\/centerforbiodiv\/\" target=\"_blank\" rel=\"noopener noreferrer\">Instagram<\/a>: @centerforbiodiv<\/li>\n<\/ul>\n<\/li>\n<\/ul>\n<p>[\/vc_toggle][vc_empty_space height=\u00bb12px\u00bb][vc_toggle title=\u00bbBorderlands Restoration Network\u00bb color=\u00bbpurple\u00bb size=\u00bblg\u00bb]<img decoding=\"async\" style=\"width: 300px;\" src=\"https:\/\/nextgensd.com\/wp-content\/uploads\/2021\/03\/borderlands_restoration.png\" \/><\/p>\n<ul>\n<li>P\u00e1gina web: <a class=\"\" href=\"https:\/\/www.borderlandsrestoration.org\/\" target=\"_blank\" rel=\"noopener noreferrer\">https:\/\/www.borderlandsrestoration.org\/<\/a><\/li>\n<li>Redes sociales:\n<ul>\n<li><a class=\"\" href=\"https:\/\/facebook.com\/borderlandsrestorationnetwork\" target=\"_blank\" rel=\"noopener noreferrer\">Facebook<\/a><\/li>\n<li><a class=\"\" href=\"https:\/\/www.instagram.com\/borderlandsrestoration\/\" target=\"_blank\" rel=\"noopener noreferrer\">Instagram<\/a>: @borderlandsrestoration<\/li>\n<\/ul>\n<\/li>\n<\/ul>\n<p>[\/vc_toggle][vc_empty_space height=\u00bb12px\u00bb][vc_toggle title=\u00bbSky Island Alliance\u00bb color=\u00bbpurple\u00bb size=\u00bblg\u00bb]<img decoding=\"async\" style=\"width: 300px;\" src=\"https:\/\/nextgensd.com\/wp-content\/uploads\/2021\/03\/sky_island.png\" \/><\/p>\n<ul>\n<li>P\u00e1gina web: <a class=\"\" href=\"https:\/\/skyislandalliance.org\/\" target=\"_blank\" rel=\"noopener noreferrer\">https:\/\/skyislandalliance.org\/<\/a><\/li>\n<li>Redes sociales:\n<ul>\n<li><a class=\"\" href=\"https:\/\/www.facebook.com\/SkyIslandAlliance\" target=\"_blank\" rel=\"noopener noreferrer\">Facebook<\/a><\/li>\n<li><a class=\"\" href=\"https:\/\/twitter.com\/Sky_Islands\" target=\"_blank\" rel=\"noopener noreferrer\">Twitter<\/a>: @Sky_Islands<\/li>\n<li><a class=\"\" href=\"https:\/\/www.instagram.com\/skyislandalliance\/\" target=\"_blank\" rel=\"noopener noreferrer\">Instagram<\/a>: @skyislandalliance<\/li>\n<li><a class=\"\" href=\"https:\/\/www.youtube.com\/channel\/UCFxS-QLqqeMhqrLlU4cxgRw\" target=\"_blank\" rel=\"noopener noreferrer\">YouTube<\/a>: Sky Island Alliance<\/li>\n<li><a class=\"\" href=\"https:\/\/www.linkedin.com\/company\/sky-island-alliance\" target=\"_blank\" rel=\"noopener noreferrer\">LinkedIn<\/a><\/li>\n<\/ul>\n<\/li>\n<\/ul>\n<p>[\/vc_toggle][vc_empty_space height=\u00bb12px\u00bb][vc_toggle title=\u00bbCalifornia Native Plant Society\u00bb color=\u00bbpurple\u00bb size=\u00bblg\u00bb]<img decoding=\"async\" style=\"width: 300px;\" src=\"https:\/\/nextgensd.com\/wp-content\/uploads\/2021\/03\/CNPS_Vertical_4C.png\" \/><\/p>\n<ul>\n<li>P\u00e1gina web: <a class=\"\" href=\"https:\/\/www.cnps.org\/\" target=\"_blank\" rel=\"noopener noreferrer\">https:\/\/www.cnps.org\/<\/a><\/li>\n<li>Redes sociales:\n<ul>\n<li><a class=\"\" href=\"https:\/\/www.facebook.com\/CaliforniaNativePlantSociety\/\" target=\"_blank\" rel=\"noopener noreferrer\">Facebook<\/a>: @CaliforniaNativePlantSociety<\/li>\n<li><a class=\"\" href=\"https:\/\/twitter.com\/Sky_Islands\" target=\"_blank\" rel=\"noopener noreferrer\">Twitter<\/a>: @cnpssd<\/li>\n<li><a class=\"\" href=\"https:\/\/www.instagram.com\/californianativeplantsociety\/?hl=es\" target=\"_blank\" rel=\"noopener noreferrer\">Instagram<\/a>: @californianativeplantsociety<\/li>\n<\/ul>\n<\/li>\n<\/ul>\n<p>[\/vc_toggle][vc_empty_space height=\u00bb12px\u00bb][vc_empty_space height=\u00bb12px\u00bb][\/vc_column][\/vc_row][vc_row][vc_column][vc_separator][\/vc_column][\/vc_row][vc_row][vc_column][vc_empty_space height=\u00bb52px\u00bb][vc_column_text]<\/p>\n<h2 style=\"color: #a53b67;\"><span style=\"font-weight: 400;\">Colabora como organizaci\u00f3n participante<\/span><\/h2>\n<p>Si su organizaci\u00f3n desea apoyar al BioBlitz de la Frontera con actividades de divulgaci\u00f3n y orientaci\u00f3n local, comun\u00edquese con nosotros en nextgensd2012 [at] gmail [dot] com.<\/p>\n<p>Su logotipo se incluir\u00e1 en el sitio web de BioBlitz, as\u00ed como en materiales de divulgaci\u00f3n y reportes t\u00e9cnicos.[\/vc_column_text][vc_empty_space height=\u00bb52px\u00bb][\/vc_column][\/vc_row]<\/p>\n","protected":false},"excerpt":{"rendered":"<p>[vc_row][vc_column][vc_empty_space height=\u00bb52px\u00bb][vc_empty_space height=\u00bb52px\u00bb][vc_column_text]\u00a1El BioBlitz de la Frontera es posible gracias a la colaboraci\u00f3n y el trabajo en equipo a lo largo de la frontera! Las organizaciones participantes apoyan a BioBlitz a trav\u00e9s de actividades de divulgaci\u00f3n, brindando orientaci\u00f3n local relevante y, en algunos casos, con capacitaci\u00f3n en el uso de la plataforma Naturalista\/iNaturalist. \u00a1Te invitamos [&hellip;]<\/p>\n","protected":false},"author":11,"featured_media":0,"parent":0,"menu_order":0,"comment_status":"closed","ping_status":"closed","template":"","meta":{"footnotes":""},"acf":[],"_links":{"self":[{"href":"https:\/\/nextgensd.com\/es\/wp-json\/wp\/v2\/pages\/17284"}],"collection":[{"href":"https:\/\/nextgensd.com\/es\/wp-json\/wp\/v2\/pages"}],"about":[{"href":"https:\/\/nextgensd.com\/es\/wp-json\/wp\/v2\/types\/page"}],"author":[{"embeddable":true,"href":"https:\/\/nextgensd.com\/es\/wp-json\/wp\/v2\/users\/11"}],"replies":[{"embeddable":true,"href":"https:\/\/nextgensd.com\/es\/wp-json\/wp\/v2\/comments?post=17284"}],"version-history":[{"count":25,"href":"https:\/\/nextgensd.com\/es\/wp-json\/wp\/v2\/pages\/17284\/revisions"}],"predecessor-version":[{"id":17388,"href":"https:\/\/nextgensd.com\/es\/wp-json\/wp\/v2\/pages\/17284\/revisions\/17388"}],"wp:attachment":[{"href":"https:\/\/nextgensd.com\/es\/wp-json\/wp\/v2\/media?parent=17284"}],"curies":[{"name":"wp","href":"https:\/\/api.w.org\/{rel}","templated":true}]}}