{"id":17264,"date":"2021-02-20T23:10:26","date_gmt":"2021-02-20T23:10:26","guid":{"rendered":"https:\/\/nextgensd.com\/?page_id=17264"},"modified":"2021-04-30T23:33:56","modified_gmt":"2021-04-30T23:33:56","slug":"participa","status":"publish","type":"page","link":"https:\/\/nextgensd.com\/es\/participa\/","title":{"rendered":"\u00a1Participa!"},"content":{"rendered":"<p>[vc_row][vc_column][vc_empty_space height=\u00bb52px\u00bb][\/vc_column][\/vc_row][vc_row][vc_column][vc_empty_space height=\u00bb52px\u00bb][vc_empty_space height=\u00bb52px\u00bb][vc_row_inner][vc_column_inner width=\u00bb1\/2&#8243;][vc_column_text]<\/p>\n<h2 style=\"color: #a53b67;\">\u00danete al BioBlitz de la Frontera siguiendo estos sencillos pasos:<\/h2>\n<ul>\n<li class=\"has-medium-font-size\">Crea una cuenta en <a class=\"\" href=\"https:\/\/www.naturalista.mx\/\" target=\"_blank\" rel=\"noopener noreferrer\">Naturalista.mx<\/a> o iNaturalist.org<\/li>\n<li class=\"has-medium-font-size\">Descarga la aplicaci\u00f3n iNaturalist (gratis para <a class=\"\" href=\"https:\/\/play.google.com\/store\/apps\/details?id=org.inaturalist.android&amp;hl=es_MX&amp;gl=US\" target=\"_blank\" rel=\"noopener noreferrer\">Android<\/a> e <a class=\"\" href=\"https:\/\/apps.apple.com\/mx\/app\/inaturalist\/id421397028\" target=\"_blank\" rel=\"noopener noreferrer\">iOS<\/a>)<\/li>\n<li class=\"has-medium-font-size\">Visite el proyecto Naturalista<a class=\"\" href=\"https:\/\/www.naturalista.mx\/projects\/border-bioblitz-2021\" target=\"_blank\" rel=\"noopener noreferrer\"> BorderBioBlitz 2021<\/a> y haz clic en el bot\u00f3n \u00abunirse\u00bb en la esquina superior derecha.<\/li>\n<li class=\"has-medium-font-size\">\u00a1Agrega observaciones de tu comunidad en cualquier momento entre el 1 de abril y el 3 de mayo! Todas las observaciones realizadas por los miembros del proyecto se agregar\u00e1n autom\u00e1ticamente.<\/li>\n<\/ul>\n<h4>\u00a1Visita nuestra <a class=\"\" href=\"https:\/\/nextgensd.com\/es\/tutoriales-para-participantes\/\" target=\"_blank\" rel=\"noopener noreferrer\">p\u00e1gina de tutoriales<\/a> para ver videos, gu\u00edas imprimibles y m\u00e1s! Tambi\u00e9n puedes participar en <a class=\"\" href=\"https:\/\/nextgensd.com\/es\/capacitacion-naturalista\/\" target=\"_blank\" rel=\"noopener noreferrer\">eventos de capacitaci\u00f3n<\/a>.<\/h4>\n<p>[\/vc_column_text][\/vc_column_inner][vc_column_inner width=\u00bb1\/2&#8243;][vc_single_image image=\u00bb17134&#8243; img_size=\u00bbfull\u00bb alignment=\u00bbright\u00bb][\/vc_column_inner][\/vc_row_inner][vc_empty_space height=\u00bb52px\u00bb][vc_empty_space height=\u00bb52px\u00bb][\/vc_column][\/vc_row][vc_row][vc_column][vc_separator][\/vc_column][\/vc_row][vc_row][vc_column][vc_empty_space height=\u00bb52px\u00bb][vc_row_inner][vc_column_inner width=\u00bb1\/2&#8243;][vc_single_image image=\u00bb17177&#8243; img_size=\u00bblarge\u00bb alignment=\u00bbright\u00bb][\/vc_column_inner][vc_column_inner width=\u00bb1\/2&#8243;][vc_column_text]<\/p>\n<h2 style=\"color: #a53b67;\">A d\u00f3nde ir<\/h2>\n<p class=\"has-medium-font-size\">Las tierras fronterizas son una regi\u00f3n vasta y diversa. Definimos las comunidades fronterizas como todos los municipios o condados de M\u00e9xico o los EE. UU. adyacentes a la frontera internacional. Esto abarca todo, desde \u00e1reas silvestres hasta patios urbanos. Si vives en una comunidad fronteriza, \u00a1puedes encontrar y documentar la naturaleza directamente en tu jard\u00edn o colonia!<\/p>\n<p class=\"has-medium-font-size\">Aseg\u00farate de contar con los permisos o licencias necesarias antes de salir a campo, y toma en cuenta la seguridad y la log\u00edstica a la hora de elegir un sitio.<\/p>\n<p class=\"has-medium-font-size\">Las organizaciones asociadas al BioBlitz de la Frontera pueden proporcionar orientaci\u00f3n sobre ubicaciones seguras y accesibles en algunas regiones.<\/p>\n<p>[\/vc_column_text][\/vc_column_inner][\/vc_row_inner][vc_empty_space height=\u00bb52px\u00bb][vc_empty_space height=\u00bb52px\u00bb][\/vc_column][\/vc_row][vc_row][vc_column][vc_separator][\/vc_column][\/vc_row][vc_row][vc_column][vc_empty_space height=\u00bb52px\u00bb][vc_empty_space height=\u00bb52px\u00bb][vc_row_inner][vc_column_inner width=\u00bb1\/2&#8243;][vc_column_text]<\/p>\n<h2 style=\"color: #a53b67;\" aria-hidden=\"true\">\u00bfEres un observador(a) de aves y usas eBird?<\/h2>\n<p class=\"has-medium-font-size\">\u00a1Tambi\u00e9n puedes participar! Simplemente crea una lista de verificaci\u00f3n en tu propia cuenta y luego comp\u00e1rtela con la cuenta \u201cBorderBioBlitz\u201d al subirla. \u00a1As\u00ed de sencillo!<\/p>\n<p class=\"has-medium-font-size\">Puedes ver las observaciones compartidas durante el BioBlitz de la Frontera en nuestro <a class=\"\" href=\"https:\/\/ebird.org\/profile\/MTI0MjY1MQ\" target=\"_blank\" rel=\"noopener noreferrer\">perfil de eBird<\/a>.<\/p>\n<p>[\/vc_column_text][\/vc_column_inner][vc_column_inner width=\u00bb1\/2&#8243;][vc_single_image image=\u00bb16520&#8243; img_size=\u00bblarge\u00bb][\/vc_column_inner][\/vc_row_inner][vc_empty_space height=\u00bb52px\u00bb][vc_empty_space height=\u00bb52px\u00bb][\/vc_column][\/vc_row]<\/p>\n","protected":false},"excerpt":{"rendered":"<p>[vc_row][vc_column][vc_empty_space height=\u00bb52px\u00bb][\/vc_column][\/vc_row][vc_row][vc_column][vc_empty_space height=\u00bb52px\u00bb][vc_empty_space height=\u00bb52px\u00bb][vc_row_inner][vc_column_inner width=\u00bb1\/2&#8243;][vc_column_text] \u00danete al BioBlitz de la Frontera siguiendo estos sencillos pasos: Crea una cuenta en Naturalista.mx o iNaturalist.org Descarga la aplicaci\u00f3n iNaturalist (gratis para Android e iOS) Visite el proyecto Naturalista BorderBioBlitz 2021 y haz clic en el bot\u00f3n \u00abunirse\u00bb en la esquina superior derecha. \u00a1Agrega observaciones de tu comunidad en [&hellip;]<\/p>\n","protected":false},"author":11,"featured_media":0,"parent":0,"menu_order":0,"comment_status":"closed","ping_status":"closed","template":"","meta":{"footnotes":""},"acf":[],"_links":{"self":[{"href":"https:\/\/nextgensd.com\/es\/wp-json\/wp\/v2\/pages\/17264"}],"collection":[{"href":"https:\/\/nextgensd.com\/es\/wp-json\/wp\/v2\/pages"}],"about":[{"href":"https:\/\/nextgensd.com\/es\/wp-json\/wp\/v2\/types\/page"}],"author":[{"embeddable":true,"href":"https:\/\/nextgensd.com\/es\/wp-json\/wp\/v2\/users\/11"}],"replies":[{"embeddable":true,"href":"https:\/\/nextgensd.com\/es\/wp-json\/wp\/v2\/comments?post=17264"}],"version-history":[{"count":11,"href":"https:\/\/nextgensd.com\/es\/wp-json\/wp\/v2\/pages\/17264\/revisions"}],"predecessor-version":[{"id":17416,"href":"https:\/\/nextgensd.com\/es\/wp-json\/wp\/v2\/pages\/17264\/revisions\/17416"}],"wp:attachment":[{"href":"https:\/\/nextgensd.com\/es\/wp-json\/wp\/v2\/media?parent=17264"}],"curies":[{"name":"wp","href":"https:\/\/api.w.org\/{rel}","templated":true}]}}