{"id":17259,"date":"2021-02-20T23:01:23","date_gmt":"2021-02-20T23:01:23","guid":{"rendered":"https:\/\/nextgensd.com\/?page_id=17259"},"modified":"2021-02-20T23:02:21","modified_gmt":"2021-02-20T23:02:21","slug":"tutoriales-para-participantes","status":"publish","type":"page","link":"https:\/\/nextgensd.com\/es\/tutoriales-para-participantes\/","title":{"rendered":"Tutoriales para participantes"},"content":{"rendered":"<p>[vc_row][vc_column][vc_empty_space height=\u00bb52px\u00bb][\/vc_column][\/vc_row][vc_row][vc_column][vc_empty_space el_class=\u00bbmedium_text\u00bb][vc_column_text el_class=\u00bbmedium_text\u00bb]<\/p>\n<h3>\u00a1Te invitamos a <a class=\"\" href=\"https:\/\/nextgensd.com\/wp-content\/uploads\/2020\/02\/The-Nat-iNaturalist-best-practices_foldout-FINAL-SPAN-3up.pdf\" target=\"_blank\" rel=\"noopener noreferrer\">descargar esta excelente gu\u00eda de bolsillo<\/a> de Naturalista (y esta <a class=\"\" href=\"https:\/\/nextgensd.com\/wp-content\/uploads\/2020\/02\/Guide-to-print-and-fold_iNat-foldout-FINAL-ENG.pdf\" target=\"_blank\" rel=\"noopener noreferrer\">gu\u00eda para imprimirla<\/a>, en ingl\u00e9s) para llevarla al campo!<\/h3>\n<p>[\/vc_column_text][vc_empty_space el_class=\u00bbmedium_text\u00bb][vc_separator][vc_empty_space el_class=\u00bbmedium_text\u00bb][vc_column_text]<\/p>\n<h3><span style=\"font-weight: 400;\">\u00a1Tambi\u00e9n puedes encontrar <\/span><span style=\"font-weight: 400;\">much\u00edsimos materiales de apoyo en e<\/span><span style=\"font-weight: 400;\">l proyecto <a href=\"http:\/\/naturalista.mx\">Naturalista.mx<\/a> de la <a class=\"\" href=\"https:\/\/www.gob.mx\/conabio\" target=\"_blank\" rel=\"noopener noreferrer\">CONABIO<\/a>!\u00a0<\/span><\/h3>\n<p>[\/vc_column_text][vc_empty_space el_class=\u00bbmedium_text\u00bb][vc_column_text el_class=\u00bbmedium_text\u00bb]La secci\u00f3n de \u00ab<a class=\"\" href=\"https:\/\/www.naturalista.mx\/pages\/ayuda\" target=\"_blank\" rel=\"noopener noreferrer\">ayuda<\/a>\u00bb de la plataforma Naturalista desglosa claramente todas las funciones b\u00e1sicas del sitio.[\/vc_column_text][vc_empty_space][vc_column_text el_class=\u00bbmedium_text\u00bb]Este <a class=\"\" href=\"https:\/\/drive.google.com\/drive\/folders\/1Wov5uwSOiqEhKZTPKaakU2Gt-qL1HP4X\" target=\"_blank\" rel=\"noopener noreferrer\">excelente curso<\/a> del uso de la plataforma Naturalista, desarrollado por la CONABIO (2019) y otras organizaciones, incluye archivos PowerPoint muy detallados de todas las funciones del sitio y la aplicaci\u00f3n, as\u00ed como consejos para facilitar y mejorar su uso.<\/p>\n<p>En los siguientes botones se pueden descargar tutoriales de algunos temas clave para usuarios principiantes.[\/vc_column_text][vc_empty_space][vc_column_text el_class=\u00bbmedium_text\u00bb]Todos estos materiales provienen de:[\/vc_column_text][vc_column_text el_class=\u00bbblock_quote\u00bb]<\/p>\n<blockquote><p>CONABIO, CONAP, Direcci\u00f3n de Valoraci\u00f3n y Conservaci\u00f3n de la Diversidad Biol\u00f3gica, Programa Selva Maya GIZ, Wildlife Conservation Society, Centro de Datos para la Conservaci\u00f3n y Centro de Estudios Conservacionistas de El Colegio de la Frontera Sur (ECOSUR). Taller, \u00ab<em>Bases para la Ciencia Ciudadana<\/em>\u00ab, 2 y 3 de octubre de 2019, Chetumal, Quintana Roo. <a class=\"\" href=\"https:\/\/drive.google.com\/drive\/folders\/1Wov5uwSOiqEhKZTPKaakU2Gt-qL1HP4X\" target=\"_blank\" rel=\"noopener noreferrer\">Disponible aqu\u00ed<\/a>.<\/p><\/blockquote>\n<p>[\/vc_column_text][vc_empty_space height=\u00bb48px\u00bb][\/vc_column][\/vc_row][vc_row content_placement=\u00bbmiddle\u00bb][vc_column width=\u00bb1\/5&#8243;][vc_btn title=\u00bbAbrir una cuenta\u00bb style=\u00bbflat\u00bb color=\u00bbsuccess\u00bb size=\u00bblg\u00bb align=\u00bbcenter\u00bb button_block=\u00bbtrue\u00bb link=\u00bburl:https%3A%2F%2Fnextgensd.com%2Fwp-content%2Fuploads%2F2020%2F01%2F2-Abrir-una-cuenta2019-V2.pptx||target:%20_blank|\u00bb][\/vc_column][vc_column width=\u00bb1\/5&#8243;][vc_btn title=\u00bbExplorar observaciones\u00bb style=\u00bbflat\u00bb color=\u00bbsuccess\u00bb size=\u00bblg\u00bb align=\u00bbcenter\u00bb button_block=\u00bbtrue\u00bb link=\u00bburl:https%3A%2F%2Fnextgensd.com%2Fwp-content%2Fuploads%2F2020%2F01%2F3-Observaciones-Explorar-2019-V2.pptx||target:%20_blank|\u00bb][\/vc_column][vc_column width=\u00bb1\/5&#8243;][vc_btn title=\u00bbSubir y editar observaciones\u00bb style=\u00bbflat\u00bb color=\u00bbsuccess\u00bb size=\u00bblg\u00bb align=\u00bbcenter\u00bb button_block=\u00bbtrue\u00bb link=\u00bburl:https%3A%2F%2Fnextgensd.com%2Fwp-content%2Fuploads%2F2020%2F01%2F3_1-Observaciones-cargar-y-editar-2019-V3-1.pptx||target:%20_blank|\u00bb][\/vc_column][vc_column width=\u00bb1\/5&#8243;][vc_btn title=\u00bbUso de la aplicaci\u00f3n m\u00f3vil\u00bb style=\u00bbflat\u00bb color=\u00bbsuccess\u00bb size=\u00bblg\u00bb align=\u00bbcenter\u00bb button_block=\u00bbtrue\u00bb link=\u00bburl:https%3A%2F%2Fnextgensd.com%2Fwp-content%2Fuploads%2F2020%2F01%2F4-Aplicacion-movil-2019.pptx||target:%20_blank|\u00bb][\/vc_column][vc_column width=\u00bb1\/5&#8243;][vc_btn title=\u00bbConsejos de fotograf\u00eda\u00bb style=\u00bbflat\u00bb color=\u00bbsuccess\u00bb align=\u00bbcenter\u00bb button_block=\u00bbtrue\u00bb link=\u00bburl:https%3A%2F%2Fnextgensd.com%2Fwp-content%2Fuploads%2F2020%2F01%2F7-Observaciones-Toma-de-fotografias.pptx||target:%20_blank|\u00bb][\/vc_column][\/vc_row][vc_row][vc_column][vc_empty_space][\/vc_column][\/vc_row][vc_row][vc_column][vc_separator][\/vc_column][\/vc_row][vc_row][vc_column][vc_empty_space][\/vc_column][\/vc_row][vc_row][vc_column][vc_column_text]<\/p>\n<h3>Aqu\u00ed hay algunos tutoriales en video:<\/h3>\n<p>[\/vc_column_text][\/vc_column][\/vc_row][vc_row][vc_column][vc_empty_space][\/vc_column][\/vc_row][vc_row][vc_column][vc_column_text]<\/p>\n<h4>Gu\u00eda b\u00e1sica del uso de la aplicaci\u00f3n Naturalista<\/h4>\n<p>[\/vc_column_text][vc_empty_space height=\u00bb12px\u00bb][vc_video link=\u00bbhttps:\/\/youtu.be\/5XDUhJOS47s\u00bb el_class=\u00bbvideo_widget\u00bb][\/vc_column][\/vc_row][vc_row][vc_column][vc_column_text]<\/p>\n<h4>Instalaci\u00f3n y uso de la aplicaci\u00f3n Naturalista<\/h4>\n<p>[\/vc_column_text][vc_empty_space height=\u00bb12px\u00bb][vc_video link=\u00bbhttps:\/\/youtu.be\/cKibjN4zsKI\u00bb][\/vc_column][\/vc_row]<\/p>\n","protected":false},"excerpt":{"rendered":"<p>[vc_row][vc_column][vc_empty_space height=\u00bb52px\u00bb][\/vc_column][\/vc_row][vc_row][vc_column][vc_empty_space el_class=\u00bbmedium_text\u00bb][vc_column_text el_class=\u00bbmedium_text\u00bb] \u00a1Te invitamos a descargar esta excelente gu\u00eda de bolsillo de Naturalista (y esta gu\u00eda para imprimirla, en ingl\u00e9s) para llevarla al campo! [\/vc_column_text][vc_empty_space el_class=\u00bbmedium_text\u00bb][vc_separator][vc_empty_space el_class=\u00bbmedium_text\u00bb][vc_column_text] \u00a1Tambi\u00e9n puedes encontrar much\u00edsimos materiales de apoyo en el proyecto Naturalista.mx de la CONABIO!\u00a0 [\/vc_column_text][vc_empty_space el_class=\u00bbmedium_text\u00bb][vc_column_text el_class=\u00bbmedium_text\u00bb]La secci\u00f3n de \u00abayuda\u00bb de la plataforma Naturalista desglosa claramente [&hellip;]<\/p>\n","protected":false},"author":11,"featured_media":0,"parent":0,"menu_order":0,"comment_status":"closed","ping_status":"closed","template":"","meta":{"footnotes":""},"acf":[],"_links":{"self":[{"href":"https:\/\/nextgensd.com\/es\/wp-json\/wp\/v2\/pages\/17259"}],"collection":[{"href":"https:\/\/nextgensd.com\/es\/wp-json\/wp\/v2\/pages"}],"about":[{"href":"https:\/\/nextgensd.com\/es\/wp-json\/wp\/v2\/types\/page"}],"author":[{"embeddable":true,"href":"https:\/\/nextgensd.com\/es\/wp-json\/wp\/v2\/users\/11"}],"replies":[{"embeddable":true,"href":"https:\/\/nextgensd.com\/es\/wp-json\/wp\/v2\/comments?post=17259"}],"version-history":[{"count":1,"href":"https:\/\/nextgensd.com\/es\/wp-json\/wp\/v2\/pages\/17259\/revisions"}],"predecessor-version":[{"id":17260,"href":"https:\/\/nextgensd.com\/es\/wp-json\/wp\/v2\/pages\/17259\/revisions\/17260"}],"wp:attachment":[{"href":"https:\/\/nextgensd.com\/es\/wp-json\/wp\/v2\/media?parent=17259"}],"curies":[{"name":"wp","href":"https:\/\/api.w.org\/{rel}","templated":true}]}}