{"id":17039,"date":"2020-10-12T18:01:44","date_gmt":"2020-10-12T18:01:44","guid":{"rendered":"https:\/\/nextgensd.com\/border-bioblitz-2021\/"},"modified":"2026-01-24T04:14:04","modified_gmt":"2026-01-24T04:14:04","slug":"border-bioblitz-2021","status":"publish","type":"page","link":"https:\/\/nextgensd.com\/es\/border-bioblitz-2021\/","title":{"rendered":"BioBlitz de la Frontera 2021"},"content":{"rendered":"\t\t<div data-elementor-type=\"wp-page\" data-elementor-id=\"17039\" class=\"elementor elementor-17039 elementor-16999\" data-elementor-post-type=\"page\">\n\t\t\t\t\t\t<section class=\"elementor-section elementor-top-section elementor-element elementor-element-02f4609 elementor-section-height-min-height elementor-section-boxed elementor-section-height-default elementor-section-items-middle\" data-id=\"02f4609\" data-element_type=\"section\" data-settings=\"{&quot;background_background&quot;:&quot;classic&quot;}\">\n\t\t\t\t\t\t<div class=\"elementor-container elementor-column-gap-default\">\n\t\t\t\t\t<div class=\"elementor-column elementor-col-100 elementor-top-column elementor-element elementor-element-c356619\" data-id=\"c356619\" data-element_type=\"column\">\n\t\t\t<div class=\"elementor-widget-wrap\">\n\t\t\t\t\t\t\t<\/div>\n\t\t<\/div>\n\t\t\t\t\t<\/div>\n\t\t<\/section>\n\t\t\t\t<section class=\"elementor-section elementor-top-section elementor-element elementor-element-f19ec43 elementor-section-boxed elementor-section-height-default elementor-section-height-default\" data-id=\"f19ec43\" data-element_type=\"section\">\n\t\t\t\t\t\t<div class=\"elementor-container elementor-column-gap-default\">\n\t\t\t\t\t<div class=\"elementor-column elementor-col-100 elementor-top-column elementor-element elementor-element-5d0182f\" data-id=\"5d0182f\" data-element_type=\"column\">\n\t\t\t<div class=\"elementor-widget-wrap elementor-element-populated\">\n\t\t\t\t\t\t<div class=\"elementor-element elementor-element-b5db00b elementor-widget elementor-widget-text-editor\" data-id=\"b5db00b\" data-element_type=\"widget\" data-widget_type=\"text-editor.default\">\n\t\t\t\t<div class=\"elementor-widget-container\">\n\t\t\t<style>\/*! elementor - v3.23.0 - 05-08-2024 *\/\n.elementor-widget-text-editor.elementor-drop-cap-view-stacked .elementor-drop-cap{background-color:#69727d;color:#fff}.elementor-widget-text-editor.elementor-drop-cap-view-framed .elementor-drop-cap{color:#69727d;border:3px solid;background-color:transparent}.elementor-widget-text-editor:not(.elementor-drop-cap-view-default) .elementor-drop-cap{margin-top:8px}.elementor-widget-text-editor:not(.elementor-drop-cap-view-default) .elementor-drop-cap-letter{width:1em;height:1em}.elementor-widget-text-editor .elementor-drop-cap{float:left;text-align:center;line-height:1;font-size:50px}.elementor-widget-text-editor .elementor-drop-cap-letter{display:inline-block}<\/style>\t\t\t\t<p>El BioBlitz de la Frontera es un esfuerzo de ciencia comunitaria que tiene como prop\u00f3sito registrar el mayor n\u00famero posible de especies a lo largo de la frontera M\u00e9xico-E.U. La Nueva Generaci\u00f3n de Investigadores del Desierto Sonorense (N-Gen), junto con organizaciones participantes, invitan a investigadores y miembros del p\u00fablico en general a documentar la extraordinaria biodiversidad de la zona fronteriza.<\/p><p><span class=\"\" title=\"\">\u00a1El BioBlitz de la Frontera 2021\u00a0 se extender\u00e1 durante\u00a0<strong>todo el mes de abril y hasta el 3 de mayo\u00a0<\/strong>para c<\/span>oincidir con el\u00a0<a class=\"\" href=\"https:\/\/www.citizenscience.org\/events\/citizen-science-month\/\" target=\"_blank\" rel=\"noopener noreferrer\">mes de la ciencia ciudadana<\/a>\u00a0y aprovechar oportunidades de colaboraci\u00f3n!<\/p><p>Para participar en este esfuerzo, solamente necesita un\u00a0<i>smartphone<\/i>\u00a0con la aplicaci\u00f3n Naturalista\/iNaturalista (disponible gratis para\u00a0<a href=\"https:\/\/play.google.com\/store\/apps\/details?id=org.inaturalist.android&amp;hl=en\" target=\"_blank\" rel=\"noopener noreferrer\">Android<\/a>\u00a0y\u00a0<a href=\"https:\/\/itunes.apple.com\/us\/app\/inaturalist\/id421397028?mt=8\" target=\"_blank\" rel=\"noopener noreferrer\">iOS<\/a>) para\u00a0<a class=\"\" href=\"https:\/\/www.inaturalist.org\/projects\/border-bioblitz-2021\" target=\"_blank\" rel=\"noopener noreferrer\">integrarse a nuestro proyecto<\/a>. \u00a1Tambi\u00e9n puede participar la\u00a0<a class=\"\" href=\"https:\/\/nextgensd.com\/es\/ebird\/\" target=\"_blank\" rel=\"noopener noreferrer\">comunidad de eBird<\/a>!<\/p><p><span class=\"\" title=\"\">Por favor cont\u00e1ctenos con cualquier pregunta en nextgensd2012@gmail.com<\/span><\/p>\t\t\t\t\t\t<\/div>\n\t\t\t\t<\/div>\n\t\t\t\t<div class=\"elementor-element elementor-element-f0f886f elementor-widget elementor-widget-button\" data-id=\"f0f886f\" data-element_type=\"widget\" data-widget_type=\"button.default\">\n\t\t\t\t<div class=\"elementor-widget-container\">\n\t\t\t\t\t<div class=\"elementor-button-wrapper\">\n\t\t\t<a class=\"elementor-button elementor-button-link elementor-size-sm\" href=\"\/es\/participa\/\">\n\t\t\t\t\t\t<span class=\"elementor-button-content-wrapper\">\n\t\t\t\t\t\t\t\t\t<span class=\"elementor-button-text\">\u00a1Participa!<\/span>\n\t\t\t\t\t<\/span>\n\t\t\t\t\t<\/a>\n\t\t<\/div>\n\t\t\t\t<\/div>\n\t\t\t\t<\/div>\n\t\t\t\t\t<\/div>\n\t\t<\/div>\n\t\t\t\t\t<\/div>\n\t\t<\/section>\n\t\t\t\t<section class=\"elementor-section elementor-top-section elementor-element elementor-element-49f91c7 elementor-section-boxed elementor-section-height-default elementor-section-height-default\" data-id=\"49f91c7\" data-element_type=\"section\" data-settings=\"{&quot;background_background&quot;:&quot;classic&quot;}\">\n\t\t\t\t\t\t<div class=\"elementor-container elementor-column-gap-default\">\n\t\t\t\t\t<div class=\"elementor-column elementor-col-50 elementor-top-column elementor-element elementor-element-8541f46\" data-id=\"8541f46\" data-element_type=\"column\">\n\t\t\t<div class=\"elementor-widget-wrap elementor-element-populated\">\n\t\t\t\t\t\t<div class=\"elementor-element elementor-element-5cf9112 elementor-widget elementor-widget-heading\" data-id=\"5cf9112\" data-element_type=\"widget\" data-widget_type=\"heading.default\">\n\t\t\t\t<div class=\"elementor-widget-container\">\n\t\t\t<style>\/*! elementor - v3.23.0 - 05-08-2024 *\/\n.elementor-heading-title{padding:0;margin:0;line-height:1}.elementor-widget-heading .elementor-heading-title[class*=elementor-size-]>a{color:inherit;font-size:inherit;line-height:inherit}.elementor-widget-heading .elementor-heading-title.elementor-size-small{font-size:15px}.elementor-widget-heading .elementor-heading-title.elementor-size-medium{font-size:19px}.elementor-widget-heading .elementor-heading-title.elementor-size-large{font-size:29px}.elementor-widget-heading .elementor-heading-title.elementor-size-xl{font-size:39px}.elementor-widget-heading .elementor-heading-title.elementor-size-xxl{font-size:59px}<\/style><h2 class=\"elementor-heading-title elementor-size-default\">\u00bfD\u00f3nde?\n<\/h2>\t\t<\/div>\n\t\t\t\t<\/div>\n\t\t\t\t<div class=\"elementor-element elementor-element-c1d9083 elementor-widget elementor-widget-text-editor\" data-id=\"c1d9083\" data-element_type=\"widget\" data-widget_type=\"text-editor.default\">\n\t\t\t\t<div class=\"elementor-widget-container\">\n\t\t\t\t\t\t\t<h2>Cualquier municipio o condado en M\u00e9xico o E.U. que colinde con la frontera internacional.<\/h2>\t\t\t\t\t\t<\/div>\n\t\t\t\t<\/div>\n\t\t\t\t\t<\/div>\n\t\t<\/div>\n\t\t\t\t<div class=\"elementor-column elementor-col-50 elementor-top-column elementor-element elementor-element-d121775\" data-id=\"d121775\" data-element_type=\"column\">\n\t\t\t<div class=\"elementor-widget-wrap elementor-element-populated\">\n\t\t\t\t\t\t<div class=\"elementor-element elementor-element-8d05f1c elementor-widget elementor-widget-heading\" data-id=\"8d05f1c\" data-element_type=\"widget\" data-widget_type=\"heading.default\">\n\t\t\t\t<div class=\"elementor-widget-container\">\n\t\t\t<h2 class=\"elementor-heading-title elementor-size-default\">\u00bfCu\u00e1ndo?\n<\/h2>\t\t<\/div>\n\t\t\t\t<\/div>\n\t\t\t\t<div class=\"elementor-element elementor-element-c9090d2 elementor-widget elementor-widget-text-editor\" data-id=\"c9090d2\" data-element_type=\"widget\" data-widget_type=\"text-editor.default\">\n\t\t\t\t<div class=\"elementor-widget-container\">\n\t\t\t\t\t\t\t<div class=\"vc_row wpb_row vc_inner vc_row-fluid\"><div class=\"wpb_column vc_column_container vc_col-sm-6 liquid-column-64b852dd3ddf0\"><div class=\"vc_column-inner\"><div class=\"wpb_wrapper \"><div class=\"wpb_wrapper-inner\"><div class=\"wpb_text_column wpb_content_element \"><div class=\"wpb_wrapper\"><div class=\"vc_row wpb_row vc_inner vc_row-fluid\"><div class=\"wpb_column vc_column_container vc_col-sm-6 liquid-column-64d5135672b8d\"><div class=\"vc_column-inner\"><div class=\"wpb_wrapper \"><div class=\"wpb_wrapper-inner\"><div class=\"wpb_text_column wpb_content_element \"><div class=\"wpb_wrapper\"><h2>1 de abril al 3 de mayo<\/h2><\/div><\/div><\/div><\/div><\/div><\/div><\/div><\/div><\/div><\/div><\/div><\/div><\/div><\/div>\t\t\t\t\t\t<\/div>\n\t\t\t\t<\/div>\n\t\t\t\t\t<\/div>\n\t\t<\/div>\n\t\t\t\t\t<\/div>\n\t\t<\/section>\n\t\t\t\t<section class=\"elementor-section elementor-top-section elementor-element elementor-element-7344e8f elementor-section-boxed elementor-section-height-default elementor-section-height-default\" data-id=\"7344e8f\" data-element_type=\"section\">\n\t\t\t\t\t\t<div class=\"elementor-container elementor-column-gap-default\">\n\t\t\t\t\t<div class=\"elementor-column elementor-col-100 elementor-top-column elementor-element elementor-element-d0c60ec\" data-id=\"d0c60ec\" data-element_type=\"column\">\n\t\t\t<div class=\"elementor-widget-wrap elementor-element-populated\">\n\t\t\t\t\t\t<div class=\"elementor-element elementor-element-011fd94 elementor-widget elementor-widget-image\" data-id=\"011fd94\" data-element_type=\"widget\" data-widget_type=\"image.default\">\n\t\t\t\t<div class=\"elementor-widget-container\">\n\t\t\t<style>\/*! elementor - v3.23.0 - 05-08-2024 *\/\n.elementor-widget-image{text-align:center}.elementor-widget-image a{display:inline-block}.elementor-widget-image a img[src$=\".svg\"]{width:48px}.elementor-widget-image img{vertical-align:middle;display:inline-block}<\/style>\t\t\t\t\t\t\t\t\t\t<img fetchpriority=\"high\" decoding=\"async\" width=\"800\" height=\"401\" src=\"https:\/\/nextgensd.com\/wp-content\/uploads\/2021\/04\/join_banner_es_v2-1.png\" class=\"attachment-large size-large wp-image-17412\" alt=\"\" srcset=\"https:\/\/nextgensd.com\/wp-content\/uploads\/2021\/04\/join_banner_es_v2-1.png 994w, https:\/\/nextgensd.com\/wp-content\/uploads\/2021\/04\/join_banner_es_v2-1-300x150.png 300w, https:\/\/nextgensd.com\/wp-content\/uploads\/2021\/04\/join_banner_es_v2-1-768x385.png 768w\" sizes=\"(max-width: 800px) 100vw, 800px\" \/>\t\t\t\t\t\t\t\t\t\t\t\t\t<\/div>\n\t\t\t\t<\/div>\n\t\t\t\t\t<\/div>\n\t\t<\/div>\n\t\t\t\t\t<\/div>\n\t\t<\/section>\n\t\t\t\t<section class=\"elementor-section elementor-top-section elementor-element elementor-element-17cd426 elementor-section-boxed elementor-section-height-default elementor-section-height-default\" data-id=\"17cd426\" data-element_type=\"section\" data-settings=\"{&quot;background_background&quot;:&quot;classic&quot;}\">\n\t\t\t\t\t\t<div class=\"elementor-container elementor-column-gap-default\">\n\t\t\t\t\t<div class=\"elementor-column elementor-col-100 elementor-top-column elementor-element elementor-element-b393a10\" data-id=\"b393a10\" data-element_type=\"column\">\n\t\t\t<div class=\"elementor-widget-wrap elementor-element-populated\">\n\t\t\t\t\t\t<div class=\"elementor-element elementor-element-848eac8 elementor-widget elementor-widget-text-editor\" data-id=\"848eac8\" data-element_type=\"widget\" data-widget_type=\"text-editor.default\">\n\t\t\t\t<div class=\"elementor-widget-container\">\n\t\t\t\t\t\t\t<h3>Please follow the recommendations of the\u00a0<a class=\"\" href=\"https:\/\/www.who.int\/emergencies\/diseases\/novel-coronavirus-2019\/advice-for-public\" target=\"_blank\" rel=\"noopener noreferrer\">WHO<\/a>\u00a0and local health authorities to protect yourself and your community.<\/h3>\t\t\t\t\t\t<\/div>\n\t\t\t\t<\/div>\n\t\t\t\t<div class=\"elementor-element elementor-element-fa9b383 elementor-widget elementor-widget-image\" data-id=\"fa9b383\" data-element_type=\"widget\" data-widget_type=\"image.default\">\n\t\t\t\t<div class=\"elementor-widget-container\">\n\t\t\t\t\t\t\t\t\t\t\t\t\t<img decoding=\"async\" width=\"800\" height=\"162\" src=\"https:\/\/nextgensd.com\/wp-content\/uploads\/2020\/10\/covid_banner-1-1024x207.png\" class=\"attachment-large size-large wp-image-17124\" alt=\"\" srcset=\"https:\/\/nextgensd.com\/wp-content\/uploads\/2020\/10\/covid_banner-1-1024x207.png 1024w, https:\/\/nextgensd.com\/wp-content\/uploads\/2020\/10\/covid_banner-1-300x61.png 300w, https:\/\/nextgensd.com\/wp-content\/uploads\/2020\/10\/covid_banner-1-768x155.png 768w, https:\/\/nextgensd.com\/wp-content\/uploads\/2020\/10\/covid_banner-1.png 1114w\" sizes=\"(max-width: 800px) 100vw, 800px\" \/>\t\t\t\t\t\t\t\t\t\t\t\t\t<\/div>\n\t\t\t\t<\/div>\n\t\t\t\t<div class=\"elementor-element elementor-element-17bc3ad elementor-widget elementor-widget-text-editor\" data-id=\"17bc3ad\" data-element_type=\"widget\" data-widget_type=\"text-editor.default\">\n\t\t\t\t<div class=\"elementor-widget-container\">\n\t\t\t\t\t\t\t<p>Por favor siga las recomendaciones de la <a href=\"https:\/\/www.who.int\/es\/emergencies\/diseases\/novel-coronavirus-2019\">OMS<\/a> y las autoridades locales para protegerse y proteger a su comunidad.<\/p>\t\t\t\t\t\t<\/div>\n\t\t\t\t<\/div>\n\t\t\t\t\t<\/div>\n\t\t<\/div>\n\t\t\t\t\t<\/div>\n\t\t<\/section>\n\t\t\t\t<section class=\"elementor-section elementor-top-section elementor-element elementor-element-824990c elementor-section-boxed elementor-section-height-default elementor-section-height-default\" data-id=\"824990c\" data-element_type=\"section\">\n\t\t\t\t\t\t<div class=\"elementor-container elementor-column-gap-default\">\n\t\t\t\t\t<div class=\"elementor-column elementor-col-50 elementor-top-column elementor-element elementor-element-3dcd069\" data-id=\"3dcd069\" data-element_type=\"column\">\n\t\t\t<div class=\"elementor-widget-wrap elementor-element-populated\">\n\t\t\t\t\t\t<div class=\"elementor-element elementor-element-70b2b99 elementor-widget elementor-widget-heading\" data-id=\"70b2b99\" data-element_type=\"widget\" data-widget_type=\"heading.default\">\n\t\t\t\t<div class=\"elementor-widget-container\">\n\t\t\t<h3 class=\"elementor-heading-title elementor-size-default\">DISCLAIMER:\n\n<\/h3>\t\t<\/div>\n\t\t\t\t<\/div>\n\t\t\t\t<div class=\"elementor-element elementor-element-e3da055 elementor-widget elementor-widget-text-editor\" data-id=\"e3da055\" data-element_type=\"widget\" data-widget_type=\"text-editor.default\">\n\t\t\t\t<div class=\"elementor-widget-container\">\n\t\t\t\t\t\t\t<ul><li class=\"western\">All teams are independently organized. N-Gen and\/or collaborating organizations are not responsible for organizing teams.<\/li><li>Each Border BioBlitz team is independently organized. Any\u00a0and all\u00a0views, information, or opinions expressed by teams,\u00a0team organizers, or team members\u00a0are\u00a0their own\u00a0and do not necessarily reflect the views of N-Gen, partner organizations,\u00a0<span lang=\"ES-MX\">other participating individuals<\/span>,\u00a0or any\u00a0other agency.<\/li><li class=\"western\">Each team and\/or participant is responsible for securing licenses and\/or permits and alerting or coordinating with authorities if necessary.<\/li><li class=\"western\">All BioBlitz participants are individuals participating on a voluntary basis, and assume any and all risks involved.<\/li><li class=\"western\">N-Gen and\/or collaborating organizations are not responsible for participants\u2019 actions during the BioBlitz.<\/li><\/ul>\t\t\t\t\t\t<\/div>\n\t\t\t\t<\/div>\n\t\t\t\t\t<\/div>\n\t\t<\/div>\n\t\t\t\t<div class=\"elementor-column elementor-col-50 elementor-top-column elementor-element elementor-element-e9b18af\" data-id=\"e9b18af\" data-element_type=\"column\">\n\t\t\t<div class=\"elementor-widget-wrap elementor-element-populated\">\n\t\t\t\t\t\t<div class=\"elementor-element elementor-element-bfe1b16 elementor-widget elementor-widget-heading\" data-id=\"bfe1b16\" data-element_type=\"widget\" data-widget_type=\"heading.default\">\n\t\t\t\t<div class=\"elementor-widget-container\">\n\t\t\t<h3 class=\"elementor-heading-title elementor-size-default\">DESLINDE DE RESPONSABILIDADES:\n\n<\/h3>\t\t<\/div>\n\t\t\t\t<\/div>\n\t\t\t\t<div class=\"elementor-element elementor-element-1db1c49 elementor-widget elementor-widget-text-editor\" data-id=\"1db1c49\" data-element_type=\"widget\" data-widget_type=\"text-editor.default\">\n\t\t\t\t<div class=\"elementor-widget-container\">\n\t\t\t\t\t\t\t<ul><li>Todos los equipos est\u00e1n organizados independientemente. N-Gen y\/o las organizaciones\u00a0asociadas no son responsables de organizar los equipos.<\/li><li>Cada equipo del BioBlitz\u00a0 est\u00e1 organizado de forma independiente. Todas y cada una de las opiniones, informaci\u00f3n o puntos de vista expresadas por los equipos, los organizadores del\/los equipo(s) o los miembros del\/ los equipo(s) son propias y no necesariamente reflejan los puntos de vista de N-Gen, organizaciones participantes, otras personas participantes o cualquier otra agencia u organizaci\u00f3n.<\/li><li>Cada equipo y\/o participante es responsable de obtener las licencias y\/o permisos y de comunicar o coordinar con las autoridades en caso de ser necesario.<\/li><li>Todos los colaboradores\u00a0del BioBlitz de la Frontera participan de manera voluntaria y asumen cualquier\u00a0riesgo\u00a0que esto\u00a0implique.<\/li><li>N-Gen y\/o las organizaciones asociadas no son responsables de los actos y\/o acciones de los participantes durante el BioBlitz.<\/li><\/ul>\t\t\t\t\t\t<\/div>\n\t\t\t\t<\/div>\n\t\t\t\t\t<\/div>\n\t\t<\/div>\n\t\t\t\t\t<\/div>\n\t\t<\/section>\n\t\t\t\t<\/div>\n\t\t","protected":false},"excerpt":{"rendered":"<p>El BioBlitz de la Frontera es un esfuerzo de ciencia comunitaria que tiene como prop\u00f3sito registrar el mayor n\u00famero posible de especies a lo largo de la frontera M\u00e9xico-E.U. La Nueva Generaci\u00f3n de Investigadores del Desierto Sonorense (N-Gen), junto con organizaciones participantes, invitan a investigadores y miembros del p\u00fablico en general a documentar la extraordinaria [&hellip;]<\/p>\n","protected":false},"author":11,"featured_media":17033,"parent":0,"menu_order":0,"comment_status":"closed","ping_status":"closed","template":"elementor_header_footer","meta":{"footnotes":""},"acf":[],"_links":{"self":[{"href":"https:\/\/nextgensd.com\/es\/wp-json\/wp\/v2\/pages\/17039"}],"collection":[{"href":"https:\/\/nextgensd.com\/es\/wp-json\/wp\/v2\/pages"}],"about":[{"href":"https:\/\/nextgensd.com\/es\/wp-json\/wp\/v2\/types\/page"}],"author":[{"embeddable":true,"href":"https:\/\/nextgensd.com\/es\/wp-json\/wp\/v2\/users\/11"}],"replies":[{"embeddable":true,"href":"https:\/\/nextgensd.com\/es\/wp-json\/wp\/v2\/comments?post=17039"}],"version-history":[{"count":27,"href":"https:\/\/nextgensd.com\/es\/wp-json\/wp\/v2\/pages\/17039\/revisions"}],"predecessor-version":[{"id":36704,"href":"https:\/\/nextgensd.com\/es\/wp-json\/wp\/v2\/pages\/17039\/revisions\/36704"}],"wp:featuredmedia":[{"embeddable":true,"href":"https:\/\/nextgensd.com\/es\/wp-json\/wp\/v2\/media\/17033"}],"wp:attachment":[{"href":"https:\/\/nextgensd.com\/es\/wp-json\/wp\/v2\/media?parent=17039"}],"curies":[{"name":"wp","href":"https:\/\/api.w.org\/{rel}","templated":true}]}}