{"id":16949,"date":"2020-07-24T17:13:31","date_gmt":"2020-07-24T17:13:31","guid":{"rendered":"https:\/\/nextgensd.com\/?page_id=16949"},"modified":"2020-08-10T20:57:11","modified_gmt":"2020-08-10T20:57:11","slug":"san-basilio-biodiversidad-y-conservacion","status":"publish","type":"page","link":"https:\/\/nextgensd.com\/es\/san-basilio-biodiversidad-y-conservacion\/","title":{"rendered":"San Basilio: biodiversidad y conservaci\u00f3n"},"content":{"rendered":"\n<div style=\"height:39px\" aria-hidden=\"true\" class=\"wp-block-spacer\"><\/div>\n\n\n\n<ul class=\"wp-block-gallery columns-3 is-cropped wp-block-gallery-1 is-layout-flex wp-block-gallery-is-layout-flex\"><li class=\"blocks-gallery-item\"><figure><img fetchpriority=\"high\" decoding=\"async\" width=\"1024\" height=\"684\" src=\"https:\/\/nextgensd.com\/wp-content\/uploads\/2020\/07\/SB-Ram-38-1024x684.jpg\" alt=\"\" data-id=\"16941\" data-link=\"https:\/\/nextgensd.com\/sb-ram-38-2\/\" class=\"wp-image-16941\" srcset=\"https:\/\/nextgensd.com\/wp-content\/uploads\/2020\/07\/SB-Ram-38-1024x684.jpg 1024w, https:\/\/nextgensd.com\/wp-content\/uploads\/2020\/07\/SB-Ram-38-300x200.jpg 300w, https:\/\/nextgensd.com\/wp-content\/uploads\/2020\/07\/SB-Ram-38-768x513.jpg 768w, https:\/\/nextgensd.com\/wp-content\/uploads\/2020\/07\/SB-Ram-38.jpg 1920w\" sizes=\"(max-width: 1024px) 100vw, 1024px\" \/><\/figure><\/li><li class=\"blocks-gallery-item\"><figure><img decoding=\"async\" width=\"1024\" height=\"684\" src=\"https:\/\/nextgensd.com\/wp-content\/uploads\/2020\/07\/SB-Ram-23-1024x684.jpg\" alt=\"\" data-id=\"16939\" data-link=\"https:\/\/nextgensd.com\/sb-ram-23-2\/\" class=\"wp-image-16939\" srcset=\"https:\/\/nextgensd.com\/wp-content\/uploads\/2020\/07\/SB-Ram-23-1024x684.jpg 1024w, https:\/\/nextgensd.com\/wp-content\/uploads\/2020\/07\/SB-Ram-23-300x200.jpg 300w, https:\/\/nextgensd.com\/wp-content\/uploads\/2020\/07\/SB-Ram-23-768x513.jpg 768w, https:\/\/nextgensd.com\/wp-content\/uploads\/2020\/07\/SB-Ram-23.jpg 1920w\" sizes=\"(max-width: 1024px) 100vw, 1024px\" \/><\/figure><\/li><li class=\"blocks-gallery-item\"><figure><img decoding=\"async\" width=\"1024\" height=\"684\" src=\"https:\/\/nextgensd.com\/wp-content\/uploads\/2020\/07\/SB-Ram-4-1024x684.jpg\" alt=\"\" data-id=\"16937\" data-link=\"https:\/\/nextgensd.com\/sb-ram-4-2\/\" class=\"wp-image-16937\" srcset=\"https:\/\/nextgensd.com\/wp-content\/uploads\/2020\/07\/SB-Ram-4-1024x684.jpg 1024w, https:\/\/nextgensd.com\/wp-content\/uploads\/2020\/07\/SB-Ram-4-300x200.jpg 300w, https:\/\/nextgensd.com\/wp-content\/uploads\/2020\/07\/SB-Ram-4-768x513.jpg 768w, https:\/\/nextgensd.com\/wp-content\/uploads\/2020\/07\/SB-Ram-4.jpg 1920w\" sizes=\"(max-width: 1024px) 100vw, 1024px\" \/><figcaption>Im\u00e1genes: Ramiro Arcos<\/figcaption><\/figure><\/li><\/ul>\n\n\n\n<div style=\"height:24px\" aria-hidden=\"true\" class=\"wp-block-spacer\"><\/div>\n\n\n\n<p>Las duras condiciones del desierto y el intenso calor han conspirado para limitar los asentamientos humanos a lo largo de la costa de la pen\u00ednsula de Baja California en el Golfo de California, dando paso a un abundante e impresionante refugio para la diversidad natural. En diciembre de 2019, justo despu\u00e9s de la temporada de lluvias, un equipo de 86 investigadores de diversas disciplinas acudieron al campo para registrar a detalle la biodiversidad y el estado de conservaci\u00f3n de un lugar \u00fanico: la bah\u00eda de San Basilio.<\/p>\n\n\n\n<div style=\"height:20px\" aria-hidden=\"true\" class=\"wp-block-spacer\"><\/div>\n\n\n\n<p>La bah\u00eda de San Basilio es extraordinaria por su impresionante paisaje y por la heterogeneidad de los accidentes geogr\u00e1ficos y h\u00e1bitats. Este rinc\u00f3n secreto de la pen\u00ednsula cuenta con abundantes recursos naturales y una biodiversidad fenomenal. Toda la bah\u00eda est\u00e1 viva, tanto encima y debajo de las ricas tierras y aguas de este para\u00edso costero. Los elementos marinos incluyen arrecifes rocosos y costas arenosas y rocosas, que abarcan un ecotono de biodiversidad taxon\u00f3mica. La franja tierra-mar alberga manglares, marismas, dunas y estuarios. Las influencias de la tierra y el mar favorecen la presencia de una gran cantidad de especies costeras, y m\u00e1s hacia el interior un complejo de matorrales \u00e1ridos y saludables con lagunas estacionales y piscinas permanentes de agua dulce son hogar de varias especies raras y en peligro de extinci\u00f3n, incluyendo un elevado n\u00famero de especies en general. [Descargue el reporte biling\u00fce <a href=\"https:\/\/nextgensd.com\/wp-content\/uploads\/2020\/07\/San-Basilio-Master-DIGITAL-10-08-20.pdf\" target=\"_blank\" rel=\"noreferrer noopener\" aria-label=\"aqu\u00ed (opens in a new tab)\">aqu\u00ed<\/a>]<br><\/p>\n\n\n\n<div style=\"height:20px\" aria-hidden=\"true\" class=\"wp-block-spacer\"><\/div>\n\n\n\n<p>El equipo registr\u00f3 1,333 observaciones de diferentes especies pertenecientes a 476 taxones diferentes. De estas, alrededor de 80 especies encontradas en el \u00e1rea de San Basilio est\u00e1n protegidas o consideradas bajo amenaza por la NOM-059-SEMARNAT-2010 y la UICN. Sin embargo, esta incre\u00edble riqueza sigue amenazada. La biodiversidad en la costa se ve afectada por la presencia de humanos y por perros sueltos. El turismo ejerce una presi\u00f3n considerable sobre los h\u00e1bitats costeros. La sobrepesca, tanto a trav\u00e9s de la cosecha industrial como de la captura insostenible de los principales depredadores (por ejemplo, tiburones y meros) est\u00e1 afectando negativamente a los ecosistemas marinos. El ganado est\u00e1 reduciendo la biodiversidad terrestre terrestre y la abundancia. Los resultados de esta expedici\u00f3n vinculan los desaf\u00edos de conservaci\u00f3n de la biodiversidad marina y terrestre, con recomendaciones para la conservaci\u00f3n a largo plazo de la regi\u00f3n de San Basilio.<\/p>\n\n\n\n<div style=\"height:87px\" aria-hidden=\"true\" class=\"wp-block-spacer\"><\/div>\n\n\n\n<div class=\"wp-block-image\"><figure class=\"aligncenter is-resized\"><a href=\"https:\/\/nextgensd.com\/wp-content\/uploads\/2020\/07\/San-Basilio-Master-DIGITAL-10-08-20.pdf\" target=\"_blank\" rel=\"noreferrer noopener\"><img loading=\"lazy\" decoding=\"async\" src=\"https:\/\/nextgensd.com\/wp-content\/uploads\/2020\/07\/San-Basilio-_cover-791x1024.jpg\" alt=\"\" class=\"wp-image-16929\" width=\"631\" height=\"817\" srcset=\"https:\/\/nextgensd.com\/wp-content\/uploads\/2020\/07\/San-Basilio-_cover-791x1024.jpg 791w, https:\/\/nextgensd.com\/wp-content\/uploads\/2020\/07\/San-Basilio-_cover-232x300.jpg 232w, https:\/\/nextgensd.com\/wp-content\/uploads\/2020\/07\/San-Basilio-_cover-768x994.jpg 768w\" sizes=\"(max-width: 631px) 100vw, 631px\" \/><\/a><\/figure><\/div>\n","protected":false},"excerpt":{"rendered":"<p>Las duras condiciones del desierto y el intenso calor han conspirado para limitar los asentamientos humanos a lo largo de la costa de la pen\u00ednsula de Baja California en el Golfo de California, dando paso a un abundante e impresionante refugio para la diversidad natural. En diciembre de 2019, justo despu\u00e9s de la temporada de [&hellip;]<\/p>\n","protected":false},"author":11,"featured_media":16936,"parent":0,"menu_order":0,"comment_status":"closed","ping_status":"closed","template":"","meta":{"footnotes":""},"acf":[],"_links":{"self":[{"href":"https:\/\/nextgensd.com\/es\/wp-json\/wp\/v2\/pages\/16949"}],"collection":[{"href":"https:\/\/nextgensd.com\/es\/wp-json\/wp\/v2\/pages"}],"about":[{"href":"https:\/\/nextgensd.com\/es\/wp-json\/wp\/v2\/types\/page"}],"author":[{"embeddable":true,"href":"https:\/\/nextgensd.com\/es\/wp-json\/wp\/v2\/users\/11"}],"replies":[{"embeddable":true,"href":"https:\/\/nextgensd.com\/es\/wp-json\/wp\/v2\/comments?post=16949"}],"version-history":[{"count":7,"href":"https:\/\/nextgensd.com\/es\/wp-json\/wp\/v2\/pages\/16949\/revisions"}],"predecessor-version":[{"id":16988,"href":"https:\/\/nextgensd.com\/es\/wp-json\/wp\/v2\/pages\/16949\/revisions\/16988"}],"wp:featuredmedia":[{"embeddable":true,"href":"https:\/\/nextgensd.com\/es\/wp-json\/wp\/v2\/media\/16936"}],"wp:attachment":[{"href":"https:\/\/nextgensd.com\/es\/wp-json\/wp\/v2\/media?parent=16949"}],"curies":[{"name":"wp","href":"https:\/\/api.w.org\/{rel}","templated":true}]}}