{"id":1623,"date":"2014-05-01T20:18:36","date_gmt":"2014-05-01T20:18:36","guid":{"rendered":"http:\/\/nextgensd.com\/?page_id=1623"},"modified":"2023-08-18T06:10:55","modified_gmt":"2023-08-18T06:10:55","slug":"cumbres-3","status":"publish","type":"page","link":"https:\/\/nextgensd.com\/es\/cumbres-3\/","title":{"rendered":"Cumbres"},"content":{"rendered":"<h5>Cumbres Regionales<\/h5>\n<p>Una de las mejores formas de conectar a aquellos de nosotros comprometidos con la investigaci\u00f3n y conservaci\u00f3n del Desierto Sonorense es haci\u00e9ndolo de manera directa y en persona. Una vez cada tres a\u00f1os la N-Gen llevar\u00e1 a cabo una Cumbre regional. La primera tuvo lugar en Tucson, Arizona del 18 al 20 de abril del 2012, y la pr\u00f3xima ser\u00e1 en Guaymas, Sonora, en octubre del 2015.<\/p>\n<p>Ve la p\u00e1gina Cumbres 2012 para enterarte acerca de las sesiones multidisciplinarias y la incre\u00edble energ\u00eda e inspiraci\u00f3n que se compartieron a lo largo de estos tres d\u00edas.<\/p>\n<p>Ve a la p\u00e1gina Cumbres 2015 para mayor informaci\u00f3n conforme la fecha de nuestra pr\u00f3xima cumbre se aproxime.<\/p>\n<h5>Cumbre 2015<\/h5>\n<p>La pr\u00f3xima Cumbre regional ser\u00e1 en Guaymas, Sonora en octubre del 2015. Anunciaremos m\u00e1s detalles conforme contemos con ellos. Por el momento, planea en reunirte con tus colegas en el periodo de oto\u00f1o 2015 en Guaymas! <strong><a href=\"\/summit-2015\/\">Conoce m\u00e1s \u00bb<\/a><\/strong><\/p>\n<h5>Cumbre 2012<\/h5>\n<p>La cumbre inaugural tuvo lugar en el Arizona-Sonora Desert Museum en Tucson, Arizona del 18 al 20 de abril de 2012. Noventa personas atendieron dicho encuentro, 49 provenientes de M\u00e9xico y 41 de Estados Unidos. Diecis\u00e9is disciplinas estuvieron representadas y 37 instituciones, 11 de M\u00e9xico y 26 de los Estados Unidos. El formato de la reuni\u00f3n se bas\u00f3 en una (des)conferencia, tambi\u00e9n conocido como de tecnolog\u00eda de espacio abierto (open space technology). Dicho formato promueve un discurso espont\u00e1neo e plenamente incluyente guiado por los mismos participantes de la reuni\u00f3n; este formato fue un \u00e9xito y se le reconoci\u00f3 como superior al formato est\u00e1ndar tradicional de las conferencias. <strong><a href=\"\/summit-2012\/\">Conoce m\u00e1s \u00bb<\/a><\/strong><\/p>\n","protected":false},"excerpt":{"rendered":"<p>Cumbres Regionales Una de las mejores formas de conectar a aquellos de nosotros comprometidos con la investigaci\u00f3n y conservaci\u00f3n del Desierto Sonorense es haci\u00e9ndolo de manera directa y en persona. Una vez cada tres a\u00f1os la N-Gen llevar\u00e1 a cabo una Cumbre regional. La primera tuvo lugar en Tucson, Arizona del 18 al 20 de [&hellip;]<\/p>\n","protected":false},"author":10,"featured_media":0,"parent":0,"menu_order":60,"comment_status":"closed","ping_status":"closed","template":"","meta":{"footnotes":""},"acf":[],"_links":{"self":[{"href":"https:\/\/nextgensd.com\/es\/wp-json\/wp\/v2\/pages\/1623"}],"collection":[{"href":"https:\/\/nextgensd.com\/es\/wp-json\/wp\/v2\/pages"}],"about":[{"href":"https:\/\/nextgensd.com\/es\/wp-json\/wp\/v2\/types\/page"}],"author":[{"embeddable":true,"href":"https:\/\/nextgensd.com\/es\/wp-json\/wp\/v2\/users\/10"}],"replies":[{"embeddable":true,"href":"https:\/\/nextgensd.com\/es\/wp-json\/wp\/v2\/comments?post=1623"}],"version-history":[{"count":4,"href":"https:\/\/nextgensd.com\/es\/wp-json\/wp\/v2\/pages\/1623\/revisions"}],"predecessor-version":[{"id":9624,"href":"https:\/\/nextgensd.com\/es\/wp-json\/wp\/v2\/pages\/1623\/revisions\/9624"}],"wp:attachment":[{"href":"https:\/\/nextgensd.com\/es\/wp-json\/wp\/v2\/media?parent=1623"}],"curies":[{"name":"wp","href":"https:\/\/api.w.org\/{rel}","templated":true}]}}