{"id":16160,"date":"2020-01-31T04:06:11","date_gmt":"2020-01-31T04:06:11","guid":{"rendered":"https:\/\/nextgensd.com\/?page_id=16160"},"modified":"2020-02-08T02:23:27","modified_gmt":"2020-02-08T02:23:27","slug":"tutoriales-para-lideres-de-equipo","status":"publish","type":"page","link":"https:\/\/nextgensd.com\/es\/tutoriales-para-lideres-de-equipo\/","title":{"rendered":"Tutoriales para l\u00edderes de equipo"},"content":{"rendered":"<p>[vc_row][vc_column][vc_empty_space height=\u00bb52px\u00bb][vc_column_text]<\/p>\r\n<p class=\"has-text-color has-large-font-size\" style=\"color: #4f7348;\"><strong>C\u00f3mo organizar un BioBlitz<\/strong><\/p>\r\n<p>[\/vc_column_text][vc_empty_space][vc_column_text el_class=\u00bbmedium_text\u00bb]<\/p>\r\n<p><span style=\"font-weight: 400;\">National Geographic tiene esta <a class=\"\" href=\"https:\/\/media.nationalgeographic.org\/assets\/file\/2019_BioBlitz_Guide_Spanish-Final_.pdf\" target=\"_blank\" rel=\"noopener noreferrer\">excelente gu\u00eda descargable<\/a>, en espa\u00f1ol, para la organizaci\u00f3n de eventos BioBlitz. Abarce desde organizaci\u00f3n y log\u00edstica hasta comunicaci\u00f3n, e incluye algunos estudios de caso breves de eventos exitosos.<\/span><\/p>\r\n<p><span style=\"font-weight: 400;\">Natusfera (la versi\u00f3n espa\u00f1ola de Naturalista) tiene informaci\u00f3n detallada en espa\u00f1ol acerca de los BioBlitz y c\u00f3mo organizarlos <a class=\"\" href=\"https:\/\/natusfera.gbif.es\/pages\/bioblitz+guide\" target=\"_blank\" rel=\"noopener noreferrer\">aqu\u00ed<\/a>.\u00a0<\/span><\/p>\r\n<p>Tambi\u00e9n tenemos muchos recursos disponibles en la secci\u00f3n de<a class=\"\" href=\"https:\/\/nextgensd.com\/team-leader-tutorials\" target=\"_blank\" rel=\"noopener noreferrer\"> tutoriales para l\u00edderes de equipo en ingl\u00e9s<\/a>.<\/p>\r\n<p>[\/vc_column_text][vc_empty_space height=\u00bb52px\u00bb][vc_column_text]<\/p>\r\n<p class=\"has-text-color has-large-font-size\" style=\"color: #4f7348;\"><strong>Capacitaci\u00f3n<\/strong><\/p>\r\n<p>[\/vc_column_text][vc_empty_space][vc_column_text el_class=\u00bbmedium_text\u00bb]<\/p>\r\n<p><span style=\"font-weight: 400;\">\u00a1Busca un <\/span><b>Tutor Naturalista<\/b><span style=\"font-weight: 400;\"> en tu estado! Los tutores son capacitadores regionales encargados de brindar talleres de capacitaci\u00f3n de Naturalista en diversos estados de la rep\u00fablica, y pueden apoyar tu evento con capacitaci\u00f3n gratuita. Puedes ver la lista de tutores a nivel nacional <a class=\"\" href=\"https:\/\/www.naturalista.mx\/pages\/ayudatutores\" target=\"_blank\" rel=\"noopener noreferrer\">aqu\u00ed<\/a>.<\/span><\/p>\r\n<p>Tambi\u00e9n hay materiales como este <a class=\"\" href=\"https:\/\/drive.google.com\/drive\/folders\/1Wov5uwSOiqEhKZTPKaakU2Gt-qL1HP4X\" target=\"_blank\" rel=\"noopener noreferrer\">excelente curso<\/a> del uso de la plataforma Naturalista, desarrollado por la CONABIO (2019) y otras organizaciones, incluye archivos PowerPoint muy detallados de todas las funciones del sitio y la aplicaci\u00f3n, as\u00ed como consejos para facilitar y mejorar su uso.<\/p>\r\n<p>[\/vc_column_text][vc_empty_space height=\u00bb42px\u00bb][vc_column_text]<\/p>\r\n<p class=\"has-text-color has-large-font-size\" style=\"color: #4f7348;\"><strong>Armar una p\u00e1gina de proyecto<\/strong><\/p>\r\n<p>[\/vc_column_text][vc_empty_space][vc_column_text el_class=\u00bbmedium_text\u00bb]<\/p>\r\n<p><span style=\"font-weight: 400;\">Recomendamos usar un Proyecto de Colecci\u00f3n, que autom\u00e1ticamente agrupa todas las observaciones realizadas en un \u00e1rea y un periodo de tiempo definidos. Puedes encontrar mayor informaci\u00f3n b\u00e1sica sobre los tipos de proyecto y c\u00f3mo armar el tuyo <a class=\"\" href=\"https:\/\/www.naturalista.mx\/projects\/new\" target=\"_blank\" rel=\"noopener noreferrer\">aqu\u00ed<\/a>, ingresando con tu nombre de usuario.<\/span><\/p>\r\n<p>Abajo encontrar\u00e1s botones para descargar tutoriales en PowerPoint relacionadas con la creaci\u00f3n de proyectos en Naturalista. Estos materiales provienen de:<\/p>\r\n<p>[\/vc_column_text][vc_empty_space][vc_column_text el_class=\u00bbblock_quote\u00bb]<\/p>\r\n<p>CONABIO, CONAP, Direcci\u00f3n de Valoraci\u00f3n y Conservaci\u00f3n de la Diversidad Biol\u00f3gica, Programa Selva Maya GIZ, Wildlife Conservation Society, Centro de Datos para la Conservaci\u00f3n y Centro de Estudios Conservacionistas de El Colegio de la Frontera Sur (ECOSUR). Taller, \u00ab<em>Bases para la Ciencia Ciudadana<\/em>\u00ab, 2 y 3 de octubre de 2019, Chetumal, Quintana Roo. <a class=\"\" href=\"https:\/\/drive.google.com\/drive\/folders\/1Wov5uwSOiqEhKZTPKaakU2Gt-qL1HP4X\" target=\"_blank\" rel=\"noopener noreferrer\">Disponible aqu\u00ed<\/a>.<\/p>\r\n<p>[\/vc_column_text][vc_empty_space height=\u00bb48px\u00bb][vc_row_inner content_placement=\u00bbmiddle\u00bb][vc_column_inner width=\u00bb1\/2&#8243;][vc_btn title=\u00bbCrea un proyecto\u00bb style=\u00bbflat\u00bb color=\u00bbsuccess\u00bb size=\u00bblg\u00bb align=\u00bbcenter\u00bb button_block=\u00bbtrue\u00bb link=\u00bburl:https%3A%2F%2Fnextgensd.com%2Fwp-content%2Fuploads%2F2020%2F01%2F6-PROYECTOS.pptx||target:%20_blank|\u00bb][\/vc_column_inner][vc_column_inner width=\u00bb1\/2&#8243;][vc_btn title=\u00bbCrea un pol\u00edgono de \u00ablugar\u00ab\u00bb style=\u00bbflat\u00bb color=\u00bbsuccess\u00bb size=\u00bblg\u00bb align=\u00bbcenter\u00bb button_block=\u00bbtrue\u00bb link=\u00bburl:https%3A%2F%2Fnextgensd.com%2Fwp-content%2Fuploads%2F2020%2F01%2F5_1-Lugares-crear-2019.pptx||target:%20_blank|\u00bb][\/vc_column_inner][\/vc_row_inner][vc_empty_space][vc_column_text el_class=\u00bbmedium_text\u00bb]<\/p>\r\n<p><span style=\"font-weight: 400;\">Si armas m\u00e1s de una p\u00e1gina de proyecto, por favor env\u00eda la liga a <\/span><a href=\"mailto:nextgensd2012@gmail.com\"><span style=\"font-weight: 400;\">nextgensd2012@gmail.com<\/span><\/a><span style=\"font-weight: 400;\"> con el asunto \u201cEvento de BioBlitz local\u201d.<\/span><\/p>\r\n<p>[\/vc_column_text][vc_empty_space][vc_empty_space][vc_column_text]<\/p>\r\n<p class=\"has-text-color has-large-font-size\" style=\"color: #4f7348;\"><strong>Recursos para tu equipo<\/strong><\/p>\r\n<p>[\/vc_column_text][vc_empty_space][vc_column_text el_class=\u00bbmedium_text\u00bb]<\/p>\r\n<p>Encontrar\u00e1s recursos para usuarios en nuestra secci\u00f3n de \u00abTutoriales para participantes <a class=\"\" href=\"https:\/\/nextgensd.com\/es\/participantes\/\" target=\"_blank\" rel=\"noopener noreferrer\">Tutoriales para participantes<\/a>\u00ab.<\/p>\r\n<p>\u00a1Tambi\u00e9n puedes <a class=\"\" href=\"https:\/\/nextgensd.com\/wp-content\/uploads\/2020\/02\/The-Nat-iNaturalist-best-practices_foldout-FINAL-SPAN-3up.pdf\" target=\"_blank\" rel=\"noopener noreferrer\">descargar esta excelente gu\u00eda de bolsillo<\/a> de Naturalista (y esta <a class=\"\" href=\"https:\/\/nextgensd.com\/wp-content\/uploads\/2020\/02\/Guide-to-print-and-fold_iNat-foldout-FINAL-ENG.pdf\" target=\"_blank\" rel=\"noopener noreferrer\">gu\u00eda para imprimirla<\/a>, en ingl\u00e9s) para llevarla al campo!<\/p>\r\n<p>[\/vc_column_text][vc_empty_space][vc_column_text]<\/p>\r\n\r\n<p class=\"has-text-color has-medium-font-size\" style=\"color: #597b54; text-align: center;\"><strong>Si tienes cualquier duda, estamos para apoyarte en nextgensd2012@gmail.com<\/strong><\/p>\r\n\r\n<p>[\/vc_column_text][\/vc_column][\/vc_row][vc_row][vc_column][\/vc_column][\/vc_row]<\/p>","protected":false},"excerpt":{"rendered":"<p>[vc_row][vc_column][vc_empty_space height=\u00bb52px\u00bb][vc_column_text] C\u00f3mo organizar un BioBlitz [\/vc_column_text][vc_empty_space][vc_column_text el_class=\u00bbmedium_text\u00bb] National Geographic tiene esta excelente gu\u00eda descargable, en espa\u00f1ol, para la organizaci\u00f3n de eventos BioBlitz. Abarce desde organizaci\u00f3n y log\u00edstica hasta comunicaci\u00f3n, e incluye algunos estudios de caso breves de eventos exitosos. Natusfera (la versi\u00f3n espa\u00f1ola de Naturalista) tiene informaci\u00f3n detallada en espa\u00f1ol acerca de los BioBlitz [&hellip;]<\/p>\n","protected":false},"author":11,"featured_media":0,"parent":0,"menu_order":0,"comment_status":"closed","ping_status":"closed","template":"","meta":{"footnotes":""},"acf":[],"_links":{"self":[{"href":"https:\/\/nextgensd.com\/es\/wp-json\/wp\/v2\/pages\/16160"}],"collection":[{"href":"https:\/\/nextgensd.com\/es\/wp-json\/wp\/v2\/pages"}],"about":[{"href":"https:\/\/nextgensd.com\/es\/wp-json\/wp\/v2\/types\/page"}],"author":[{"embeddable":true,"href":"https:\/\/nextgensd.com\/es\/wp-json\/wp\/v2\/users\/11"}],"replies":[{"embeddable":true,"href":"https:\/\/nextgensd.com\/es\/wp-json\/wp\/v2\/comments?post=16160"}],"version-history":[{"count":13,"href":"https:\/\/nextgensd.com\/es\/wp-json\/wp\/v2\/pages\/16160\/revisions"}],"predecessor-version":[{"id":16392,"href":"https:\/\/nextgensd.com\/es\/wp-json\/wp\/v2\/pages\/16160\/revisions\/16392"}],"wp:attachment":[{"href":"https:\/\/nextgensd.com\/es\/wp-json\/wp\/v2\/media?parent=16160"}],"curies":[{"name":"wp","href":"https:\/\/api.w.org\/{rel}","templated":true}]}}