{"id":16067,"date":"2020-01-30T21:55:37","date_gmt":"2020-01-30T21:55:37","guid":{"rendered":"https:\/\/nextgensd.com\/?page_id=16067"},"modified":"2020-03-17T22:44:24","modified_gmt":"2020-03-17T22:44:24","slug":"unete-a-un-equipo","status":"publish","type":"page","link":"https:\/\/nextgensd.com\/es\/unete-a-un-equipo\/","title":{"rendered":"\u00a1\u00danete a un equipo!"},"content":{"rendered":"<p>[vc_row][vc_column][vc_empty_space height=\u00bb46px\u00bb][\/vc_column][\/vc_row][vc_row][vc_column][vc_column_text el_class=\u00bborange_text\u00bb]N-Gen se compromete a garantizar la seguridad y el bienestar de nuestra comunidad.<\/p>\n<p>Para contribuir a \u00a0frenar la propagaci\u00f3n de COVID-19 en la regi\u00f3n fronteriza, hemos decidido <strong>posponer el evento BioBlitz de la Frontera 2020 hasta nuevo aviso<\/strong>. Esto incluye a todos los grupos participantes tanto en M\u00e9xico como en los Estados Unidos.<\/p>\n<p>Mientras tanto, el proyecto \u00a0BioBlitz de la Frontera en iNaturalist (<a href=\"https:\/\/www.inaturalist.org\/projects\/border-bioblitz-2020-independent-independiente\" target=\"_blank\" rel=\"noopener noreferrer\" data-saferedirecturl=\"https:\/\/www.google.com\/url?q=https:\/\/www.inaturalist.org\/projects\/border-bioblitz-2020-independent-independiente&amp;source=gmail&amp;ust=1584570507834000&amp;usg=AFQjCNHQbdUguu-Q4vZX5SCLBVqJ6EkokA\">https:\/\/www.inaturalist.org\/<wbr \/>projects\/border-bioblitz-2020-<wbr \/>independent-independiente<\/a>) sigue activo y los interesados pueden hacer observaciones por su cuenta e identificar observaciones de forma remota. Encuentra m\u00e1s informaci\u00f3n sobre c\u00f3mo identificar observaciones aqu\u00ed (<a href=\"https:\/\/www.inaturalist.org\/blog\/31664-exploring-nature-when-you-re-stuck-at-home\" target=\"_blank\" rel=\"noopener noreferrer\" data-saferedirecturl=\"https:\/\/www.google.com\/url?q=https:\/\/www.inaturalist.org\/blog\/31664-exploring-nature-when-you-re-stuck-at-home&amp;source=gmail&amp;ust=1584570507834000&amp;usg=AFQjCNE4EVi2KgdiY1FD2pjob297avBhEg\">https:\/\/www.inaturalist.org\/<wbr \/>blog\/31664-exploring-nature-<wbr \/>when-you-re-stuck-at-home<\/a>). Por favor siga las recomendaciones del CDC (Centro para el Control de Enfermedades), el CENAVECE (Centro Nacional de Vigilancia Epidemiol\u00f3gica y Control de Enfermedades) y los expertos en atenci\u00f3n m\u00e9dica para protegerse y proteger a los miembros vulnerables de la sociedad.<\/p>\n<p>Les deaseamos lo mejor en estos momentos de desaf\u00edos.[\/vc_column_text][\/vc_column][\/vc_row][vc_row][vc_column][vc_empty_space height=\u00bb46px\u00bb][vc_separator][vc_empty_space height=\u00bb46px\u00bb][\/vc_column][\/vc_row][vc_row][vc_column][vc_gmaps link=\u00bb#E-8_JTNDaWZyYW1lJTIwc3JjJTNEJTIyaHR0cHMlM0ElMkYlMkZ3d3cuZ29vZ2xlLmNvbSUyRm1hcHMlMkZkJTJGZW1iZWQlM0ZtaWQlM0QxbnZhSWR3MkVGRFFqVHVpV1BpNHhHYndZbU5nYjhZWXMlMjIlMjB3aWR0aCUzRCUyMjY0MCUyMiUyMGhlaWdodCUzRCUyMjQ4MCUyMiUzRSUzQyUyRmlmcmFtZSUzRQ==\u00bb][\/vc_column][\/vc_row][vc_row][vc_column][vc_empty_space][\/vc_column][\/vc_row][vc_row][vc_column][vc_column_text]<\/p>\n<h2>Ubicaciones del BioBlitz 2020<\/h2>\n<p>[\/vc_column_text][vc_empty_space height=\u00bb24px\u00bb][vc_column_text el_class=\u00bborange_text_large\u00bb]Para integrarse a un equipo, env\u00ede un correo al l\u00edder de equipo o siga las ligas de Eventbrite abajo.[\/vc_column_text][vc_empty_space height=\u00bb12px\u00bb][vc_column_text el_class=\u00bborange_text\u00bb]\u00a1Haz click en los nombres de las ubicaciones para mayor informaci\u00f3n![\/vc_column_text][\/vc_column][\/vc_row][vc_row][vc_column][vc_empty_space][\/vc_column][\/vc_row][vc_row][vc_column][vc_toggle title=\u00bbBorderfield State Park\u00bb color=\u00bborange\u00bb size=\u00bblg\u00bb]<img decoding=\"async\" src=\"https:\/\/nextgensd.com\/wp-content\/uploads\/2020\/02\/800px-Tijuana_River_Border_Field_State_Park_CA.jpg\" \/><\/p>\n<p><strong>Fecha(s)<\/strong>: <strong>POSPUESTO<\/strong><\/p>\n<p><strong>L\u00edder de equipo y correo electr\u00f3nico<\/strong>: Lauren Marino Perez, lmperez@sdnhm.org<\/p>\n<p><strong>Organizaci\u00f3n(es):<\/strong> The Nat, Botanical Community Development Initiatives<\/p>\n<p><strong>Proyecto iNaturalist:<\/strong> <a class=\"\" href=\"https:\/\/www.inaturalist.org\/projects\/border-bioblitz-2020-border-field-state-park\" target=\"_blank\" rel=\"noopener noreferrer\">https:\/\/www.inaturalist.org\/projects\/border-bioblitz-2020-border-field-state-park<\/a><\/p>\n<p><strong>Informaci\u00f3n log\u00edstica<\/strong>: Forma parte de nuestro equipo en Border Field State Park y aprende a usar iNaturalist para documentar la vida silvestre.<\/p>\n<p>\u00bfYa eres experta\/o en iNaturalista? Int\u00e9grate como l\u00edder de equipo. Contacta a Lauren Marino Perez, Gerente de Ciencia Ciudadana, en mperez@sdnhm.org.<\/p>\n<p><em>Agenda:<\/em> Comenzaremos en el Centro de Visitantes del Estuario de Tijuana con una breve orientaci\u00f3n acerca de las reglas del Parque Estatal, una descripci\u00f3n general r\u00e1pida de iNaturalist y llenado de formatos de exenci\u00f3n de responsabilidad para todos los que participan.<\/p>\n<p><em>Requisitos para participar<\/em>: ES OBLIGATORIO asistir a la orientaci\u00f3n y firmar una exenci\u00f3n de responsabilidad para participar. Cualquier persona menor de 18 a\u00f1os debe estar acompa\u00f1ada por un adulto. Deben llevar zapatos cerrados o botas y un smartphone capaz de descargar iNaturalist o una c\u00e1mara digital.<\/p>\n<p><em>Recomendado para participar<\/em>: Es altamente recomendable traer pantalones y camisas de manga larga, agua, lonche y protecci\u00f3n solar.<\/p>\n<p>* En caso de lluvias significativas, el BioBlitz en el Border Field State Park se cancelar\u00e1 debido a las aguas de inundaci\u00f3n contaminadas con aguas residuales. Los senderos en el Centro de Visitantes del Estuario de Tijuana no se ven afectados por las aguas de inundaci\u00f3n contaminadas.[\/vc_toggle][vc_empty_space height=\u00bb12px\u00bb][vc_toggle title=\u00bbSan Diego: muestreo marino\u00bb color=\u00bborange\u00bb size=\u00bblg\u00bb]<img decoding=\"async\" src=\"https:\/\/nextgensd.com\/wp-content\/uploads\/2020\/02\/1599px-La_Jolla_Shores_San_Diego_CA_92037_USA_-_panoramio_7.jpg\" \/><\/p>\n<p><strong>Fecha(s)<\/strong>: <strong>POSPUESTO<\/strong><\/p>\n<p><strong>L\u00edder de equipo y correo electr\u00f3nico<\/strong>: Sula Vanderplank, sula.vanderplank@gmail.com<\/p>\n<p><strong>Organizaci\u00f3n(es):<\/strong> SUVA Research<\/p>\n<p><strong>Proyecto iNaturalist:<\/strong> <a class=\"\" href=\"https:\/\/www.inaturalist.org\/projects\/marine-border-bioblitz-2020-bioblitz-marino-de-la-frontera-2020\" target=\"_blank\" rel=\"noopener noreferrer\">https:\/\/www.inaturalist.org\/projects\/marine-border-bioblitz-2020-bioblitz-marino-de-la-frontera-2020<\/a><\/p>\n<p><strong>Informaci\u00f3n log\u00edstica<\/strong>: El punto de reuni\u00f3n es en Seaforth Marina a las 7 a.m. Se requiere registro previo.[\/vc_toggle][vc_empty_space height=\u00bb12px\u00bb][vc_toggle title=\u00bbCueros de Venado, Tijuana\u00bb color=\u00bborange\u00bb size=\u00bblg\u00bb]<img decoding=\"async\" src=\"https:\/\/nextgensd.com\/wp-content\/uploads\/2020\/03\/Cerro_Colorado_2-3.jpg\" \/><\/p>\n<p><strong>Fecha(s)<\/strong>: <strong>POSPUESTO<\/strong><\/p>\n<p><strong>L\u00edder de equipo y correo electr\u00f3nico<\/strong>: <span data-sheets-value=\"{&quot;1&quot;:2,&quot;2&quot;:&quot;Dra. Mariana Delgado Fernandez y L.C.A. Carlos David Perez Casian&quot;}\" data-sheets-userformat=\"{&quot;2&quot;:513,&quot;3&quot;:{&quot;1&quot;:0},&quot;12&quot;:0}\">Dra. Mariana Delgado Fernandez y L.C.A. Carlos David Perez Casian; ecotonosustentable@gmail.com<\/span><\/p>\n<p><strong>Proyecto Naturalista: <\/strong><a class=\"\" href=\"https:\/\/www.inaturalist.org\/projects\/bioblitz-de-la-frontera-2020-cueros-de-venado-tijuana\" target=\"_blank\" rel=\"noopener noreferrer\">https:\/\/www.inaturalist.org\/projects\/bioblitz-de-la-frontera-2020-cueros-de-venado-tijuana<\/a><\/p>\n<p><strong>P\u00e1gina de Facebook:<\/strong> <a class=\"\" href=\"https:\/\/www.facebook.com\/ecotonosustentable\/\" target=\"_blank\" rel=\"noopener noreferrer\">https:\/\/www.facebook.com\/ecotonosustentable\/<\/a><\/p>\n<p><strong>Informaci\u00f3n log\u00edstica<\/strong>:<\/p>\n<p><span data-sheets-value=\"{&quot;1&quot;:2,&quot;2&quot;:&quot;Dirigido a: Bi\u00f3logos, Ec\u00f3logos, Ambient\u00f3logos, Usuarios frecuentes de iNaturalist \\nDistancia total: 8 km\\nNivel: intermedio (pendientes moderadas, rocas expuestas)\\n? Punto de reuni\u00f3n: La Huerta Restaurante en Rancho Casian, ubicado en Boulevard 2000 km 23, Tijuana Baja California. Solicita la ubicaci\u00f3n exacta por Whatsapp al (664) 375 80 63. \\n\\nActividad: Caminata por cerro (sendero) donde buscaremos el mayor n\u00famero de registro de flora y fauna de Cueros de Venado, ubicado en la zona Este de Tijuana, \u00e1rea que al no estar urbanizada mantiene una alta diversidad de especies. \\n\\nEs necesario tener experiencia previa en levantamiento de datos de campo en la ecorregi\u00f3n de matorral costero y chaparral de Baja California ya que no se realizar\u00e1n capacitaciones para uso de Naturalista.\\n\\nImportante traer por persona:\\n1. Traer c\u00e1mara fotogr\u00e1fica o celular para generar los registros de flora y fauna.\\n2. Traer ropa y equipo adecuado para practicar senderismo y levantamiento de datos de campo.\\n3. Traer agua y comida (snacks) para el trayecto.\\n4. Seremos muy puntuales: hora de salida 7:00 am.\\n5. Traer impresa y completa la carta responsiva.\\n\\nAl llegar de nuevo al punto de inicio tendremos agua y fruta para los participantes. \\nGracias por unirte a nuestro equipo :D\\n&quot;}\" data-sheets-userformat=\"{&quot;2&quot;:513,&quot;3&quot;:{&quot;1&quot;:0},&quot;12&quot;:0}\">Dirigido a: Bi\u00f3logos, Ec\u00f3logos, Ambient\u00f3logos, Usuarios frecuentes de iNaturalist<br \/>\nDistancia total: 8 km<br \/>\nNivel: intermedio (pendientes moderadas, rocas expuestas)<br \/>\n? Punto de reuni\u00f3n: La Huerta Restaurante en Rancho Casian, ubicado en Boulevard 2000 km 23, Tijuana Baja California. Solicita la ubicaci\u00f3n exacta por Whatsapp al (664) 375 80 63.<\/span><\/p>\n<p>Actividad: Caminata por cerro (sendero) donde buscaremos el mayor n\u00famero de registro de flora y fauna de Cueros de Venado, ubicado en la zona Este de Tijuana, \u00e1rea que al no estar urbanizada mantiene una alta diversidad de especies.<\/p>\n<p>Es necesario tener experiencia previa en levantamiento de datos de campo en la ecorregi\u00f3n de matorral costero y chaparral de Baja California ya que no se realizar\u00e1n capacitaciones para uso de Naturalista.<\/p>\n<p>Importante traer por persona:<br \/>\n1. Traer c\u00e1mara fotogr\u00e1fica o celular para generar los registros de flora y fauna.<br \/>\n2. Traer ropa y equipo adecuado para practicar senderismo y levantamiento de datos de campo.<br \/>\n3. Traer agua y comida (snacks) para el trayecto.<br \/>\n4. Seremos muy puntuales: hora de salida 7:00 am.<br \/>\n5. Traer impresa y completa la carta responsiva.<\/p>\n<p>Al llegar de nuevo al punto de inicio tendremos agua y fruta para los participantes.<br \/>\nGracias por unirte a nuestro equipo :D[\/vc_toggle][vc_empty_space height=\u00bb12px\u00bb][vc_toggle title=\u00bbPlayas de Tijuana\u00bb color=\u00bborange\u00bb size=\u00bblg\u00bb]<img decoding=\"async\" src=\"https:\/\/nextgensd.com\/wp-content\/uploads\/2020\/03\/playas_tj.jpg\" \/><\/p>\n<p><strong>Fecha(s)<\/strong>: <strong>POSPUESTO<\/strong><\/p>\n<p><strong>L\u00edder de equipo y correo electr\u00f3nico<\/strong>: Lizeth Puga, <span data-sheets-value=\"{&quot;1&quot;:2,&quot;2&quot;:&quot;l_puga@hotmail.com&quot;}\" data-sheets-userformat=\"{&quot;2&quot;:513,&quot;3&quot;:{&quot;1&quot;:0},&quot;12&quot;:0}\">l_puga@hotmail.com<\/span><\/p>\n<p><strong>Proyectos Naturalista: <\/strong><a class=\"\" href=\"https:\/\/www.inaturalist.org\/projects\/bioblitz-de-la-frontera-2020-playas-de-tijuana-bc\" target=\"_blank\" rel=\"noopener noreferrer\">https:\/\/www.inaturalist.org\/projects\/bioblitz-de-la-frontera-2020-playas-de-tijuana-bc<\/a><\/p>\n<p><strong>Informaci\u00f3n log\u00edstica<\/strong>: \u00a1Nos vemos a las 9 a.m. en el faro de Playas! Lleva s<span data-sheets-value=\"{&quot;1&quot;:2,&quot;2&quot;:&quot;Sombrero, bloqueador, ropa c\u00f3moda, agua, celular o tablet con la aplicaci\u00f3n Naturalista.&quot;}\" data-sheets-userformat=\"{&quot;2&quot;:513,&quot;3&quot;:{&quot;1&quot;:0},&quot;12&quot;:0}\">ombrero, bloqueador, ropa c\u00f3moda, agua, celular o tablet con la aplicaci\u00f3n Naturalista.<\/span>[\/vc_toggle][vc_empty_space height=\u00bb12px\u00bb][vc_toggle title=\u00bbReto Naturalista Urbano: Tijuana\u00bb color=\u00bborange\u00bb size=\u00bblg\u00bb]<img decoding=\"async\" src=\"https:\/\/nextgensd.com\/wp-content\/uploads\/2020\/03\/playas_tj.jpg\" \/><\/p>\n<p><strong>Fecha(s)<\/strong>: <strong>POSPUESTO<\/strong><\/p>\n<p><strong>L\u00edder de equipo y correo electr\u00f3nico<\/strong>: <span data-sheets-value=\"{&quot;1&quot;:2,&quot;2&quot;:&quot;Adriana \u00c1lvarez Andrade&quot;}\" data-sheets-userformat=\"{&quot;2&quot;:513,&quot;3&quot;:{&quot;1&quot;:0},&quot;12&quot;:0}\">Adriana \u00c1lvarez Andrade<\/span>, <span data-sheets-value=\"{&quot;1&quot;:2,&quot;2&quot;:&quot;adrianaa@uabc.edu.mx&quot;}\" data-sheets-userformat=\"{&quot;2&quot;:513,&quot;3&quot;:{&quot;1&quot;:0},&quot;12&quot;:0}\">adrianaa@uabc.edu.mx<\/span><\/p>\n<p><strong>Proyectos Naturalista:<\/strong><\/p>\n<p><a class=\"\" href=\"https:\/\/www.inaturalist.org\/projects\/border-bioblitz-2020-reto-naturalista-urbano-tijuana-2020\" target=\"_blank\" rel=\"noopener noreferrer\">https:\/\/www.inaturalist.org\/projects\/border-bioblitz-2020-reto-naturalista-urbano-tijuana-2020<\/a><\/p>\n<p><a class=\"\" href=\"https:\/\/www.inaturalist.org\/projects\/reto-naturalista-urbano-2020-tijuana-baja-california\" target=\"_blank\" rel=\"noopener noreferrer\">https:\/\/www.inaturalist.org\/projects\/reto-naturalista-urbano-2020-tijuana-baja-california<\/a><\/p>\n<p><strong>Informaci\u00f3n log\u00edstica<\/strong>: Descubre la vida silvestre que habita la zona urbana de Tijuana y sus alrededores. Organ\u00edzate con tu familia o tus amigos y participa del 24 al 27 de abril en el desaf\u00edo de la naturaleza de Tijuana 2020 \u00a1Hay todo un mundo de biodiversidad por descubrir en Tijuana! \u00a1Animales, plantas, hongos, l\u00edquenes, te vas a sorprender!<\/p>\n<p>Toma todas las fotos que puedas y s\u00fabelas antes del 27 de abril. Del 28 de abril al 3 de mayo expertos curadores estar\u00e1n identificando las especies que observaste.[\/vc_toggle][vc_empty_space height=\u00bb12px\u00bb][vc_toggle title=\u00bbReto Naturalista Urbano: Condado de San Diego\u00bb color=\u00bborange\u00bb size=\u00bblg\u00bb]<img decoding=\"async\" src=\"https:\/\/nextgensd.com\/wp-content\/uploads\/2020\/02\/1599px-La_Jolla_Shores_San_Diego_CA_92037_USA_-_panoramio_7.jpg\" \/><\/p>\n<p><strong>Fecha(s)<\/strong>: <strong>POSPUESTO<\/strong><\/p>\n<p><strong>L\u00edder de equipo y correo electr\u00f3nico<\/strong>:<\/p>\n<p><span data-sheets-value=\"{&quot;1&quot;:2,&quot;2&quot;:&quot;Adriana \u00c1lvarez Andrade&quot;}\" data-sheets-userformat=\"{&quot;2&quot;:513,&quot;3&quot;:{&quot;1&quot;:0},&quot;12&quot;:0}\">Lauren Marino Perez<\/span>,<\/p>\n<p><span lang=\"ES-MX\"><a href=\"mailto:lmperez@sdnhm.org\" target=\"_blank\" rel=\"noopener noreferrer\">lmperez@sdnhm.org<\/a><\/span><\/p>\n<p><strong>Proyectos Naturalista:<\/strong><\/p>\n<p><a class=\"\" href=\"https:\/\/www.inaturalist.org\/projects\/border-bioblitz-2020-san-diego-county\" target=\"_blank\" rel=\"noopener noreferrer\">https:\/\/www.inaturalist.org\/projects\/border-bioblitz-2020-san-diego-county<\/a><\/p>\n<p><a class=\"\" href=\"https:\/\/www.inaturalist.org\/projects\/city-nature-challenge-2020-san-diego-county\" target=\"_blank\" rel=\"noopener noreferrer\">https:\/\/www.inaturalist.org\/projects\/city-nature-challenge-2020-san-diego-county<\/a><\/p>\n<p><strong>Informaci\u00f3n log\u00edstica<\/strong>: El proyecto del BioBlitz de la Frontera 2020 sucede a la par con la participaci\u00f3n del condado de San Diego en el Reto Naturalista Urbano. Las observaciones que subas a lo largo de la frontera M\u00e9xico-E.U. del 24 al 27 de abril se incluir\u00e1n en los dos proyectos, \u00a12 por 1![\/vc_toggle][vc_empty_space height=\u00bb12px\u00bb][vc_toggle title=\u00bbMonta\u00f1a de Otay\u00bb color=\u00bborange\u00bb size=\u00bblg\u00bb]<img decoding=\"async\" src=\"https:\/\/nextgensd.com\/wp-content\/uploads\/2020\/03\/640px-Otay_Mountain_Wilderness_Area_panoramic_view.jpg\" \/><\/p>\n<p><strong>Fecha(s)<\/strong>: <strong>POSPUESTO<\/strong><\/p>\n<p><strong>L\u00edder de equipo y correo electr\u00f3nico<\/strong>: <span data-sheets-value=\"{&quot;1&quot;:2,&quot;2&quot;:&quot;Charlie de la Rosa&quot;}\" data-sheets-userformat=\"{&quot;2&quot;:513,&quot;3&quot;:{&quot;1&quot;:0},&quot;12&quot;:0}\">Charlie de la Rosa<\/span>, cdelarosa@gmail.com<\/p>\n<p><strong>Organizaci\u00f3n(es):<\/strong> N-Gen<\/p>\n<p><strong>Proyecto iNaturalist:<\/strong> <a class=\"\" href=\"https:\/\/www.inaturalist.org\/projects\/border-bioblitz-2020-sw-otay-mountain\" target=\"_blank\" rel=\"noopener noreferrer\">https:\/\/www.inaturalist.org\/projects\/border-bioblitz-2020-sw-otay-mountain<\/a><\/p>\n<p><strong>Informaci\u00f3n log\u00edstica<\/strong>: Este equipo se encuentra LLENO. Desafortunadamente, el cupo se limita a un veh\u00edculo.[\/vc_toggle][vc_empty_space height=\u00bb12px\u00bb][vc_toggle title=\u00bbRancho San Bernardino, Rancho El Nogalito y Rancho El Valle (ADVC Cuenca Los Ojos)\u00bb color=\u00bborange\u00bb size=\u00bblg\u00bb]<img decoding=\"async\" src=\"https:\/\/nextgensd.com\/wp-content\/uploads\/2020\/03\/IMG_5777-Cecilia-Aguilar-Morales-e1583887837137.jpg\" \/><\/p>\n<p><strong>Fecha(s)<\/strong>: <strong>POSPUESTO<\/strong><\/p>\n<p><strong>L\u00edder de equipo y correo electr\u00f3nico<\/strong>: <span data-sheets-value=\"{&quot;1&quot;:2,&quot;2&quot;:&quot;Bi\u00f3l. Cecilia Aguilar, cecilia@wildlandsnetwork.org; Iv\u00e1n Souffl\u00e9, ivansoufflelamphar@gmail.com&quot;}\" data-sheets-userformat=\"{&quot;2&quot;:513,&quot;3&quot;:{&quot;1&quot;:0},&quot;12&quot;:0}\">Bi\u00f3l. Cecilia Aguilar, cecilia@wildlandsnetwork.org; Iv\u00e1n Souffl\u00e9, ivansoufflelamphar@gmail.com<\/span><\/p>\n<p><strong>Organizaci\u00f3n(es): <\/strong><span data-sheets-value=\"{&quot;1&quot;:2,&quot;2&quot;:&quot;Bisbee Science Lab, Kartchner Caverns State Park&quot;}\" data-sheets-userformat=\"{&quot;2&quot;:513,&quot;3&quot;:{&quot;1&quot;:0},&quot;12&quot;:0}\">Wildlands Network<\/span><\/p>\n<p><strong>Proyecto iNaturalist:\u00a0<\/strong><a class=\"\" href=\"https:\/\/www.naturalista.mx\/projects\/border-bioblitz-2020-rancho-san-bernardino-el-valle-advc-cuenca-los-ojos\" target=\"_blank\" rel=\"noopener noreferrer\">https:\/\/www.naturalista.mx\/projects\/border-bioblitz-2020-rancho-san-bernardino-el-valle-advc-cuenca-los-ojos<\/a><\/p>\n<p><strong>Informaci\u00f3n log\u00edstica<\/strong>: <span data-sheets-value=\"{&quot;1&quot;:2,&quot;2&quot;:&quot;PREGUNTAR INFORMACI\u00d3N DEL SITIO DE REUNI\u00d3N A LOS LIDERES DEL EQUIPO \\n\\nREQUISITOS:\\n-Es necesario llevar ropa y zapatos adecuados, gorro, bloqueador solar y herramientas de campo b\u00e1sicas\\n-Una c\u00e1mara fotogr\u00e1fica o celular con la aplicaci\u00f3n de naturalista para generar los registros\\n-Llevar comida y agua \\n-Ser muy puntuales con las horas indicadas \\n\\nLUGAR\\nSe visitaran varios ranchos del \u00c1rea Destinada Voluntariamente a la Conservaci\u00f3n Cuenca Los Ojos, Rancho San Bernardino (campamento base), Rancho El Nogalito y Rancho El Valle. En este sitio se encuentra actualmente la construcci\u00f3n del muro fronterizo, de casi 10 metros de altura, el cual sera la mayor barrera biogeogr\u00e1fica de la diversidad de la regi\u00f3n, impidiendo la migraci\u00f3n de sur a norte y viceversa, de especies de distribuci\u00f3n amplia como el oso negro, el lobo mexicano y el ocasional jaguar.\\n\\nESTE EQUIPO TIENE CUPO LIMITADO! PREGUNTAR A LOS LIDERES SI AUN HAY ESPACIO.&quot;}\" data-sheets-userformat=\"{&quot;2&quot;:513,&quot;3&quot;:{&quot;1&quot;:0},&quot;12&quot;:0}\">PREGUNTAR INFORMACI\u00d3N DEL SITIO DE REUNI\u00d3N A LOS LIDERES DEL EQUIPO<\/span><\/p>\n<p>REQUISITOS:<br \/>\n-Es necesario llevar ropa y zapatos adecuados, gorro, bloqueador solar y herramientas de campo b\u00e1sicas<br \/>\n-Una c\u00e1mara fotogr\u00e1fica o celular con la aplicaci\u00f3n de naturalista para generar los registros<br \/>\n-Llevar comida y agua<br \/>\n-Ser muy puntuales con las horas indicadas<\/p>\n<p>LUGAR<br \/>\nSe visitaran varios ranchos del \u00c1rea Destinada Voluntariamente a la Conservaci\u00f3n Cuenca Los Ojos, Rancho San Bernardino (campamento base), Rancho El Nogalito y Rancho El Valle. En este sitio se encuentra actualmente la construcci\u00f3n del muro fronterizo, de casi 10 metros de altura, el cual sera la mayor barrera biogeogr\u00e1fica de la diversidad de la regi\u00f3n, impidiendo la migraci\u00f3n de sur a norte y viceversa, de especies de distribuci\u00f3n amplia como el oso negro, el lobo mexicano y el ocasional jaguar.<\/p>\n<p>ESTE EQUIPO TIENE CUPO LIMITADO! PREGUNTAR A LOS LIDERES SI AUN HAY ESPACIO.[\/vc_toggle][vc_empty_space height=\u00bb12px\u00bb][vc_toggle title=\u00bbParque estatal \u00abKartchner Caverns\u00ab\u00bb color=\u00bborange\u00bb size=\u00bblg\u00bb]<img decoding=\"async\" src=\"https:\/\/nextgensd.com\/wp-content\/uploads\/2020\/03\/640px-Kartchner_Caverns_State_Park_001.jpeg\" \/><\/p>\n<p><strong>Fecha(s)<\/strong>: <strong>POSPUESTO<\/strong><\/p>\n<p><strong>L\u00edder de equipo y correo electr\u00f3nico<\/strong>: <span data-sheets-value=\"{&quot;1&quot;:2,&quot;2&quot;:&quot;Kalman Mannis, Sarah Trueby&quot;}\" data-sheets-userformat=\"{&quot;2&quot;:513,&quot;3&quot;:{&quot;1&quot;:0},&quot;12&quot;:0}\">Kalman Mannis, Sarah Trueby; mannisk@azscience.org<\/span><\/p>\n<p><strong>Organizaci\u00f3n(es): <\/strong><span data-sheets-value=\"{&quot;1&quot;:2,&quot;2&quot;:&quot;Bisbee Science Lab, Kartchner Caverns State Park&quot;}\" data-sheets-userformat=\"{&quot;2&quot;:513,&quot;3&quot;:{&quot;1&quot;:0},&quot;12&quot;:0}\">Bisbee Science Lab, Kartchner Caverns State Park<\/span><\/p>\n<p><strong>Proyecto iNaturalist:<\/strong><a class=\"\" href=\"https:\/\/www.inaturalist.org\/projects\/border-bioblitz-2020-kartchner-caverns-state-park\" target=\"_blank\" rel=\"noopener noreferrer\"> https:\/\/www.inaturalist.org\/projects\/border-bioblitz-2020-kartchner-caverns-state-park<\/a><\/p>\n<p><strong>Informaci\u00f3n log\u00edstica<\/strong>: \u00a1No olvides llevar pantalones largos, bloqueador solar, botella de agua y un <em>smartphone<\/em>![\/vc_toggle][vc_empty_space height=\u00bb12px\u00bb][\/vc_column][\/vc_row][vc_row][vc_column][vc_separator][\/vc_column][\/vc_row][vc_row][vc_column][vc_column_text]<\/p>\n<h4>\u00bfNo encuentras un equipo en tu localidad? \u00a1No te preocupes! Considera <a class=\"\" href=\"https:\/\/nextgensd.com\/es\/start-a-team\/\" target=\"_blank\" rel=\"noopener noreferrer\">formar un equipo<\/a> o <a class=\"\" href=\"https:\/\/nextgensd.com\/es\/sal-por-tu-cuenta\/\" target=\"_blank\" rel=\"noopener noreferrer\">participar de manera independiente<\/a>.<\/h4>\n<p>[\/vc_column_text][\/vc_column][\/vc_row]<\/p>\n","protected":false},"excerpt":{"rendered":"<p>[vc_row][vc_column][vc_empty_space height=\u00bb46px\u00bb][\/vc_column][\/vc_row][vc_row][vc_column][vc_column_text el_class=\u00bborange_text\u00bb]N-Gen se compromete a garantizar la seguridad y el bienestar de nuestra comunidad. Para contribuir a \u00a0frenar la propagaci\u00f3n de COVID-19 en la regi\u00f3n fronteriza, hemos decidido posponer el evento BioBlitz de la Frontera 2020 hasta nuevo aviso. Esto incluye a todos los grupos participantes tanto en M\u00e9xico como en los Estados Unidos. [&hellip;]<\/p>\n","protected":false},"author":11,"featured_media":0,"parent":0,"menu_order":0,"comment_status":"closed","ping_status":"closed","template":"","meta":{"footnotes":""},"acf":[],"_links":{"self":[{"href":"https:\/\/nextgensd.com\/es\/wp-json\/wp\/v2\/pages\/16067"}],"collection":[{"href":"https:\/\/nextgensd.com\/es\/wp-json\/wp\/v2\/pages"}],"about":[{"href":"https:\/\/nextgensd.com\/es\/wp-json\/wp\/v2\/types\/page"}],"author":[{"embeddable":true,"href":"https:\/\/nextgensd.com\/es\/wp-json\/wp\/v2\/users\/11"}],"replies":[{"embeddable":true,"href":"https:\/\/nextgensd.com\/es\/wp-json\/wp\/v2\/comments?post=16067"}],"version-history":[{"count":29,"href":"https:\/\/nextgensd.com\/es\/wp-json\/wp\/v2\/pages\/16067\/revisions"}],"predecessor-version":[{"id":16786,"href":"https:\/\/nextgensd.com\/es\/wp-json\/wp\/v2\/pages\/16067\/revisions\/16786"}],"wp:attachment":[{"href":"https:\/\/nextgensd.com\/es\/wp-json\/wp\/v2\/media?parent=16067"}],"curies":[{"name":"wp","href":"https:\/\/api.w.org\/{rel}","templated":true}]}}