{"id":1606,"date":"2014-05-01T19:27:04","date_gmt":"2014-05-01T19:27:04","guid":{"rendered":"http:\/\/nextgensd.com\/?page_id=1606"},"modified":"2025-09-16T04:55:45","modified_gmt":"2025-09-16T04:55:45","slug":"acerca-de-nosotros","status":"publish","type":"page","link":"https:\/\/nextgensd.com\/es\/acerca-de-nosotros\/","title":{"rendered":"Nosotros"},"content":{"rendered":"\t\t<div data-elementor-type=\"wp-page\" data-elementor-id=\"1606\" class=\"elementor elementor-1606 elementor-7045\" data-elementor-post-type=\"page\">\n\t\t\t\t\t\t<section class=\"elementor-section elementor-top-section elementor-element elementor-element-31dd864e elementor-section-boxed elementor-section-height-default elementor-section-height-default\" data-id=\"31dd864e\" data-element_type=\"section\">\n\t\t\t\t\t\t<div class=\"elementor-container elementor-column-gap-default\">\n\t\t\t\t\t<div class=\"elementor-column elementor-col-100 elementor-top-column elementor-element elementor-element-1b1a846d\" data-id=\"1b1a846d\" data-element_type=\"column\">\n\t\t\t<div class=\"elementor-widget-wrap elementor-element-populated\">\n\t\t\t\t\t\t<div class=\"elementor-element elementor-element-3385f912 elementor-widget elementor-widget-text-editor\" data-id=\"3385f912\" data-element_type=\"widget\" data-widget_type=\"text-editor.default\">\n\t\t\t\t<div class=\"elementor-widget-container\">\n\t\t\t<style>\/*! elementor - v3.23.0 - 05-08-2024 *\/\n.elementor-widget-text-editor.elementor-drop-cap-view-stacked .elementor-drop-cap{background-color:#69727d;color:#fff}.elementor-widget-text-editor.elementor-drop-cap-view-framed .elementor-drop-cap{color:#69727d;border:3px solid;background-color:transparent}.elementor-widget-text-editor:not(.elementor-drop-cap-view-default) .elementor-drop-cap{margin-top:8px}.elementor-widget-text-editor:not(.elementor-drop-cap-view-default) .elementor-drop-cap-letter{width:1em;height:1em}.elementor-widget-text-editor .elementor-drop-cap{float:left;text-align:center;line-height:1;font-size:50px}.elementor-widget-text-editor .elementor-drop-cap-letter{display:inline-block}<\/style>\t\t\t\t<h3>Nuestra visi\u00f3n<\/h3><p><img fetchpriority=\"high\" decoding=\"async\" class=\"wp-image-10131 alignleft\" src=\"https:\/\/nextgensd.com\/wp-content\/uploads\/2013\/12\/Sonoran-Desert-map1-201x300.jpg\" alt=\"\" width=\"266\" height=\"397\" srcset=\"https:\/\/nextgensd.com\/wp-content\/uploads\/2013\/12\/Sonoran-Desert-map1-201x300.jpg 201w, https:\/\/nextgensd.com\/wp-content\/uploads\/2013\/12\/Sonoran-Desert-map1.jpg 669w\" sizes=\"(max-width: 266px) 100vw, 266px\" \/>La Nueva Generaci\u00f3n de Investigadores del Desierto Sonorense (N-Gen) representa un esfuerzo renovado para crear una comunidad internacional de investigadores de m\u00faltiples disciplinas. N-Gen se trata del trabajo y la implementaci\u00f3n de ideas generadas de manera conjunta entre sus miembros.<\/p><p>La existencia de un creciente sentido de desconexi\u00f3n entre los investigadores dentro de una misma disciplina \u2014y m\u00e1s a\u00fan a trav\u00e9s de una frontera cada vez m\u00e1s fragmentada\u2014, ha dejado en claro que ahora es el momento de aproximarse a hacer investigaci\u00f3n y conservaci\u00f3n del desierto sonorense de manera hol\u00edstica.<\/p><p>Este sito de web es un medio por el cual podemos comenzar a aprender de cada uno de nosotros y comunicar nuestro conocimiento y nuestras acciones. Las cumbres celebradas por N-Gen \u2014la primera en Tucson en 2012 y la segunda en Guaymas, Sonora en 2015\u2014 son reuniones que nos permiten compartir nuestras experiencias e inquietudes de manera personal. Sin embargo, las colaboraciones N-Gen son continuas y nacen de diversas maneras, ya sea en el campo a la orilla de una fogata de palo fierro, mediante una conversaci\u00f3n por Skype entre la Ciudad de M\u00e9xico y California o simplemente en una de las reuniones regionales de N-Gen.<\/p><p>La red N-Gen se alimenta de interacciones f\u00edsicas y virtuales, y se difunde a lo largo y ancho del desierto sonorense. Participa en proyectos N-Gen y explora el blog \u00abNotas desde el campo\u00bb que presenta reportajes de las exploraciones y descubrimientos de miembros de N-Gen. Aprende sobre los recursos y las \u00faltimas noticias e investigaci\u00f3n en el desierto sonorense a trav\u00e9s de este sitio, nuestra p\u00e1gina de Facebook, o nuestra cuenta de Twitter. Mantente alerta para dirigir o participar en las reuniones regionales de N-Gen en tu comunidad. Sobre todo, con\u00e9ctate con aquellos que comparten tus intereses. <strong><em>Esta es tu comunidad<\/em><\/strong>.<\/p><p>Par afrontar los retos en la investigaci\u00f3n y la comunicaci\u00f3n de nuestro tiempo, se requiere una fusi\u00f3n de diferentes visiones del mundo y una colaboraci\u00f3n abierta. Esta comunidad de colaboradores servir\u00e1 para derrocar las barreras creadas por una frontera que divide, y para conectar nuestra pasi\u00f3n y esfuerzos para mejorar la regi\u00f3n que amamos. Juntos podemos generar y promover una \u00e9tica de conservaci\u00f3n que sintonice con la grandeza del desierto sonorense.<\/p><h3>Nuestro Logo<\/h3><p>El logotipo de N-Gen es una representaci\u00f3n simb\u00f3lica del efecto nodriza. El espacio bajo los \u00e1rboles del desierto \u2014como el palo verde en floraci\u00f3n\u2014 brinda un nicho protegido respecto a las \u00e1reas aleda\u00f1as expuestas. Estos sitios son ideales para el establecimiento y crecimiento del saguaro, que crece bajo la protecci\u00f3n del follaje de la planta nodriza hasta lograr sobrepasarlo. Tal como el saguaro y el palo verde, N-Gen crece a partir del legado de interrogantes y colaboraciones que han generado condiciones de \u00e9xito para la nueva generaci\u00f3n. Dise\u00f1ado por Rebecca Wilder, Wilder Designs Inc.<\/p>\t\t\t\t\t\t<\/div>\n\t\t\t\t<\/div>\n\t\t\t\t\t<\/div>\n\t\t<\/div>\n\t\t\t\t\t<\/div>\n\t\t<\/section>\n\t\t<div class=\"elementor-element elementor-element-97a82b6 e-flex e-con-boxed e-con e-parent\" data-id=\"97a82b6\" data-element_type=\"container\">\n\t\t\t\t\t<div class=\"e-con-inner\">\n\t\t\t\t<div class=\"elementor-element elementor-element-f33f9c2 elementor-widget elementor-widget-text-editor\" data-id=\"f33f9c2\" data-element_type=\"widget\" data-widget_type=\"text-editor.default\">\n\t\t\t\t<div class=\"elementor-widget-container\">\n\t\t\t\t\t\t\t<p>Mantenimiento y Desarrollo Web: <a href=\"https:\/\/links.zahiddehara.com\/\" target=\"_blank\" rel=\"noopener\">Zahid Dehara<\/a><\/p>\t\t\t\t\t\t<\/div>\n\t\t\t\t<\/div>\n\t\t\t\t\t<\/div>\n\t\t\t\t<\/div>\n\t\t\t\t<\/div>\n\t\t","protected":false},"excerpt":{"rendered":"<p>Nuestra visi\u00f3n La Nueva Generaci\u00f3n de Investigadores del Desierto Sonorense (N-Gen) representa un esfuerzo renovado para crear una comunidad internacional de investigadores de m\u00faltiples disciplinas. N-Gen se trata del trabajo y la implementaci\u00f3n de ideas generadas de manera conjunta entre sus miembros. La existencia de un creciente sentido de desconexi\u00f3n entre los investigadores dentro de [&hellip;]<\/p>\n","protected":false},"author":10,"featured_media":0,"parent":0,"menu_order":20,"comment_status":"closed","ping_status":"open","template":"","meta":{"footnotes":""},"acf":[],"_links":{"self":[{"href":"https:\/\/nextgensd.com\/es\/wp-json\/wp\/v2\/pages\/1606"}],"collection":[{"href":"https:\/\/nextgensd.com\/es\/wp-json\/wp\/v2\/pages"}],"about":[{"href":"https:\/\/nextgensd.com\/es\/wp-json\/wp\/v2\/types\/page"}],"author":[{"embeddable":true,"href":"https:\/\/nextgensd.com\/es\/wp-json\/wp\/v2\/users\/10"}],"replies":[{"embeddable":true,"href":"https:\/\/nextgensd.com\/es\/wp-json\/wp\/v2\/comments?post=1606"}],"version-history":[{"count":21,"href":"https:\/\/nextgensd.com\/es\/wp-json\/wp\/v2\/pages\/1606\/revisions"}],"predecessor-version":[{"id":35208,"href":"https:\/\/nextgensd.com\/es\/wp-json\/wp\/v2\/pages\/1606\/revisions\/35208"}],"wp:attachment":[{"href":"https:\/\/nextgensd.com\/es\/wp-json\/wp\/v2\/media?parent=1606"}],"curies":[{"name":"wp","href":"https:\/\/api.w.org\/{rel}","templated":true}]}}